{"id":514,"date":"2019-10-31T18:50:15","date_gmt":"2019-10-31T17:50:15","guid":{"rendered":"https:\/\/us.edu.pl\/wydzial\/wtl\/?page_id=514"},"modified":"2021-09-02T18:22:57","modified_gmt":"2021-09-02T16:22:57","slug":"absolwent-wtl","status":"publish","type":"page","link":"https:\/\/us.edu.pl\/wydzial\/wtl\/absolwent-wtl\/","title":{"rendered":"Absolwent WTL"},"content":{"rendered":"<p>[vc_row][vc_column width=&#8221;2\/3&#8243;]\r\n\r\n            <div class=\"blocks\" style=\"text-align: \">\r\n               <div class=\"container\">\r\n                  <div class=\"page-title\">Strefa Absolwenta WTL<\/div>\r\n                  <div class=\"row m-0 blocks_3\">\r\n                  \r\n                     <a href=\"https:\/\/us.edu.pl\/wydzial\/wtl\/1-zjazd-absolwentow-wtl\/\" class=\"thumbnail blocks__item\" style=\"background-image: url(https:\/\/us.edu.pl\/wydzial\/wtl\/wp-content\/uploads\/sites\/21\/Nieprzypisane\/1_ZA.jpg)\">\r\n                        <span>wi\u0119cej<\/span>\r\n                        <div class=\"blocks__bottom\">\r\n                        <div class=\"blocks__title\">1 Zjazd Absolwent\u00f3w<\/div>\r\n                        \r\n                        <\/div>\r\n                     <\/a><\/div>     \r\n               <\/div>\r\n            <\/div>[\/vc_column][vc_column width=&#8221;1\/3&#8243;]  <div class=\"announcements-wrap\"> \r\n\t\t\t\t\t\t\t\t\t<div class=\"announcements announcements_1\" style=\"background-color:\">\r\n                                <div class=\"section-title\">Komunikaty<\/div>\r\n                                \r\n                                <style>.syhbms.angle-list > li::before{color:  !important}<\/style><div class=\"d-flex flex-wrap\"><ul class=\"angle-list syhbms\" ><li > <a href = \"https:\/\/us.edu.pl\/wydzial\/wtl\/komunikaty\/rozpoczecie-naboru-tekstow-do-czasopisma-studenckiego-silesia-superior\/\" style=\"color:\"> Rozpocz\u0119cie naboru tekst\u00f3w do czasopisma studenckiego &#8222;Silesia Superior&#8221; <\/a > <\/li > <li > <a href = \"https:\/\/us.edu.pl\/wydzial\/wtl\/komunikaty\/pokonajmy-nowotwory-krwi-akcja-rejestracji-potencjalnych-dawcow-komorek-macierzystych-17-21-kwietnia-2023-r\/\" style=\"color:\"> Pokonajmy nowotwory krwi &#8211; akcja rejestracji potencjalnych dawc\u00f3w kom\u00f3rek macierzystych (17-21 kwietnia 2023 r.) <\/a > <\/li > <li > <a href = \"https:\/\/us.edu.pl\/wydzial\/wtl\/komunikaty\/konkurs-na-prace-z-zakresu-teologii-ze-szczegolnym-uwzglednieniem-teologii-liturgii\/\" style=\"color:\"> Konkurs na prace z zakresu teologii (ze szczeg\u00f3lnym uwzgl\u0119dnieniem teologii liturgii) <\/a > <\/li > <li > <a href = \"https:\/\/us.edu.pl\/wydzial\/wtl\/komunikaty\/mlodzi-dla-przyszlosci-slaska-konkurs\/\" style=\"color:\"> M\u0142odzi dla przysz\u0142o\u015bci \u015al\u0105ska &#8211; konkurs <\/a > <\/li > <li > <a href = \"https:\/\/us.edu.pl\/wydzial\/wtl\/komunikaty\/xiv-gala-lauru-studenckiego\/\" style=\"color:\"> XIV Gala Lauru Studenckiego <\/a > <\/li > <li > <a href = \"https:\/\/us.edu.pl\/wydzial\/wtl\/komunikaty\/konkurs-na-najlepsza-prace-magisterska-z-zakresu-teologii-oraz-nauk-o-rodzinie\/\" style=\"color:\"> Konkurs na najlepsz\u0105 prac\u0119 magistersk\u0105 z zakresu teologii oraz nauk o rodzinie <\/a > <\/li > <li > <a href = \"https:\/\/us.edu.pl\/wydzial\/wtl\/komunikaty\/konkurs-pamieci-szlomo-szabtaja-halewiego-horowitza\/\" style=\"color:\"> Konkurs pami\u0119ci Szlomo Szabtaja Halewiego Horowitza <\/a > <\/li > <\/ul><\/div><a href = \"https:\/\/us.edu.pl\/wydzial\/wtl\/komunikaty\/\" class=\"link-button\">Wszystko<\/a>\r\n\t\t\t\t\t\t\t\t\t<\/div>\r\n\t\t\t\t\t\t\t\t<\/div>[\/vc_column][\/vc_row]<\/p>","protected":false},"excerpt":{"rendered":"<p>[vc_row][vc_column width=&#8221;2\/3&#8243;][\/vc_column][vc_column width=&#8221;1\/3&#8243;][\/vc_column][\/vc_row] [&#8230;]<\/p>\n<p><a class=\"btn btn-secondary understrap-read-more-link\" href=\"https:\/\/us.edu.pl\/wydzial\/wtl\/absolwent-wtl\/\">Read More&#8230;<\/a><\/p>\n","protected":false},"author":117,"featured_media":0,"parent":0,"menu_order":31,"comment_status":"closed","ping_status":"closed","template":"page-templates\/page-with-sidebar.php","meta":{"_expiration-date-status":"saved","_expiration-date":0,"_expiration-date-type":"","_expiration-date-categories":[],"_expiration-date-options":[]},"acf":[],"_links":{"self":[{"href":"https:\/\/us.edu.pl\/wydzial\/wtl\/wp-json\/wp\/v2\/pages\/514"}],"collection":[{"href":"https:\/\/us.edu.pl\/wydzial\/wtl\/wp-json\/wp\/v2\/pages"}],"about":[{"href":"https:\/\/us.edu.pl\/wydzial\/wtl\/wp-json\/wp\/v2\/types\/page"}],"author":[{"embeddable":true,"href":"https:\/\/us.edu.pl\/wydzial\/wtl\/wp-json\/wp\/v2\/users\/117"}],"replies":[{"embeddable":true,"href":"https:\/\/us.edu.pl\/wydzial\/wtl\/wp-json\/wp\/v2\/comments?post=514"}],"version-history":[{"count":6,"href":"https:\/\/us.edu.pl\/wydzial\/wtl\/wp-json\/wp\/v2\/pages\/514\/revisions"}],"predecessor-version":[{"id":3531,"href":"https:\/\/us.edu.pl\/wydzial\/wtl\/wp-json\/wp\/v2\/pages\/514\/revisions\/3531"}],"wp:attachment":[{"href":"https:\/\/us.edu.pl\/wydzial\/wtl\/wp-json\/wp\/v2\/media?parent=514"}],"curies":[{"name":"wp","href":"https:\/\/api.w.org\/{rel}","templated":true}]}}