{"id":174,"date":"2020-02-24T11:30:58","date_gmt":"2020-02-24T10:30:58","guid":{"rendered":"http:\/\/us.edu.pl\/instytut\/ibbios\/?page_id=174"},"modified":"2023-06-01T12:29:13","modified_gmt":"2023-06-01T10:29:13","slug":"biuro-ewaluacji","status":"publish","type":"page","link":"https:\/\/us.edu.pl\/instytut\/ibbios\/biuro-ewaluacji\/","title":{"rendered":"Biuro Ewaluacji i Obs\u0142ugi Instytut\u00f3w WNP"},"content":{"rendered":"<p>[vc_row][vc_column]\r\n                <div class=\"text-modules\">\r\n                    <div class=\"container\">\r\n                        <h3 class=\"page-title text__title\">Biuro ewaluacji i obs\u0142ugi instytut\u00f3w WNP<\/h3>\r\n                        <div class=\"text-modules__content\"><\/div>\r\n                    <\/div>\r\n                <\/div>[\/vc_column][\/vc_row][vc_row][vc_column width=&#8221;2\/5&#8243;]\r\n                <div class=\"text-modules\">\r\n                    <div class=\"container\">\r\n                        \r\n                        <div class=\"text-modules__content\"><p><span style=\"font-family: verdana, geneva, sans-serif; font-size: 12pt;\">ul. Jagiello\u0144ska 28,<br \/>\n40-032 Katowice<br \/>\npok\u00f3j B-13<br \/>\ntel. (32) 200 93 61<\/span><\/p>\n<\/div>\r\n                    <\/div>\r\n                <\/div>\r\n                <div class=\"text-modules\">\r\n                    <div class=\"container\">\r\n                        \r\n                        <div class=\"text-modules__content\"><\/p>\n<hr \/>\n<p><span style=\"font-size: 12pt;\">Godziny otwarcia:<\/span><\/p>\n<table style=\"width: 50.8385%; border-collapse: collapse; border-style: hidden;\">\n<tbody>\n<tr>\n<td style=\"width: 26.5045%;\"><span style=\"font-size: 12pt;\">Poniedzia\u0142ek<\/span><\/td>\n<td style=\"width: 18.2687%;\"><span style=\"font-size: 12pt;\">9:00 &#8211; 14:00<\/span><\/td>\n<\/tr>\n<tr>\n<td style=\"width: 26.5045%;\"><span style=\"font-size: 12pt;\">Wtorek<\/span><\/td>\n<td style=\"width: 18.2687%;\"><span style=\"font-size: 12pt;\">9:00 &#8211; 14:00<\/span><\/td>\n<\/tr>\n<tr>\n<td style=\"width: 26.5045%;\"><span style=\"font-size: 12pt;\">\u015aroda<\/span><\/td>\n<td style=\"width: 18.2687%;\"><span style=\"font-size: 12pt;\">nieczynne<\/span><\/td>\n<\/tr>\n<tr>\n<td style=\"width: 26.5045%;\"><span style=\"font-size: 12pt;\">Czwartek<\/span><\/td>\n<td style=\"width: 18.2687%;\"><span style=\"font-size: 12pt;\">9:00 &#8211; 14:00<\/span><\/td>\n<\/tr>\n<tr>\n<td style=\"width: 26.5045%;\"><span style=\"font-size: 12pt;\">Pi\u0105tek<\/span><\/td>\n<td style=\"width: 18.2687%;\"><span style=\"font-size: 12pt;\">9:00 &#8211; 14:00<\/span><\/td>\n<\/tr>\n<\/tbody>\n<\/table>\n<p>\n<\/div>\r\n                    <\/div>\r\n                <\/div>[\/vc_column][vc_column width=&#8221;1\/5&#8243;][\/vc_column][vc_column width=&#8221;2\/5&#8243;]\r\n                <div class=\"text-modules\">\r\n                    <div class=\"container\">\r\n                        \r\n                        <div class=\"text-modules__content\"><p><span style=\"font-size: 12pt; font-family: verdana, geneva, sans-serif;\"><strong><span style=\"color: #003366;\">Kierownik biura:<br \/>\nmgr Dorota Siwi\u0144ska<br \/>\n<\/span><\/strong><span style=\"color: #003366;\">pok\u00f3j B-12<\/span><span style=\"color: #003366;\"><br \/>\ntel. (32) 200 95 92<br \/>\n<a href=\"mailto:dorota.siwinska@us.edu.pl\">dorota.siwinska@us.edu.pl<\/a><\/span><\/span><\/p>\n<\/div>\r\n                    <\/div>\r\n                <\/div>\r\n                <div class=\"text-modules\">\r\n                    <div class=\"container\">\r\n                        \r\n                        <div class=\"text-modules__content\"><\/p>\n<hr \/>\n<p><span style=\"font-size: 12pt; font-family: verdana, geneva, sans-serif;\"><strong><span style=\"color: #003366;\">mgr Jolanta Klabuhn<\/span><br \/>\n<\/strong>pok\u00f3j B-13<br \/>\ntel. (32) 200 93 61<strong><br \/>\n<\/strong><a href=\"mailto:jolanta.klabuhn@us.edu.pl\">jolanta.klabuhn@us.edu.pl<\/a>\u00a0<\/span><\/p>\n<p><span style=\"font-size: 12pt; font-family: verdana, geneva, sans-serif;\"><strong><span style=\"color: #003366;\">mgr Ewelina Malinowska<br \/>\n<\/span><\/strong><span style=\"color: #003366;\">pok\u00f3j B-13<\/span><span style=\"color: #003366;\"><br \/>\n<\/span><span style=\"color: #003366;\">tel. (32) 200 93 61<\/span><strong><span style=\"color: #003366;\"><br \/>\n<\/span><\/strong><a href=\"mailto:ewelina.malinowska@us.edu.pl\">ewelina.malinowska@us.edu.pl<\/a><\/span><\/p>\n<p><span style=\"font-size: 12pt; font-family: verdana, geneva, sans-serif;\"><strong><span style=\"color: #003366;\">mgr Patrycja Stefa\u0144ska<br \/>\n<\/span><\/strong><span style=\"color: #003366;\">pok\u00f3j B-13<\/span><span style=\"color: #003366;\"><br \/>\n<\/span><span style=\"color: #003366;\">tel. (32) 200 93 61<\/span><strong><span style=\"color: #003366;\"><br \/>\n<\/span><\/strong><a href=\"mailto:patrycja.stefanska@us.edu.pl\">patrycja.stefanska@us.edu.pl<\/a><\/span><\/p>\n<\/div>\r\n                    <\/div>\r\n                <\/div>[\/vc_column][\/vc_row][vc_row][vc_column]\r\n                <div class=\"text-modules\">\r\n                    <div class=\"container\">\r\n                        \r\n                        <div class=\"text-modules__content\"><\/p>\n<hr \/>\n<p><span style=\"font-size: 12pt; color: #003366; font-family: verdana, geneva, sans-serif;\"><strong>Obs\u0142uga administracyjna Instytutu w zakresie:<\/strong><\/span><\/p>\n<ul>\n<li><span style=\"font-size: 12pt; font-family: verdana, geneva, sans-serif;\">obs\u0142uga administracyjna dyrektora instytutu<\/span><\/li>\n<li><span style=\"font-size: 12pt; font-family: verdana, geneva, sans-serif;\">wsparcie organizacyjne i dokumentacyjne rady naukowej instytutu<\/span><\/li>\n<li><span style=\"font-size: 12pt; font-family: verdana, geneva, sans-serif;\">prowadzenie ewidencji zespo\u0142\u00f3w badawczych<\/span><\/li>\n<li><span style=\"font-size: 12pt; font-family: verdana, geneva, sans-serif;\">monitorowanie sk\u0142adanych o\u015bwiadcze\u0144: o dziedzinie i dyscyplinie, o zaliczeniu do liczby \u201eN\u201d i o upowa\u017cnieniu U\u015a do wykazania osi\u0105gni\u0119\u0107 pracownika, dla cel\u00f3w ewaluacji jako\u015bci dzia\u0142alno\u015bci naukowej<\/span><\/li>\n<li><span style=\"font-size: 12pt; font-family: verdana, geneva, sans-serif;\">sprawozdawczo\u015b\u0107 z dzia\u0142alno\u015bci danej dyscypliny<\/span><\/li>\n<li><span style=\"font-size: 12pt; font-family: verdana, geneva, sans-serif;\">wsp\u00f3\u0142praca z Dzia\u0142em Nauki i Bada\u0144 oraz innymi jednostkami administracji og\u00f3lnouczelnianej<\/span><\/li>\n<li><span style=\"font-size: 12pt; font-family: verdana, geneva, sans-serif;\">udzia\u0142 w przygotowaniu dokumentacji ewaluacyjnej<\/span><\/li>\n<li><span style=\"font-size: 12pt; font-family: verdana, geneva, sans-serif;\">obs\u0142uga administracyjna post\u0119powa\u0144 awansowych<\/span><\/li>\n<li><span style=\"font-size: 12pt; font-family: verdana, geneva, sans-serif;\">sprawozdawczo\u015b\u0107 w zakresie ww. post\u0119powa\u0144 (m.in. sprawozdania wewn\u0119trzne, dane do ranking\u00f3w, sprawozdawczo\u015b\u0107 w POL-onie)<\/span><\/li>\n<li><span style=\"font-size: 12pt; font-family: verdana, geneva, sans-serif;\">monitorowanie widzialno\u015bci dorobku naukowego na platformach: Portal Pracownika, PBN, Bibliografia Dorobku Pracownik\u00f3w U\u015a<\/span><\/li>\n<li><span style=\"font-size: 12pt; font-family: verdana, geneva, sans-serif;\">wsp\u00f3\u0142praca z Bibliotek\u0105 Uniwersytetu m.in. w zakresie: rejestracji dorobku naukowego, uzupe\u0142niania profili ORCID<\/span><\/li>\n<li><span style=\"font-size: 12pt; font-family: verdana, geneva, sans-serif;\">wsp\u00f3\u0142praca ze szko\u0142ami doktorskimi<\/span><\/li>\n<\/ul>\n<p>\n<\/div>\r\n                    <\/div>\r\n                <\/div>[\/vc_column][\/vc_row]<\/p>","protected":false},"excerpt":{"rendered":"<p>[vc_row][vc_column][\/vc_column][\/vc_row][vc_row][vc_column width=&#8221;2\/5&#8243;][\/vc_column][vc_column width=&#8221;1\/5&#8243;][\/vc_column][vc_column width=&#8221;2\/5&#8243;][\/vc_column][\/vc_row][vc_row][vc_column][\/vc_column][\/vc_row] [&#8230;]<\/p>\n<p><a class=\"btn btn-secondary understrap-read-more-link\" href=\"https:\/\/us.edu.pl\/instytut\/ibbios\/biuro-ewaluacji\/\">Read More&#8230;<\/a><\/p>\n","protected":false},"author":114,"featured_media":0,"parent":0,"menu_order":0,"comment_status":"closed","ping_status":"closed","template":"page-templates\/page-with-sidebar.php","meta":{"_expiration-date-status":"","_expiration-date":0,"_expiration-date-type":"","_expiration-date-categories":[],"_expiration-date-options":[]},"acf":[],"_links":{"self":[{"href":"https:\/\/us.edu.pl\/instytut\/ibbios\/wp-json\/wp\/v2\/pages\/174"}],"collection":[{"href":"https:\/\/us.edu.pl\/instytut\/ibbios\/wp-json\/wp\/v2\/pages"}],"about":[{"href":"https:\/\/us.edu.pl\/instytut\/ibbios\/wp-json\/wp\/v2\/types\/page"}],"author":[{"embeddable":true,"href":"https:\/\/us.edu.pl\/instytut\/ibbios\/wp-json\/wp\/v2\/users\/114"}],"replies":[{"embeddable":true,"href":"https:\/\/us.edu.pl\/instytut\/ibbios\/wp-json\/wp\/v2\/comments?post=174"}],"version-history":[{"count":10,"href":"https:\/\/us.edu.pl\/instytut\/ibbios\/wp-json\/wp\/v2\/pages\/174\/revisions"}],"predecessor-version":[{"id":6364,"href":"https:\/\/us.edu.pl\/instytut\/ibbios\/wp-json\/wp\/v2\/pages\/174\/revisions\/6364"}],"wp:attachment":[{"href":"https:\/\/us.edu.pl\/instytut\/ibbios\/wp-json\/wp\/v2\/media?parent=174"}],"curies":[{"name":"wp","href":"https:\/\/api.w.org\/{rel}","templated":true}]}}