{"id":2,"date":"2019-09-30T09:35:32","date_gmt":"2019-09-30T07:35:32","guid":{"rendered":"https:\/\/us.edu.pl\/instytut-ifil\/?page_id=2"},"modified":"2025-10-02T08:40:33","modified_gmt":"2025-10-02T06:40:33","slug":"strona-glowna","status":"publish","type":"page","link":"https:\/\/us.edu.pl\/instytut\/ifil\/","title":{"rendered":"Strona g\u0142\u00f3wna IFIL"},"content":{"rendered":"<p>[vc_row][vc_column]\n            <div data-autotime=\"5\" class=\"slider reverse color_white bg_\" >\n                  <div class=\"slide slide_css\">\n                     <div class=\"slide__content_container container\">\n                        <div class=\"slide__content\">\n                           <a href=\"\" class=\"slide__link\">\n                              <div class=\"slide__title\">Instytut Filozofii<\/div>\n                              <div class=\"slide__text\">Witamy na nowej stronie Instytutu Filozofii!<\/div>\n                           <\/a>\n                        <\/div>\n                     <\/div>\n                     <a href=\"\" class=\"slide__img thumbnail\"\n                           style=\"background-image: url('https:\/\/us.edu.pl\/instytut\/ifil\/wp-content\/uploads\/sites\/23\/Nieprzypisane\/WH_IF-1095x575.jpg')\">\n                           <span class=\"d-none\">Instytut Filozofii Witamy na nowej stronie Instytutu Filozofii!<\/span>\n                     <\/a>\n                  <\/div>\n                <div class=\"slider__controls\">\n                    <div class=\"slider__dots\"><\/div>\n                    <div class=\"slider__actions\">\n                        <a href=\"#\" class=\"arrow\" data-direction=\"prev\" title=\"poprzedni slajd\">\n                            <em class=\"ci ci-arrow-left\"><\/em>\n                            <span class=\"d-none\">control<\/span>\n                        <\/a>\n            \n                        <a href=\"#\" class=\"start-pause\" data-action=\"stop\" title=\"wstrzymaj poruszanie si\u0119 slajd\u00f3w\">\n                            <em class=\"ci ci-pause\"><\/em>\n                            <span class=\"d-none\">control<\/span>\n                        <\/a>\n            \n                       \n                        <a href=\"#\" class=\"arrow\" data-direction=\"next\"  title=\"Kolejny slajd\" >\n                            <em class=\"ci ci-arrow-right\"><\/em>\n                            <span class=\"d-none\">control<\/span>\n                        <\/a>\n                    <\/div>\n                <\/div>\n            <\/div>[vc_empty_space]\n\t\t\t\t<input type=\"hidden\" name=\"promoted_only\" value=\"\">\n\t\t\t\t<input type=\"hidden\" name=\"order\" value=\"DESC\">\n\t\t\t\t<input type=\"hidden\" name=\"order_by\" value=\"post_date\">\n\n\t\t\t\t<div class=\"article-loop loop-section article-loop_tall color-blue\" style=\"background: \">\n\t\t\t\t\t <div class=\"container \">\n\t\t\t\t\t \t<div class=\"col-12 article-loop-gutter-left\">\n\t\t\t\t\t\t  <div class=\"article-loop-top loop-section-top\">\n\t\t\t\t\t\t\t\t<h2 class=\"section-title\">Wiadomo\u015bci instytutowe<\/h2><div class=\"article-loop-top_right loop-section-top__right\" >\n\t\t\t\t\t\t\t\t\t <select name=\"sort\" title = \"filter by category\"\n\t\t\t\t\t\t\t\t\t\t  class=\"article-loop-sort\" >\n\t\t\t\t\t\t\t\t\t\t  <option value = \"\" selected disabled > filtrowanie wed\u0142ug kategorii<\/option>\n\t\t\t\t\t\t\t\t\t\t  <option value = \"23-15\" > Wszystko<\/option> <option data-link='https:\/\/us.edu.pl\/instytut\/ifil\/category\/wiadomosci\/' value='23-15'>Wiadomosci<\/option><\/select>    <a href = \"\/instytut\/ifil\/category\/wiadomosci\/\" class=\"link-button \" > Wszystko<\/a><\/div>  \n\t\t\t\t\t\t  <\/div>\n\t\t\t\t\t\t  <div class=\"article-loop-main carousel\" data-home-url=\"https:\/\/us.edu.pl\/instytut\/ifil\" >\n\t\t\t\t\t\t\t\t<a href = \"#\" data-slide = \"prev\" title=\"przesu\u0144 pasek Wiadomo\u015bci instytutowew lewo\" class=\"arrow\" >\n\t\t\t\t\t\t\t\t\t <em class=\"ci ci-arrow-left\" ><\/em >\n\t\t\t\t\t\t\t\t\t <span class=\"d-none\" > arrow<\/span >\n\t\t\t\t\t\t\t\t<\/a>\n\t \n\t\t\t\t\t\t\t\t<a href = \"#\" data-slide = \"next\" title=\"przesu\u0144 pasek Wiadomo\u015bci instytutowe w prawo\" class=\"arrow\" >\n\t\t\t\t\t\t\t\t\t <em class=\"ci ci-arrow-right\" ><\/em >\n\t\t\t\t\t\t\t\t\t <span class=\"d-none\" > arrow<\/span >\n\t\t\t\t\t\t\t\t<\/a>\n\t\t\t\t\t\t\t\t<div class=\"row items\" >\n\t\t\t\t\t\t\t\t\t \r\n            <article class=\"article-loop-post carousel-slide\">\r\n                <a href=\"https:\/\/us.edu.pl\/wydzial\/wh\/2025\/11\/18\/konferencja-whitehead-dla-edukacji-nauk-humanistycznych-i-spolecznych-w-poszukiwaniu-metamorfozy-pedagogiki-w-spinplace\/\" class=\"article-loop-post__thumbnail thumbnail\"\r\n                    style=\"background-image: url(https:\/\/us.edu.pl\/instytut\/ifil\/wp-content\/uploads\/sites\/23\/obrazki-wyrozniajace\/ajs9327_julia-agnieszka-szymala-1521265921-300x200.jpg)\">\r\n                    <span>wi\u0119cej<\/span>\r\n                <\/a>\r\n\r\n                <div class=\"article-loop-post__content\">\r\n                    <h3 class=\"article-loop-post__title\">\r\n                        <a href=\"https:\/\/us.edu.pl\/wydzial\/wh\/2025\/11\/18\/konferencja-whitehead-dla-edukacji-nauk-humanistycznych-i-spolecznych-w-poszukiwaniu-metamorfozy-pedagogiki-w-spinplace\/\">Konferencja \u201eWhitehead dla edukacji, nauk humanistycznych i spo\u0142ecznych. W poszukiwaniu metamorfozy pedagogiki\u201d w spinPLACE<\/a>\r\n                    <\/h3>\r\n            \r\n                    <div class=\"article-loop-post__categories\">\r\n                        <a href=\"https:\/\/us.edu.pl\/instytut\/ifil\/category\/wiadomosci\/\">Wiadomosci<\/a>\r\n                    <\/div>    \r\n                <\/div>\r\n            <\/article>\r\n        \r\n            <article class=\"article-loop-post carousel-slide\">\r\n                <a href=\"https:\/\/us.edu.pl\/instytut\/ifil\/2025\/11\/03\/spotkanie-autorskie-z-dr-marta-ples-beben-prof-us-poswiecone-ksiazce-wyobraznia-i-nieswiadomosc-nie-psychoanaliza-gastona-bachelarda\/\" class=\"article-loop-post__thumbnail thumbnail\"\r\n                    style=\"background-image: url(https:\/\/us.edu.pl\/instytut\/ifil\/wp-content\/uploads\/sites\/23\/obrazki-wyrozniajace\/okulary-na-ksiazce-300x199.png)\">\r\n                    <span>wi\u0119cej<\/span>\r\n                <\/a>\r\n\r\n                <div class=\"article-loop-post__content\">\r\n                    <h3 class=\"article-loop-post__title\">\r\n                        <a href=\"https:\/\/us.edu.pl\/instytut\/ifil\/2025\/11\/03\/spotkanie-autorskie-z-dr-marta-ples-beben-prof-us-poswiecone-ksiazce-wyobraznia-i-nieswiadomosc-nie-psychoanaliza-gastona-bachelarda\/\">Spotkanie autorskie z dr Mart\u0105 Ples-B\u0119ben, prof. U\u015a, po\u015bwi\u0119cone ksi\u0105\u017cce \u201eWyobra\u017ania i nie\u015bwiadomo\u015b\u0107. Nie-psychoanaliza Gastona Bachelarda\u201d.<\/a>\r\n                    <\/h3>\r\n            \r\n                    <div class=\"article-loop-post__categories\">\r\n                        <a href=\"https:\/\/us.edu.pl\/instytut\/ifil\/category\/wiadomosci\/\">Wiadomosci<\/a>\r\n                    <\/div>    \r\n                <\/div>\r\n            <\/article>\r\n        \r\n            <article class=\"article-loop-post carousel-slide\">\r\n                <a href=\"https:\/\/us.edu.pl\/instytut\/ifil\/2025\/08\/12\/nicolai-hartmann-international-conference\/\" class=\"article-loop-post__thumbnail thumbnail\"\r\n                    style=\"background-image: url(https:\/\/us.edu.pl\/instytut\/ifil\/wp-content\/uploads\/sites\/23\/obrazki-wyrozniajace\/seminarium2-300x225.png)\">\r\n                    <span>wi\u0119cej<\/span>\r\n                <\/a>\r\n\r\n                <div class=\"article-loop-post__content\">\r\n                    <h3 class=\"article-loop-post__title\">\r\n                        <a href=\"https:\/\/us.edu.pl\/instytut\/ifil\/2025\/08\/12\/nicolai-hartmann-international-conference\/\">Nicolai Hartmann International Conference<\/a>\r\n                    <\/h3>\r\n            \r\n                    <div class=\"article-loop-post__categories\">\r\n                        <a href=\"https:\/\/us.edu.pl\/instytut\/ifil\/category\/wiadomosci\/konferencje\/\">konferencje<\/a><a href=\"https:\/\/us.edu.pl\/instytut\/ifil\/category\/wiadomosci\/\">Wiadomosci<\/a>\r\n                    <\/div>    \r\n                <\/div>\r\n            <\/article>\r\n        \r\n            <article class=\"article-loop-post carousel-slide\">\r\n                <a href=\"https:\/\/us.edu.pl\/wydzial\/wh\/event\/2-slaska-konferencja-kognitywistyczna-od-mozgu-do-umyslu\/\" class=\"article-loop-post__thumbnail thumbnail\"\r\n                    style=\"background-image: url(https:\/\/us.edu.pl\/instytut\/ifil\/wp-content\/uploads\/sites\/23\/obrazki-wyrozniajace\/mozg2-300x225.png)\">\r\n                    <span>wi\u0119cej<\/span>\r\n                <\/a>\r\n\r\n                <div class=\"article-loop-post__content\">\r\n                    <h3 class=\"article-loop-post__title\">\r\n                        <a href=\"https:\/\/us.edu.pl\/wydzial\/wh\/event\/2-slaska-konferencja-kognitywistyczna-od-mozgu-do-umyslu\/\">2. \u015al\u0105ska Konferencja Kognitywistyczna: \u201eOd M\u00f3zgu Do Umys\u0142u\u201d<\/a>\r\n                    <\/h3>\r\n            \r\n                    <div class=\"article-loop-post__categories\">\r\n                        <a href=\"https:\/\/us.edu.pl\/instytut\/ifil\/category\/wiadomosci\/konferencje\/\">konferencje<\/a>\r\n                    <\/div>    \r\n                <\/div>\r\n            <\/article>\r\n        \r\n            <article class=\"article-loop-post carousel-slide\">\r\n                <a href=\"https:\/\/us.edu.pl\/instytut\/ifil\/2025\/04\/09\/cyfrowy-narzedziownik-badacza-szkolenie\/\" class=\"article-loop-post__thumbnail thumbnail\"\r\n                    style=\"background-image: url(https:\/\/us.edu.pl\/instytut\/ifil\/wp-content\/uploads\/sites\/23\/obrazki-wyrozniajace\/digital-transformation-300x225.png)\">\r\n                    <span>wi\u0119cej<\/span>\r\n                <\/a>\r\n\r\n                <div class=\"article-loop-post__content\">\r\n                    <h3 class=\"article-loop-post__title\">\r\n                        <a href=\"https:\/\/us.edu.pl\/instytut\/ifil\/2025\/04\/09\/cyfrowy-narzedziownik-badacza-szkolenie\/\">\u201eCyfrowy narz\u0119dziownik badacza\u201d &#8211; szkolenie<\/a>\r\n                    <\/h3>\r\n            \r\n                    <div class=\"article-loop-post__categories\">\r\n                        <a href=\"https:\/\/us.edu.pl\/instytut\/ifil\/category\/wiadomosci\/\">Wiadomosci<\/a>\r\n                    <\/div>    \r\n                <\/div>\r\n            <\/article>\r\n        \r\n            <article class=\"article-loop-post carousel-slide\">\r\n                <a href=\"https:\/\/us.edu.pl\/wydzial\/wh\/event\/whitehead-edukacja-w-rytmach-splotach-i-sprzezeniach-organicznych-zdarzen-seminarium\/\" class=\"article-loop-post__thumbnail thumbnail\"\r\n                    style=\"background-image: url(https:\/\/us.edu.pl\/instytut\/ifil\/wp-content\/uploads\/sites\/23\/obrazki-wyrozniajace\/seminarium3-300x225.png)\">\r\n                    <span>wi\u0119cej<\/span>\r\n                <\/a>\r\n\r\n                <div class=\"article-loop-post__content\">\r\n                    <h3 class=\"article-loop-post__title\">\r\n                        <a href=\"https:\/\/us.edu.pl\/wydzial\/wh\/event\/whitehead-edukacja-w-rytmach-splotach-i-sprzezeniach-organicznych-zdarzen-seminarium\/\">\u201eWHITEHEAD \u2013 edukacja w rytmach, splotach i sprz\u0119\u017ceniach organicznych zdarze\u0144\u201d &#8211; drugie spotkanie<\/a>\r\n                    <\/h3>\r\n            \r\n                    <div class=\"article-loop-post__categories\">\r\n                        <a href=\"https:\/\/us.edu.pl\/instytut\/ifil\/category\/wiadomosci\/seminarium-wiadomosci\/\">seminarium<\/a>\r\n                    <\/div>    \r\n                <\/div>\r\n            <\/article>\r\n        \r\n            <article class=\"article-loop-post carousel-slide\">\r\n                <a href=\"https:\/\/us.edu.pl\/nagroda-ligonia-2025-laureatem-prof-dr-hab-krzysztof-wieczorek\/\" class=\"article-loop-post__thumbnail thumbnail\"\r\n                    style=\"background-image: url(https:\/\/us.edu.pl\/instytut\/ifil\/wp-content\/uploads\/sites\/23\/Bez-kategorii\/nagroda-ligonia-obrazek-300x225.png)\">\r\n                    <span>wi\u0119cej<\/span>\r\n                <\/a>\r\n\r\n                <div class=\"article-loop-post__content\">\r\n                    <h3 class=\"article-loop-post__title\">\r\n                        <a href=\"https:\/\/us.edu.pl\/nagroda-ligonia-2025-laureatem-prof-dr-hab-krzysztof-wieczorek\/\">Prof. dr hab. Krzysztof Wieczorek laureatem Nagrody Ligonia 2025<\/a>\r\n                    <\/h3>\r\n            \r\n                    <div class=\"article-loop-post__categories\">\r\n                        <a href=\"https:\/\/us.edu.pl\/instytut\/ifil\/category\/wiadomosci\/\">Wiadomosci<\/a>\r\n                    <\/div>    \r\n                <\/div>\r\n            <\/article>\r\n        \r\n            <article class=\"article-loop-post carousel-slide\">\r\n                <a href=\"https:\/\/us.edu.pl\/wydzial\/wh\/2024\/12\/06\/granty-ncn-dla-wydzialu-humanistycznego\/\" class=\"article-loop-post__thumbnail thumbnail\"\r\n                    style=\"background-image: url(https:\/\/us.edu.pl\/instytut\/ifil\/wp-content\/uploads\/sites\/23\/obrazki-wyr\u00f3\u017cniaj\u0105ce\/student-849822_640-300x200.jpg)\">\r\n                    <span>wi\u0119cej<\/span>\r\n                <\/a>\r\n\r\n                <div class=\"article-loop-post__content\">\r\n                    <h3 class=\"article-loop-post__title\">\r\n                        <a href=\"https:\/\/us.edu.pl\/wydzial\/wh\/2024\/12\/06\/granty-ncn-dla-wydzialu-humanistycznego\/\">Granty NCN dla projekt\u00f3w z Wydzia\u0142u Humanistycznego<\/a>\r\n                    <\/h3>\r\n            \r\n                    <div class=\"article-loop-post__categories\">\r\n                        <a href=\"https:\/\/us.edu.pl\/instytut\/ifil\/category\/wiadomosci\/\">Wiadomosci<\/a>\r\n                    <\/div>    \r\n                <\/div>\r\n            <\/article>\r\n        \n\t\t\t\t\t\t\t\t<\/div>\n\t\t\t\t\t\t  <\/div>\n\t\t\t\t\t <\/div>\n\t\t\t\t\t <\/div>\n\t\t\t\t<\/div>\r\n                <div class=\"numerical-data numerical-data_horizontal color-blue\" style=\"background: #EBEBEB\">\r\n                \r\n                    <div class=\"container\">\r\n                        <div class=\"row m-0\">\r\n                        \r\n                        <div class=\"numerical-data-item\">\r\n                                <div class=\"numerical-data-item__icon\" style=\"padding-top: 12px;\"> <img src=\"https:\/\/us.edu.pl\/instytut\/ifil\/wp-content\/uploads\/sites\/23\/ikonki\/ksiazka_nieb.png\" alt=\"um\u00f3w bilateralnych\"><\/div>\r\n                                <div class=\"numerical-data-item__content\"><div class=\"numerical-data-item__num\">20<\/div><div class=\"numerical-data-item__text\">um\u00f3w bilateralnych<\/div>\r\n                                <\/div>  \r\n                        <\/div>\r\n                    \r\n                        <div class=\"numerical-data-item\">\r\n                                <div class=\"numerical-data-item__icon\" style=\"padding-top: 12px;\"> <img src=\"https:\/\/us.edu.pl\/instytut\/ifil\/wp-content\/uploads\/sites\/23\/ikonki\/spotkania_nieb.png\" alt=\"grant\u00f3w\"><\/div>\r\n                                <div class=\"numerical-data-item__content\"><div class=\"numerical-data-item__num\">10<\/div><div class=\"numerical-data-item__text\">grant\u00f3w<\/div>\r\n                                <\/div>  \r\n                        <\/div>\r\n                    \r\n                        <div class=\"numerical-data-item\">\r\n                                <div class=\"numerical-data-item__icon\" style=\"padding-top: 12px;\"> <img src=\"https:\/\/us.edu.pl\/instytut\/ifil\/wp-content\/uploads\/sites\/23\/ikonki\/ksiazki_nieb.png\" alt=\"publikacji\"><\/div>\r\n                                <div class=\"numerical-data-item__content\"><div class=\"numerical-data-item__num\">400<\/div><div class=\"numerical-data-item__text\">publikacji<\/div>\r\n                                <\/div>  \r\n                        <\/div>\r\n                    \r\n                        <\/div>\r\n                    <\/div>\r\n                \r\n                <\/div>\r\n            \r\n                <div class='logos'>\r\n                    <div class='container'>\r\n                        <h3 class='page-title'><\/h3>\r\n                        <div class='logos-blocks bg-blue'> \r\n               \r\n                            \r\n                        <a href=\"https:\/\/www.slaskifestiwalnauki.pl\/\" title=\"\u015al\u0105ski Festiwal Nauki KATOWICE\"\r\n                         class=\"logos-blocks__item carousel-slide\">\r\n                            <div class=\"logos-blocks__img\">\r\n                                <img src=\"https:\/\/us.edu.pl\/instytut\/ifil\/wp-content\/uploads\/sites\/23\/ikonki\/sf.png\" alt=\"\u015al\u0105ski Festiwal Nauki KATOWICE\">\r\n                            <\/div>\r\n                            <span>\u015al\u0105ski Festiwal Nauki KATOWICE<\/span>\r\n                        <\/a>\r\n                        <a href=\"http:\/\/przystaneknauka.us.edu.pl\/\" title=\"Przystanek Nauka\"\r\n                         class=\"logos-blocks__item carousel-slide\">\r\n                            <div class=\"logos-blocks__img\">\r\n                                <img src=\"https:\/\/us.edu.pl\/instytut\/ifil\/wp-content\/uploads\/sites\/23\/ikonki\/pn.png\" alt=\"Przystanek Nauka\">\r\n                            <\/div>\r\n                            <span>Przystanek Nauka<\/span>\r\n                        <\/a>\r\n                        <a href=\"https:\/\/us.edu.pl\/pracownik\/sprawy-naukowe\/spotkania-naukowe\/\" title=\"konferencje naukowe\"\r\n                         class=\"logos-blocks__item carousel-slide\">\r\n                            <div class=\"logos-blocks__img\">\r\n                                <img src=\"https:\/\/us.edu.pl\/instytut\/ifil\/wp-content\/uploads\/sites\/23\/ikonki\/spotkania.png\" alt=\"konferencje naukowe\">\r\n                            <\/div>\r\n                            <span>konferencje naukowe<\/span>\r\n                        <\/a>\r\n                        <a href=\"https:\/\/www.wydawnictwo.us.edu.pl\/\" title=\"wydawnictwo\"\r\n                         class=\"logos-blocks__item carousel-slide\">\r\n                            <div class=\"logos-blocks__img\">\r\n                                <img src=\"https:\/\/us.edu.pl\/instytut\/ifil\/wp-content\/uploads\/sites\/23\/ikonki\/ksiazka.png\" alt=\"wydawnictwo\">\r\n                            <\/div>\r\n                            <span>wydawnictwo<\/span>\r\n                        <\/a>\r\n                        <a href=\"https:\/\/www.ciniba.edu.pl\/\" title=\"biblioteka\"\r\n                         class=\"logos-blocks__item carousel-slide\">\r\n                            <div class=\"logos-blocks__img\">\r\n                                <img src=\"https:\/\/us.edu.pl\/instytut\/ifil\/wp-content\/uploads\/sites\/23\/ikonki\/ksiazki.png\" alt=\"biblioteka\">\r\n                            <\/div>\r\n                            <span>biblioteka<\/span>\r\n                        <\/a> \r\n                           \r\n                        <\/div>\r\n                    <\/div>\r\n                <\/div>[\/vc_column][\/vc_row][vc_row][vc_column]\r\n\r\n            <div class=\"blocks\" style=\"text-align: \">\r\n               <div class=\"container\">\r\n                  \r\n                  <div class=\"row m-0 blocks_4\">\r\n                  \r\n                     <a href=\"https:\/\/us.edu.pl\/pracownik\/sprawy-naukowe\/strefa-projektow\/\" class=\"thumbnail blocks__item\" style=\"background-image: url(https:\/\/us.edu.pl\/instytut\/ifil\/wp-content\/uploads\/sites\/23\/Nieprzypisane\/girl-3718521_640.pixabay.jpg)\">\r\n                        <span>wi\u0119cej<\/span>\r\n                        <div class=\"blocks__bottom\">\r\n                        <div class=\"blocks__title\">Projekty i konkursy <\/div>\r\n                        \r\n                        <\/div>\r\n                     <\/a>\r\n                  \r\n                     <a href=\"https:\/\/pp.us.edu.pl\/\" class=\"thumbnail blocks__item\" style=\"background-image: url(https:\/\/us.edu.pl\/instytut\/ifil\/wp-content\/uploads\/sites\/23\/Nieprzypisane\/apple-1851464_640.pixabay.jpg)\">\r\n                        <span>wi\u0119cej<\/span>\r\n                        <div class=\"blocks__bottom\">\r\n                        <div class=\"blocks__title\">Portal Pracownika<\/div>\r\n                        \r\n                        <\/div>\r\n                     <\/a>\r\n                  \r\n                     <a href=\"https:\/\/rebus.us.edu.pl\/\" class=\"thumbnail blocks__item\" style=\"background-image: url(https:\/\/us.edu.pl\/instytut\/ifil\/wp-content\/uploads\/sites\/23\/Nieprzypisane\/cinoba6-300x200.jpg)\">\r\n                        <span>wi\u0119cej<\/span>\r\n                        <div class=\"blocks__bottom\">\r\n                        <div class=\"blocks__title\">Repozytorium U\u015a<\/div>\r\n                        \r\n                        <\/div>\r\n                     <\/a>\r\n                  \r\n                     <a href=\"https:\/\/konstytucjadlanauki.gov.pl\/pobierz-ustawe \" class=\"thumbnail blocks__item\" style=\"background-image: url(https:\/\/us.edu.pl\/instytut\/ifil\/wp-content\/uploads\/sites\/23\/Nieprzypisane\/hammer-719066_640pixabay..jpg)\">\r\n                        <span>wi\u0119cej<\/span>\r\n                        <div class=\"blocks__bottom\">\r\n                        <div class=\"blocks__title\">Ustawa 2.0<\/div>\r\n                        \r\n                        <\/div>\r\n                     <\/a><\/div>     \r\n               <\/div>\r\n            <\/div>[\/vc_column][\/vc_row]<\/p>","protected":false},"excerpt":{"rendered":"<p>[vc_row][vc_column][vc_empty_space][\/vc_column][\/vc_row][vc_row][vc_column][\/vc_column][\/vc_row] [&#8230;]<\/p>\n<p><a class=\"btn btn-secondary understrap-read-more-link\" href=\"https:\/\/us.edu.pl\/instytut\/ifil\/2025\/08\/12\/nicolai-hartmann-international-conference\/\">Read More&#8230;<\/a><\/p>\n","protected":false},"author":1,"featured_media":0,"parent":0,"menu_order":0,"comment_status":"closed","ping_status":"open","template":"page-templates\/index-template.php","meta":{"_expiration-date-status":"","_expiration-date":0,"_expiration-date-type":"","_expiration-date-categories":[],"_expiration-date-options":[]},"acf":[],"_links":{"self":[{"href":"https:\/\/us.edu.pl\/instytut\/ifil\/wp-json\/wp\/v2\/pages\/2"}],"collection":[{"href":"https:\/\/us.edu.pl\/instytut\/ifil\/wp-json\/wp\/v2\/pages"}],"about":[{"href":"https:\/\/us.edu.pl\/instytut\/ifil\/wp-json\/wp\/v2\/types\/page"}],"author":[{"embeddable":true,"href":"https:\/\/us.edu.pl\/instytut\/ifil\/wp-json\/wp\/v2\/users\/1"}],"replies":[{"embeddable":true,"href":"https:\/\/us.edu.pl\/instytut\/ifil\/wp-json\/wp\/v2\/comments?post=2"}],"version-history":[{"count":12,"href":"https:\/\/us.edu.pl\/instytut\/ifil\/wp-json\/wp\/v2\/pages\/2\/revisions"}],"predecessor-version":[{"id":1938,"href":"https:\/\/us.edu.pl\/instytut\/ifil\/wp-json\/wp\/v2\/pages\/2\/revisions\/1938"}],"wp:attachment":[{"href":"https:\/\/us.edu.pl\/instytut\/ifil\/wp-json\/wp\/v2\/media?parent=2"}],"curies":[{"name":"wp","href":"https:\/\/api.w.org\/{rel}","templated":true}]}}