{"id":112,"date":"2019-10-30T10:21:21","date_gmt":"2019-10-30T09:21:21","guid":{"rendered":"http:\/\/us.edu.pl\/instytut\/igseigp\/?page_id=112"},"modified":"2025-05-08T07:51:02","modified_gmt":"2025-05-08T05:51:02","slug":"instytut-geografii-spoleczno-ekonomicznej-i-gospodarki-przestrzennej","status":"publish","type":"page","link":"https:\/\/us.edu.pl\/instytut\/igseigp\/instytut-geografii-spoleczno-ekonomicznej-i-gospodarki-przestrzennej\/","title":{"rendered":"Instytut Geografii Spo\u0142eczno-Ekonomicznej i Gospodarki Przestrzennej"},"content":{"rendered":"<p>[vc_row][vc_column]\r\n                <div class=\"text-modules\">\r\n                    <div class=\"container\">\r\n                        \r\n                        <div class=\"text-modules__content\"><p><strong>Dane kontaktowe:<\/strong><\/p>\n<p>Instytut Geografii Spo\u0142eczno-Ekonomicznej<br \/>\ni Gospodarki Przestrzennej<br \/>\nul. B\u0119dzi\u0144ska 60, (XVIIII pi\u0119tro)<br \/>\n41-200 Sosnowiec<\/p>\n<p>&nbsp;<\/p>\n<p>Dotychczasowe strona internetowa wydzia\u0142u:\u00a0<a href=\"http:\/\/www.wnoz.us.edu.pl\/\">http:\/\/www.wnoz.us.edu.pl\/<\/a><\/p>\n<p>\n<\/div>\r\n                    <\/div>\r\n                <\/div>[\/vc_column][\/vc_row]<\/p>","protected":false},"excerpt":{"rendered":"<p>[vc_row][vc_column][\/vc_column][\/vc_row] [&#8230;]<\/p>\n<p><a class=\"btn btn-secondary understrap-read-more-link\" href=\"https:\/\/us.edu.pl\/instytut\/igseigp\/instytut-geografii-spoleczno-ekonomicznej-i-gospodarki-przestrzennej\/\">Read More&#8230;<\/a><\/p>\n","protected":false},"author":29,"featured_media":0,"parent":0,"menu_order":0,"comment_status":"closed","ping_status":"closed","template":"page-templates\/index-template.php","meta":{"_expiration-date-status":"","_expiration-date":0,"_expiration-date-type":"","_expiration-date-categories":[],"_expiration-date-options":[]},"acf":[],"_links":{"self":[{"href":"https:\/\/us.edu.pl\/instytut\/igseigp\/wp-json\/wp\/v2\/pages\/112"}],"collection":[{"href":"https:\/\/us.edu.pl\/instytut\/igseigp\/wp-json\/wp\/v2\/pages"}],"about":[{"href":"https:\/\/us.edu.pl\/instytut\/igseigp\/wp-json\/wp\/v2\/types\/page"}],"author":[{"embeddable":true,"href":"https:\/\/us.edu.pl\/instytut\/igseigp\/wp-json\/wp\/v2\/users\/29"}],"replies":[{"embeddable":true,"href":"https:\/\/us.edu.pl\/instytut\/igseigp\/wp-json\/wp\/v2\/comments?post=112"}],"version-history":[{"count":5,"href":"https:\/\/us.edu.pl\/instytut\/igseigp\/wp-json\/wp\/v2\/pages\/112\/revisions"}],"predecessor-version":[{"id":2411,"href":"https:\/\/us.edu.pl\/instytut\/igseigp\/wp-json\/wp\/v2\/pages\/112\/revisions\/2411"}],"wp:attachment":[{"href":"https:\/\/us.edu.pl\/instytut\/igseigp\/wp-json\/wp\/v2\/media?parent=112"}],"curies":[{"name":"wp","href":"https:\/\/api.w.org\/{rel}","templated":true}]}}