{"id":18,"date":"2019-10-22T13:05:11","date_gmt":"2019-10-22T11:05:11","guid":{"rendered":"http:\/\/us.edu.pl\/instytut\/igseigp\/?page_id=18"},"modified":"2019-10-31T11:00:48","modified_gmt":"2019-10-31T10:00:48","slug":"mapa-strony","status":"publish","type":"page","link":"https:\/\/us.edu.pl\/instytut\/igseigp\/mapa-strony\/","title":{"rendered":"Mapa strony"},"content":{"rendered":"<p>[vc_row][vc_column]\r\n                <div class=\"text-modules\">\r\n                    <div class=\"container\">\r\n                        \r\n                        <div class=\"text-modules__content\"><div class=\"wsp-container\"><h2 class=\"wsp-pages-title\">Pages<\/h2>\n<ul class=\"wsp-pages-list\">\n<li class=\"page_item page-item-256\"><a href=\"https:\/\/us.edu.pl\/instytut\/igseigp\/projekty-i-granty\/\">Projekty i granty<\/a><\/li>\n<li class=\"page_item page-item-5\"><a href=\"https:\/\/us.edu.pl\/instytut\/igseigp\/\">Strona g\u0142\u00f3wna<\/a><\/li>\n<li class=\"page_item page-item-18\"><a href=\"https:\/\/us.edu.pl\/instytut\/igseigp\/mapa-strony\/\">Mapa strony<\/a><\/li>\n<li class=\"page_item page-item-24\"><a href=\"https:\/\/us.edu.pl\/instytut\/igseigp\/kontakt\/\">Kontakt<\/a><\/li>\n<li class=\"page_item page-item-1583\"><a href=\"https:\/\/us.edu.pl\/instytut\/igseigp\/1583-2\/\">Dzia\u0142alno\u015b\u0107 organizacyjna i inne aktywno\u015bci<\/a><\/li>\n<li class=\"page_item page-item-569\"><a href=\"https:\/\/us.edu.pl\/instytut\/igseigp\/granty-naukowe-krajowe\/\">Granty naukowe krajowe<\/a><\/li>\n<li class=\"page_item page-item-575\"><a href=\"https:\/\/us.edu.pl\/instytut\/igseigp\/projekty-we-wspolpracy-z-otoczeniem-spolecznym-i-gospodarczym\/\">Projekty we wsp\u00f3\u0142pracy z otoczeniem spo\u0142ecznym i gospodarczym<\/a><\/li>\n<li class=\"page_item page-item-579\"><a href=\"https:\/\/us.edu.pl\/instytut\/igseigp\/projekty-edukacyjne\/\">Projekty dydaktyczne i edukacyjne<\/a><\/li>\n<li class=\"page_item page-item-588\"><a href=\"https:\/\/us.edu.pl\/instytut\/igseigp\/shrink-smart\/\">Shrink Smart<\/a><\/li>\n<li class=\"page_item page-item-872\"><a href=\"https:\/\/us.edu.pl\/instytut\/igseigp\/cd-finalizacja-stypendium-doktorskiego-etiuda-6-ncn-dr-weroniki-dragan\/\">cd. finalizacja stypendium doktorskiego Etiuda 6 NCN dr Weroniki Dragan<\/a><\/li>\n<li class=\"page_item page-item-1642\"><a href=\"https:\/\/us.edu.pl\/instytut\/igseigp\/the-v4-humanites-education-for-the-climate-diagn\/\">The V4 Humanites Education for the Climate. Diagnoses-Best Practices-Recommendations<\/a><\/li>\n<li class=\"page_item page-item-112\"><a href=\"https:\/\/us.edu.pl\/instytut\/igseigp\/instytut-geografii-spoleczno-ekonomicznej-i-gospodarki-przestrzennej\/\">Instytut Geografii Spo\u0142eczno-Ekonomicznej i Gospodarki Przestrzennej<\/a><\/li>\n<li class=\"page_item page-item-396\"><a href=\"https:\/\/us.edu.pl\/instytut\/igseigp\/396-2\/\">Zespo\u0142y i badacze indywidualni w Instytucie<\/a><\/li>\n<li class=\"page_item page-item-169\"><a href=\"https:\/\/us.edu.pl\/instytut\/igseigp\/instytut\/\">Instytut<\/a><\/li>\n<li class=\"page_item page-item-171\"><a href=\"https:\/\/us.edu.pl\/instytut\/igseigp\/rada-instytutu\/\">Rada Naukowa Instytutu<\/a><\/li>\n<li class=\"page_item page-item-443\"><a href=\"https:\/\/us.edu.pl\/instytut\/igseigp\/wspolpraca\/\">Wsp\u00f3\u0142praca<\/a><\/li>\n<li class=\"page_item page-item-218\"><a href=\"https:\/\/us.edu.pl\/instytut\/igseigp\/pracownicy\/\">Pracownicy<\/a><\/li>\n<li class=\"page_item page-item-241\"><a href=\"https:\/\/us.edu.pl\/instytut\/igseigp\/wladze-instytutu\/\">W\u0142adze Instytutu<\/a><\/li>\n<li class=\"page_item page-item-497\"><a href=\"https:\/\/us.edu.pl\/instytut\/igseigp\/doktoraty-2\/\">Doktoraty<\/a><\/li>\n<li class=\"page_item page-item-244\"><a href=\"https:\/\/us.edu.pl\/instytut\/igseigp\/historia\/\">Historia<\/a><\/li>\n<li class=\"page_item page-item-504\"><a href=\"https:\/\/us.edu.pl\/instytut\/igseigp\/habilitacje\/\">Habilitacje<\/a><\/li>\n<li class=\"page_item page-item-251\"><a href=\"https:\/\/us.edu.pl\/instytut\/igseigp\/badania-naukowe\/\">Badania naukowe<\/a><\/li>\n<\/ul>\n<\/div>\n<\/div>\r\n                    <\/div>\r\n                <\/div>[\/vc_column][\/vc_row]<\/p>\n","protected":false},"excerpt":{"rendered":"<p>[vc_row][vc_column][\/vc_column][\/vc_row] [&#8230;]<\/p>\n<p><a class=\"btn btn-secondary understrap-read-more-link\" href=\"https:\/\/us.edu.pl\/instytut\/igseigp\/mapa-strony\/\">Read More&#8230;<\/a><\/p>\n","protected":false},"author":29,"featured_media":0,"parent":0,"menu_order":0,"comment_status":"closed","ping_status":"closed","template":"page-templates\/sitemap-template.php","meta":{"_expiration-date-status":"saved","_expiration-date":0,"_expiration-date-type":"","_expiration-date-categories":[],"_expiration-date-options":[]},"acf":[],"_links":{"self":[{"href":"https:\/\/us.edu.pl\/instytut\/igseigp\/wp-json\/wp\/v2\/pages\/18"}],"collection":[{"href":"https:\/\/us.edu.pl\/instytut\/igseigp\/wp-json\/wp\/v2\/pages"}],"about":[{"href":"https:\/\/us.edu.pl\/instytut\/igseigp\/wp-json\/wp\/v2\/types\/page"}],"author":[{"embeddable":true,"href":"https:\/\/us.edu.pl\/instytut\/igseigp\/wp-json\/wp\/v2\/users\/29"}],"replies":[{"embeddable":true,"href":"https:\/\/us.edu.pl\/instytut\/igseigp\/wp-json\/wp\/v2\/comments?post=18"}],"version-history":[{"count":2,"href":"https:\/\/us.edu.pl\/instytut\/igseigp\/wp-json\/wp\/v2\/pages\/18\/revisions"}],"predecessor-version":[{"id":127,"href":"https:\/\/us.edu.pl\/instytut\/igseigp\/wp-json\/wp\/v2\/pages\/18\/revisions\/127"}],"wp:attachment":[{"href":"https:\/\/us.edu.pl\/instytut\/igseigp\/wp-json\/wp\/v2\/media?parent=18"}],"curies":[{"name":"wp","href":"https:\/\/api.w.org\/{rel}","templated":true}]}}