{"id":443,"date":"2020-05-28T10:07:49","date_gmt":"2020-05-28T08:07:49","guid":{"rendered":"https:\/\/us.edu.pl\/instytut\/igseigp\/?page_id=443"},"modified":"2020-07-07T12:13:29","modified_gmt":"2020-07-07T10:13:29","slug":"wspolpraca","status":"publish","type":"page","link":"https:\/\/us.edu.pl\/instytut\/igseigp\/wspolpraca\/","title":{"rendered":"Wsp\u00f3\u0142praca"},"content":{"rendered":"<p>[vc_row][vc_column]\r\n                <div class=\"text-modules\">\r\n                    <div class=\"container\">\r\n                        <h3 class=\"page-title text__title\">Wsp\u00f3\u0142praca naukowo-badawcza i partycypacja organizacyjna<\/h3>\r\n                        <div class=\"text-modules__content\"><\/p>\n<p style=\"text-align: justify\">Pracownicy i Doktoranci Instytutu (a wcze\u015bniej Katedry) od ponad 40 lat prowadz\u0105 zakrojon\u0105 wsp\u00f3\u0142prac\u0119 naukow\u0105 i badawcz\u0105 z o\u015brodkami i instytucjami w kraju i zagranic\u0105. W Polsce s\u0105 to Uniwersytet Warszawski, Uniwersytet Jagiello\u0144ski w Krakowie, Uniwersytet Adama Mickiewicza w Poznaniu, Uniwersytet Gda\u0144ski, Uniwersytet Szczeci\u0144ski, Uniwersytet Miko\u0142aja Kopernika w Toruniu, Uniwersytet Marii Sk\u0142odowskie-Curie w Lublinie, Uniwersytet \u0141\u00f3dzki, Uniwersytet Jana Kochanowskiego w Kielcach, Uniwersytet Opolski, Uniwersytet Wroc\u0142awski, Instytut Geografii i Gospodarki Przestrzennej PAN w Warszawie, Uniwersytet Pedagogiczny w Krakowie, Politechnika \u015al\u0105ska w Gliwicach, Uniwersytet Ekonomiczny w Katowicach, Akademia Wychowania Fizycznego we Wroc\u0142awiu, Wy\u017csza Szko\u0142a Bankowa we Wroc\u0142awiu, Wy\u017csza Szko\u0142a Techniczna w Katowicach. Wsp\u00f3\u0142praca ta owocuje cennymi przedsi\u0119wzi\u0119ciami i projektami. Istotn\u0105 cz\u0119\u015b\u0107 tych przedsi\u0119wzi\u0119\u0107 stanowi\u0105 tak\u017ce wsp\u00f3lne publikacje, partycypacja w cia\u0142ach kolegialnych i wydawnictwach. Pracownicy Instytutu Geografii Spo\u0142eczno-Ekonomicznej i Gospodarki Przestrzennej zaanga\u017cowani s\u0105 tak\u017ce w prace redakcyjne czasopism angloj\u0119zycznych wydawanych w Polsce i zagranic\u0105.<\/p>\n<p style=\"text-align: justify\">Podobny zakres wsp\u00f3\u0142pracy \u2013 naukowo-badawczej, projektowej czy dydaktyczno-edukacyjnej Pracownicy Instytutu podejmowali i podejmuj\u0105 z partnerami z Uniwersytet\u00f3w i innych instytucji naukowych zlokalizowanych zagranic\u0105. W\u015br\u00f3d jednostek zagranicznych wymieni\u0107 nale\u017cy: Uniwersytet Ostrawski, Uniwersytet Palackiego w O\u0142omu\u0144cu, Uniwersytet Johna Moore w Liverpoolu, Helmholtz-Zentrum f\u00fcr Umweltforschung UFZ, Uniwersytet Sofijski, Uniwersytet Strathclyde w Glasgow, Odeski Uniwersytet Pa\u0144stwowy, Uniwersytet Iwana Franki we Lwowie, Sapienza, Uniwersytet w Rzymie, Pa\u0144stwowa Akademia Nauk Ukrainy, Uniwersytet w Strasbourgu, Uniwersytet w Belgradzie, Uniwersytet Lwowski, Uniwersytet w Timisoarze, Uniwersytet w Birmingham, Instytut Geografii Rosyjskiej Akademii Nauk, Uniwersytet w Goteborgu, Uniwersytet Techniczny w Libercu.<\/p>\n<p style=\"text-align: justify\">Aktywno\u015b\u0107 Pracownik\u00f3w Instytutu przejawia si\u0119 r\u00f3wnie\u017c w partycypacji w organizacjach i strukturach naukowych zwi\u0105zanych z przedmiotem bada\u0144 geografii spo\u0142eczno-ekonomicznej i gospodarki przestrzennej. Wymieni\u0107 tu nale\u017cy: Komitet Nauk Demograficznych PAN, Komitet Nauk Geograficznych PAN, Polska Akademia Nauk Oddzia\u0142 Katowice, Komisja Studi\u00f3w nad Przysz\u0142o\u015bci\u0105 G\u00f3rnego \u015al\u0105ska, Komitet Przestrzennego Zagospodarowania Kraju, The Permanent European Conference for the Study of the Rural Landscape, Obserwatorium Proces\u00f3w Miejskich i Metropolitalnych, Polskie Towarzystwo Geograficzne: Komisja Geografii Osadnictwa i Ludno\u015bci, Komisja Krajobrazu Kulturowego, Komisja Edukacji Geograficznej oraz Towarzystwo Urbanist\u00f3w Polskich.<\/p>\n<p style=\"text-align: justify\">Wa\u017cnym elementem wsp\u00f3\u0142pracy Instytutu s\u0105 wsp\u00f3lne dzia\u0142ania i projekty z instytucjami otoczenia nauki, administracyjnymi, samorz\u0105dowymi, biznesowymi i spo\u0142ecznymi. Realizacja wsp\u00f3lnych dzia\u0142a\u0144 dotyczy zar\u00f3wno poziomu lokalnego \u2013 miasta, gminy, dzielnice, og\u00f3lnokrajowego, jak i europejskiego (m.in. forum Parlamentu Europejskiego, kraje Grupy Wyszehradzkiej). W\u015br\u00f3d podmiot\u00f3w partycypacyjnych by\u0142y lub s\u0105 mi\u0119dzy innymi: Ministerstwo Edukacji Narodowej, Ministerstwo Rozwoju, Rz\u0105dowa Rada Ludno\u015bciowa, Instytut Rozwoju Miast i Region\u00f3w, G\u00f3rno\u015bl\u0105sko-Zag\u0142\u0119biowska Metropolia, Camden Collective (Camden Town Unlimited), Instytut Bada\u0144 Strukturalnych, Instytut Bada\u0144 Regionalnych Biblioteki \u015al\u0105skiej, Urz\u0105d Marsza\u0142kowski Wojew\u00f3dztwa \u015al\u0105skiego, Wojew\u00f3dzki Urz\u0105d Pracy w Katowicach, EuroInstytut Polsko-Czesko-S\u0142owacki, Euroregion \u201e\u015al\u0105sk Cieszy\u0144ski\u201d, Euroregion \u201eSilesia\u201d, Najwy\u017csza Izba Kontroli \u2013 Delegatura w Katowicach, Stowarzyszenie \u201ePro-Silesia\u201d, Stowarzyszenie \u201ePro Futuro\u201d, Instytut Zag\u0142\u0119bia D\u0105browskiego, a tak\u017ce samorz\u0105dy wielu miast i gmin, g\u0142\u00f3wnie z wojew\u00f3dztwa \u015bl\u0105skiego.<\/p>\n<p>\n<\/div>\r\n                    <\/div>\r\n                <\/div>[\/vc_column][\/vc_row]<\/p>","protected":false},"excerpt":{"rendered":"<p>[vc_row][vc_column][\/vc_column][\/vc_row] [&#8230;]<\/p>\n<p><a class=\"btn btn-secondary understrap-read-more-link\" href=\"https:\/\/us.edu.pl\/instytut\/igseigp\/wspolpraca\/\">Read More&#8230;<\/a><\/p>\n","protected":false},"author":123,"featured_media":0,"parent":0,"menu_order":0,"comment_status":"closed","ping_status":"closed","template":"","meta":{"_expiration-date-status":"saved","_expiration-date":0,"_expiration-date-type":"","_expiration-date-categories":[],"_expiration-date-options":[]},"acf":[],"_links":{"self":[{"href":"https:\/\/us.edu.pl\/instytut\/igseigp\/wp-json\/wp\/v2\/pages\/443"}],"collection":[{"href":"https:\/\/us.edu.pl\/instytut\/igseigp\/wp-json\/wp\/v2\/pages"}],"about":[{"href":"https:\/\/us.edu.pl\/instytut\/igseigp\/wp-json\/wp\/v2\/types\/page"}],"author":[{"embeddable":true,"href":"https:\/\/us.edu.pl\/instytut\/igseigp\/wp-json\/wp\/v2\/users\/123"}],"replies":[{"embeddable":true,"href":"https:\/\/us.edu.pl\/instytut\/igseigp\/wp-json\/wp\/v2\/comments?post=443"}],"version-history":[{"count":5,"href":"https:\/\/us.edu.pl\/instytut\/igseigp\/wp-json\/wp\/v2\/pages\/443\/revisions"}],"predecessor-version":[{"id":694,"href":"https:\/\/us.edu.pl\/instytut\/igseigp\/wp-json\/wp\/v2\/pages\/443\/revisions\/694"}],"wp:attachment":[{"href":"https:\/\/us.edu.pl\/instytut\/igseigp\/wp-json\/wp\/v2\/media?parent=443"}],"curies":[{"name":"wp","href":"https:\/\/api.w.org\/{rel}","templated":true}]}}