{"id":3192,"date":"2025-01-15T14:31:39","date_gmt":"2025-01-15T13:31:39","guid":{"rendered":"https:\/\/us.edu.pl\/instytut\/iib\/?page_id=3192"},"modified":"2025-08-06T12:33:01","modified_gmt":"2025-08-06T10:33:01","slug":"grupa-badawcza-sygnalow-biomedycznych-w-neuronauce-funkcjonowanie-mozgu-i-ciala","status":"publish","type":"page","link":"https:\/\/us.edu.pl\/instytut\/iib\/grupa-badawcza-sygnalow-biomedycznych-w-neuronauce-funkcjonowanie-mozgu-i-ciala\/","title":{"rendered":"Grupa badawcza sygna\u0142\u00f3w biomedycznych w neuronauce: funkcjonowanie m\u00f3zgu i cia\u0142a"},"content":{"rendered":"<p>[vc_row][vc_column][vc_column_text css_animation=&#8221;slideInRight&#8221;]<\/p>\n<h2 style=\"text-align: center;\"><strong>Grupa badawcza sygna\u0142\u00f3w biomedycznych w neuronauce: funkcjonowanie m\u00f3zgu i cia\u0142a<\/strong><\/h2>\n<p>[\/vc_column_text][\/vc_column][\/vc_row][vc_row][vc_column]<div class=\"container\"><div class=\"separator\" style=\"background-color: #002E5A\"><\/div><\/div>[vc_single_image image=&#8221;1301&#8243; img_size=&#8221;medium&#8221; alignment=&#8221;center&#8221; style=&#8221;vc_box_circle_2&#8243; css_animation=&#8221;fadeInLeft&#8221; title=&#8221;Kierownik grupy &#8211; dr Karina Maciejewska, prof. U\u015a&#8221;]<div class=\"container\"><div class=\"separator\" style=\"background-color: #002E5A\"><\/div><\/div>\r\n                <div class=\"text-modules\">\r\n                    <div class=\"container\">\r\n                        \r\n                        <div class=\"text-modules__content\"><\/p>\n<p class=\"Opisgrupybadawczej\"><strong>Opis grupy:<\/strong><\/p>\n<p class=\"Opisgrupybadawczej\">Grupa specjalizuje si\u0119 w przetwarzaniu i analizie sygna\u0142\u00f3w biomedycznych w celu badania psychofizjologicznej aktywno\u015bci uk\u0142adu nerwowego cz\u0142owieka oraz jego interakcji ze \u015brodowiskiem.<\/p>\n<p class=\"Opisgrupybadawczej\"><strong>Cel grupy:<\/strong><\/p>\n<p class=\"Opisgrupybadawczej\">Badania obejmuj\u0105 analiz\u0119 aktywno\u015bci elektrycznej m\u00f3zgu (EEG, potencja\u0142y wywo\u0142ane ERP) oraz szerokiego spektrum sygna\u0142\u00f3w peryferyjnych (EDA, EKG\/HRV, EMG\/fEMG, EOG, sygna\u0142 oddechowy).<\/p>\n<p class=\"Opisgrupybadawczej\"><strong>Obszar dzia\u0142a\u0144:<\/strong><\/p>\n<p class=\"Opisgrupybadawczej\">Grupa wykorzystuje najnowsze osi\u0105gni\u0119cia technologiczne, takie jak wirtualna rzeczywisto\u015b\u0107 (VR) i mobilne obrazowanie m\u00f3zgu i cia\u0142a (MoBI), a tak\u017ce zaawansowane techniki uczenia maszynowego (ML), w celu rozwoju metod z zakresu neuroin\u017cynierii i neuronauki. Umo\u017cliwia to lepsze zrozumienie i popraw\u0119 funkcjonowania proces\u00f3w poznawczych (np. uwagi, pami\u0119ci) w warunkach zbli\u017conych do naturalnych oraz doskonalenie narz\u0119dzi analitycznych.<\/p>\n<p><strong>Wybrane publikacje:<\/strong><\/p>\n<ul style=\"list-style-type: square;\">\n<li>\n<div class=\"entity-row-heading-wrapper\"><span id=\"entity-row-title-78481350\"><em> Multi-ingredient energy dietary supplement with a small amount of caffeine modulates central and autonomic nervous system after a single use,<\/em><\/span><\/div>\n<div class=\"enity-row-description-wrapper\">\n<div id=\"dataCell78481350\" class=\"entity-cell \">\n<div id=\"entitiesT:1:rowEntry\">\n<div class=\"rowEntry\">Maciejewska Karina Janina, Duch Klaudia Sylwana, Giza Maciej [i in.], Neuroscience, 2025, vol. 580, s.194-208.<a href=\"http:\/\/dx.doi.org\/10.1016\/j.neuroscience.2025.06.049\" target=\"blank\" rel=\"noopener\"> DOI:10.1016\/j.neuroscience.2025.06.049 <\/a><\/div>\n<\/div>\n<\/div>\n<\/div>\n<div class=\"entity-row-heading-wrapper\"><\/div>\n<\/li>\n<li>\n<div class=\"entity-row-heading-wrapper\"><em><span id=\"entity-row-title-528349449\">The effect of low and moderate myopia on corneal, retinal, and intraretinal layers&#8217; thickness by spectral optical coherence tomography<\/span><\/em><span id=\"entity-row-title-528349449\">, <\/span>Maciejewska Karina Janina, Pokorzy\u0144ska-Zelek Sara, Polish Journal of Medical Physics and Engineering, 2024, vol. 30, nr 4, s.213-224. <a href=\"http:\/\/dx.doi.org\/10.2478\/pjmpe-2024-0026\" target=\"blank\" rel=\"noopener\">DOI:10.2478\/pjmpe-2024-0026 <\/a><\/div>\n<\/li>\n<li>\n<div class=\"entity-row-heading-wrapper\"><em><span id=\"entity-row-title-1360782589\"> Single Dose of an Energy Dietary Supplement with a Small Amount of Caffeine Prevents an Increase of a Low Frequency Resting State EEG in Possible Mental Fatigue<\/span><\/em><span id=\"entity-row-title-1360782589\">, <\/span>Maciejewska Karina Janina, Moczarska Wiktoria, Neuroscience, 2023, vol. 527, s.1-10. <a href=\"http:\/\/dx.doi.org\/10.1016\/j.neuroscience.2023.07.011\" target=\"blank\" rel=\"noopener\">DOI:10.1016\/j.neuroscience.2023.07.011 <\/a><\/div>\n<\/li>\n<\/ul>\n<p>\n<\/div>\r\n                    <\/div>\r\n                <\/div>[\/vc_column][\/vc_row][vc_row][vc_column]<div class=\"container\"><div class=\"separator\" style=\"background-color: #002E5A\"><\/div><\/div>            \r\n                    <div class=\"container\">\r\n                        <div class=\"gallery gallery_3\" data-images-in-row=\"3\">\r\n                            \r\n                            <div class=\"row m-0\">\r\n                                <a data-fancybox-group=\"button\" title=\"Wyst\u0105pienie dr K. Maciejewskiej, prof. U\u015a \/ fot. S. Stach\" data-fancybox=\"7617\" href=\"https:\/\/us.edu.pl\/instytut\/iib\/wp-content\/uploads\/sites\/41\/2025\/05\/15.jpg\" class=\"gallery__item thumbnail\"\r\n                                    style=\"background-image: url(https:\/\/us.edu.pl\/instytut\/iib\/wp-content\/uploads\/sites\/41\/2025\/05\/15-1024x768.jpg)\"> <span class=\"d-none\">https:\/\/us.edu.pl\/instytut\/iib\/wp-content\/uploads\/sites\/41\/2025\/05\/15.jpg<\/span> <\/a><a data-fancybox-group=\"button\" title=\"Wyst\u0105pienie dr K. Maciejewskiej, prof. U\u015a \/ fot. T. Kasprzyk-Kucewicz\" data-fancybox=\"7617\" href=\"https:\/\/us.edu.pl\/instytut\/iib\/wp-content\/uploads\/sites\/41\/2025\/05\/208A6688.jpg\" class=\"gallery__item thumbnail\"\r\n                                    style=\"background-image: url(https:\/\/us.edu.pl\/instytut\/iib\/wp-content\/uploads\/sites\/41\/2025\/05\/208A6688-1024x683.jpg)\"> <span class=\"d-none\">https:\/\/us.edu.pl\/instytut\/iib\/wp-content\/uploads\/sites\/41\/2025\/05\/208A6688.jpg<\/span> <\/a><a data-fancybox-group=\"button\" title=\"Dr Karina Maciejewska oraz dr in\u017c. Micha\u0142 Pielka. Fot. M. Kasprzyk\" data-fancybox=\"7617\" href=\"https:\/\/us.edu.pl\/instytut\/iib\/wp-content\/uploads\/sites\/41\/Bez-kategorii\/IMG_0132-scaled.jpg\" class=\"gallery__item thumbnail\"\r\n                                    style=\"background-image: url(https:\/\/us.edu.pl\/instytut\/iib\/wp-content\/uploads\/sites\/41\/Bez-kategorii\/IMG_0132-768x1024.jpg)\"> <span class=\"d-none\">https:\/\/us.edu.pl\/instytut\/iib\/wp-content\/uploads\/sites\/41\/Bez-kategorii\/IMG_0132-scaled.jpg<\/span> <\/a>\r\n                            <\/div>\r\n                    <\/div>\r\n                <\/div>[\/vc_column][\/vc_row][vc_row][vc_column][vc_column_text][\/vc_column_text][\/vc_column][\/vc_row][vc_row][vc_column][vc_column_text][\/vc_column_text][\/vc_column][\/vc_row][vc_row][vc_column][vc_column_text]<\/p>","protected":false},"excerpt":{"rendered":"<p>[vc_row][vc_column][vc_column_text css_animation=&#8221;slideInRight&#8221;] Grupa badawcza sygna\u0142\u00f3w biomedycznych w neuronauce: funkcjonowanie m\u00f3zgu i cia\u0142a [\/vc_column_text][\/vc_column][\/vc_row][vc_row][vc_column][vc_single_image image=&#8221;1301&#8243; img_size=&#8221;medium&#8221; alignment=&#8221;center&#8221; style=&#8221;vc_box_circle_2&#8243; css_animation=&#8221;fadeInLeft&#8221; title=&#8221;Kierownik grupy &#8211; dr Karina Maciejewska, prof. U\u015a&#8221;][\/vc_column][\/vc_row][vc_row][vc_column][\/vc_column][\/vc_row][vc_row][vc_column][vc_column_text][\/vc_column_text][\/vc_column][\/vc_row][vc_row][vc_column][vc_column_text][\/vc_column_text][\/vc_column][\/vc_row][vc_row][vc_column][vc_column_text] [&#8230;]<\/p>\n<p><a class=\"btn btn-secondary understrap-read-more-link\" href=\"https:\/\/us.edu.pl\/instytut\/iib\/grupa-badawcza-sygnalow-biomedycznych-w-neuronauce-funkcjonowanie-mozgu-i-ciala\/\">Read More&#8230;<\/a><\/p>\n","protected":false},"author":128,"featured_media":0,"parent":0,"menu_order":0,"comment_status":"closed","ping_status":"closed","template":"","meta":{"_expiration-date-status":"","_expiration-date":0,"_expiration-date-type":"","_expiration-date-categories":[],"_expiration-date-options":[]},"acf":[],"_links":{"self":[{"href":"https:\/\/us.edu.pl\/instytut\/iib\/wp-json\/wp\/v2\/pages\/3192"}],"collection":[{"href":"https:\/\/us.edu.pl\/instytut\/iib\/wp-json\/wp\/v2\/pages"}],"about":[{"href":"https:\/\/us.edu.pl\/instytut\/iib\/wp-json\/wp\/v2\/types\/page"}],"author":[{"embeddable":true,"href":"https:\/\/us.edu.pl\/instytut\/iib\/wp-json\/wp\/v2\/users\/128"}],"replies":[{"embeddable":true,"href":"https:\/\/us.edu.pl\/instytut\/iib\/wp-json\/wp\/v2\/comments?post=3192"}],"version-history":[{"count":10,"href":"https:\/\/us.edu.pl\/instytut\/iib\/wp-json\/wp\/v2\/pages\/3192\/revisions"}],"predecessor-version":[{"id":4320,"href":"https:\/\/us.edu.pl\/instytut\/iib\/wp-json\/wp\/v2\/pages\/3192\/revisions\/4320"}],"wp:attachment":[{"href":"https:\/\/us.edu.pl\/instytut\/iib\/wp-json\/wp\/v2\/media?parent=3192"}],"curies":[{"name":"wp","href":"https:\/\/api.w.org\/{rel}","templated":true}]}}