{"id":4172,"date":"2025-05-27T11:32:06","date_gmt":"2025-05-27T09:32:06","guid":{"rendered":"https:\/\/us.edu.pl\/instytut\/iib\/?page_id=4172"},"modified":"2025-05-27T11:32:06","modified_gmt":"2025-05-27T09:32:06","slug":"mgr-inz-p-kovalchuk-wystapienie","status":"publish","type":"page","link":"https:\/\/us.edu.pl\/instytut\/iib\/mgr-inz-p-kovalchuk-wystapienie\/","title":{"rendered":"mgr in\u017c. P. Kovalchuk &#8211; wyst\u0105pienie"},"content":{"rendered":"<p>[vc_row][vc_column]\r\n                <div class=\"text-modules\">\r\n                    <div class=\"container\">\r\n                        \r\n                        <div class=\"text-modules__content\"><p><em><strong>Modelowanie w\u0142a\u015bciwo\u015bci mikro struktur szkieletowych wytwarzanych w technologii druku 3D<\/strong><\/em><\/p>\n<p>Mgr in\u017c. Petro Kovalchuk<\/p>\n<p>Druk 3D jest jednym z element\u00f3w sk\u0142adowych wysokich technologii. Zastosowanie technik przyrostowych do wytwarzania struktur a\u017curowych w skali makro wpisuje si\u0119 w obecne standardy projektowania ortez czy nasobnych struktur szkieletowych, jednak\u017ce wytwarzanie tego typu struktur w skali mikro,\u00a0 w szczeg\u00f3lno\u015bci w technologii FDM, stanowi istotne wyzwanie technologiczne i badawcze. W skali mikro nale\u017cy uwzgl\u0119dni\u0107 wp\u0142yw parametr\u00f3w druku na charakter powierzchni drukowanych element\u00f3w oraz topologii przestrzennej drukowanych struktur. Zaprezentowane zostan\u0105 wst\u0119pne rezultaty wytworzenia struktur a\u017curowych w technologii FDM przy kontrolowanych parametrach przestrzennych poni\u017cej 200 mikron\u00f3w z wykorzystaniem taniej drukarki z sektora domowego.<\/p>\n<\/div>\r\n                    <\/div>\r\n                <\/div>[\/vc_column][\/vc_row][vc_row][vc_column]            \r\n                \r\n                <div class=\"container\">\r\n                     <div class=\"gallery-big \">\r\n                        \r\n                        <div class=\"row m-0\">\r\n                        <a data-fancybox=\"432\" href=\"https:\/\/us.edu.pl\/instytut\/iib\/wp-content\/uploads\/sites\/41\/2025\/05\/10.jpg\"\r\n                        title=\"Wyst\u0105pienie mgra in\u017c. P. Kovalchuka \/ fot. S. Stach\" \r\n                        class=\"gallery-big__item gallery-big__item_big thumbnail\"\r\n                        style=\"background-image: url(https:\/\/us.edu.pl\/instytut\/iib\/wp-content\/uploads\/sites\/41\/2025\/05\/10-1024x768.jpg)\"><span class=\"d-none\">https:\/\/us.edu.pl\/instytut\/iib\/wp-content\/uploads\/sites\/41\/2025\/05\/10.jpg<\/span><\/a><div class=\"gallery-big__small-items\">\r\n                        <a data-fancybox=\"432\" href=\"https:\/\/us.edu.pl\/instytut\/iib\/wp-content\/uploads\/sites\/41\/2025\/05\/208A6660.jpg\"\r\n                        title=\"Wyst\u0105pienie mgra in\u017c. P. Kovalchuka \/ fot. T. Kasprzyk-Kucewicz\" \r\n                        class=\"gallery-big__item  thumbnail\"\r\n                        style=\"background-image: url(https:\/\/us.edu.pl\/instytut\/iib\/wp-content\/uploads\/sites\/41\/2025\/05\/208A6660-1024x683.jpg)\"><span class=\"d-none\">https:\/\/us.edu.pl\/instytut\/iib\/wp-content\/uploads\/sites\/41\/2025\/05\/208A6660.jpg<\/span><\/a><\/div><\/div>\r\n                    <\/div>\r\n                <\/div>[\/vc_column][\/vc_row]<\/p>","protected":false},"excerpt":{"rendered":"<p>[vc_row][vc_column][\/vc_column][\/vc_row][vc_row][vc_column][\/vc_column][\/vc_row] [&#8230;]<\/p>\n<p><a class=\"btn btn-secondary understrap-read-more-link\" href=\"https:\/\/us.edu.pl\/instytut\/iib\/mgr-inz-p-kovalchuk-wystapienie\/\">Read More&#8230;<\/a><\/p>\n","protected":false},"author":128,"featured_media":0,"parent":0,"menu_order":0,"comment_status":"closed","ping_status":"closed","template":"","meta":{"_expiration-date-status":"","_expiration-date":0,"_expiration-date-type":"","_expiration-date-categories":[],"_expiration-date-options":[]},"acf":[],"_links":{"self":[{"href":"https:\/\/us.edu.pl\/instytut\/iib\/wp-json\/wp\/v2\/pages\/4172"}],"collection":[{"href":"https:\/\/us.edu.pl\/instytut\/iib\/wp-json\/wp\/v2\/pages"}],"about":[{"href":"https:\/\/us.edu.pl\/instytut\/iib\/wp-json\/wp\/v2\/types\/page"}],"author":[{"embeddable":true,"href":"https:\/\/us.edu.pl\/instytut\/iib\/wp-json\/wp\/v2\/users\/128"}],"replies":[{"embeddable":true,"href":"https:\/\/us.edu.pl\/instytut\/iib\/wp-json\/wp\/v2\/comments?post=4172"}],"version-history":[{"count":1,"href":"https:\/\/us.edu.pl\/instytut\/iib\/wp-json\/wp\/v2\/pages\/4172\/revisions"}],"predecessor-version":[{"id":4174,"href":"https:\/\/us.edu.pl\/instytut\/iib\/wp-json\/wp\/v2\/pages\/4172\/revisions\/4174"}],"wp:attachment":[{"href":"https:\/\/us.edu.pl\/instytut\/iib\/wp-json\/wp\/v2\/media?parent=4172"}],"curies":[{"name":"wp","href":"https:\/\/api.w.org\/{rel}","templated":true}]}}