{"id":5148,"date":"2025-08-20T10:38:58","date_gmt":"2025-08-20T08:38:58","guid":{"rendered":"https:\/\/us.edu.pl\/instytut\/iib\/?page_id=5148"},"modified":"2025-08-20T10:47:03","modified_gmt":"2025-08-20T08:47:03","slug":"grupa-badawcza-inteligentnych-metod-przetwarzania-danych-medycznych","status":"publish","type":"page","link":"https:\/\/us.edu.pl\/instytut\/iib\/grupa-badawcza-inteligentnych-metod-przetwarzania-danych-medycznych\/","title":{"rendered":"Grupa badawcza inteligentnych metod przetwarzania danych medycznych"},"content":{"rendered":"<p>[vc_row][vc_column][vc_column_text css_animation=&#8221;slideInRight&#8221;]<\/p>\n<h2 style=\"text-align: center;\"><strong>Grupa badawcza inteligentnych metod przetwarzania danych medycznych<\/strong><\/h2>\n<p>[\/vc_column_text][\/vc_column][\/vc_row][vc_row][vc_column]<div class=\"container\"><div class=\"separator\" style=\"background-color: #002E5A\"><\/div><\/div>[vc_single_image image=&#8221;3647&#8243; img_size=&#8221;medium&#8221; alignment=&#8221;center&#8221; style=&#8221;vc_box_circle_2&#8243; css_animation=&#8221;fadeInLeft&#8221; title=&#8221;Kierownik grupy &#8211; dr in\u017c. Pawe\u0142 Popielski&#8221;]<div class=\"container\"><div class=\"separator\" style=\"background-color: #002E5A\"><\/div><\/div>[\/vc_column][\/vc_row][vc_row][vc_column]\r\n                <div class=\"text-modules\">\r\n                    <div class=\"container\">\r\n                        \r\n                        <div class=\"text-modules__content\"><p><strong>Opis grupy:<\/strong><\/p>\n<p>Grupa prowadzi interdyscyplinarne badania na styku in\u017cynierii biomedycznej, informatyki oraz nauk klinicznych, koncentruj\u0105c si\u0119 na opracowywaniu i stosowaniu zaawansowanych metod sztucznej inteligencji, w szczeg\u00f3lno\u015bci g\u0142\u0119bokiego uczenia, do analizy z\u0142o\u017conych danych medycznych.<\/p>\n<p><strong>Cel grupy:<\/strong><\/p>\n<p>G\u0142\u00f3wne kierunki badawcze obejmuj\u0105 inteligentne przetwarzanie i interpretacj\u0119 danych obrazowych (np. w dermatologii, kardiologii, onkologii), automatyczn\u0105 analiz\u0119 tekst\u00f3w medycznych i naukowych oraz modelowanie danych tabelarycznych na potrzeby predykcji klinicznej i wspomagania decyzji.<\/p>\n<p><strong>Obszar dzia\u0142a\u0144:<\/strong><\/p>\n<p>Prace grupy obejmuj\u0105 ca\u0142y cykl rozwojowy \u2013 od pozyskiwania i przygotowania danych, poprzez projektowanie i walidacj\u0119 modeli AI, a\u017c po wdra\u017canie prototypowych rozwi\u0105za\u0144 w \u015brodowiskach badawczych i klinicznych.<\/p>\n<p><strong>Wybrane publikacje:<\/strong><\/p>\n<ul style=\"list-style-type: square;\">\n<li>\n<div class=\"entity-row-heading-wrapper\"><span id=\"entity-row-title-2002237875\"><em> Utilizing Deep Learning Techniques to Identify Skin Lesions Based on Images Taken Under Different Polarization Conditions<\/em>, <\/span>Popielski Pawe\u0142, Wilczy\u0144ski S\u0142awomir, Kwieci\u0144ski Kamil, In\u017cynier i Fizyk Medyczny, 2025, vol. 14, nr 3, s.235-236<\/div>\n<\/li>\n<li>\n<div class=\"entity-row-heading-wrapper\"><em> <span id=\"entity-row-title-1510408914\"> The Influence of Sebum on Directional Reflectance of the Skin, <\/span><\/em>Bany\u015b Anna, Hartman-Petrycka Magdalena, Kras Katarzyna, Popielski Pawe\u0142 [i in.], Applied Sciences-Basel, 2023, vol. 13, s.1-10, Numer artyku\u0142u:2838, <a href=\"http:\/\/dx.doi.org\/10.3390\/app13052838\" target=\"blank\" rel=\"noopener\">DOI:10.3390\/app13052838<\/a><\/div>\n<\/li>\n<li>\n<div class=\"entity-row-heading-wrapper\"><em> <span id=\"entity-row-title-1119156229\"> FEM simulation of a novel medical device for TMJ therapy, <\/span><\/em>Kwieci\u0144ski K., \u017bmudzki J., Chladek G., Popielski Pawe\u0142 [i in.], Archives of Materials Science and Engineering, 2023, vol. 122, nr 1, s.34-41, <a href=\"http:\/\/dx.doi.org\/10.5604\/01.3001.0053.8846\" target=\"blank\" rel=\"noopener\">DOI:10.5604\/01.3001.0053.8846<\/a><\/div>\n<\/li>\n<\/ul>\n<p>\n<\/div>\r\n                    <\/div>\r\n                <\/div><div class=\"container\"><div class=\"separator\" style=\"background-color: #002E5A\"><\/div><\/div>[\/vc_column][\/vc_row][vc_row][vc_column]            \r\n                    <div class=\"container\">\r\n                        <div class=\"gallery gallery_2\" data-images-in-row=\"2\">\r\n                            \r\n                            <div class=\"row m-0\">\r\n                                <a data-fancybox-group=\"button\" title=\"Wyst\u0105pienie dra in\u017c. P. Popielskiego na 21. \u015al\u0105skim Seminarium Fizyki Medycznej \/ fot. S. Stach\" data-fancybox=\"7309\" href=\"https:\/\/us.edu.pl\/instytut\/iib\/wp-content\/uploads\/sites\/41\/2025\/05\/3-1.jpg\" class=\"gallery__item thumbnail\"\r\n                                    style=\"background-image: url(https:\/\/us.edu.pl\/instytut\/iib\/wp-content\/uploads\/sites\/41\/2025\/05\/3-1-1024x768.jpg)\"> <span class=\"d-none\">https:\/\/us.edu.pl\/instytut\/iib\/wp-content\/uploads\/sites\/41\/2025\/05\/3-1.jpg<\/span> <\/a><a data-fancybox-group=\"button\" title=\"Wyst\u0105pienie dra in\u017c. P. Popielskiego na 21. \u015al\u0105skim Seminarium Fizyki Medycznej \/ fot. S. Stach \/ fot. T. Kasprzyk-Kucewicz\" data-fancybox=\"7309\" href=\"https:\/\/us.edu.pl\/instytut\/iib\/wp-content\/uploads\/sites\/41\/2025\/05\/208A6536.jpg\" class=\"gallery__item thumbnail\"\r\n                                    style=\"background-image: url(https:\/\/us.edu.pl\/instytut\/iib\/wp-content\/uploads\/sites\/41\/2025\/05\/208A6536-1024x683.jpg)\"> <span class=\"d-none\">https:\/\/us.edu.pl\/instytut\/iib\/wp-content\/uploads\/sites\/41\/2025\/05\/208A6536.jpg<\/span> <\/a>\r\n                            <\/div>\r\n                    <\/div>\r\n                <\/div>[\/vc_column][\/vc_row]<\/p>","protected":false},"excerpt":{"rendered":"<p>[vc_row][vc_column][vc_column_text css_animation=&#8221;slideInRight&#8221;] Grupa badawcza inteligentnych metod przetwarzania danych medycznych [\/vc_column_text][\/vc_column][\/vc_row][vc_row][vc_column][vc_single_image image=&#8221;3647&#8243; img_size=&#8221;medium&#8221; alignment=&#8221;center&#8221; style=&#8221;vc_box_circle_2&#8243; css_animation=&#8221;fadeInLeft&#8221; title=&#8221;Kierownik grupy &#8211; dr in\u017c. Pawe\u0142 Popielski&#8221;][\/vc_column][\/vc_row][vc_row][vc_column][\/vc_column][\/vc_row][vc_row][vc_column][\/vc_column][\/vc_row] [&#8230;]<\/p>\n<p><a class=\"btn btn-secondary understrap-read-more-link\" href=\"https:\/\/us.edu.pl\/instytut\/iib\/grupa-badawcza-inteligentnych-metod-przetwarzania-danych-medycznych\/\">Read More&#8230;<\/a><\/p>\n","protected":false},"author":128,"featured_media":0,"parent":0,"menu_order":0,"comment_status":"closed","ping_status":"closed","template":"","meta":{"_expiration-date-status":"","_expiration-date":0,"_expiration-date-type":"","_expiration-date-categories":[],"_expiration-date-options":[]},"acf":[],"_links":{"self":[{"href":"https:\/\/us.edu.pl\/instytut\/iib\/wp-json\/wp\/v2\/pages\/5148"}],"collection":[{"href":"https:\/\/us.edu.pl\/instytut\/iib\/wp-json\/wp\/v2\/pages"}],"about":[{"href":"https:\/\/us.edu.pl\/instytut\/iib\/wp-json\/wp\/v2\/types\/page"}],"author":[{"embeddable":true,"href":"https:\/\/us.edu.pl\/instytut\/iib\/wp-json\/wp\/v2\/users\/128"}],"replies":[{"embeddable":true,"href":"https:\/\/us.edu.pl\/instytut\/iib\/wp-json\/wp\/v2\/comments?post=5148"}],"version-history":[{"count":3,"href":"https:\/\/us.edu.pl\/instytut\/iib\/wp-json\/wp\/v2\/pages\/5148\/revisions"}],"predecessor-version":[{"id":5163,"href":"https:\/\/us.edu.pl\/instytut\/iib\/wp-json\/wp\/v2\/pages\/5148\/revisions\/5163"}],"wp:attachment":[{"href":"https:\/\/us.edu.pl\/instytut\/iib\/wp-json\/wp\/v2\/media?parent=5148"}],"curies":[{"name":"wp","href":"https:\/\/api.w.org\/{rel}","templated":true}]}}