{"id":5427,"date":"2025-10-23T12:58:39","date_gmt":"2025-10-23T10:58:39","guid":{"rendered":"https:\/\/us.edu.pl\/instytut\/iib\/?page_id=5427"},"modified":"2025-10-24T10:19:44","modified_gmt":"2025-10-24T08:19:44","slug":"dr-inz-agnieszka-kielbon","status":"publish","type":"page","link":"https:\/\/us.edu.pl\/instytut\/iib\/dr-inz-agnieszka-kielbon\/","title":{"rendered":"Dr in\u017c. Agnieszka Kie\u0142bo\u0144"},"content":{"rendered":"<p>[vc_row][vc_column][vc_column_text][\/vc_column_text][\/vc_column][\/vc_row][vc_row][vc_column width=&#8221;1\/4&#8243;][vc_single_image image=&#8221;4475&#8243; img_size=&#8221;medium&#8221; style=&#8221;vc_box_shadow_3d&#8221; css_animation=&#8221;fadeInLeft&#8221;][\/vc_column][vc_column width=&#8221;3\/4&#8243;][vc_column_text]<\/p>\n<table style=\"border-collapse: collapse; width: 100%; height: 170px;\">\n<tbody>\n<tr style=\"height: 170px;\">\n<td style=\"width: 13.7887%; vertical-align: top; height: 170px;\"><span style=\"color: #000000;\"><strong><span style=\"font-family: 'trebuchet ms', geneva, sans-serif; font-size: 12pt;\">Stanowisko:<\/span><\/strong><\/span><\/p>\n<p><span style=\"color: #000000;\"><strong><span style=\"font-family: 'trebuchet ms', geneva, sans-serif; font-size: 12pt;\">Grupa:<\/span><\/strong><\/span><\/p>\n<p><span style=\"color: #000000;\"><strong><span style=\"font-family: 'trebuchet ms', geneva, sans-serif; font-size: 12pt;\">Telefon:<\/span><\/strong><\/span><\/p>\n<p><span style=\"color: #000000;\"><strong><span style=\"font-family: 'trebuchet ms', geneva, sans-serif; font-size: 12pt;\">E-<\/span><span style=\"font-family: 'trebuchet ms', geneva, sans-serif; font-size: 12pt;\">mail:<\/span><\/strong><\/span><\/p>\n<p><img class=\"wp-image-275 size-full\" src=\"https:\/\/us.edu.pl\/instytut\/im\/wp-content\/uploads\/sites\/43\/Nieprzypisane\/ORCID.png\" alt=\"Logo ORCID\" width=\"71\" height=\"22\" \/><\/td>\n<td style=\"width: 94.0094%; vertical-align: top; height: 170px;\"><span style=\"font-family: trebuchet ms, geneva, sans-serif; font-size: 12pt; color: #000000;\">samodzielny technik<\/span><\/p>\n<p><span style=\"font-family: trebuchet ms, geneva, sans-serif; font-size: 12pt; color: #000000;\">in\u017cynieryjno-techniczni<\/span><\/p>\n<p><span style=\"font-size: 12pt; font-family: trebuchet ms, geneva, sans-serif; color: #000000;\">32 3497548 <\/span><\/p>\n<p><span style=\"font-family: trebuchet ms, geneva, sans-serif; font-size: 12pt; color: #000000;\"><a style=\"color: #000000;\" href=\"mailto:agnieszka.kielbon@us.edu.pl\"><span style=\"text-decoration: underline;\">agnieszka.kielbon@us.edu.pl<\/span><\/a><\/span><\/p>\n<p class=\"orc-font-body-large\"><span style=\"font-family: trebuchet ms, geneva, sans-serif; font-size: 12pt; color: #000000;\"><a style=\"color: #000000;\" href=\"https:\/\/orcid.org\/0009-0004-9112-1525\">0009-0004-9112-1525<\/a><\/span><\/p>\n<\/td>\n<\/tr>\n<\/tbody>\n<\/table>\n<p>[\/vc_column_text][\/vc_column][\/vc_row][vc_row][vc_column][vc_separator color=&#8221;black&#8221; style=&#8221;shadow&#8221; border_width=&#8221;2&#8243;][\/vc_column][\/vc_row][vc_row][vc_column][vc_column_text]<\/p>","protected":false},"excerpt":{"rendered":"<p>[vc_row][vc_column][vc_column_text][\/vc_column_text][\/vc_column][\/vc_row][vc_row][vc_column width=&#8221;1\/4&#8243;][vc_single_image image=&#8221;4475&#8243; img_size=&#8221;medium&#8221; style=&#8221;vc_box_shadow_3d&#8221; css_animation=&#8221;fadeInLeft&#8221;][\/vc_column][vc_column width=&#8221;3\/4&#8243;][vc_column_text] Stanowisko: Grupa: Telefon: E-mail: samodzielny technik in\u017cynieryjno-techniczni 32 3497548 agnieszka.kielbon@us.edu.pl 0009-0004-9112-1525 [\/vc_column_text][\/vc_column][\/vc_row][vc_row][vc_column][vc_separator color=&#8221;black&#8221; style=&#8221;shadow&#8221; border_width=&#8221;2&#8243;][\/vc_column][\/vc_row][vc_row][vc_column][vc_column_text] [&#8230;]<\/p>\n<p><a class=\"btn btn-secondary understrap-read-more-link\" href=\"https:\/\/us.edu.pl\/instytut\/iib\/dr-inz-agnieszka-kielbon\/\">Read More&#8230;<\/a><\/p>\n","protected":false},"author":128,"featured_media":0,"parent":0,"menu_order":0,"comment_status":"closed","ping_status":"closed","template":"page-templates\/page-with-bookmarks.php","meta":{"_expiration-date-status":"","_expiration-date":0,"_expiration-date-type":"","_expiration-date-categories":[],"_expiration-date-options":[]},"acf":[],"_links":{"self":[{"href":"https:\/\/us.edu.pl\/instytut\/iib\/wp-json\/wp\/v2\/pages\/5427"}],"collection":[{"href":"https:\/\/us.edu.pl\/instytut\/iib\/wp-json\/wp\/v2\/pages"}],"about":[{"href":"https:\/\/us.edu.pl\/instytut\/iib\/wp-json\/wp\/v2\/types\/page"}],"author":[{"embeddable":true,"href":"https:\/\/us.edu.pl\/instytut\/iib\/wp-json\/wp\/v2\/users\/128"}],"replies":[{"embeddable":true,"href":"https:\/\/us.edu.pl\/instytut\/iib\/wp-json\/wp\/v2\/comments?post=5427"}],"version-history":[{"count":5,"href":"https:\/\/us.edu.pl\/instytut\/iib\/wp-json\/wp\/v2\/pages\/5427\/revisions"}],"predecessor-version":[{"id":5429,"href":"https:\/\/us.edu.pl\/instytut\/iib\/wp-json\/wp\/v2\/pages\/5427\/revisions\/5429"}],"wp:attachment":[{"href":"https:\/\/us.edu.pl\/instytut\/iib\/wp-json\/wp\/v2\/media?parent=5427"}],"curies":[{"name":"wp","href":"https:\/\/api.w.org\/{rel}","templated":true}]}}