{"id":654,"date":"2020-04-24T14:43:11","date_gmt":"2020-04-24T12:43:11","guid":{"rendered":"http:\/\/us.edu.pl\/instytut\/iib\/?page_id=654"},"modified":"2021-03-24T09:48:35","modified_gmt":"2021-03-24T08:48:35","slug":"wzory-przemyslowe","status":"publish","type":"page","link":"https:\/\/us.edu.pl\/instytut\/iib\/patenty-prawa-wzory\/wzory-przemyslowe\/","title":{"rendered":"Wzory przemys\u0142owe"},"content":{"rendered":"<p>[vc_row][vc_column]\r\n                <div class=\"text-modules reverse\">\r\n                    <div class=\"container\">\r\n                        <h3 class=\"section-title section-title_border-bottom\">Wzory przemys\u0142owe uzyskane przez pracownik\u00f3w Instytutu In\u017cynierii Biomedycznej<\/h3> <h3 class=\"subtitle text-modules__subtitle\">Kolumna g\u0142o\u015bnikowa<\/h3>\r\n                        <div class=\"row m-0\">\r\n                            <div class=\"text-modules__content\">\r\n                                Prawo z rejestracji nr 19089 wzoru przemys\u0142owego pt. &#8222;Kolumna g\u0142o\u015bnikowa&#8221;<\/p>\n<p>Tw\u00f3rca: R. Koprowski<\/p>\n<p><a href=\"http:\/\/us.edu.pl\/instytut\/iib\/wp-content\/uploads\/sites\/41\/Nieprzypisane\/4-kolumny-PL-z-tw\u00f3rc\u0105.pdf\" class=\"mtli_attachment mtli_pdf\">Broszura informacyjna &#8211; &#8222;Kolumna g\u0142o\u015bnikowa&#8221;<\/a> \r\n                                <div class=\"mt-3\"><\/div>\r\n                            <\/div>\r\n                            \r\n                            <div class=\"text-modules__img\"><a href=\"http:\/\/us.edu.pl\/instytut\/iib\/wp-content\/uploads\/sites\/41\/Nieprzypisane\/0001.jpg\" target=\"_blank\"><img src=\"https:\/\/us.edu.pl\/instytut\/iib\/wp-content\/uploads\/sites\/41\/Nieprzypisane\/0001-199x300.jpg\" alt=\"img\"><\/a><\/div>\r\n                        <\/div>\r\n                    <\/div>\r\n                <\/div>\r\n                <div class=\"text-modules \">\r\n                    <div class=\"container\">\r\n                         <h3 class=\"subtitle text-modules__subtitle\">Spos\u00f3b bezdotykowej, automatycznej kontroli komfortu cieplnego noworodka<\/h3>\r\n                        <div class=\"row m-0\">\r\n                            <div class=\"text-modules__content\">\r\n                                Tw\u00f3rcy: R. Koprowski, Z. Wr\u00f3bel, K. Wojaczynska-Stanek<\/p>\n<p><a href=\"http:\/\/us.edu.pl\/instytut\/iib\/wp-content\/uploads\/sites\/41\/Nieprzypisane\/15.-spos\u00f3b-bezdotykowej-automatycznej-kontroli-komfortu-cieplnego-noworodka-PL.pdf\" class=\"mtli_attachment mtli_pdf\">Broszura informacyjna &#8211; &#8222;&#8217;Spos\u00f3b bezdotykowej, automatycznej kontroli komfortu cieplnego noworodka&#8221;<\/a> \r\n                                <div class=\"mt-3\"><\/div>\r\n                            <\/div>\r\n                            \r\n                            \r\n                        <\/div>\r\n                    <\/div>\r\n                <\/div>\r\n                <div class=\"text-modules \">\r\n                    <div class=\"container\">\r\n                         <h3 class=\"subtitle text-modules__subtitle\">Urz\u0105dzenie do monitorowania sposobu wykonywania \u0107wicze\u0144 w warunkach niestabilno\u015bci przyrz\u0105du do \u0107wicze\u0144<\/h3>\r\n                        <div class=\"row m-0\">\r\n                            <div class=\"text-modules__content\">\r\n                                Tw\u00f3rcy: R. Koprowski, Z. Wr\u00f3bel, D. Olex-Zarychta<\/p>\n<p><a href=\"http:\/\/us.edu.pl\/instytut\/iib\/wp-content\/uploads\/sites\/41\/Nieprzypisane\/16.-urz\u0105dzenie-do-monitorowania-sposobu-wykonywania-\u0107wicze\u0144-w-warunkach-niestabilno\u015bci-przyrz\u0105du-do-\u0107wicze\u0144.pdf\" class=\"mtli_attachment mtli_pdf\">Broszura informacyjna &#8211; &#8222;Urz\u0105dzenie do monitorowania sposobu wykonywania \u0107wicze\u0144 w warunkach niestabilno\u015bci przyrz\u0105du do \u0107wicze\u0144&#8221;<\/a> \r\n                                <div class=\"mt-3\"><\/div>\r\n                            <\/div>\r\n                            \r\n                            \r\n                        <\/div>\r\n                    <\/div>\r\n                <\/div>\r\n                <div class=\"text-modules \">\r\n                    <div class=\"container\">\r\n                         <h3 class=\"subtitle text-modules__subtitle\">Automatyczny regulator przep\u0142ywu moczu<\/h3>\r\n                        <div class=\"row m-0\">\r\n                            <div class=\"text-modules__content\">\r\n                                Tw\u00f3rcy: R. Koprowski, Z. Wr\u00f3bel<\/p>\n<p><a href=\"http:\/\/us.edu.pl\/instytut\/iib\/wp-content\/uploads\/sites\/41\/Nieprzypisane\/5-regulator-PL-z-tw\u00f3rc\u0105.pdf\" class=\"mtli_attachment mtli_pdf\">Broszura informacyjna &#8211; &#8222;Automatyczny regulator przep\u0142ywu moczu&#8221;<\/a> \r\n                                <div class=\"mt-3\"><\/div>\r\n                            <\/div>\r\n                            \r\n                            \r\n                        <\/div>\r\n                    <\/div>\r\n                <\/div>[\/vc_column][\/vc_row]<\/p>","protected":false},"excerpt":{"rendered":"<p>[vc_row][vc_column][\/vc_column][\/vc_row] [&#8230;]<\/p>\n<p><a class=\"btn btn-secondary understrap-read-more-link\" href=\"https:\/\/us.edu.pl\/instytut\/iib\/patenty-prawa-wzory\/wzory-przemyslowe\/\">Read More&#8230;<\/a><\/p>\n","protected":false},"author":128,"featured_media":0,"parent":1639,"menu_order":0,"comment_status":"closed","ping_status":"closed","template":"page-templates\/inner-page.php","meta":{"_expiration-date-status":"saved","_expiration-date":0,"_expiration-date-type":"","_expiration-date-categories":[],"_expiration-date-options":[]},"acf":[],"_links":{"self":[{"href":"https:\/\/us.edu.pl\/instytut\/iib\/wp-json\/wp\/v2\/pages\/654"}],"collection":[{"href":"https:\/\/us.edu.pl\/instytut\/iib\/wp-json\/wp\/v2\/pages"}],"about":[{"href":"https:\/\/us.edu.pl\/instytut\/iib\/wp-json\/wp\/v2\/types\/page"}],"author":[{"embeddable":true,"href":"https:\/\/us.edu.pl\/instytut\/iib\/wp-json\/wp\/v2\/users\/128"}],"replies":[{"embeddable":true,"href":"https:\/\/us.edu.pl\/instytut\/iib\/wp-json\/wp\/v2\/comments?post=654"}],"version-history":[{"count":13,"href":"https:\/\/us.edu.pl\/instytut\/iib\/wp-json\/wp\/v2\/pages\/654\/revisions"}],"predecessor-version":[{"id":684,"href":"https:\/\/us.edu.pl\/instytut\/iib\/wp-json\/wp\/v2\/pages\/654\/revisions\/684"}],"up":[{"embeddable":true,"href":"https:\/\/us.edu.pl\/instytut\/iib\/wp-json\/wp\/v2\/pages\/1639"}],"wp:attachment":[{"href":"https:\/\/us.edu.pl\/instytut\/iib\/wp-json\/wp\/v2\/media?parent=654"}],"curies":[{"name":"wp","href":"https:\/\/api.w.org\/{rel}","templated":true}]}}