{"id":76,"date":"2019-10-28T10:00:20","date_gmt":"2019-10-28T09:00:20","guid":{"rendered":"http:\/\/us.edu.pl\/instytut\/iib\/?page_id=76"},"modified":"2025-11-28T16:34:46","modified_gmt":"2025-11-28T15:34:46","slug":"kontakt","status":"publish","type":"page","link":"https:\/\/us.edu.pl\/instytut\/iib\/kontakt\/","title":{"rendered":"Kontakt"},"content":{"rendered":"<p>[vc_row][vc_column][vc_column_text][\/vc_column_text][vc_single_image image=&#8221;5553&#8243; img_size=&#8221;medium&#8221; alignment=&#8221;center&#8221; style=&#8221;vc_box_outline&#8221; css_animation=&#8221;fadeInDown&#8221; title=&#8221;Biuro Ewaluacji i Obs\u0142ugi Instytutu In\u017cynierii Biomedycznej&#8221;]\r\n                <div class=\"text-modules\">\r\n                    <div class=\"container\">\r\n                        \r\n                        <div class=\"text-modules__content\"><\/p>\n<p style=\"text-align: center;\"><strong>mgr Ma\u0142gorzata Kasprzyk<\/strong><\/p>\n<p style=\"text-align: center;\">specjalista<\/p>\n<p style=\"text-align: center;\">Wydzia\u0142 Nauk \u015acis\u0142ych i Technicznych<br \/>\nBiuro Ewaluacji i Obs\u0142ugi Instytut\u00f3w<\/p>\n<p style=\"text-align: center;\">Instytut In\u017cynierii Biomedycznej<\/p>\n<p style=\"text-align: center;\">ul. B\u0119dzi\u0144ska 39, 41-200 Sosnowiec<br \/>\ntel. 32 36 89 703<\/p>\n<p style=\"text-align: center;\"><a href=\"mailto:malgorzata.kasprzyk@us.edu.pl\">malgorzata.kasprzyk@us.edu.pl<\/a><\/p>\n<p style=\"text-align: center;\"><a href=\"mailto:iib.wnst@us.edu.pl\">iib.wnst@us.edu.pl<\/a><\/p>\n<p>\n<\/div>\r\n                    <\/div>\r\n                <\/div>[\/vc_column][\/vc_row][vc_row][vc_column][vc_column_text][\/vc_column_text][\/vc_column][\/vc_row][vc_row][vc_column][vc_column_text][\/vc_column_text][\/vc_column][\/vc_row][vc_row][vc_column][vc_column_text][\/vc_column_text][\/vc_column][\/vc_row]<\/p>","protected":false},"excerpt":{"rendered":"<p>[vc_row][vc_column][vc_column_text][\/vc_column_text][vc_single_image image=&#8221;5553&#8243; img_size=&#8221;medium&#8221; alignment=&#8221;center&#8221; style=&#8221;vc_box_outline&#8221; css_animation=&#8221;fadeInDown&#8221; title=&#8221;Biuro Ewaluacji i Obs\u0142ugi Instytutu In\u017cynierii Biomedycznej&#8221;][\/vc_column][\/vc_row][vc_row][vc_column][vc_column_text][\/vc_column_text][\/vc_column][\/vc_row][vc_row][vc_column][vc_column_text][\/vc_column_text][\/vc_column][\/vc_row][vc_row][vc_column][vc_column_text][\/vc_column_text][\/vc_column][\/vc_row] [&#8230;]<\/p>\n<p><a class=\"btn btn-secondary understrap-read-more-link\" href=\"https:\/\/us.edu.pl\/instytut\/iib\/kontakt\/\">Read More&#8230;<\/a><\/p>\n","protected":false},"author":24,"featured_media":0,"parent":0,"menu_order":0,"comment_status":"closed","ping_status":"closed","template":"page-templates\/inner-page.php","meta":{"_expiration-date-status":"","_expiration-date":0,"_expiration-date-type":"","_expiration-date-categories":[],"_expiration-date-options":[]},"acf":[],"_links":{"self":[{"href":"https:\/\/us.edu.pl\/instytut\/iib\/wp-json\/wp\/v2\/pages\/76"}],"collection":[{"href":"https:\/\/us.edu.pl\/instytut\/iib\/wp-json\/wp\/v2\/pages"}],"about":[{"href":"https:\/\/us.edu.pl\/instytut\/iib\/wp-json\/wp\/v2\/types\/page"}],"author":[{"embeddable":true,"href":"https:\/\/us.edu.pl\/instytut\/iib\/wp-json\/wp\/v2\/users\/24"}],"replies":[{"embeddable":true,"href":"https:\/\/us.edu.pl\/instytut\/iib\/wp-json\/wp\/v2\/comments?post=76"}],"version-history":[{"count":10,"href":"https:\/\/us.edu.pl\/instytut\/iib\/wp-json\/wp\/v2\/pages\/76\/revisions"}],"predecessor-version":[{"id":5554,"href":"https:\/\/us.edu.pl\/instytut\/iib\/wp-json\/wp\/v2\/pages\/76\/revisions\/5554"}],"wp:attachment":[{"href":"https:\/\/us.edu.pl\/instytut\/iib\/wp-json\/wp\/v2\/media?parent=76"}],"curies":[{"name":"wp","href":"https:\/\/api.w.org\/{rel}","templated":true}]}}