{"id":1263,"date":"2020-07-03T10:48:26","date_gmt":"2020-07-03T08:48:26","guid":{"rendered":"https:\/\/us.edu.pl\/instytut\/ij\/?page_id=1263"},"modified":"2020-12-01T17:52:17","modified_gmt":"2020-12-01T16:52:17","slug":"2020-2","status":"publish","type":"page","link":"https:\/\/us.edu.pl\/instytut\/ij\/konferencje-2\/2020-2\/","title":{"rendered":"2020"},"content":{"rendered":"<p>[vc_row el_class=&#8221;container&#8221;][vc_column width=&#8221;2\/3&#8243;]\r\n                <div class=\"text-modules\">\r\n                    <div class=\"container\">\r\n                        \r\n                        <div class=\"text-modules__content\"><\/p>\n<h3><em><strong>XI Konferencja Macedo\u0144sko-Polska (J\u0119zyk \u2013 Literatura \u2013 Kultura)<\/strong><\/em><\/h3>\n<p>Konferencja stanowi zaplanowan\u0105 kontynuacj\u0119 wsp\u00f3lnych sympozj\u00f3w filologicznych (literaturoznawczo-j\u0119zykoznawczych z elementami kulturoznawstwa \/ folklorystyki \/ etnografii) odbywaj\u0105cych si\u0119 naprzemiennie w Republice Macedonii (P\u00f3\u0142nocnej) i w Polsce od lat osiemdziesi\u0105tych. Ich organizatorami s\u0105 kolejne o\u015brodki slawistyczne obu kraj\u00f3w i na ostatnim podobnym spotkaniu w 2017 roku w Skopje podj\u0119to decyzj\u0119 \u017ce gospodarzem tej presti\u017cowej konferencji w 2020 r. b\u0119dzie \u2013 spo\u015br\u00f3d polskich uczelni \u2013 Uniwersytet \u015al\u0105ski (inicjator m.in. jednej z pierwszych tego rodzaju imprez naukowych w czerwcu 1989 r.). Kilkudziesi\u0119cioletnia ci\u0105g\u0142a tradycja podobnych przedsi\u0119wzi\u0119\u0107 powi\u0105za\u0142a ju\u017c ze sob\u0105 trzy pokolenia badaczy slawist\u00f3w w ramach mi\u0119dzynarodowej wymiany opinii, do\u015bwiadcze\u0144 i realizacji wsp\u00f3lnych projekt\u00f3w. Owocem tej aktywno\u015bci jest ukazuj\u0105ce si\u0119 wydawnictwo ci\u0105g\u0142e \u201eFolia Philologica Macedono-Polonica\u201d (dotychczas 10 tom\u00f3w), publikowane sukcesywnie w obu krajach \u2013 w o\u015brodkach organizuj\u0105cych nast\u0119puj\u0105ce po sobie sympozja (pok\u0142osiem planowanej konferencji b\u0119dzie tom 11 tej edycji). Macedonistyka jest w Polsce rzadk\u0105 dziedzin\u0105, w Uniwersytecie \u015al\u0105skim reprezentowan\u0105 jako g\u0142\u00f3wny obszar bada\u0144 slawistycznych przez 2 osoby, w innych za\u015b krajowych o\u015brodkach r\u00f3wnie\u017c niecz\u0119sto spotykan\u0105. Posiadamy ponadto si\u0119gaj\u0105ce lat osiemdziesi\u0105tych do\u015bwiadczenie dydaktyczne w zakresie j\u0119zyka i literatury macedo\u0144skiej, a tak\u017ce nieprzerwanie \u2013 na mocy umowy mi\u0119dzynarodowej \u2013 dysponujemy etatem lektora native speakera. Mamy tak\u017ce w ofercie dla student\u00f3w \u2013 jako jedyna filologia s\u0142owia\u0144ska w Polsce \u2013 odr\u0119bn\u0105 specjalizacj\u0119 macedonistyczn\u0105, prowadzenie kt\u00f3rej umo\u017cliwiaj\u0105 wysokie kompetencje pracownik\u00f3w od lat zajmuj\u0105cych si\u0119 naukowo wskazan\u0105 problematyk\u0105. Wszystkie te czynniki, a zw\u0142aszcza zaufanie jakim obdarzono nasz uniwersytet, powierzaj\u0105c mu organizacj\u0119 cyklicznego spotkania slawist\u00f3w tej specjalno\u015bci (i r\u00f3wnie\u017c polonist\u00f3w) obu pa\u0144stw, przemawiaj\u0105 za uznaniem go za przedsi\u0119wzi\u0119cie potrzebne i maj\u0105ce ju\u017c swoj\u0105 ustalon\u0105 mi\u0119dzynarodow\u0105 renom\u0119.<\/p>\n<\/div>\r\n                    <\/div>\r\n                <\/div>\r\n                <div class=\"text-modules\">\r\n                    <div class=\"container\">\r\n                        \r\n                        <div class=\"text-modules__content\"><\/p>\n<h3><em><strong>Konferencja logopedyczno-ortodontyczna pn. Logopeda i ortodonta. Wsp\u00f3lny pacjent, wsp\u00f3lne dzia\u0142ania<\/strong><\/em><\/h3>\n<p><strong>Data: <\/strong>17.07.2020 r.<\/p>\n<p><strong>Miejsce: <\/strong>konferencja online; miejsce transmisji: Chorz\u00f3w<\/p>\n<p><strong>Organizatorzy:\u00a0<\/strong>Uniwersytet \u015al\u0105ski w Katowicach (Instytut J\u0119zykoznawstwa), Fundacja Wiedzy i Dialogu Spo\u0142ecznego AGERE AUDE<\/p>\n<p><strong>Zakres problemowy: <\/strong>G\u0142\u00f3wnym celem konferencyjnego spotkania by\u0142o uzgodnienie planu dzia\u0142a\u0144 naprawczych zmierzaj\u0105cych do usuni\u0119cia niedostatk\u00f3w w post\u0119powaniu logopedycznym oraz ortodontycznym u os\u00f3b ze wsp\u00f3\u0142wyst\u0119puj\u0105cymi wadami wymowy i zgryzu.<\/p>\n<p><strong>Komitet organizacyjny:<\/strong> dr hab. prof. U\u015a Danuta Pluta-Wojciechowska, dr prof. U\u015a Katarzyna Sujkowska-Sobisz, dr Barbara Sambor, mgr Anna P\u0142onka<\/p>\n<p>Konferencja dofinansowana zosta\u0142a z programu<strong> \u201eDoskona\u0142a nauka\u201d Ministra Nauki i Szkolnictwa Wy\u017cszego<\/strong><\/p>\n<\/div>\r\n                    <\/div>\r\n                <\/div>[\/vc_column][vc_column width=&#8221;1\/3&#8243;][\/vc_column][\/vc_row]<\/p>","protected":false},"excerpt":{"rendered":"<p>[vc_row el_class=&#8221;container&#8221;][vc_column width=&#8221;2\/3&#8243;][\/vc_column][vc_column width=&#8221;1\/3&#8243;][\/vc_column][\/vc_row] [&#8230;]<\/p>\n<p><a class=\"btn btn-secondary understrap-read-more-link\" href=\"https:\/\/us.edu.pl\/instytut\/ij\/konferencje-2\/2020-2\/\">Read More&#8230;<\/a><\/p>\n","protected":false},"author":1662,"featured_media":0,"parent":1253,"menu_order":0,"comment_status":"closed","ping_status":"closed","template":"","meta":{"_expiration-date-status":"saved","_expiration-date":0,"_expiration-date-type":"","_expiration-date-categories":[],"_expiration-date-options":[]},"acf":[],"_links":{"self":[{"href":"https:\/\/us.edu.pl\/instytut\/ij\/wp-json\/wp\/v2\/pages\/1263"}],"collection":[{"href":"https:\/\/us.edu.pl\/instytut\/ij\/wp-json\/wp\/v2\/pages"}],"about":[{"href":"https:\/\/us.edu.pl\/instytut\/ij\/wp-json\/wp\/v2\/types\/page"}],"author":[{"embeddable":true,"href":"https:\/\/us.edu.pl\/instytut\/ij\/wp-json\/wp\/v2\/users\/1662"}],"replies":[{"embeddable":true,"href":"https:\/\/us.edu.pl\/instytut\/ij\/wp-json\/wp\/v2\/comments?post=1263"}],"version-history":[{"count":14,"href":"https:\/\/us.edu.pl\/instytut\/ij\/wp-json\/wp\/v2\/pages\/1263\/revisions"}],"predecessor-version":[{"id":1949,"href":"https:\/\/us.edu.pl\/instytut\/ij\/wp-json\/wp\/v2\/pages\/1263\/revisions\/1949"}],"up":[{"embeddable":true,"href":"https:\/\/us.edu.pl\/instytut\/ij\/wp-json\/wp\/v2\/pages\/1253"}],"wp:attachment":[{"href":"https:\/\/us.edu.pl\/instytut\/ij\/wp-json\/wp\/v2\/media?parent=1263"}],"curies":[{"name":"wp","href":"https:\/\/api.w.org\/{rel}","templated":true}]}}