{"id":148,"date":"2020-01-20T18:10:36","date_gmt":"2020-01-20T17:10:36","guid":{"rendered":"http:\/\/us.edu.pl\/instytut\/ij\/?page_id=148"},"modified":"2026-02-04T14:07:20","modified_gmt":"2026-02-04T13:07:20","slug":"rada-naukowa","status":"publish","type":"page","link":"https:\/\/us.edu.pl\/instytut\/ij\/o-instytucie\/rada-naukowa\/","title":{"rendered":"Rada naukowa"},"content":{"rendered":"<p>[vc_row][vc_column]\r\n                <div class=\"text-modules\">\r\n                    <div class=\"container\">\r\n                        <h3 class=\"page-title text__title\">Cz\u0142onkowie Rady Instytutu J\u0119zykoznawstwa<\/h3>\r\n                        <div class=\"text-modules__content\"><p><strong>DYREKCJA INSTYTUTU<\/strong><\/p>\n<ul>\n<li><a href=\"http:\/\/us.edu.pl\/instytut\/ij\/osoby\/adam-wojtaszek\/\">dr hab. Adam Wojtaszek, prof. U\u015a<\/a><\/li>\n<li><a href=\"http:\/\/us.edu.pl\/instytut\/ij\/osoby\/jolanta-lubocha-kruglik\/\">dr hab. Jolanta Lubocha-Kruglik, prof. U\u015a<\/a><\/li>\n<li><a href=\"http:\/\/us.edu.pl\/instytut\/ij\/osoby\/miroslawa-siuciak\/\">prof. dr hab. Miros\u0142awa Siuciak<\/a><\/li>\n<\/ul>\n<p>&nbsp;<\/p>\n<p><strong>PROFESOROWIE TYTULARNI<\/strong><\/p>\n<ul>\n<li><a href=\"https:\/\/us.edu.pl\/instytut\/ij\/osoby\/magdalena-bartlomiejczyk\/\">prof. dr hab. Magdalena Bart\u0142omiejczyk<\/a><\/li>\n<li><a href=\"http:\/\/us.edu.pl\/instytut\/ij\/osoby\/bozena-cetnarowska\/\">prof. dr hab. Bo\u017cena Cetnarowska<\/a><\/li>\n<li><a href=\"https:\/\/us.edu.pl\/instytut\/ij\/osoby\/andrzej-charciarek\/\">prof. dr hab. Andrzej Charciarek<\/a><\/li>\n<li><a href=\"https:\/\/us.edu.pl\/instytut\/ij\/osoby\/aleksandra-janowska\/\">prof. dr hab. Aleksandra Janowska<\/a><\/li>\n<li><a href=\"https:\/\/us.edu.pl\/instytut\/ij\/osoby\/katarzyna-kwapisz-osadnik\/\">prof. dr hab. Katarzyna Kwapisz \u2013Osadnik<\/a><\/li>\n<li><a href=\"http:\/\/us.edu.pl\/instytut\/ij\/osoby\/iwona-loewe\/\">prof. dr hab. Iwona Loewe<\/a><\/li>\n<li><a href=\"http:\/\/us.edu.pl\/instytut\/ij\/osoby\/andrzej-lyda\/\">prof. dr hab. Andrzej \u0141yda<\/a><\/li>\n<li><a href=\"http:\/\/us.edu.pl\/instytut\/ij\/osoby\/rafal-molencki\/\">prof. dr hab. Rafa\u0142 Molencki<\/a><\/li>\n<li><a href=\"https:\/\/us.edu.pl\/instytut\/ij\/osoby\/aleksandra-niewiara\/\">prof. dr hab. Aleksandra Niewiara<\/a><\/li>\n<li><a href=\"https:\/\/us.edu.pl\/instytut\/ij\/osoby\/magdalena-pastuch\/\">prof. dr hab. Magdalena Pastuch<\/a><\/li>\n<li><a href=\"http:\/\/us.edu.pl\/instytut\/ij\/osoby\/danuta-pluta-wojciechowska\">prof. dr hab. Danuta Pluta-Wojciechowska\u00a0<\/a><\/li>\n<li><a href=\"http:\/\/us.edu.pl\/instytut\/ij\/osoby\/artur-rejter\/\">prof. dr hab. Artur Rejter\u00a0<\/a><\/li>\n<li><a href=\"https:\/\/us.edu.pl\/instytut\/ij\/osoby\/340\/\">prof. dr hab. Arkadiusz Rojczyk<\/a><\/li>\n<li><a href=\"https:\/\/us.edu.pl\/instytut\/ij\/osoby\/monika-sulkowska\/\">prof. dr hab. Monika Su\u0142kowska<\/a><\/li>\n<li><a href=\"http:\/\/us.edu.pl\/instytut\/ij\/osoby\/jolanta-tambor\/\">prof. dr hab. Jolanta Tambor<\/a><\/li>\n<li><a href=\"https:\/\/us.edu.pl\/instytut\/ij\/osoby\/jacek-warchala\/\">prof. dr hab. Jacek Warchala<\/a><\/li>\n<li><a href=\"http:\/\/us.edu.pl\/instytut\/ij\/osoby\/joanna-wilk-racieska\/\">prof. dr hab. Joanna Wilk-Raci\u0119ska<\/a><\/li>\n<\/ul>\n<p>&nbsp;<\/p>\n<p><strong>CZ\u0141ONKOWIE RADY WY\u0141ONIENI NA PODSTAWIE DOROBKU<\/strong><\/p>\n<ul>\n<li><a href=\"https:\/\/us.edu.pl\/instytut\/ij\/osoby\/ewa-gumul\/\">dr hab. Ewa Gumul. prof. U\u015a<\/a><\/li>\n<li><a href=\"https:\/\/us.edu.pl\/instytut\/ij\/osoby\/jaroslaw-pacula\/\">dr hab. Jaros\u0142aw Pacu\u0142a, prof. U\u015a<\/a><\/li>\n<li><a href=\"https:\/\/us.edu.pl\/instytut\/ij\/osoby\/ksenia-galuskina\/\">dr Ksenia Ga\u0142uskina<\/a><\/li>\n<li><a href=\"https:\/\/us.edu.pl\/instytut\/ij\/osoby\/mariusz-jakosz\/\">dr Mariusz Jakosz, prof. U\u015a<\/a><\/li>\n<li><a href=\"https:\/\/us.edu.pl\/instytut\/ij\/osoby\/marcin-maciolek\/\">dr Marcin Macio\u0142ek<\/a><\/li>\n<li><a href=\"https:\/\/us.edu.pl\/instytut\/ij\/osoby\/iwona-wowro\/\">dr hab. Iwona Wowro, prof. U\u015a<\/a><\/li>\n<li><a href=\"https:\/\/us.edu.pl\/instytut\/ij\/osoby\/agnieszka-piela\/\">dr hab. Agnieszka Piela, prof. U\u015a<\/a><\/li>\n<li><a href=\"https:\/\/us.edu.pl\/instytut\/ij\/osoby\/marcin-zabawa\/\">dr hab. Marcin Zabawa, prof. U\u015a<\/a><\/li>\n<li><a href=\"https:\/\/us.edu.pl\/instytut\/ij\/osoby\/emilia-banczyk\/\">dr Emilia Anna Ba\u0144czyk<\/a><\/li>\n<li><a href=\"https:\/\/us.edu.pl\/instytut\/ij\/osoby\/lubomir-hampl\/\">dr hab. Lubomir Hampl, prof. U\u015a<\/a><\/li>\n<li><a href=\"https:\/\/us.edu.pl\/instytut\/ij\/osoby\/aleksandra-kalisz\/\">dr Aleksandra Katarzyna Kalisz<\/a><\/li>\n<li><a href=\"https:\/\/us.edu.pl\/instytut\/ij\/osoby\/tyc-ewelina\/\">dr Ewelina Tyc<\/a><\/li>\n<li><a href=\"https:\/\/us.edu.pl\/instytut\/ij\/osoby\/ewa-bodanowska-jakubowska\/\">dr hab. Ewa Bogdanowska-Jakubowska, prof. U\u015a<\/a><\/li>\n<li><a href=\"https:\/\/us.edu.pl\/instytut\/ij\/osoby\/marcin-kuczok\/\">dr Marcin Kuczok, prof. U\u015a<\/a><\/li>\n<li><a href=\"https:\/\/us.edu.pl\/instytut\/ij\/osoby\/izabela-luc\/\">dr hab. Izabela \u0141uc, prof. U\u015a<\/a><\/li>\n<li><a href=\"https:\/\/us.edu.pl\/instytut\/ij\/osoby\/natalia-mocko\/\">dr Natalia Teresa Mo\u0107ko<\/a><\/li>\n<li><a href=\"https:\/\/us.edu.pl\/instytut\/ij\/osoby\/bernadetta-ciesek\/\">dr Bernadetta Ciesek-\u015alizowska<\/a><\/li>\n<li><a href=\"https:\/\/us.edu.pl\/instytut\/ij\/osoby\/grzegorz-drozdz\/\">dr hab. Grzegorz Dro\u017cd\u017c, prof. U\u015a<\/a><\/li>\n<li><a href=\"https:\/\/us.edu.pl\/instytut\/ij\/osoby\/artur-kijak\/\">dr hab. Artur Kijak, prof. U\u015a<\/a><\/li>\n<li><a href=\"https:\/\/us.edu.pl\/instytut\/ij\/osoby\/beata-duda\/\">dr Beata Aleksandra Duda<\/a><\/li>\n<li><a href=\"https:\/\/us.edu.pl\/instytut\/ij\/osoby\/joanna-sycz-opon\/\">dr Joanna Sycz-Opo\u0144<\/a><\/li>\n<li><a href=\"https:\/\/us.edu.pl\/instytut\/ij\/osoby\/przemyslaw-janikowski\/\">dr Przemys\u0142aw Janikowski<\/a><\/li>\n<li><a href=\"https:\/\/us.edu.pl\/instytut\/ij\/osoby\/karolina-lisczyk\/\">dr Karolina Lisczyk<\/a><\/li>\n<li><a href=\"https:\/\/us.edu.pl\/instytut\/ij\/osoby\/barbara-mitrenga\/\">dr hab. Barbara Mitrenga, prof. U\u015a<\/a><\/li>\n<li><a href=\"https:\/\/us.edu.pl\/instytut\/ij\/osoby\/katarzyna-papaja\/\">dr hab. Katarzyna Papaja<\/a><\/li>\n<li><a href=\"https:\/\/us.edu.pl\/instytut\/ij\/osoby\/barbara-taraszka-drozdz\/\">dr Barbara Taraszka-Dro\u017cd\u017c<\/a><\/li>\n<li><a href=\"https:\/\/us.edu.pl\/instytut\/ij\/osoby\/adam-warzecha\/\">dr Adam Sylwester Warzecha<\/a><\/li>\n<li><a href=\"https:\/\/us.edu.pl\/instytut\/ij\/osoby\/beata-galan\/\">dr Beata Ga\u0142an<\/a><\/li>\n<li><a href=\"https:\/\/us.edu.pl\/instytut\/ij\/osoby\/marzena-wysocka-narewska\/\">dr Marzena Wysocka-Narewska<\/a><\/li>\n<\/ul>\n<p>\n<\/div>\r\n                    <\/div>\r\n                <\/div>[\/vc_column][\/vc_row]<\/p>","protected":false},"excerpt":{"rendered":"<p>[vc_row][vc_column][\/vc_column][\/vc_row] [&#8230;]<\/p>\n<p><a class=\"btn btn-secondary understrap-read-more-link\" href=\"https:\/\/us.edu.pl\/instytut\/ij\/o-instytucie\/rada-naukowa\/\">Read More&#8230;<\/a><\/p>\n","protected":false},"author":32,"featured_media":0,"parent":136,"menu_order":0,"comment_status":"closed","ping_status":"closed","template":"","meta":{"_expiration-date-status":"","_expiration-date":0,"_expiration-date-type":"","_expiration-date-categories":[],"_expiration-date-options":[]},"acf":[],"_links":{"self":[{"href":"https:\/\/us.edu.pl\/instytut\/ij\/wp-json\/wp\/v2\/pages\/148"}],"collection":[{"href":"https:\/\/us.edu.pl\/instytut\/ij\/wp-json\/wp\/v2\/pages"}],"about":[{"href":"https:\/\/us.edu.pl\/instytut\/ij\/wp-json\/wp\/v2\/types\/page"}],"author":[{"embeddable":true,"href":"https:\/\/us.edu.pl\/instytut\/ij\/wp-json\/wp\/v2\/users\/32"}],"replies":[{"embeddable":true,"href":"https:\/\/us.edu.pl\/instytut\/ij\/wp-json\/wp\/v2\/comments?post=148"}],"version-history":[{"count":11,"href":"https:\/\/us.edu.pl\/instytut\/ij\/wp-json\/wp\/v2\/pages\/148\/revisions"}],"predecessor-version":[{"id":3954,"href":"https:\/\/us.edu.pl\/instytut\/ij\/wp-json\/wp\/v2\/pages\/148\/revisions\/3954"}],"up":[{"embeddable":true,"href":"https:\/\/us.edu.pl\/instytut\/ij\/wp-json\/wp\/v2\/pages\/136"}],"wp:attachment":[{"href":"https:\/\/us.edu.pl\/instytut\/ij\/wp-json\/wp\/v2\/media?parent=148"}],"curies":[{"name":"wp","href":"https:\/\/api.w.org\/{rel}","templated":true}]}}