{"id":6,"date":"2019-10-24T12:25:29","date_gmt":"2019-10-24T10:25:29","guid":{"rendered":"http:\/\/us.edu.pl\/instytut\/ij\/?page_id=6"},"modified":"2025-10-02T08:31:43","modified_gmt":"2025-10-02T06:31:43","slug":"strona-glowna-ij","status":"publish","type":"page","link":"https:\/\/us.edu.pl\/instytut\/ij\/","title":{"rendered":"Strona g\u0142\u00f3wna"},"content":{"rendered":"<p>[vc_row][vc_column]\n            <div data-autotime=\"5\" class=\"slider reverse color_white bg_\" >\n                  <div class=\"slide slide_css\">\n                     <div class=\"slide__content_container container\">\n                        <div class=\"slide__content\">\n                           <a href=\"https:\/\/us.edu.pl\/pracownik\/sprawy-naukowe\/dzialania-projakosciowe\/\" class=\"slide__link\">\n                              <div class=\"slide__title\">Program projako\u015bciowy<\/div>\n                              <div class=\"slide__text\">Uniwersytet \u015al\u0105ski wprowadza nowy program projako\u015bciowy: badacze i badaczki dbaj\u0105cy o wysok\u0105 jako\u015b\u0107 swojej dzia\u0142alno\u015bci naukowej zostan\u0105 nagrodzeni dodatkiem pieni\u0119\u017cnym w wysoko\u015bci od 1 do nawet 80 tysi\u0119cy z\u0142otych<\/div>\n                           <\/a>\n                        <\/div>\n                     <\/div>\n                     <a href=\"https:\/\/us.edu.pl\/pracownik\/sprawy-naukowe\/dzialania-projakosciowe\/\" class=\"slide__img thumbnail\"\n                           style=\"background-image: url('https:\/\/us.edu.pl\/instytut\/ij\/wp-content\/uploads\/sites\/25\/Nieprzypisane\/program-projakosciowy-ow-600x400.png')\">\n                           <span class=\"d-none\">Program projako\u015bciowy Uniwersytet \u015al\u0105ski wprowadza nowy program projako\u015bciowy: badacze i badaczki dbaj\u0105cy o wysok\u0105 jako\u015b\u0107 swojej dzia\u0142alno\u015bci naukowej zostan\u0105 nagrodzeni dodatkiem pieni\u0119\u017cnym w wysoko\u015bci od 1 do nawet 80 tysi\u0119cy z\u0142otych<\/span>\n                     <\/a>\n                  <\/div>\n                  <div class=\"slide slide_css\">\n                     <div class=\"slide__content_container container\">\n                        <div class=\"slide__content\">\n                           <a href=\"https:\/\/us.edu.pl\/wydzial\/wh\/2019\/11\/08\/bezplatne-szkolenia-dla-studentow-i-pracownikow\/\" class=\"slide__link\">\n                              <div class=\"slide__title\">Bezp\u0142atne szkolenia dla pracownik\u00f3w i student\u00f3w<\/div>\n                              <div class=\"slide__text\">Dwie edycje projektu pn. \u201eZintegrowany Program Rozwoju Uniwersytetu \u015al\u0105skiego w Katowicach\u201d zak\u0142adaj\u0105 mi\u0119dzy innymi wieloobszarowe wsparcie dla uczelni, w tym wsparcie student\u00f3w, kadry badawczo-dydaktycznej, kadry administracyjno-kierowniczej<\/div>\n                           <\/a>\n                        <\/div>\n                     <\/div>\n                     <a href=\"https:\/\/us.edu.pl\/wydzial\/wh\/2019\/11\/08\/bezplatne-szkolenia-dla-studentow-i-pracownikow\/\" class=\"slide__img thumbnail\"\n                           style=\"background-image: url('https:\/\/us.edu.pl\/instytut\/ij\/wp-content\/uploads\/sites\/25\/Nieprzypisane\/DSC7125.jpg')\">\n                           <span class=\"d-none\">Bezp\u0142atne szkolenia dla pracownik\u00f3w i student\u00f3w Dwie edycje projektu pn. \u201eZintegrowany Program Rozwoju Uniwersytetu \u015al\u0105skiego w Katowicach\u201d zak\u0142adaj\u0105 mi\u0119dzy innymi wieloobszarowe wsparcie dla uczelni, w tym wsparcie student\u00f3w, kadry badawczo-dydaktycznej, kadry administracyjno-kierowniczej<\/span>\n                     <\/a>\n                  <\/div>\n                <div class=\"slider__controls\">\n                    <div class=\"slider__dots\"><\/div>\n                    <div class=\"slider__actions\">\n                        <a href=\"#\" class=\"arrow\" data-direction=\"prev\" title=\"poprzedni slajd\">\n                            <em class=\"ci ci-arrow-left\"><\/em>\n                            <span class=\"d-none\">control<\/span>\n                        <\/a>\n            \n                        <a href=\"#\" class=\"start-pause\" data-action=\"stop\" title=\"wstrzymaj poruszanie si\u0119 slajd\u00f3w\">\n                            <em class=\"ci ci-pause\"><\/em>\n                            <span class=\"d-none\">control<\/span>\n                        <\/a>\n            \n                       \n                        <a href=\"#\" class=\"arrow\" data-direction=\"next\"  title=\"Kolejny slajd\" >\n                            <em class=\"ci ci-arrow-right\"><\/em>\n                            <span class=\"d-none\">control<\/span>\n                        <\/a>\n                    <\/div>\n                <\/div>\n            <\/div>[vc_empty_space]\n\t\t\t\t<input type=\"hidden\" name=\"promoted_only\" value=\"\">\n\t\t\t\t<input type=\"hidden\" name=\"order\" value=\"DESC\">\n\t\t\t\t<input type=\"hidden\" name=\"order_by\" value=\"post_date\">\n\n\t\t\t\t<div class=\"article-loop loop-section article-loop_tall color-blue\" style=\"background: \">\n\t\t\t\t\t <div class=\"container \">\n\t\t\t\t\t \t<div class=\"col-12 article-loop-gutter-left\">\n\t\t\t\t\t\t  <div class=\"article-loop-top loop-section-top\">\n\t\t\t\t\t\t\t\t<h2 class=\"section-title\">Wiadomo\u015bci instytutowe<\/h2><div class=\"article-loop-top_right loop-section-top__right\" >\n\t\t\t\t\t\t\t\t\t <select name=\"sort\" title = \"filter by category\"\n\t\t\t\t\t\t\t\t\t\t  class=\"article-loop-sort\" >\n\t\t\t\t\t\t\t\t\t\t  <option value = \"\" selected disabled > filtrowanie wed\u0142ug kategorii<\/option>\n\t\t\t\t\t\t\t\t\t\t  <option value = \"25-8\" > Wszystko<\/option> <option data-link='https:\/\/us.edu.pl\/instytut\/ij\/category\/wiadomosci\/' value='25-8'>Wiadomo\u015bci<\/option><\/select>    <a href = \"\/instytut\/ij\/category\/wiadomosci\/\" class=\"link-button \" > Wszystko<\/a><\/div>  \n\t\t\t\t\t\t  <\/div>\n\t\t\t\t\t\t  <div class=\"article-loop-main carousel\" data-home-url=\"https:\/\/us.edu.pl\/instytut\/ij\" >\n\t\t\t\t\t\t\t\t<a href = \"#\" data-slide = \"prev\" title=\"przesu\u0144 pasek Wiadomo\u015bci instytutowew lewo\" class=\"arrow\" >\n\t\t\t\t\t\t\t\t\t <em class=\"ci ci-arrow-left\" ><\/em >\n\t\t\t\t\t\t\t\t\t <span class=\"d-none\" > arrow<\/span >\n\t\t\t\t\t\t\t\t<\/a>\n\t \n\t\t\t\t\t\t\t\t<a href = \"#\" data-slide = \"next\" title=\"przesu\u0144 pasek Wiadomo\u015bci instytutowe w prawo\" class=\"arrow\" >\n\t\t\t\t\t\t\t\t\t <em class=\"ci ci-arrow-right\" ><\/em >\n\t\t\t\t\t\t\t\t\t <span class=\"d-none\" > arrow<\/span >\n\t\t\t\t\t\t\t\t<\/a>\n\t\t\t\t\t\t\t\t<div class=\"row items\" >\n\t\t\t\t\t\t\t\t\t \r\n            <article class=\"article-loop-post carousel-slide\">\r\n                <a href=\"https:\/\/us.edu.pl\/instytut\/ij\/2026\/05\/06\/pobyt-badawczy-dr-mariusza-jakosza-prof-us-na-uniwersytecie-w-salerno\/\" class=\"article-loop-post__thumbnail thumbnail\"\r\n                    style=\"background-image: url(https:\/\/us.edu.pl\/instytut\/ij\/wp-content\/uploads\/sites\/25\/Bez-kategorii\/1-255x300.jpeg)\">\r\n                    <span>wi\u0119cej<\/span>\r\n                <\/a>\r\n\r\n                <div class=\"article-loop-post__content\">\r\n                    <h3 class=\"article-loop-post__title\">\r\n                        <a href=\"https:\/\/us.edu.pl\/instytut\/ij\/2026\/05\/06\/pobyt-badawczy-dr-mariusza-jakosza-prof-us-na-uniwersytecie-w-salerno\/\">Pobyt badawczy dr. Mariusza Jakosza, prof. U\u015a na Uniwersytecie w Salerno<\/a>\r\n                    <\/h3>\r\n            \r\n                    <div class=\"article-loop-post__categories\">\r\n                        <a href=\"https:\/\/us.edu.pl\/instytut\/ij\/category\/wiadomosci\/bez-kategorii\/ogolne\/\">og\u00f3lne<\/a><a href=\"https:\/\/us.edu.pl\/instytut\/ij\/category\/wiadomosci\/\">Wiadomo\u015bci<\/a>\r\n                    <\/div>    \r\n                <\/div>\r\n            <\/article>\r\n        \r\n            <article class=\"article-loop-post carousel-slide\">\r\n                <a href=\"https:\/\/us.edu.pl\/wydzial\/wh\/event\/lingua-germanica-zaprasza-na-colloquia-silesiana-wyklad-dr-hab-magdaleny-lisieckiej-czop-prof-us\/\" class=\"article-loop-post__thumbnail thumbnail\"\r\n                    style=\"background-image: url(https:\/\/us.edu.pl\/instytut\/ij\/wp-content\/uploads\/sites\/25\/obrazki-wyrozniajace\/wyklad2-300x225.png)\">\r\n                    <span>wi\u0119cej<\/span>\r\n                <\/a>\r\n\r\n                <div class=\"article-loop-post__content\">\r\n                    <h3 class=\"article-loop-post__title\">\r\n                        <a href=\"https:\/\/us.edu.pl\/wydzial\/wh\/event\/lingua-germanica-zaprasza-na-colloquia-silesiana-wyklad-dr-hab-magdaleny-lisieckiej-czop-prof-us\/\">Lingua Germanica zaprasza na \u201eColloquia Silesiana\u201d: wyk\u0142ad dr hab. Magdaleny Lisieckiej-Czop, prof. US<\/a>\r\n                    <\/h3>\r\n            \r\n                    <div class=\"article-loop-post__categories\">\r\n                        <a href=\"https:\/\/us.edu.pl\/instytut\/ij\/category\/wiadomosci\/\">Wiadomo\u015bci<\/a>\r\n                    <\/div>    \r\n                <\/div>\r\n            <\/article>\r\n        \r\n            <article class=\"article-loop-post carousel-slide\">\r\n                <a href=\"https:\/\/us.edu.pl\/wydzial\/wh\/event\/linguistische-brucken-wroclaw-katowice-nauka-w-dialogu-nowy-cykl-spotkan-naukowych\/\" class=\"article-loop-post__thumbnail thumbnail\"\r\n                    style=\"background-image: url(https:\/\/us.edu.pl\/instytut\/ij\/wp-content\/uploads\/sites\/25\/Bez-kategorii\/plakatnaukawdialogu-300x202.png)\">\r\n                    <span>wi\u0119cej<\/span>\r\n                <\/a>\r\n\r\n                <div class=\"article-loop-post__content\">\r\n                    <h3 class=\"article-loop-post__title\">\r\n                        <a href=\"https:\/\/us.edu.pl\/wydzial\/wh\/event\/linguistische-brucken-wroclaw-katowice-nauka-w-dialogu-nowy-cykl-spotkan-naukowych\/\">\u201eLinguistische Br\u00fccke(n): Wroc\u0142aw\u2013Katowice. Nauka w dialogu\u201d \u2013 nowy cykl spotka\u0144 naukowych<\/a>\r\n                    <\/h3>\r\n            \r\n                    <div class=\"article-loop-post__categories\">\r\n                        <a href=\"https:\/\/us.edu.pl\/instytut\/ij\/category\/wiadomosci\/\">Wiadomo\u015bci<\/a>\r\n                    <\/div>    \r\n                <\/div>\r\n            <\/article>\r\n        \r\n            <article class=\"article-loop-post carousel-slide\">\r\n                <a href=\"https:\/\/us.edu.pl\/instytut\/ij\/2026\/03\/23\/pobyt-badawczy-dr-mariusza-jakosza-prof-us-na-uniwersytecie-w-atenach\/\" class=\"article-loop-post__thumbnail thumbnail\"\r\n                    style=\"background-image: url(https:\/\/us.edu.pl\/instytut\/ij\/wp-content\/uploads\/sites\/25\/Bez-kategorii\/5-2-213x300.jpg)\">\r\n                    <span>wi\u0119cej<\/span>\r\n                <\/a>\r\n\r\n                <div class=\"article-loop-post__content\">\r\n                    <h3 class=\"article-loop-post__title\">\r\n                        <a href=\"https:\/\/us.edu.pl\/instytut\/ij\/2026\/03\/23\/pobyt-badawczy-dr-mariusza-jakosza-prof-us-na-uniwersytecie-w-atenach\/\">Pobyt badawczy dr. Mariusza Jakosza, prof. U\u015a na Uniwersytecie w Atenach<\/a>\r\n                    <\/h3>\r\n            \r\n                    <div class=\"article-loop-post__categories\">\r\n                        <a href=\"https:\/\/us.edu.pl\/instytut\/ij\/category\/wiadomosci\/bez-kategorii\/ogolne\/\">og\u00f3lne<\/a><a href=\"https:\/\/us.edu.pl\/instytut\/ij\/category\/wiadomosci\/\">Wiadomo\u015bci<\/a>\r\n                    <\/div>    \r\n                <\/div>\r\n            <\/article>\r\n        \r\n            <article class=\"article-loop-post carousel-slide\">\r\n                <a href=\"https:\/\/us.edu.pl\/wydzial\/wh\/2026\/03\/10\/lingua-germanica-zaprasza-na-colloquia-silesiana-wyklad-dr-hab-adama-wojtaszka-prof-us\/\" class=\"article-loop-post__thumbnail thumbnail\"\r\n                    style=\"background-image: url(https:\/\/us.edu.pl\/instytut\/ij\/wp-content\/uploads\/sites\/25\/Bez-kategorii\/pexels-tima-miroshnichenko-5303542-300x225.jpg)\">\r\n                    <span>wi\u0119cej<\/span>\r\n                <\/a>\r\n\r\n                <div class=\"article-loop-post__content\">\r\n                    <h3 class=\"article-loop-post__title\">\r\n                        <a href=\"https:\/\/us.edu.pl\/wydzial\/wh\/2026\/03\/10\/lingua-germanica-zaprasza-na-colloquia-silesiana-wyklad-dr-hab-adama-wojtaszka-prof-us\/\">Lingua Germanica zaprasza na \u201eColloquia Silesiana\u201d: wyk\u0142ad dr. hab. Adama Wojtaszka, prof. U\u015a<\/a>\r\n                    <\/h3>\r\n            \r\n                    <div class=\"article-loop-post__categories\">\r\n                        <a href=\"https:\/\/us.edu.pl\/instytut\/ij\/category\/wiadomosci\/\">Wiadomo\u015bci<\/a>\r\n                    <\/div>    \r\n                <\/div>\r\n            <\/article>\r\n        \r\n            <article class=\"article-loop-post carousel-slide\">\r\n                <a href=\"https:\/\/us.edu.pl\/instytut\/ij\/2026\/02\/23\/zapraszamy-do-nadsylania-propozycji-referatow-na-konferencje-naukowa-we-wspolpracy-o-wspolpracy-badania-jezykoznawcze-w-zespolach-polsko-francuskich\/\" class=\"article-loop-post__thumbnail thumbnail\"\r\n                    style=\"background-image: url(https:\/\/us.edu.pl\/instytut\/ij\/wp-content\/uploads\/sites\/25\/Bez-kategorii\/plakat_affiche-212x300.png)\">\r\n                    <span>wi\u0119cej<\/span>\r\n                <\/a>\r\n\r\n                <div class=\"article-loop-post__content\">\r\n                    <h3 class=\"article-loop-post__title\">\r\n                        <a href=\"https:\/\/us.edu.pl\/instytut\/ij\/2026\/02\/23\/zapraszamy-do-nadsylania-propozycji-referatow-na-konferencje-naukowa-we-wspolpracy-o-wspolpracy-badania-jezykoznawcze-w-zespolach-polsko-francuskich\/\">Zapraszamy do nadsy\u0142ania propozycji referat\u00f3w na konferencj\u0119 naukow\u0105 \u201eWe wsp\u00f3\u0142pracy o wsp\u00f3\u0142pracy: badania j\u0119zykoznawcze w zespo\u0142ach polsko-francuskich\u201d<\/a>\r\n                    <\/h3>\r\n            \r\n                    <div class=\"article-loop-post__categories\">\r\n                        <a href=\"https:\/\/us.edu.pl\/instytut\/ij\/category\/wiadomosci\/konferencje\/\">konferencje<\/a><a href=\"https:\/\/us.edu.pl\/instytut\/ij\/category\/wiadomosci\/\">Wiadomo\u015bci<\/a>\r\n                    <\/div>    \r\n                <\/div>\r\n            <\/article>\r\n        \r\n            <article class=\"article-loop-post carousel-slide\">\r\n                <a href=\"https:\/\/us.edu.pl\/wydzial\/wh\/event\/colloquia-silesiana-wyklad-dr-hab-joanny-pedzisz-prof-umcs\/\" class=\"article-loop-post__thumbnail thumbnail\"\r\n                    style=\"background-image: url(https:\/\/us.edu.pl\/instytut\/ij\/wp-content\/uploads\/sites\/25\/obrazki-wyrozniajace\/spotkanie-zdalne-mezczyzna-pracujacy-w-domu-podczas-kwarantanny-koronawirusa-lub-covid-19-koncepcja-zdalnego-biura-300x200.jpg)\">\r\n                    <span>wi\u0119cej<\/span>\r\n                <\/a>\r\n\r\n                <div class=\"article-loop-post__content\">\r\n                    <h3 class=\"article-loop-post__title\">\r\n                        <a href=\"https:\/\/us.edu.pl\/wydzial\/wh\/event\/colloquia-silesiana-wyklad-dr-hab-joanny-pedzisz-prof-umcs\/\">\u201eColloquia Silesiana\u201d wyk\u0142ad dr hab. Joanny P\u0119dzisz, prof. UMCS<\/a>\r\n                    <\/h3>\r\n            \r\n                    <div class=\"article-loop-post__categories\">\r\n                        <a href=\"https:\/\/us.edu.pl\/instytut\/ij\/category\/wiadomosci\/\">Wiadomo\u015bci<\/a>\r\n                    <\/div>    \r\n                <\/div>\r\n            <\/article>\r\n        \r\n            <article class=\"article-loop-post carousel-slide\">\r\n                <a href=\"https:\/\/us.edu.pl\/instytut\/ij\/2026\/01\/20\/zmarl-prof-zw-dr-hab-wojciech-kalaga\/\" class=\"article-loop-post__thumbnail thumbnail\"\r\n                    style=\"background-image: url(https:\/\/us.edu.pl\/instytut\/ij\/wp-content\/uploads\/sites\/25\/Bez-kategorii\/book-2845632_1280-300x177.jpg)\">\r\n                    <span>wi\u0119cej<\/span>\r\n                <\/a>\r\n\r\n                <div class=\"article-loop-post__content\">\r\n                    <h3 class=\"article-loop-post__title\">\r\n                        <a href=\"https:\/\/us.edu.pl\/instytut\/ij\/2026\/01\/20\/zmarl-prof-zw-dr-hab-wojciech-kalaga\/\">Zmar\u0142 prof. zw. dr hab. Wojciech Kalaga<\/a>\r\n                    <\/h3>\r\n            \r\n                    <div class=\"article-loop-post__categories\">\r\n                        <a href=\"https:\/\/us.edu.pl\/instytut\/ij\/category\/wiadomosci\/\">Wiadomo\u015bci<\/a>\r\n                    <\/div>    \r\n                <\/div>\r\n            <\/article>\r\n        \n\t\t\t\t\t\t\t\t<\/div>\n\t\t\t\t\t\t  <\/div>\n\t\t\t\t\t <\/div>\n\t\t\t\t\t <\/div>\n\t\t\t\t<\/div>\r\n                <div class=\"numerical-data numerical-data_horizontal color-blue\" style=\"background: #EBEBEB\">\r\n                \r\n                    <div class=\"container\">\r\n                        <div class=\"row m-0\">\r\n                        \r\n                        <div class=\"numerical-data-item\">\r\n                                <div class=\"numerical-data-item__icon\" style=\"padding-top: 12px;\"> <img src=\"https:\/\/us.edu.pl\/instytut\/ij\/wp-content\/uploads\/sites\/25\/ikony\/ksiazka_nieb.png\" alt=\"um\u00f3w\"><\/div>\r\n                                <div class=\"numerical-data-item__content\"><div class=\"numerical-data-item__num\">55<\/div><div class=\"numerical-data-item__text\">um\u00f3w<\/div>\r\n                                <\/div>  \r\n                        <\/div>\r\n                    \r\n                        <div class=\"numerical-data-item\">\r\n                                <div class=\"numerical-data-item__icon\" style=\"padding-top: 12px;\"> <img src=\"https:\/\/us.edu.pl\/instytut\/ij\/wp-content\/uploads\/sites\/25\/ikony\/spotkania_nieb.png\" alt=\"konferencji\"><\/div>\r\n                                <div class=\"numerical-data-item__content\"><div class=\"numerical-data-item__num\">25<\/div><div class=\"numerical-data-item__text\">konferencji<\/div>\r\n                                <\/div>  \r\n                        <\/div>\r\n                    \r\n                        <div class=\"numerical-data-item\">\r\n                                <div class=\"numerical-data-item__icon\" style=\"padding-top: 12px;\"> <img src=\"https:\/\/us.edu.pl\/instytut\/ij\/wp-content\/uploads\/sites\/25\/ikony\/ksiazki_nieb.png\" alt=\"publikacji\"><\/div>\r\n                                <div class=\"numerical-data-item__content\"><div class=\"numerical-data-item__num\">99<\/div><div class=\"numerical-data-item__text\">publikacji<\/div>\r\n                                <\/div>  \r\n                        <\/div>\r\n                    \r\n                        <\/div>\r\n                    <\/div>\r\n                \r\n                <\/div>\r\n            \r\n                <div class='logos'>\r\n                    <div class='container'>\r\n                        <h3 class='page-title'><\/h3>\r\n                        <div class='logos-blocks bg-blue'> \r\n               \r\n                            \r\n                        <a href=\"https:\/\/www.slaskifestiwalnauki.pl\/\" title=\"\u015al\u0105ski Festiwal Nauki KATOWICE\"\r\n                         class=\"logos-blocks__item carousel-slide\">\r\n                            <div class=\"logos-blocks__img\">\r\n                                <img src=\"https:\/\/us.edu.pl\/instytut\/ij\/wp-content\/uploads\/sites\/25\/ikony\/sf.png\" alt=\"\u015al\u0105ski Festiwal Nauki KATOWICE\">\r\n                            <\/div>\r\n                            <span>\u015al\u0105ski Festiwal Nauki KATOWICE<\/span>\r\n                        <\/a>\r\n                        <a href=\"http:\/\/przystaneknauka.us.edu.pl\/\" title=\"Przystanek Nauka\"\r\n                         class=\"logos-blocks__item carousel-slide\">\r\n                            <div class=\"logos-blocks__img\">\r\n                                <img src=\"https:\/\/us.edu.pl\/instytut\/ij\/wp-content\/uploads\/sites\/25\/ikony\/pn.png\" alt=\"Przystanek Nauka\">\r\n                            <\/div>\r\n                            <span>Przystanek Nauka<\/span>\r\n                        <\/a>\r\n                        <a href=\"https:\/\/us.edu.pl\/event-categories\/konferencje\/\" title=\"konferencje naukowe\"\r\n                         class=\"logos-blocks__item carousel-slide\">\r\n                            <div class=\"logos-blocks__img\">\r\n                                <img src=\"https:\/\/us.edu.pl\/instytut\/ij\/wp-content\/uploads\/sites\/25\/ikony\/spotkania.png\" alt=\"konferencje naukowe\">\r\n                            <\/div>\r\n                            <span>konferencje naukowe<\/span>\r\n                        <\/a>\r\n                        <a href=\"https:\/\/www.wydawnictwo.us.edu.pl\/\" title=\"wydawnictwo\"\r\n                         class=\"logos-blocks__item carousel-slide\">\r\n                            <div class=\"logos-blocks__img\">\r\n                                <img src=\"https:\/\/us.edu.pl\/instytut\/ij\/wp-content\/uploads\/sites\/25\/ikony\/ksiazka.png\" alt=\"wydawnictwo\">\r\n                            <\/div>\r\n                            <span>wydawnictwo<\/span>\r\n                        <\/a>\r\n                        <a href=\"https:\/\/www.ciniba.edu.pl\/\" title=\"biblioteka\"\r\n                         class=\"logos-blocks__item carousel-slide\">\r\n                            <div class=\"logos-blocks__img\">\r\n                                <img src=\"https:\/\/us.edu.pl\/instytut\/ij\/wp-content\/uploads\/sites\/25\/ikony\/ksiazki.png\" alt=\"biblioteka\">\r\n                            <\/div>\r\n                            <span>biblioteka<\/span>\r\n                        <\/a> \r\n                           \r\n                        <\/div>\r\n                    <\/div>\r\n                <\/div>[\/vc_column][\/vc_row][vc_row][vc_column]\r\n\r\n            <div class=\"blocks\" style=\"text-align: \">\r\n               <div class=\"container\">\r\n                  \r\n                  <div class=\"row m-0 blocks_4\">\r\n                  \r\n                     <a href=\"https:\/\/us.edu.pl\/pracownik\/sprawy-naukowe\/strefa-projektow\/\" class=\"thumbnail blocks__item\" style=\"background-image: url(https:\/\/us.edu.pl\/instytut\/ij\/wp-content\/uploads\/sites\/25\/Nieprzypisane\/girl-3718521_640.pixabay.jpg)\">\r\n                        <span>wi\u0119cej<\/span>\r\n                        <div class=\"blocks__bottom\">\r\n                        <div class=\"blocks__title\">Projekty i konkursy <\/div>\r\n                        \r\n                        <\/div>\r\n                     <\/a>\r\n                  \r\n                     <a href=\"https:\/\/pp.us.edu.pl\/\" class=\"thumbnail blocks__item\" style=\"background-image: url(https:\/\/us.edu.pl\/instytut\/ij\/wp-content\/uploads\/sites\/25\/Nieprzypisane\/apple-1851464_640.pixabay.jpg)\">\r\n                        <span>wi\u0119cej<\/span>\r\n                        <div class=\"blocks__bottom\">\r\n                        <div class=\"blocks__title\">Portal Pracownika<\/div>\r\n                        \r\n                        <\/div>\r\n                     <\/a>\r\n                  \r\n                     <a href=\"https:\/\/rebus.us.edu.pl\/\" class=\"thumbnail blocks__item\" style=\"background-image: url(https:\/\/us.edu.pl\/instytut\/ij\/wp-content\/uploads\/sites\/25\/Nieprzypisane\/cinoba6-300x200.jpg)\">\r\n                        <span>wi\u0119cej<\/span>\r\n                        <div class=\"blocks__bottom\">\r\n                        <div class=\"blocks__title\">Repozytorium U\u015a<\/div>\r\n                        \r\n                        <\/div>\r\n                     <\/a>\r\n                  \r\n                     <a href=\"https:\/\/konstytucjadlanauki.gov.pl\/pobierz-ustawe \" class=\"thumbnail blocks__item\" style=\"background-image: url(https:\/\/us.edu.pl\/instytut\/ij\/wp-content\/uploads\/sites\/25\/Nieprzypisane\/hammer-719066_640pixabay..jpg)\">\r\n                        <span>wi\u0119cej<\/span>\r\n                        <div class=\"blocks__bottom\">\r\n                        <div class=\"blocks__title\">Ustawa 2.0<\/div>\r\n                        \r\n                        <\/div>\r\n                     <\/a><\/div>     \r\n               <\/div>\r\n            <\/div>[\/vc_column][\/vc_row]<\/p>","protected":false},"excerpt":{"rendered":"<p>[vc_row][vc_column][vc_empty_space][\/vc_column][\/vc_row][vc_row][vc_column][\/vc_column][\/vc_row] [&#8230;]<\/p>\n<p><a class=\"btn btn-secondary understrap-read-more-link\" href=\"https:\/\/us.edu.pl\/instytut\/ij\/2020\/07\/27\/logopeda-i-ortodonta-wspolny-pacjent-wspolne-dzialania\/\">Read More&#8230;<\/a><\/p>\n","protected":false},"author":24,"featured_media":0,"parent":0,"menu_order":0,"comment_status":"closed","ping_status":"closed","template":"page-templates\/index-template.php","meta":{"_expiration-date-status":"","_expiration-date":0,"_expiration-date-type":"","_expiration-date-categories":[],"_expiration-date-options":[]},"acf":[],"_links":{"self":[{"href":"https:\/\/us.edu.pl\/instytut\/ij\/wp-json\/wp\/v2\/pages\/6"}],"collection":[{"href":"https:\/\/us.edu.pl\/instytut\/ij\/wp-json\/wp\/v2\/pages"}],"about":[{"href":"https:\/\/us.edu.pl\/instytut\/ij\/wp-json\/wp\/v2\/types\/page"}],"author":[{"embeddable":true,"href":"https:\/\/us.edu.pl\/instytut\/ij\/wp-json\/wp\/v2\/users\/24"}],"replies":[{"embeddable":true,"href":"https:\/\/us.edu.pl\/instytut\/ij\/wp-json\/wp\/v2\/comments?post=6"}],"version-history":[{"count":10,"href":"https:\/\/us.edu.pl\/instytut\/ij\/wp-json\/wp\/v2\/pages\/6\/revisions"}],"predecessor-version":[{"id":3844,"href":"https:\/\/us.edu.pl\/instytut\/ij\/wp-json\/wp\/v2\/pages\/6\/revisions\/3844"}],"wp:attachment":[{"href":"https:\/\/us.edu.pl\/instytut\/ij\/wp-json\/wp\/v2\/media?parent=6"}],"curies":[{"name":"wp","href":"https:\/\/api.w.org\/{rel}","templated":true}]}}