{"id":137,"date":"2020-01-20T18:26:14","date_gmt":"2020-01-20T17:26:14","guid":{"rendered":"http:\/\/us.edu.pl\/instytut\/inok\/?page_id=137"},"modified":"2026-03-17T11:31:01","modified_gmt":"2026-03-17T10:31:01","slug":"zespoly-badawcze","status":"publish","type":"page","link":"https:\/\/us.edu.pl\/instytut\/inok\/o-instytucie\/zespoly-badawcze\/","title":{"rendered":"zespo\u0142y badawcze"},"content":{"rendered":"<p>[vc_row el_class=&#8221;container&#8221;][vc_column width=&#8221;2\/3&#8243;]\r\n                <div class=\"text-modules\">\r\n                    <div class=\"container\">\r\n                        \r\n                        <div class=\"text-modules__content\"><\/p>\n<h3><span style=\"color: #000080;\"><strong>Zespo\u0142y badawcze Instytutu Nauk o Kulturze:<\/strong><\/span><\/h3>\n<h5><strong>1. Archiwum &#8211; tekst &#8211; scena. Przestrzenie performatywne wsp\u00f3\u0142czesnego teatru<\/strong><\/h5>\n<p>Lider zespo\u0142u: <strong>dr Magdalena Figza\u0142-Janikowska<\/strong>, cz\u0142onkowie: dr hab. Ewa D\u0105bek-Derda, prof. U\u015a, dr hab. Dorota Fox, prof. U\u015a, dr Aneta G\u0142owacka, prof. U\u015a, dr Patrycja Korczago, dr hab. Beata Popczyk-Szcz\u0119sna, prof. U\u015a.<\/p>\n<h5><strong>2. Dziedzictwo kulturowe ksi\u0105\u017cki, ochrona i konserwacja zbior\u00f3w <\/strong>[temat badawczy: Ksi\u0119gozbiory historyczne. Rekonstrukcja &#8211; charakterystyka- odzia\u0142ywanie kulturowe &#8211; ochrona \u2013 konserwacja]<\/h5>\n<p>Lider zespo\u0142u: <strong>dr hab. Jolanta Gwio\u017adzik, prof. U\u015a<\/strong>, cz\u0142onkowie: dr Agnieszka Bangrowska, mgr Tadeusz Maci\u0105g, dr Karol Makles.<\/p>\n<h5><strong>3. Filmoznawstwo i wiedza o mediach <\/strong>[temat badawczy: Film i media w kulturze]<\/h5>\n<p>Lider zespo\u0142u: <strong>prof. dr hab. Andrzej Gw\u00f3\u017ad\u017a<\/strong>, cz\u0142onkowie: dr hab. Joanna Aleksandrowicz, dr Piotr Aptacy, dr hab. Karina Banaszkiewicz-Sadowska, dr Barbara Orze\u0142, dr hab. Jakub Zajdel, prof. em. U\u015a.<\/p>\n<h5><strong>4. Inteligentne metadane w kulturze<\/strong><\/h5>\n<p>Lider zespo\u0142u: <strong>dr in\u017c. Jolanta Szulc<\/strong>, cz\u0142onkowie: dr hab. Justyna Adamus-Kowalska, dr hab. Anna Tokarska, prof. U\u015a.<\/p>\n<h5><strong>5. Przestrzenie filmowe &#8211; teorie, estetyki, praktyki<\/strong><\/h5>\n<p>Lider zespo\u0142u: <strong>dr hab. Barbara Kita, prof. U\u015a<\/strong>, cz\u0142onkowie: dr hab. Justyna Budzik, dr hab. Ilona Copik, prof. U\u015a, dr hab. Magdalena Kempna-Pieni\u0105\u017cek, prof. U\u015a, dr Marek Lyszczyna.<\/p>\n<h5><strong>6. Trans-Indigena<\/strong> [temat badawczy: Indygenne i lokalne formy ekspresji kulturowej w sztuce opowiadania, performansie, teatrze i dramacie oraz ich ramy instytucjonalne]<\/h5>\n<p>Lider zespo\u0142u: <strong>dr Sabina Sweta Sen-Podstawska<\/strong>, cz\u0142onkowie: dr hab. Ewa D\u0105bek-Derda, prof. U\u015a, dr hab. Dorota Fox, prof. U\u015a, dr Aneta G\u0142owacka, prof. U\u015a, dr Agata Krajewska-Mikosz [Instytut Sztuki PAN], dr Rafa\u0142 Madeja, mgr Hanna Mrozek-Granieczny [Discover Canada], dr Ma\u0142gorzata Poks [IL], mgr Sara Riccetti, dr hab. Eugenia Sojka, prof. U\u015a, dr hab. Dobros\u0142awa W\u0119\u017cowicz-Zi\u00f3\u0142kowska, prof. em. U\u015a.<\/p>\n<h5><strong>7. Zak\u0142ad Teorii i Historii Kultury<\/strong> [temat badawczy: Kategorie kultury w badaniach humanistycznych]<\/h5>\n<p>Lider zespo\u0142u: <strong>dr hab. Anna Gom\u00f3\u0142a, prof. U\u015a<\/strong>, cz\u0142onkowie: dr Beata Abdallah-Krzepkowska, dr hab. Aleksandra Achtelik, prof. U\u015a, dr Kamila G\u0119sikowska, dr Ma\u0142gorzata K\u0105dziela, prof. U\u015a, prof. dr hab. Ewa Kosowska, prof. em. U\u015a, dr Jessica Kufa, mgr Anna Le\u015bniewska, dr hab. Marek Pacukiewicz, prof. U\u015a, dr Adam Pisarek, dr hab. Przemys\u0142aw Piwowarczyk, prof. U\u015a, dr hab. Ma\u0142gorzata Rygielska, prof. U\u015a, dr hab. Kamilla Termi\u0144ska, prof. em. U\u015a, mgr Dagmara Wasilewska.<\/p>\n<h5><strong>8. Zesp\u00f3\u0142 Bada\u0144 Etnograficznych i Antropologicznych<\/strong><\/h5>\n<p>Lider zespo\u0142u: <strong>dr hab. Czerwi\u0144ska Kinga, prof. U\u015a<\/strong>, cz\u0142onkowie: dr Grzegorz B\u0142ahut, dr hab. Jan Kajfosz, prof. U\u015a, dr Ewa Kozik, dr Oskar Lubi\u0144ski, dr hab. Katarzyna Marcol, prof. U\u015a, dr hab. Agnieszka Pie\u0144czak, prof. U\u015a, dr hab. Grzegorz Studnicki, prof. U\u015a, dr Magdalena Szalbot.<br \/>\n<a href=\"https:\/\/antropos.us.edu.pl\" target=\"_blank\" rel=\"noopener\"><strong>https:\/\/antropos.us.edu.pl<\/strong><\/a><\/p>\n<h5><strong>9. Zesp\u00f3\u0142 Badawczy Organizacji Wiedzy<\/strong> [temat badawczy: Badacz w cyfrowym \u015bwiecie nauki, kultury i komunikacji naukowej]<\/h5>\n<p>Lider zespo\u0142u: <strong>dr hab. Katarzyna Materska, prof. U\u015a<\/strong>, cz\u0142onkowie: dr hab. Agnieszka Go\u0142da, prof. U\u015a, dr Anna Ma\u0142gorzata Kami\u0144ska, dr hab. Anna Matysek, dr Jaros\u0142aw Pacek, dr hab. Arkadiusz Pulikowski, prof. U\u015a, dr Izabela Swoboda, dr hab. Katarzyna Ta\u0142u\u0107, prof. U\u015a, dr hab. Jacek Tomaszczyk, prof. U\u015a.<\/p>\n<h5><strong>10. Zesp\u00f3\u0142 kultury literackiej<\/strong> [temat badawczy: Aksjologia w kulturze literackiej. Przesz\u0142o\u015b\u0107 i tera\u017aniejszo\u015b\u0107]<\/h5>\n<p>Lider zespo\u0142u: <strong>dr hab. Ma\u0142gorzata Krakowiak, prof. U\u015a<\/strong>, cz\u0142onkowie: dr hab. Aleksandra D\u0119bska-Kossakowska, dr hab. Beata Gontarz, prof. U\u015a, dr Tomasz Gruszczyk, mgr Agnieszka Niewdana, dr hab. Monika Wiszniowska, prof. U\u015a, dr Kamil Wrzeszcz.<\/p>\n<\/div>\r\n                    <\/div>\r\n                <\/div>[\/vc_column][vc_column width=&#8221;1\/3&#8243;]\r\n                <div class=\"text-modules\">\r\n                    <div class=\"container\">\r\n                        \r\n                        <div class=\"text-modules__content\"><\/p>\n<p><img class=\"alignnone wp-image-855 size-full\" src=\"https:\/\/us.edu.pl\/instytut\/inok\/wp-content\/uploads\/sites\/28\/2020\/04\/centrum.jpg\" alt=\"grafika przedstawiaj\u0105ca otwartego laptopa oraz ma\u0142e, okr\u0105g\u0142e, bia\u0142e grafiki przestawiaj\u0105ce ko\u0142a z\u0119bate, otwartego laptopa, g\u0142ow\u0119 cz\u0142owieka, certyfikat, smatrfona z czapk\u0105 akademick\u0105\" width=\"498\" height=\"520\" srcset=\"https:\/\/us.edu.pl\/instytut\/inok\/wp-content\/uploads\/sites\/28\/2020\/04\/centrum.jpg 498w, https:\/\/us.edu.pl\/instytut\/inok\/wp-content\/uploads\/sites\/28\/2020\/04\/centrum-287x300.jpg 287w\" sizes=\"(max-width: 498px) 100vw, 498px\" \/><\/p>\n<\/div>\r\n                    <\/div>\r\n                <\/div>\r\n                <div class=\"text-modules\">\r\n                    <div class=\"container\">\r\n                        \r\n                        <div class=\"text-modules__content\"><p><img class=\"alignnone wp-image-2641 size-full\" src=\"https:\/\/us.edu.pl\/instytut\/inok\/wp-content\/uploads\/sites\/28\/Bez-kategorii\/bookcases-1869616_640.jpg\" alt=\"zdj\u0119cie przedstawiaj\u0105ce p\u00f3\u0142ki wype\u0142nione ksi\u0105\u017ckami\" width=\"640\" height=\"360\" srcset=\"https:\/\/us.edu.pl\/instytut\/inok\/wp-content\/uploads\/sites\/28\/Bez-kategorii\/bookcases-1869616_640.jpg 640w, https:\/\/us.edu.pl\/instytut\/inok\/wp-content\/uploads\/sites\/28\/Bez-kategorii\/bookcases-1869616_640-300x169.jpg 300w, https:\/\/us.edu.pl\/instytut\/inok\/wp-content\/uploads\/sites\/28\/Bez-kategorii\/bookcases-1869616_640-575x323.jpg 575w\" sizes=\"(max-width: 640px) 100vw, 640px\" \/><\/p>\n<\/div>\r\n                    <\/div>\r\n                <\/div>\r\n                <div class=\"text-modules\">\r\n                    <div class=\"container\">\r\n                        \r\n                        <div class=\"text-modules__content\"><p><img class=\"alignnone wp-image-767 size-full\" src=\"https:\/\/us.edu.pl\/instytut\/inok\/wp-content\/uploads\/sites\/28\/Nieprzypisane\/ATLAS.jpg\" alt=\"kolorowe zdj\u0119cie przedstawiaj\u0105ce otworzony zeszyt korrspondenta, na prawo ususzona ro\u015blina ziela \u015bwi\u0119toja\u0144skiego\" width=\"720\" height=\"720\" srcset=\"https:\/\/us.edu.pl\/instytut\/inok\/wp-content\/uploads\/sites\/28\/Nieprzypisane\/ATLAS.jpg 720w, https:\/\/us.edu.pl\/instytut\/inok\/wp-content\/uploads\/sites\/28\/Nieprzypisane\/ATLAS-150x150.jpg 150w, https:\/\/us.edu.pl\/instytut\/inok\/wp-content\/uploads\/sites\/28\/Nieprzypisane\/ATLAS-300x300.jpg 300w, https:\/\/us.edu.pl\/instytut\/inok\/wp-content\/uploads\/sites\/28\/Nieprzypisane\/ATLAS-575x575.jpg 575w\" sizes=\"(max-width: 720px) 100vw, 720px\" \/><\/p>\n<\/div>\r\n                    <\/div>\r\n                <\/div>\r\n                <div class=\"text-modules\">\r\n                    <div class=\"container\">\r\n                        \r\n                        <div class=\"text-modules__content\"><p><img class=\"alignnone wp-image-3495 size-full\" src=\"https:\/\/us.edu.pl\/instytut\/inok\/wp-content\/uploads\/sites\/28\/Bez-kategorii\/aparat-fotograficzny.jpg\" alt=\"zdj\u0119cie przedstawiaj\u0105ce aparat fotograficzny starego typu z wyci\u0105gni\u0119t\u0105 klisz\u0105 oraz le\u017c\u0105cymi zdj\u0119ciami\" width=\"800\" height=\"530\" srcset=\"https:\/\/us.edu.pl\/instytut\/inok\/wp-content\/uploads\/sites\/28\/Bez-kategorii\/aparat-fotograficzny.jpg 800w, https:\/\/us.edu.pl\/instytut\/inok\/wp-content\/uploads\/sites\/28\/Bez-kategorii\/aparat-fotograficzny-300x199.jpg 300w, https:\/\/us.edu.pl\/instytut\/inok\/wp-content\/uploads\/sites\/28\/Bez-kategorii\/aparat-fotograficzny-768x509.jpg 768w, https:\/\/us.edu.pl\/instytut\/inok\/wp-content\/uploads\/sites\/28\/Bez-kategorii\/aparat-fotograficzny-575x381.jpg 575w\" sizes=\"(max-width: 800px) 100vw, 800px\" \/><\/p>\n<\/div>\r\n                    <\/div>\r\n                <\/div>[\/vc_column][\/vc_row]<\/p>","protected":false},"excerpt":{"rendered":"<p>[vc_row el_class=&#8221;container&#8221;][vc_column width=&#8221;2\/3&#8243;][\/vc_column][vc_column width=&#8221;1\/3&#8243;][\/vc_column][\/vc_row] [&#8230;]<\/p>\n<p><a class=\"btn btn-secondary understrap-read-more-link\" href=\"https:\/\/us.edu.pl\/instytut\/inok\/o-instytucie\/zespoly-badawcze\/\">Read More&#8230;<\/a><\/p>\n","protected":false},"author":1658,"featured_media":0,"parent":123,"menu_order":0,"comment_status":"closed","ping_status":"closed","template":"","meta":{"_expiration-date-status":"saved","_expiration-date":0,"_expiration-date-type":"","_expiration-date-categories":[],"_expiration-date-options":[]},"acf":[],"_links":{"self":[{"href":"https:\/\/us.edu.pl\/instytut\/inok\/wp-json\/wp\/v2\/pages\/137"}],"collection":[{"href":"https:\/\/us.edu.pl\/instytut\/inok\/wp-json\/wp\/v2\/pages"}],"about":[{"href":"https:\/\/us.edu.pl\/instytut\/inok\/wp-json\/wp\/v2\/types\/page"}],"author":[{"embeddable":true,"href":"https:\/\/us.edu.pl\/instytut\/inok\/wp-json\/wp\/v2\/users\/1658"}],"replies":[{"embeddable":true,"href":"https:\/\/us.edu.pl\/instytut\/inok\/wp-json\/wp\/v2\/comments?post=137"}],"version-history":[{"count":12,"href":"https:\/\/us.edu.pl\/instytut\/inok\/wp-json\/wp\/v2\/pages\/137\/revisions"}],"predecessor-version":[{"id":4375,"href":"https:\/\/us.edu.pl\/instytut\/inok\/wp-json\/wp\/v2\/pages\/137\/revisions\/4375"}],"up":[{"embeddable":true,"href":"https:\/\/us.edu.pl\/instytut\/inok\/wp-json\/wp\/v2\/pages\/123"}],"wp:attachment":[{"href":"https:\/\/us.edu.pl\/instytut\/inok\/wp-json\/wp\/v2\/media?parent=137"}],"curies":[{"name":"wp","href":"https:\/\/api.w.org\/{rel}","templated":true}]}}