{"id":120,"date":"2019-11-07T20:31:00","date_gmt":"2019-11-07T19:31:00","guid":{"rendered":"http:\/\/us.edu.pl\/instytut\/inos\/?page_id=120"},"modified":"2022-12-18T10:45:48","modified_gmt":"2022-12-18T09:45:48","slug":"rada-instytutu","status":"publish","type":"page","link":"https:\/\/us.edu.pl\/instytut\/inos\/o-instytucie\/rada-instytutu\/","title":{"rendered":"Rada Naukowa Instytutu"},"content":{"rendered":"<p>[vc_row el_class=&#8221;container&#8221;][vc_column width=&#8221;2\/3&#8243;]\r\n                <div class=\"text-modules\">\r\n                    <div class=\"container\">\r\n                        \r\n                        <div class=\"text-modules__content\"><\/p>\n<h3 style=\"text-align: left;\">Cz\u0142onkowie Rady Naukowej Instytutu Nauk o Sztuce<\/h3>\n<ul style=\"list-style-type: circle;\">\n<li><a href=\"https:\/\/us.edu.pl\/instytut\/inos\/osoby\/bogumila-mika\/\">dr hab. Bogumi\u0142a Mika,\u00a0prof. U\u015a<\/a> &#8211; dyrektor Instytutu<\/li>\n<li><a href=\"https:\/\/us.edu.pl\/instytut\/inos\/osoby\/miroslawa-sobczynska-szczepanska\/\">dr Miros\u0142awa Sobczy\u0144ska-Szczepa\u0144ska, prof. U\u015a<\/a> &#8211; zast\u0119pca dyrektora Instytutu<\/li>\n<li><a href=\"https:\/\/us.edu.pl\/instytut\/inos\/osoby\/aneta-borowik\/\">dr Aneta Borowik, prof. U\u015a<\/a><\/li>\n<li><a href=\"https:\/\/us.edu.pl\/instytut\/inos\/osoby\/jerzy-gorzelik\/\">dr hab. Jerzy Gorzelik, prof. U\u015a<\/a><\/li>\n<li><a href=\"https:\/\/us.edu.pl\/instytut\/inos\/osoby\/artur-kolbiarz\/\">dr Artur Kolbiarz, prof. U\u015a<\/a><\/li>\n<li><a href=\"https:\/\/us.edu.pl\/instytut\/inos\/osoby\/zenon-mojzysz\/\">dr Zenon Moj\u017cysz<\/a><\/li>\n<li><a href=\"https:\/\/us.edu.pl\/instytut\/inos\/osoby\/marta-ostrowska-bies\/\">dr Marta Ostrowska-Bies<\/a> &#8211; dyrektor kierunku Historia Sztuki<\/li>\n<li><a href=\"https:\/\/us.edu.pl\/instytut\/inos\/osoby\/oskar-jacek-rojewski\/\">dr Oskar J. Rojewski<\/a><\/li>\n<li><a href=\"https:\/\/us.edu.pl\/instytut\/inos\/osoby\/ryszard-solik\/\">dr hab. Ryszard Solik, prof. U\u015a<\/a><\/li>\n<li><a href=\"https:\/\/us.edu.pl\/instytut\/inos\/osoby\/agata-stronciwilk\/\">dr Agata Stronciwilk<\/a><\/li>\n<li><a href=\"https:\/\/us.edu.pl\/instytut\/inos\/osoby\/karolina-tomczak\/\">dr Karolina Tomczak<\/a><\/li>\n<\/ul>\n<p>\n<\/div>\r\n                    <\/div>\r\n                <\/div>[\/vc_column][vc_column width=&#8221;1\/3&#8243;][\/vc_column][\/vc_row][vc_row][vc_column][vc_column_text][\/vc_column_text][\/vc_column][\/vc_row]<\/p>","protected":false},"excerpt":{"rendered":"<p>[vc_row el_class=&#8221;container&#8221;][vc_column width=&#8221;2\/3&#8243;][\/vc_column][vc_column width=&#8221;1\/3&#8243;][\/vc_column][\/vc_row][vc_row][vc_column][vc_column_text][\/vc_column_text][\/vc_column][\/vc_row] [&#8230;]<\/p>\n<p><a class=\"btn btn-secondary understrap-read-more-link\" href=\"https:\/\/us.edu.pl\/instytut\/inos\/o-instytucie\/rada-instytutu\/\">Read More&#8230;<\/a><\/p>\n","protected":false},"author":32,"featured_media":0,"parent":135,"menu_order":0,"comment_status":"closed","ping_status":"closed","template":"","meta":{"_expiration-date-status":"","_expiration-date":0,"_expiration-date-type":"","_expiration-date-categories":[],"_expiration-date-options":[]},"acf":[],"_links":{"self":[{"href":"https:\/\/us.edu.pl\/instytut\/inos\/wp-json\/wp\/v2\/pages\/120"}],"collection":[{"href":"https:\/\/us.edu.pl\/instytut\/inos\/wp-json\/wp\/v2\/pages"}],"about":[{"href":"https:\/\/us.edu.pl\/instytut\/inos\/wp-json\/wp\/v2\/types\/page"}],"author":[{"embeddable":true,"href":"https:\/\/us.edu.pl\/instytut\/inos\/wp-json\/wp\/v2\/users\/32"}],"replies":[{"embeddable":true,"href":"https:\/\/us.edu.pl\/instytut\/inos\/wp-json\/wp\/v2\/comments?post=120"}],"version-history":[{"count":11,"href":"https:\/\/us.edu.pl\/instytut\/inos\/wp-json\/wp\/v2\/pages\/120\/revisions"}],"predecessor-version":[{"id":1175,"href":"https:\/\/us.edu.pl\/instytut\/inos\/wp-json\/wp\/v2\/pages\/120\/revisions\/1175"}],"up":[{"embeddable":true,"href":"https:\/\/us.edu.pl\/instytut\/inos\/wp-json\/wp\/v2\/pages\/135"}],"wp:attachment":[{"href":"https:\/\/us.edu.pl\/instytut\/inos\/wp-json\/wp\/v2\/media?parent=120"}],"curies":[{"name":"wp","href":"https:\/\/api.w.org\/{rel}","templated":true}]}}