{"id":263,"date":"2019-12-19T14:24:42","date_gmt":"2019-12-19T13:24:42","guid":{"rendered":"http:\/\/us.edu.pl\/instytut\/int\/?page_id=263"},"modified":"2025-11-04T12:33:14","modified_gmt":"2025-11-04T11:33:14","slug":"bibliografie","status":"publish","type":"page","link":"https:\/\/us.edu.pl\/instytut\/int\/bibliografie\/","title":{"rendered":"Bibliografie"},"content":{"rendered":"<p>[vc_row][vc_column width=&#8221;1\/2&#8243;]            \r\n                    <div class=\"container\">\r\n                        <div class=\"gallery gallery_2\" data-images-in-row=\"2\">\r\n                            \r\n                            <div class=\"row m-0\">\r\n                                <a data-fancybox-group=\"button\" title=\"Ksi\u0105\u017cki na p\u00f3\u0142ce\" data-fancybox=\"750\" href=\"https:\/\/us.edu.pl\/instytut\/int\/wp-content\/uploads\/sites\/47\/Nieprzypisane\/Ksi\u0105\u017cki01.jpg\" class=\"gallery__item thumbnail\"\r\n                                    style=\"background-image: url(https:\/\/us.edu.pl\/instytut\/int\/wp-content\/uploads\/sites\/47\/Nieprzypisane\/Ksi\u0105\u017cki01-1024x768.jpg)\"> <span class=\"d-none\">https:\/\/us.edu.pl\/instytut\/int\/wp-content\/uploads\/sites\/47\/Nieprzypisane\/Ksi\u0105\u017cki01.jpg<\/span> <\/a><a data-fancybox-group=\"button\" title=\"\" data-fancybox=\"750\" href=\"https:\/\/us.edu.pl\/instytut\/int\/wp-content\/uploads\/sites\/47\/Zdjecia_plytki\/czaspisma.jpg\" class=\"gallery__item thumbnail\"\r\n                                    style=\"background-image: url(https:\/\/us.edu.pl\/instytut\/int\/wp-content\/uploads\/sites\/47\/Zdjecia_plytki\/czaspisma.jpg)\"> <span class=\"d-none\">https:\/\/us.edu.pl\/instytut\/int\/wp-content\/uploads\/sites\/47\/Zdjecia_plytki\/czaspisma.jpg<\/span> <\/a><a data-fancybox-group=\"button\" title=\"\" data-fancybox=\"750\" href=\"https:\/\/us.edu.pl\/instytut\/int\/wp-content\/uploads\/sites\/47\/Zdjecia_plytki\/publikacje.jpg\" class=\"gallery__item thumbnail\"\r\n                                    style=\"background-image: url(https:\/\/us.edu.pl\/instytut\/int\/wp-content\/uploads\/sites\/47\/Zdjecia_plytki\/publikacje.jpg)\"> <span class=\"d-none\">https:\/\/us.edu.pl\/instytut\/int\/wp-content\/uploads\/sites\/47\/Zdjecia_plytki\/publikacje.jpg<\/span> <\/a><a data-fancybox-group=\"button\" title=\"\" data-fancybox=\"750\" href=\"https:\/\/us.edu.pl\/instytut\/int\/wp-content\/uploads\/sites\/47\/Nieprzypisane\/Gawlina-dziennik.jpg\" class=\"gallery__item thumbnail\"\r\n                                    style=\"background-image: url(https:\/\/us.edu.pl\/instytut\/int\/wp-content\/uploads\/sites\/47\/Nieprzypisane\/Gawlina-dziennik.jpg)\"> <span class=\"d-none\">https:\/\/us.edu.pl\/instytut\/int\/wp-content\/uploads\/sites\/47\/Nieprzypisane\/Gawlina-dziennik.jpg<\/span> <\/a>\r\n                            <\/div>\r\n                    <\/div>\r\n                <\/div>[\/vc_column][vc_column width=&#8221;1\/2&#8243;]\r\n                <div class='sidebar_moduls sidebar_links color-blue' style='background-color: #FFFFFF'>\r\n                    <h3>Bibliografie<\/h3>\r\n                    <ul class='angle-list'>\r\n                    <li><a href=\"https:\/\/us.edu.pl\/instytut\/int\/bibliografie\/bibliografia-gnostycka\/\">Bibliografia gnostycka<\/a><\/li><li><a href=\"https:\/\/us.edu.pl\/instytut\/int\/bibliografie\/nowa-ewangelizacja-wybor-bibliografii\/\">Bibliografia nowej ewangelizacji (wyb\u00f3r)<\/a><\/li><li><a href=\"https:\/\/us.edu.pl\/instytut\/int\/bibliografie\/bibliografia-prac-magisterskich-z-historii-kosciola-na-gornym-slasku\/\">Bibliografia prac magisterskich z Historii Ko\u015bcio\u0142a na G\u00f3rnym \u015al\u0105sku<\/a><\/li><li><a href=\"https:\/\/us.edu.pl\/instytut\/int\/bibliografie\/bibliografia-prawa-kanonicznego\/\">Bibliografia Prawa Kanonicznego (\u015bp. ks. prof. Remigiusza Soba\u0144skiego)<\/a><\/li><li><a href=\"https:\/\/us.edu.pl\/instytut\/int\/bibliografie\/bibliografia-zawartosci-studiow-pastoralnych\/\">Bibliografia zawarto\u015bci \u201eStudi\u00f3w Pastoralnych\u201d (2005-2024)<\/a><\/li><li><a href=\"https:\/\/us.edu.pl\/instytut\/int\/bibliografie\/bibliografia-zawartosci-ssht\/\">Bibliografia zawarto\u015bci ``\u015al\u0105skich Studi\u00f3w Historyczno-Teologicznych``<\/a><\/li>\r\n                <\/ul>\r\n            <\/div>[\/vc_column][\/vc_row]<\/p>","protected":false},"excerpt":{"rendered":"<p>[vc_row][vc_column width=&#8221;1\/2&#8243;][\/vc_column][vc_column width=&#8221;1\/2&#8243;][\/vc_column][\/vc_row] [&#8230;]<\/p>\n<p><a class=\"btn btn-secondary understrap-read-more-link\" href=\"https:\/\/us.edu.pl\/instytut\/int\/bibliografie\/\">Read More&#8230;<\/a><\/p>\n","protected":false},"author":117,"featured_media":0,"parent":0,"menu_order":0,"comment_status":"closed","ping_status":"closed","template":"","meta":{"_expiration-date-status":"","_expiration-date":0,"_expiration-date-type":"","_expiration-date-categories":[],"_expiration-date-options":[]},"acf":[],"_links":{"self":[{"href":"https:\/\/us.edu.pl\/instytut\/int\/wp-json\/wp\/v2\/pages\/263"}],"collection":[{"href":"https:\/\/us.edu.pl\/instytut\/int\/wp-json\/wp\/v2\/pages"}],"about":[{"href":"https:\/\/us.edu.pl\/instytut\/int\/wp-json\/wp\/v2\/types\/page"}],"author":[{"embeddable":true,"href":"https:\/\/us.edu.pl\/instytut\/int\/wp-json\/wp\/v2\/users\/117"}],"replies":[{"embeddable":true,"href":"https:\/\/us.edu.pl\/instytut\/int\/wp-json\/wp\/v2\/comments?post=263"}],"version-history":[{"count":6,"href":"https:\/\/us.edu.pl\/instytut\/int\/wp-json\/wp\/v2\/pages\/263\/revisions"}],"predecessor-version":[{"id":4161,"href":"https:\/\/us.edu.pl\/instytut\/int\/wp-json\/wp\/v2\/pages\/263\/revisions\/4161"}],"wp:attachment":[{"href":"https:\/\/us.edu.pl\/instytut\/int\/wp-json\/wp\/v2\/media?parent=263"}],"curies":[{"name":"wp","href":"https:\/\/api.w.org\/{rel}","templated":true}]}}