{"id":301,"date":"2019-12-19T15:38:53","date_gmt":"2019-12-19T14:38:53","guid":{"rendered":"http:\/\/us.edu.pl\/instytut\/int\/?page_id=301"},"modified":"2022-02-22T11:26:00","modified_gmt":"2022-02-22T10:26:00","slug":"archiwum","status":"publish","type":"page","link":"https:\/\/us.edu.pl\/instytut\/int\/konferencje\/archiwum\/","title":{"rendered":"Archiwum"},"content":{"rendered":"<p>[vc_row][vc_column]\r\n                <div class=\"text-modules \">\r\n                    <div class=\"container\">\r\n                        <h3 class=\"section-title section-title_border-bottom\">Archiwum konferencji naukowych INT<\/h3> \r\n                        <div class=\"row m-0\">\r\n                            <div class=\"text-modules__content\">\r\n                                <span style=\"font-size: 12pt;\">Poni\u017cej prezentujemy informacje o konferencjach naukowych, sympozjach i wyk\u0142adach otwartych, kt\u00f3re odby\u0142y si\u0119 w ramach dzia\u0142alno\u015bci Instytutu Nauk Teologicznych Uniwersytetu \u015al\u0105skiego w Katowicach.<\/span> \r\n                                <div class=\"mt-3\"><\/div>\r\n                            <\/div>\r\n                            \r\n                            \r\n                        <\/div>\r\n                    <\/div>\r\n                <\/div>[\/vc_column][\/vc_row][vc_row][vc_column]\n\t\t\t\t<input type=\"hidden\" name=\"promoted_only\" value=\"\">\n\t\t\t\t<input type=\"hidden\" name=\"order\" value=\"DESC\">\n\t\t\t\t<input type=\"hidden\" name=\"order_by\" value=\"post_date\">\n\n\t\t\t\t<div class=\"article-loop loop-section article-loop_tall color-blue\" style=\"background: \">\n\t\t\t\t\t <div class=\"container \">\n\t\t\t\t\t \t<div class=\"col-12 article-loop-gutter-left\">\n\t\t\t\t\t\t  <div class=\"article-loop-top loop-section-top\">\n\t\t\t\t\t\t\t\t<h2 class=\"section-title\"><\/h2><div class=\"article-loop-top_right loop-section-top__right\" >\n\t\t\t\t\t\t\t\t\t <select name=\"sort\" title = \"filter by category\"\n\t\t\t\t\t\t\t\t\t\t  class=\"article-loop-sort\" >\n\t\t\t\t\t\t\t\t\t\t  <option value = \"\" selected disabled > filtrowanie wed\u0142ug kategorii<\/option>\n\t\t\t\t\t\t\t\t\t\t  <option value = \"47-14\" > Wszystko<\/option> <option data-link='https:\/\/us.edu.pl\/instytut\/int\/category\/archiwum\/' value='47-14'>Archiwum<\/option><\/select>    <a href = \"https:\/\/us.edu.pl\/instytut\/int\/wszystko?title=&order=DESC&order_by=post_date&categories%5B0%5D=47-14\" class=\"link-button \" > Wszystko<\/a><\/div>  \n\t\t\t\t\t\t  <\/div>\n\t\t\t\t\t\t  <div class=\"article-loop-main carousel\" data-home-url=\"https:\/\/us.edu.pl\/instytut\/int\" >\n\t\t\t\t\t\t\t\t<a href = \"#\" data-slide = \"prev\" title=\"przesu\u0144 pasek w lewo\" class=\"arrow\" >\n\t\t\t\t\t\t\t\t\t <em class=\"ci ci-arrow-left\" ><\/em >\n\t\t\t\t\t\t\t\t\t <span class=\"d-none\" > arrow<\/span >\n\t\t\t\t\t\t\t\t<\/a>\n\t \n\t\t\t\t\t\t\t\t<a href = \"#\" data-slide = \"next\" title=\"przesu\u0144 pasek  w prawo\" class=\"arrow\" >\n\t\t\t\t\t\t\t\t\t <em class=\"ci ci-arrow-right\" ><\/em >\n\t\t\t\t\t\t\t\t\t <span class=\"d-none\" > arrow<\/span >\n\t\t\t\t\t\t\t\t<\/a>\n\t\t\t\t\t\t\t\t<div class=\"row items\" >\n\t\t\t\t\t\t\t\t\t \r\n            <article class=\"article-loop-post carousel-slide\">\r\n                <a href=\"https:\/\/us.edu.pl\/instytut\/int\/event\/webinarium-czas-pokoju-czas-wojny-prof-vincenzo-buonomo\/\" class=\"article-loop-post__thumbnail thumbnail\"\r\n                    style=\"background-image: url(https:\/\/us.edu.pl\/instytut\/int\/wp-content\/themes\/uniwersytet-slaski\/img\/post\/default.jpg)\">\r\n                    <span>wi\u0119cej<\/span>\r\n                <\/a>\r\n\r\n                <div class=\"article-loop-post__content\">\r\n                    <h3 class=\"article-loop-post__title\">\r\n                        <a href=\"https:\/\/us.edu.pl\/instytut\/int\/event\/webinarium-czas-pokoju-czas-wojny-prof-vincenzo-buonomo\/\">WEBINARIUM: Czas pokoju-czas wojny. Wyk\u0142ad prof. Vincenzo Buonomo<\/a>\r\n                    <\/h3>\r\n            \r\n                    <div class=\"article-loop-post__categories\">\r\n                        <a href=\"https:\/\/us.edu.pl\/instytut\/int\/category\/konferencje\/lectio-magistralis-internationalis\/\">Lectio Magistralis Internationalis<\/a><a href=\"https:\/\/us.edu.pl\/instytut\/int\/category\/archiwum\/lmi-archiwalne\/\">LMI - archiwalne<\/a>\r\n                    <\/div>    \r\n                <\/div>\r\n            <\/article>\r\n        \r\n            <article class=\"article-loop-post carousel-slide\">\r\n                <a href=\"https:\/\/us.edu.pl\/instytut\/int\/event\/webinarium-rola-dyscyplin-koscielnych-w-ksztalceniu-uniwersyteckim-ks-prof-luis-felipe-navarro-marfa\/\" class=\"article-loop-post__thumbnail thumbnail\"\r\n                    style=\"background-image: url(https:\/\/us.edu.pl\/instytut\/int\/wp-content\/uploads\/sites\/47\/Bez-kategorii\/Wydzial-300x169.png)\">\r\n                    <span>wi\u0119cej<\/span>\r\n                <\/a>\r\n\r\n                <div class=\"article-loop-post__content\">\r\n                    <h3 class=\"article-loop-post__title\">\r\n                        <a href=\"https:\/\/us.edu.pl\/instytut\/int\/event\/webinarium-rola-dyscyplin-koscielnych-w-ksztalceniu-uniwersyteckim-ks-prof-luis-felipe-navarro-marfa\/\">WEBINARIUM: Rola ko\u015bcielnych dyscyplin naukowych w kszta\u0142ceniu uniwersyteckim (ks. prof. Luis Felipe Navarro Marf\u00e1)<\/a>\r\n                    <\/h3>\r\n            \r\n                    <div class=\"article-loop-post__categories\">\r\n                        <a href=\"https:\/\/us.edu.pl\/instytut\/int\/category\/konferencje\/lectio-magistralis-internationalis\/\">Lectio Magistralis Internationalis<\/a><a href=\"https:\/\/us.edu.pl\/instytut\/int\/category\/archiwum\/lmi-archiwalne\/\">LMI - archiwalne<\/a>\r\n                    <\/div>    \r\n                <\/div>\r\n            <\/article>\r\n        \r\n            <article class=\"article-loop-post carousel-slide\">\r\n                <a href=\"https:\/\/us.edu.pl\/instytut\/int\/event\/webinarium-dwoje-jednym-glosem-w-kierunku-pedagogii-dialogu-miedzyreligijnego-silvina-chemen-dr-francisco-canzani\/\" class=\"article-loop-post__thumbnail thumbnail\"\r\n                    style=\"background-image: url(https:\/\/us.edu.pl\/instytut\/int\/wp-content\/uploads\/sites\/47\/Bez-kategorii\/LMI_PL_m-2-300x225.png)\">\r\n                    <span>wi\u0119cej<\/span>\r\n                <\/a>\r\n\r\n                <div class=\"article-loop-post__content\">\r\n                    <h3 class=\"article-loop-post__title\">\r\n                        <a href=\"https:\/\/us.edu.pl\/instytut\/int\/event\/webinarium-dwoje-jednym-glosem-w-kierunku-pedagogii-dialogu-miedzyreligijnego-silvina-chemen-dr-francisco-canzani\/\">WEBINARIUM: Dwoje jednym g\u0142osem. W kierunku pedagogii dialogu mi\u0119dzyreligijnego (Silvina Chemen, dr Francisco Canzani)<\/a>\r\n                    <\/h3>\r\n            \r\n                    <div class=\"article-loop-post__categories\">\r\n                        <a href=\"https:\/\/us.edu.pl\/instytut\/int\/category\/konferencje\/lectio-magistralis-internationalis\/\">Lectio Magistralis Internationalis<\/a><a href=\"https:\/\/us.edu.pl\/instytut\/int\/category\/archiwum\/lmi-archiwalne\/\">LMI - archiwalne<\/a>\r\n                    <\/div>    \r\n                <\/div>\r\n            <\/article>\r\n        \r\n            <article class=\"article-loop-post carousel-slide\">\r\n                <a href=\"https:\/\/us.edu.pl\/instytut\/int\/event\/webinarium-bieg-slowa-bozego-na-jedwabnym-szlaku-refleksje-o-recepcji-biblii-w-kulturze-chinskiej-s-prof-maria-ha-fong-ko\/\" class=\"article-loop-post__thumbnail thumbnail\"\r\n                    style=\"background-image: url(https:\/\/us.edu.pl\/instytut\/int\/wp-content\/uploads\/sites\/47\/Bez-kategorii\/image0c-300x225.png)\">\r\n                    <span>wi\u0119cej<\/span>\r\n                <\/a>\r\n\r\n                <div class=\"article-loop-post__content\">\r\n                    <h3 class=\"article-loop-post__title\">\r\n                        <a href=\"https:\/\/us.edu.pl\/instytut\/int\/event\/webinarium-bieg-slowa-bozego-na-jedwabnym-szlaku-refleksje-o-recepcji-biblii-w-kulturze-chinskiej-s-prof-maria-ha-fong-ko\/\">WEBINARIUM: &#8222;Bieg&#8221; S\u0142owa Bo\u017cego na Jedwabnym Szlaku. Refleksje o recepcji Biblii w kulturze chi\u0144skiej (s. prof. Maria Ha Fong Ko)<\/a>\r\n                    <\/h3>\r\n            \r\n                    <div class=\"article-loop-post__categories\">\r\n                        <a href=\"https:\/\/us.edu.pl\/instytut\/int\/category\/konferencje\/lectio-magistralis-internationalis\/\">Lectio Magistralis Internationalis<\/a><a href=\"https:\/\/us.edu.pl\/instytut\/int\/category\/archiwum\/lmi-archiwalne\/\">LMI - archiwalne<\/a>\r\n                    <\/div>    \r\n                <\/div>\r\n            <\/article>\r\n        \r\n            <article class=\"article-loop-post carousel-slide\">\r\n                <a href=\"https:\/\/us.edu.pl\/instytut\/int\/event\/webinarium-maz-i-ojciec-tradycja-i-przemiany-prof-giulia-paola-di-nicola\/\" class=\"article-loop-post__thumbnail thumbnail\"\r\n                    style=\"background-image: url(https:\/\/us.edu.pl\/instytut\/int\/wp-content\/uploads\/sites\/47\/Bez-kategorii\/STRONA_PL_VIII-LMI_14.12.2022-300x169.png)\">\r\n                    <span>wi\u0119cej<\/span>\r\n                <\/a>\r\n\r\n                <div class=\"article-loop-post__content\">\r\n                    <h3 class=\"article-loop-post__title\">\r\n                        <a href=\"https:\/\/us.edu.pl\/instytut\/int\/event\/webinarium-maz-i-ojciec-tradycja-i-przemiany-prof-giulia-paola-di-nicola\/\">WEBINARIUM: M\u0105\u017c i ojciec. Tradycja i przemiany (prof. Giulia Paola Di Nicola)<\/a>\r\n                    <\/h3>\r\n            \r\n                    <div class=\"article-loop-post__categories\">\r\n                        <a href=\"https:\/\/us.edu.pl\/instytut\/int\/category\/konferencje\/lectio-magistralis-internationalis\/\">Lectio Magistralis Internationalis<\/a><a href=\"https:\/\/us.edu.pl\/instytut\/int\/category\/archiwum\/lmi-archiwalne\/\">LMI - archiwalne<\/a>\r\n                    <\/div>    \r\n                <\/div>\r\n            <\/article>\r\n        \r\n            <article class=\"article-loop-post carousel-slide\">\r\n                <a href=\"https:\/\/us.edu.pl\/instytut\/int\/event\/kondycja-wspolczesnej-rodziny\/\" class=\"article-loop-post__thumbnail thumbnail\"\r\n                    style=\"background-image: url(https:\/\/us.edu.pl\/instytut\/int\/wp-content\/uploads\/sites\/47\/Bez-kategorii\/Kondycja-rodziny-obrazek2-Niestandardowy-300x225.jpg)\">\r\n                    <span>wi\u0119cej<\/span>\r\n                <\/a>\r\n\r\n                <div class=\"article-loop-post__content\">\r\n                    <h3 class=\"article-loop-post__title\">\r\n                        <a href=\"https:\/\/us.edu.pl\/instytut\/int\/event\/kondycja-wspolczesnej-rodziny\/\">Kondycja wsp\u00f3\u0142czesnej rodziny<\/a>\r\n                    <\/h3>\r\n            \r\n                    <div class=\"article-loop-post__categories\">\r\n                        <a href=\"https:\/\/us.edu.pl\/instytut\/int\/category\/archiwum\/\">Archiwum<\/a><a href=\"https:\/\/us.edu.pl\/instytut\/int\/category\/konferencje\/\">Konferencje naukowe<\/a>\r\n                    <\/div>    \r\n                <\/div>\r\n            <\/article>\r\n        \r\n            <article class=\"article-loop-post carousel-slide\">\r\n                <a href=\"https:\/\/us.edu.pl\/instytut\/int\/event\/konferencja-naukowa-sanctissimus-dominus-noster-stulecie-administracji-apostolskiej-na-gornym-slasku-1922-2022\/\" class=\"article-loop-post__thumbnail thumbnail\"\r\n                    style=\"background-image: url(https:\/\/us.edu.pl\/instytut\/int\/wp-content\/uploads\/sites\/47\/Bez-kategorii\/Sanctissimus-plakat2.2-300x225.jpeg)\">\r\n                    <span>wi\u0119cej<\/span>\r\n                <\/a>\r\n\r\n                <div class=\"article-loop-post__content\">\r\n                    <h3 class=\"article-loop-post__title\">\r\n                        <a href=\"https:\/\/us.edu.pl\/instytut\/int\/event\/konferencja-naukowa-sanctissimus-dominus-noster-stulecie-administracji-apostolskiej-na-gornym-slasku-1922-2022\/\">Konferencja naukowa: Sanctissimus Dominus noster. Stulecie Administracji Apostolskiej na G\u00f3rnym \u015al\u0105sku (1922-2022)<\/a>\r\n                    <\/h3>\r\n            \r\n                    <div class=\"article-loop-post__categories\">\r\n                        <a href=\"https:\/\/us.edu.pl\/instytut\/int\/category\/archiwum\/\">Archiwum<\/a><a href=\"https:\/\/us.edu.pl\/instytut\/int\/category\/konferencje\/\">Konferencje naukowe<\/a>\r\n                    <\/div>    \r\n                <\/div>\r\n            <\/article>\r\n        \r\n            <article class=\"article-loop-post carousel-slide\">\r\n                <a href=\"https:\/\/us.edu.pl\/instytut\/int\/event\/procesy-malzenskie-w-xxi-wieku\/\" class=\"article-loop-post__thumbnail thumbnail\"\r\n                    style=\"background-image: url(https:\/\/us.edu.pl\/instytut\/int\/wp-content\/uploads\/sites\/47\/Bez-kategorii\/Marriage-process-in-the-21st-century-2-Maly-300x169.png)\">\r\n                    <span>wi\u0119cej<\/span>\r\n                <\/a>\r\n\r\n                <div class=\"article-loop-post__content\">\r\n                    <h3 class=\"article-loop-post__title\">\r\n                        <a href=\"https:\/\/us.edu.pl\/instytut\/int\/event\/procesy-malzenskie-w-xxi-wieku\/\">Procesy ma\u0142\u017ce\u0144skie w XXI. wieku<\/a>\r\n                    <\/h3>\r\n            \r\n                    <div class=\"article-loop-post__categories\">\r\n                        <a href=\"https:\/\/us.edu.pl\/instytut\/int\/category\/archiwum\/\">Archiwum<\/a><a href=\"https:\/\/us.edu.pl\/instytut\/int\/category\/konferencje\/\">Konferencje naukowe<\/a>\r\n                    <\/div>    \r\n                <\/div>\r\n            <\/article>\r\n        \n\t\t\t\t\t\t\t\t<\/div>\n\t\t\t\t\t\t  <\/div>\n\t\t\t\t\t <\/div>\n\t\t\t\t\t <\/div>\n\t\t\t\t<\/div>[\/vc_column][\/vc_row]<\/p>","protected":false},"excerpt":{"rendered":"<p>[vc_row][vc_column][\/vc_column][\/vc_row][vc_row][vc_column][\/vc_column][\/vc_row] [&#8230;]<\/p>\n<p><a class=\"btn btn-secondary understrap-read-more-link\" href=\"https:\/\/us.edu.pl\/instytut\/int\/2022\/05\/09\/procesy-malzenskie-w-xxi-wieku\/\">Read More&#8230;<\/a><\/p>\n","protected":false},"author":117,"featured_media":0,"parent":260,"menu_order":3,"comment_status":"closed","ping_status":"closed","template":"","meta":{"_expiration-date-status":"saved","_expiration-date":0,"_expiration-date-type":"","_expiration-date-categories":[],"_expiration-date-options":[]},"acf":[],"_links":{"self":[{"href":"https:\/\/us.edu.pl\/instytut\/int\/wp-json\/wp\/v2\/pages\/301"}],"collection":[{"href":"https:\/\/us.edu.pl\/instytut\/int\/wp-json\/wp\/v2\/pages"}],"about":[{"href":"https:\/\/us.edu.pl\/instytut\/int\/wp-json\/wp\/v2\/types\/page"}],"author":[{"embeddable":true,"href":"https:\/\/us.edu.pl\/instytut\/int\/wp-json\/wp\/v2\/users\/117"}],"replies":[{"embeddable":true,"href":"https:\/\/us.edu.pl\/instytut\/int\/wp-json\/wp\/v2\/comments?post=301"}],"version-history":[{"count":6,"href":"https:\/\/us.edu.pl\/instytut\/int\/wp-json\/wp\/v2\/pages\/301\/revisions"}],"predecessor-version":[{"id":1240,"href":"https:\/\/us.edu.pl\/instytut\/int\/wp-json\/wp\/v2\/pages\/301\/revisions\/1240"}],"up":[{"embeddable":true,"href":"https:\/\/us.edu.pl\/instytut\/int\/wp-json\/wp\/v2\/pages\/260"}],"wp:attachment":[{"href":"https:\/\/us.edu.pl\/instytut\/int\/wp-json\/wp\/v2\/media?parent=301"}],"curies":[{"name":"wp","href":"https:\/\/api.w.org\/{rel}","templated":true}]}}