{"id":58,"date":"2019-10-28T12:41:10","date_gmt":"2019-10-28T11:41:10","guid":{"rendered":"http:\/\/us.edu.pl\/instytut\/int\/?page_id=58"},"modified":"2019-10-28T12:41:10","modified_gmt":"2019-10-28T11:41:10","slug":"mapa-strony","status":"publish","type":"page","link":"https:\/\/us.edu.pl\/instytut\/int\/mapa-strony\/","title":{"rendered":"Mapa strony"},"content":{"rendered":"<p>[vc_row][vc_column]\r\n                <div class=\"text-modules\">\r\n                    <div class=\"container\">\r\n                        <h3 class=\"page-title text__title\">Mapa strony<\/h3>\r\n                        <div class=\"text-modules__content\"><div class=\"wsp-container\"><h2 class=\"wsp-pages-title\">Pages<\/h2>\n<ul class=\"wsp-pages-list\">\n<li class=\"page_item page-item-260 page_item_has_children\"><a href=\"https:\/\/us.edu.pl\/instytut\/int\/konferencje\/\">Konferencje<\/a>\n<ul class='children'>\n\t<li class=\"page_item page-item-299\"><a href=\"https:\/\/us.edu.pl\/instytut\/int\/konferencje\/nadeslane-zaproszenia\/\">Nades\u0142ane zaproszenia<\/a><\/li>\n\t<li class=\"page_item page-item-301\"><a href=\"https:\/\/us.edu.pl\/instytut\/int\/konferencje\/archiwum\/\">Archiwum<\/a><\/li>\n<\/ul>\n<\/li>\n<li class=\"page_item page-item-5\"><a href=\"https:\/\/us.edu.pl\/instytut\/int\/\">Strona g\u0142\u00f3wna INT<\/a><\/li>\n<li class=\"page_item page-item-263 page_item_has_children\"><a href=\"https:\/\/us.edu.pl\/instytut\/int\/bibliografie\/\">Bibliografie<\/a>\n<ul class='children'>\n\t<li class=\"page_item page-item-841\"><a href=\"https:\/\/us.edu.pl\/instytut\/int\/bibliografie\/bibliografia-gnostycka\/\">Bibliografia gnostycka<\/a><\/li>\n\t<li class=\"page_item page-item-833\"><a href=\"https:\/\/us.edu.pl\/instytut\/int\/bibliografie\/bibliografia-homiletyczna\/\">Bibliografia homiletyczna<\/a><\/li>\n\t<li class=\"page_item page-item-831\"><a href=\"https:\/\/us.edu.pl\/instytut\/int\/bibliografie\/nowa-ewangelizacja-wybor-bibliografii\/\">Bibliografia nowej ewangelizacji (wyb\u00f3r)<\/a><\/li>\n\t<li class=\"page_item page-item-839\"><a href=\"https:\/\/us.edu.pl\/instytut\/int\/bibliografie\/bibliografia-prac-magisterskich-z-historii-kosciola-na-gornym-slasku\/\">Bibliografia prac magisterskich z Historii Ko\u015bcio\u0142a na G\u00f3rnym \u015al\u0105sku<\/a><\/li>\n\t<li class=\"page_item page-item-835\"><a href=\"https:\/\/us.edu.pl\/instytut\/int\/bibliografie\/bibliografia-prawa-kanonicznego\/\">Bibliografia Prawa Kanonicznego<\/a><\/li>\n\t<li class=\"page_item page-item-829 page_item_has_children\"><a href=\"https:\/\/us.edu.pl\/instytut\/int\/bibliografie\/bibliografia-zawartosci-studiow-pastoralnych\/\">Bibliografia \u201eStudi\u00f3w Pastoralnych\u201d<\/a>\n\t<ul class='children'>\n\t\t<li class=\"page_item page-item-3244 page_item_has_children\"><a href=\"https:\/\/us.edu.pl\/instytut\/int\/bibliografie\/bibliografia-zawartosci-studiow-pastoralnych\/bibliografia-zawartosci-studiow-pastoralnych-2015-2024\/\">Bibliografia zawarto\u015bci \u201eStudi\u00f3w Pastoralnych\u201d (2015-2024)<\/a>\n\t\t<ul class='children'>\n\t\t\t<li class=\"page_item page-item-3252\"><a href=\"https:\/\/us.edu.pl\/instytut\/int\/bibliografie\/bibliografia-zawartosci-studiow-pastoralnych\/bibliografia-zawartosci-studiow-pastoralnych-2015-2024\/bibliografia-zawartosci-studiow-pastoralnych-2005-2014\/\">Bibliografia zawarto\u015bci \u201eStudi\u00f3w Pastoralnych\u201d (2005-2014)<\/a><\/li>\n\t\t<\/ul>\n<\/li>\n\t<\/ul>\n<\/li>\n\t<li class=\"page_item page-item-837\"><a href=\"https:\/\/us.edu.pl\/instytut\/int\/bibliografie\/bibliografia-zawartosci-ssht\/\">Bibliografia &#8222;\u015al\u0105skich Studi\u00f3w Historyczno-Teologicznych&#8221;<\/a><\/li>\n<\/ul>\n<\/li>\n<li class=\"page_item page-item-303 page_item_has_children\"><a href=\"https:\/\/us.edu.pl\/instytut\/int\/strefa-pracownika-instytutu\/\">Strefa pracownika Instytutu<\/a>\n<ul class='children'>\n\t<li class=\"page_item page-item-305\"><a href=\"https:\/\/us.edu.pl\/instytut\/int\/strefa-pracownika-instytutu\/regulaminy-wewnetrzne\/\">Regulaminy wewn\u0119trzne<\/a><\/li>\n\t<li class=\"page_item page-item-307\"><a href=\"https:\/\/us.edu.pl\/instytut\/int\/strefa-pracownika-instytutu\/wazne-akty-prawne-uczelni\/\">Wa\u017cne akty prawne Uczelni<\/a><\/li>\n\t<li class=\"page_item page-item-309\"><a href=\"https:\/\/us.edu.pl\/instytut\/int\/strefa-pracownika-instytutu\/procedury\/\">Procedury<\/a><\/li>\n<\/ul>\n<\/li>\n<li class=\"page_item page-item-568\"><a href=\"https:\/\/us.edu.pl\/instytut\/int\/test_wojtek\/\">Strona do test\u00f3w<\/a><\/li>\n<li class=\"page_item page-item-58\"><a href=\"https:\/\/us.edu.pl\/instytut\/int\/mapa-strony\/\">Mapa strony<\/a><\/li>\n<li class=\"page_item page-item-62\"><a href=\"https:\/\/us.edu.pl\/instytut\/int\/wszystko\/\">Wszystko<\/a><\/li>\n<li class=\"page_item page-item-135 page_item_has_children\"><a href=\"https:\/\/us.edu.pl\/instytut\/int\/projekty-badawcze\/\">Projekty badawcze<\/a>\n<ul class='children'>\n\t<li class=\"page_item page-item-594\"><a href=\"https:\/\/us.edu.pl\/instytut\/int\/projekty-badawcze\/projekty-indywidualne\/\">Projekty indywidualne<\/a><\/li>\n\t<li class=\"page_item page-item-613\"><a href=\"https:\/\/us.edu.pl\/instytut\/int\/projekty-badawcze\/projekty-zespolowe\/\">Projekty zespo\u0142owe<\/a><\/li>\n\t<li class=\"page_item page-item-878\"><a href=\"https:\/\/us.edu.pl\/instytut\/int\/projekty-badawcze\/projekty-indywidualne-zakonczone\/\">Projekty indywidualne (zako\u0144czone)<\/a><\/li>\n\t<li class=\"page_item page-item-880\"><a href=\"https:\/\/us.edu.pl\/instytut\/int\/projekty-badawcze\/projekty-zespolowe-zakonczone\/\">Projekty zespo\u0142owe (zako\u0144czone)<\/a><\/li>\n<\/ul>\n<\/li>\n<li class=\"page_item page-item-141 page_item_has_children\"><a href=\"https:\/\/us.edu.pl\/instytut\/int\/publikacjeint\/\">Publikacje<\/a>\n<ul class='children'>\n\t<li class=\"page_item page-item-168\"><a href=\"https:\/\/us.edu.pl\/instytut\/int\/publikacjeint\/publikacje-zwarte\/\">Serie wydawnicze<\/a><\/li>\n\t<li class=\"page_item page-item-173\"><a href=\"https:\/\/us.edu.pl\/instytut\/int\/publikacjeint\/czasopisma\/\">Czasopisma<\/a><\/li>\n<\/ul>\n<\/li>\n<li class=\"page_item page-item-915\"><a href=\"https:\/\/us.edu.pl\/instytut\/int\/lectio-magistralis-internationalis\/\">Lectio Magistralis Internationalis<\/a><\/li>\n<li class=\"page_item page-item-443\"><a href=\"https:\/\/us.edu.pl\/instytut\/int\/aaaa\/\">aaaa<\/a><\/li>\n<li class=\"page_item page-item-1475\"><a href=\"https:\/\/us.edu.pl\/instytut\/int\/ewaluacja-2017-2021\/\">Ewaluacja dzia\u0142alno\u015bci naukowej<\/a><\/li>\n<li class=\"page_item page-item-461\"><a href=\"https:\/\/us.edu.pl\/instytut\/int\/461-2\/\">#461 (bez tytu\u0142u)<\/a><\/li>\n<li class=\"page_item page-item-212 page_item_has_children\"><a href=\"https:\/\/us.edu.pl\/instytut\/int\/instytut\/\">Instytut Nauk Teologicznych<\/a>\n<ul class='children'>\n\t<li class=\"page_item page-item-293\"><a href=\"https:\/\/us.edu.pl\/instytut\/int\/instytut\/wladze\/\">W\u0142adze<\/a><\/li>\n\t<li class=\"page_item page-item-800\"><a href=\"https:\/\/us.edu.pl\/instytut\/int\/instytut\/800-2\/\">Rada Naukowa<\/a><\/li>\n\t<li class=\"page_item page-item-291\"><a href=\"https:\/\/us.edu.pl\/instytut\/int\/instytut\/pracownicy\/\">Pracownicy<\/a><\/li>\n\t<li class=\"page_item page-item-295\"><a href=\"https:\/\/us.edu.pl\/instytut\/int\/instytut\/biuro-ewaluacji-i-obslugi-instytutu\/\">Biuro ewaluacji i obs\u0142ugi Instytutu<\/a><\/li>\n\t<li class=\"page_item page-item-60\"><a href=\"https:\/\/us.edu.pl\/instytut\/int\/instytut\/kontakt\/\">Kontakt<\/a><\/li>\n<\/ul>\n<\/li>\n<li class=\"page_item page-item-4351\"><a href=\"https:\/\/us.edu.pl\/instytut\/int\/uniservitate\/\">Uniservitate<\/a><\/li>\n<\/ul>\n<\/div>\n<\/div>\r\n                    <\/div>\r\n                <\/div>[\/vc_column][\/vc_row]<\/p>","protected":false},"excerpt":{"rendered":"<p>[vc_row][vc_column][\/vc_column][\/vc_row] [&#8230;]<\/p>\n<p><a class=\"btn btn-secondary understrap-read-more-link\" href=\"https:\/\/us.edu.pl\/instytut\/int\/mapa-strony\/\">Read More&#8230;<\/a><\/p>\n","protected":false},"author":24,"featured_media":0,"parent":0,"menu_order":0,"comment_status":"closed","ping_status":"closed","template":"","meta":{"_expiration-date-status":"","_expiration-date":0,"_expiration-date-type":"","_expiration-date-categories":[],"_expiration-date-options":[]},"acf":[],"_links":{"self":[{"href":"https:\/\/us.edu.pl\/instytut\/int\/wp-json\/wp\/v2\/pages\/58"}],"collection":[{"href":"https:\/\/us.edu.pl\/instytut\/int\/wp-json\/wp\/v2\/pages"}],"about":[{"href":"https:\/\/us.edu.pl\/instytut\/int\/wp-json\/wp\/v2\/types\/page"}],"author":[{"embeddable":true,"href":"https:\/\/us.edu.pl\/instytut\/int\/wp-json\/wp\/v2\/users\/24"}],"replies":[{"embeddable":true,"href":"https:\/\/us.edu.pl\/instytut\/int\/wp-json\/wp\/v2\/comments?post=58"}],"version-history":[{"count":1,"href":"https:\/\/us.edu.pl\/instytut\/int\/wp-json\/wp\/v2\/pages\/58\/revisions"}],"predecessor-version":[{"id":59,"href":"https:\/\/us.edu.pl\/instytut\/int\/wp-json\/wp\/v2\/pages\/58\/revisions\/59"}],"wp:attachment":[{"href":"https:\/\/us.edu.pl\/instytut\/int\/wp-json\/wp\/v2\/media?parent=58"}],"curies":[{"name":"wp","href":"https:\/\/api.w.org\/{rel}","templated":true}]}}