{"id":878,"date":"2021-03-11T13:16:44","date_gmt":"2021-03-11T12:16:44","guid":{"rendered":"https:\/\/us.edu.pl\/instytut\/int\/?page_id=878"},"modified":"2026-01-29T11:54:37","modified_gmt":"2026-01-29T10:54:37","slug":"projekty-indywidualne-zakonczone","status":"publish","type":"page","link":"https:\/\/us.edu.pl\/instytut\/int\/projekty-badawcze\/projekty-indywidualne-zakonczone\/","title":{"rendered":"Projekty indywidualne (zako\u0144czone)"},"content":{"rendered":"<p>[vc_row][vc_column]\r\n                <div class=\"text-modules\">\r\n                    <div class=\"container\">\r\n                        <h3 class=\"page-title text__title\">Projekty indywidualne (zako\u0144czone)<\/h3>\r\n                        <div class=\"text-modules__content\"><p>Wielu pracownik\u00f3w Instytutu Nauk Teologicznych prowadzi indywidualn\u0105 dzia\u0142alno\u015b\u0107 naukow\u0105. Wachlarz zainteresowa\u0144 badawczych jest bardzo szeroki, a projekty dotycz\u0105 praktycznie wszystkich subdyscyplin teologicznych. Nie brak r\u00f3wnie\u017c bada\u0144 interdyscyplinarnych. Poni\u017cej prezentujemy projekty zako\u0144czone, a realizowane w ramach naszego Instytutu w latach ubieg\u0142ych.<\/p>\n<\/div>\r\n                    <\/div>\r\n                <\/div>[\/vc_column][\/vc_row]<\/p>","protected":false},"excerpt":{"rendered":"<p>[vc_row][vc_column][\/vc_column][\/vc_row] [&#8230;]<\/p>\n<p><a class=\"btn btn-secondary understrap-read-more-link\" href=\"https:\/\/us.edu.pl\/instytut\/int\/projekty-badawcze\/projekty-indywidualne-zakonczone\/\">Read More&#8230;<\/a><\/p>\n","protected":false},"author":120,"featured_media":0,"parent":135,"menu_order":2,"comment_status":"closed","ping_status":"closed","template":"page-templates\/inner-page-with-bookmarks.php","meta":{"_expiration-date-status":"","_expiration-date":0,"_expiration-date-type":"","_expiration-date-categories":[],"_expiration-date-options":[]},"acf":[],"_links":{"self":[{"href":"https:\/\/us.edu.pl\/instytut\/int\/wp-json\/wp\/v2\/pages\/878"}],"collection":[{"href":"https:\/\/us.edu.pl\/instytut\/int\/wp-json\/wp\/v2\/pages"}],"about":[{"href":"https:\/\/us.edu.pl\/instytut\/int\/wp-json\/wp\/v2\/types\/page"}],"author":[{"embeddable":true,"href":"https:\/\/us.edu.pl\/instytut\/int\/wp-json\/wp\/v2\/users\/120"}],"replies":[{"embeddable":true,"href":"https:\/\/us.edu.pl\/instytut\/int\/wp-json\/wp\/v2\/comments?post=878"}],"version-history":[{"count":10,"href":"https:\/\/us.edu.pl\/instytut\/int\/wp-json\/wp\/v2\/pages\/878\/revisions"}],"predecessor-version":[{"id":4201,"href":"https:\/\/us.edu.pl\/instytut\/int\/wp-json\/wp\/v2\/pages\/878\/revisions\/4201"}],"up":[{"embeddable":true,"href":"https:\/\/us.edu.pl\/instytut\/int\/wp-json\/wp\/v2\/pages\/135"}],"wp:attachment":[{"href":"https:\/\/us.edu.pl\/instytut\/int\/wp-json\/wp\/v2\/media?parent=878"}],"curies":[{"name":"wp","href":"https:\/\/api.w.org\/{rel}","templated":true}]}}