{"id":2,"date":"2019-09-30T14:11:37","date_gmt":"2019-09-30T12:11:37","guid":{"rendered":"https:\/\/us.edu.pl\/is\/?page_id=2"},"modified":"2022-04-14T11:11:45","modified_gmt":"2022-04-14T09:11:45","slug":"przykladowa-strona","status":"publish","type":"page","link":"https:\/\/us.edu.pl\/instytut\/is\/","title":{"rendered":"Strona g\u0142\u00f3wna"},"content":{"rendered":"<p>[vc_row][vc_column]\n            <div data-autotime=\"5\" class=\"slider reverse color_white bg_\" >\n                  <div class=\"slide slide_css\">\n                     <div class=\"slide__content_container container\">\n                        <div class=\"slide__content\">\n                           <a href=\"\" class=\"slide__link\">\n                              <div class=\"slide__title\">Instytut Socjologii<\/div>\n                              <div class=\"slide__text\">Instytut Socjologii jest renomowanym o\u015brodkiem naukowym zrzeszaj\u0105cym grono wybitnych badaczy. Wielokierunkowa dzia\u0142alno\u015b\u0107 Instytutu przyczynia si\u0119 do rozwoju teorii socjologii oraz dostarcza praktycznych informacji instytucjom pa\u0144stwowym i \u015brodowisku biznesowemu.<\/div>\n                           <\/a>\n                        <\/div>\n                     <\/div>\n                     <a href=\"\" class=\"slide__img thumbnail\"\n                           style=\"background-image: url('https:\/\/us.edu.pl\/instytut\/is\/wp-content\/uploads\/sites\/34\/Nieprzypisane\/strona1.jpg')\">\n                           <span class=\"d-none\">Instytut Socjologii Instytut Socjologii jest renomowanym o\u015brodkiem naukowym zrzeszaj\u0105cym grono wybitnych badaczy. Wielokierunkowa dzia\u0142alno\u015b\u0107 Instytutu przyczynia si\u0119 do rozwoju teorii socjologii oraz dostarcza praktycznych informacji instytucjom pa\u0144stwowym i \u015brodowisku biznesowemu.<\/span>\n                     <\/a>\n                  <\/div>\n                  <div class=\"slide slide_css\">\n                     <div class=\"slide__content_container container\">\n                        <div class=\"slide__content\">\n                           <a href=\"\" class=\"slide__link\">\n                              <div class=\"slide__title\">Instytut Socjologii<\/div>\n                              <div class=\"slide__text\">Wa\u017cn\u0105 cech\u0105 Instytutu s\u0105 mi\u0119dzynarodowe relacje i projekty badawcze.  \nInstytut Socjologii jest widocznym i cenionym podmiotem w sferze naukowej dzia\u0142alno\u015bci \u2013 tak w wymiarze krajowym, jak i mi\u0119dzynarodowym.\n<\/div>\n                           <\/a>\n                        <\/div>\n                     <\/div>\n                     <a href=\"\" class=\"slide__img thumbnail\"\n                           style=\"background-image: url('https:\/\/us.edu.pl\/instytut\/is\/wp-content\/uploads\/sites\/34\/Nieprzypisane\/strona-2-960x575.jpg')\">\n                           <span class=\"d-none\">Instytut Socjologii Wa\u017cn\u0105 cech\u0105 Instytutu s\u0105 mi\u0119dzynarodowe relacje i projekty badawcze.  \nInstytut Socjologii jest widocznym i cenionym podmiotem w sferze naukowej dzia\u0142alno\u015bci \u2013 tak w wymiarze krajowym, jak i mi\u0119dzynarodowym.\n<\/span>\n                     <\/a>\n                  <\/div>\n                <div class=\"slider__controls\">\n                    <div class=\"slider__dots\"><\/div>\n                    <div class=\"slider__actions\">\n                        <a href=\"#\" class=\"arrow\" data-direction=\"prev\" title=\"poprzedni slajd\">\n                            <em class=\"ci ci-arrow-left\"><\/em>\n                            <span class=\"d-none\">control<\/span>\n                        <\/a>\n            \n                        <a href=\"#\" class=\"start-pause\" data-action=\"stop\" title=\"wstrzymaj poruszanie si\u0119 slajd\u00f3w\">\n                            <em class=\"ci ci-pause\"><\/em>\n                            <span class=\"d-none\">control<\/span>\n                        <\/a>\n            \n                       \n                        <a href=\"#\" class=\"arrow\" data-direction=\"next\"  title=\"Kolejny slajd\" >\n                            <em class=\"ci ci-arrow-right\"><\/em>\n                            <span class=\"d-none\">control<\/span>\n                        <\/a>\n                    <\/div>\n                <\/div>\n            <\/div>[vc_empty_space]\n\t\t\t\t<input type=\"hidden\" name=\"promoted_only\" value=\"\">\n\t\t\t\t<input type=\"hidden\" name=\"order\" value=\"DESC\">\n\t\t\t\t<input type=\"hidden\" name=\"order_by\" value=\"post_date\">\n\n\t\t\t\t<div class=\"article-loop loop-section article-loop_tall color-blue\" style=\"background: \">\n\t\t\t\t\t <div class=\"container \">\n\t\t\t\t\t \t<div class=\"col-12 article-loop-gutter-left\">\n\t\t\t\t\t\t  <div class=\"article-loop-top loop-section-top\">\n\t\t\t\t\t\t\t\t<h2 class=\"section-title\">Wiadomo\u015bci instytutowe<\/h2><div class=\"article-loop-top_right loop-section-top__right\" >\n\t\t\t\t\t\t\t\t\t <select name=\"sort\" title = \"filter by category\"\n\t\t\t\t\t\t\t\t\t\t  class=\"article-loop-sort\" >\n\t\t\t\t\t\t\t\t\t\t  <option value = \"\" selected disabled > filtrowanie wed\u0142ug kategorii<\/option>\n\t\t\t\t\t\t\t\t\t\t  <option value = \"34-10\" > Wszystko<\/option> <option data-link='https:\/\/us.edu.pl\/instytut\/is\/category\/wiadomosci\/informacje\/' value='34-10'>Informacje<\/option><\/select>    <a href = \"https:\/\/us.edu.pl\/instytut\/is\/\/category\/wiadomosci\" class=\"link-button \" > Wszystko<\/a><\/div>  \n\t\t\t\t\t\t  <\/div>\n\t\t\t\t\t\t  <div class=\"article-loop-main carousel\" data-home-url=\"https:\/\/us.edu.pl\/instytut\/is\" >\n\t\t\t\t\t\t\t\t<a href = \"#\" data-slide = \"prev\" title=\"przesu\u0144 pasek Wiadomo\u015bci instytutowew lewo\" class=\"arrow\" >\n\t\t\t\t\t\t\t\t\t <em class=\"ci ci-arrow-left\" ><\/em >\n\t\t\t\t\t\t\t\t\t <span class=\"d-none\" > arrow<\/span >\n\t\t\t\t\t\t\t\t<\/a>\n\t \n\t\t\t\t\t\t\t\t<a href = \"#\" data-slide = \"next\" title=\"przesu\u0144 pasek Wiadomo\u015bci instytutowe w prawo\" class=\"arrow\" >\n\t\t\t\t\t\t\t\t\t <em class=\"ci ci-arrow-right\" ><\/em >\n\t\t\t\t\t\t\t\t\t <span class=\"d-none\" > arrow<\/span >\n\t\t\t\t\t\t\t\t<\/a>\n\t\t\t\t\t\t\t\t<div class=\"row items\" >\n\t\t\t\t\t\t\t\t\t \r\n            <article class=\"article-loop-post carousel-slide\">\r\n                <a href=\"https:\/\/us.edu.pl\/instytut\/is\/2026\/04\/01\/zakonczenie-realizacji-miedzynarodowego-projektu-mecog-ce-i-podpisanie-porozumienia-o-dalszej-wspolpracy-partnerow\/\" class=\"article-loop-post__thumbnail thumbnail\"\r\n                    style=\"background-image: url(https:\/\/us.edu.pl\/instytut\/is\/wp-content\/uploads\/sites\/34\/Bez-kategorii\/Zespol-realizujacy-projekt-MECOG-CE-w-US-225x300.jpg)\">\r\n                    <span>wi\u0119cej<\/span>\r\n                <\/a>\r\n\r\n                <div class=\"article-loop-post__content\">\r\n                    <h3 class=\"article-loop-post__title\">\r\n                        <a href=\"https:\/\/us.edu.pl\/instytut\/is\/2026\/04\/01\/zakonczenie-realizacji-miedzynarodowego-projektu-mecog-ce-i-podpisanie-porozumienia-o-dalszej-wspolpracy-partnerow\/\">Zako\u0144czenie realizacji mi\u0119dzynarodowego projektu MECOG-CE i podpisanie porozumienia o dalszej wsp\u00f3\u0142pracy partner\u00f3w<\/a>\r\n                    <\/h3>\r\n            \r\n                    <div class=\"article-loop-post__categories\">\r\n                        <a href=\"https:\/\/us.edu.pl\/instytut\/is\/category\/wiadomosci\/informacje\/\">Informacje<\/a><a href=\"https:\/\/us.edu.pl\/instytut\/is\/category\/wiadomosci\/\">Wiadomo\u015bci<\/a>\r\n                    <\/div>    \r\n                <\/div>\r\n            <\/article>\r\n        \r\n            <article class=\"article-loop-post carousel-slide\">\r\n                <a href=\"https:\/\/us.edu.pl\/instytut\/is\/2026\/03\/09\/nowe-ksiazki-autorstwa-pracownikow-instytutu\/\" class=\"article-loop-post__thumbnail thumbnail\"\r\n                    style=\"background-image: url(https:\/\/us.edu.pl\/instytut\/is\/wp-content\/uploads\/sites\/34\/Bez-kategorii\/tama66-typewriter-8622984_1920-300x200.jpg)\">\r\n                    <span>wi\u0119cej<\/span>\r\n                <\/a>\r\n\r\n                <div class=\"article-loop-post__content\">\r\n                    <h3 class=\"article-loop-post__title\">\r\n                        <a href=\"https:\/\/us.edu.pl\/instytut\/is\/2026\/03\/09\/nowe-ksiazki-autorstwa-pracownikow-instytutu\/\">Nowe ksi\u0105\u017cki autorstwa pracownik\u00f3w Instytutu<\/a>\r\n                    <\/h3>\r\n            \r\n                    <div class=\"article-loop-post__categories\">\r\n                        <a href=\"https:\/\/us.edu.pl\/instytut\/is\/category\/wiadomosci\/informacje\/\">Informacje<\/a><a href=\"https:\/\/us.edu.pl\/instytut\/is\/category\/wiadomosci\/\">Wiadomo\u015bci<\/a>\r\n                    <\/div>    \r\n                <\/div>\r\n            <\/article>\r\n        \r\n            <article class=\"article-loop-post carousel-slide\">\r\n                <a href=\"https:\/\/us.edu.pl\/instytut\/is\/2026\/03\/09\/zaproszenie-na-miedzynarodowa-konferencje\/\" class=\"article-loop-post__thumbnail thumbnail\"\r\n                    style=\"background-image: url(https:\/\/us.edu.pl\/instytut\/is\/wp-content\/uploads\/sites\/34\/Bez-kategorii\/zaproszenie-na-konferencje-300x200.jpg)\">\r\n                    <span>wi\u0119cej<\/span>\r\n                <\/a>\r\n\r\n                <div class=\"article-loop-post__content\">\r\n                    <h3 class=\"article-loop-post__title\">\r\n                        <a href=\"https:\/\/us.edu.pl\/instytut\/is\/2026\/03\/09\/zaproszenie-na-miedzynarodowa-konferencje\/\">Zaproszenie na mi\u0119dzynarodow\u0105 konferencj\u0119<\/a>\r\n                    <\/h3>\r\n            \r\n                    <div class=\"article-loop-post__categories\">\r\n                        <a href=\"https:\/\/us.edu.pl\/instytut\/is\/category\/wiadomosci\/informacje\/\">Informacje<\/a><a href=\"https:\/\/us.edu.pl\/instytut\/is\/category\/wiadomosci\/\">Wiadomo\u015bci<\/a>\r\n                    <\/div>    \r\n                <\/div>\r\n            <\/article>\r\n        \r\n            <article class=\"article-loop-post carousel-slide\">\r\n                <a href=\"https:\/\/us.edu.pl\/instytut\/is\/2026\/03\/09\/premiera-ksiazki-pod-jednym-dachem\/\" class=\"article-loop-post__thumbnail thumbnail\"\r\n                    style=\"background-image: url(https:\/\/us.edu.pl\/instytut\/is\/wp-content\/uploads\/sites\/34\/Bez-kategorii\/642631479_18383582017081410_1312839181956882268_n-300x300.jpg)\">\r\n                    <span>wi\u0119cej<\/span>\r\n                <\/a>\r\n\r\n                <div class=\"article-loop-post__content\">\r\n                    <h3 class=\"article-loop-post__title\">\r\n                        <a href=\"https:\/\/us.edu.pl\/instytut\/is\/2026\/03\/09\/premiera-ksiazki-pod-jednym-dachem\/\">Premiera ksi\u0105\u017cki \u201ePod jednym dachem\u201d<\/a>\r\n                    <\/h3>\r\n            \r\n                    <div class=\"article-loop-post__categories\">\r\n                        <a href=\"https:\/\/us.edu.pl\/instytut\/is\/category\/wiadomosci\/informacje\/\">Informacje<\/a><a href=\"https:\/\/us.edu.pl\/instytut\/is\/category\/wiadomosci\/\">Wiadomo\u015bci<\/a>\r\n                    <\/div>    \r\n                <\/div>\r\n            <\/article>\r\n        \r\n            <article class=\"article-loop-post carousel-slide\">\r\n                <a href=\"https:\/\/us.edu.pl\/instytut\/is\/2025\/12\/08\/zmarl-dr-wojciech-blasiak\/\" class=\"article-loop-post__thumbnail thumbnail\"\r\n                    style=\"background-image: url(https:\/\/us.edu.pl\/instytut\/is\/wp-content\/uploads\/sites\/34\/Bez-kategorii\/dr-Wojciech-Blasiak-300x253.jpg)\">\r\n                    <span>wi\u0119cej<\/span>\r\n                <\/a>\r\n\r\n                <div class=\"article-loop-post__content\">\r\n                    <h3 class=\"article-loop-post__title\">\r\n                        <a href=\"https:\/\/us.edu.pl\/instytut\/is\/2025\/12\/08\/zmarl-dr-wojciech-blasiak\/\">Zmar\u0142 dr Wojciech B\u0142asiak<\/a>\r\n                    <\/h3>\r\n            \r\n                    <div class=\"article-loop-post__categories\">\r\n                        <a href=\"https:\/\/us.edu.pl\/instytut\/is\/category\/wiadomosci\/informacje\/\">Informacje<\/a><a href=\"https:\/\/us.edu.pl\/instytut\/is\/category\/wiadomosci\/\">Wiadomo\u015bci<\/a>\r\n                    <\/div>    \r\n                <\/div>\r\n            <\/article>\r\n        \r\n            <article class=\"article-loop-post carousel-slide\">\r\n                <a href=\"https:\/\/us.edu.pl\/instytut\/is\/2025\/11\/14\/projekt-mecog-ce-nowe-rozwiazania-dla-obszarow-metropolitalnych-w-europie-srodkowej\/\" class=\"article-loop-post__thumbnail thumbnail\"\r\n                    style=\"background-image: url(https:\/\/us.edu.pl\/instytut\/is\/wp-content\/uploads\/sites\/34\/Bez-kategorii\/Zespol-Instytutu-Socjologii-US-na-spotkaniu-projektu-MECOG-CE-300x270.jpg)\">\r\n                    <span>wi\u0119cej<\/span>\r\n                <\/a>\r\n\r\n                <div class=\"article-loop-post__content\">\r\n                    <h3 class=\"article-loop-post__title\">\r\n                        <a href=\"https:\/\/us.edu.pl\/instytut\/is\/2025\/11\/14\/projekt-mecog-ce-nowe-rozwiazania-dla-obszarow-metropolitalnych-w-europie-srodkowej\/\">Projekt MECOG-CE: nowe rozwi\u0105zania dla obszar\u00f3w metropolitalnych w Europie \u015arodkowej<\/a>\r\n                    <\/h3>\r\n            \r\n                    <div class=\"article-loop-post__categories\">\r\n                        <a href=\"https:\/\/us.edu.pl\/instytut\/is\/category\/wiadomosci\/informacje\/\">Informacje<\/a><a href=\"https:\/\/us.edu.pl\/instytut\/is\/category\/wiadomosci\/\">Wiadomo\u015bci<\/a>\r\n                    <\/div>    \r\n                <\/div>\r\n            <\/article>\r\n        \r\n            <article class=\"article-loop-post carousel-slide\">\r\n                <a href=\"https:\/\/us.edu.pl\/instytut\/is\/2025\/10\/24\/warsztaty-ze-studentami-slaskich-uczelni-zwiazane-z-modyfikacja-strategii-rozwoju-wojewodztwa-slaskiego-slaskie-2030\/\" class=\"article-loop-post__thumbnail thumbnail\"\r\n                    style=\"background-image: url(https:\/\/us.edu.pl\/instytut\/is\/wp-content\/uploads\/sites\/34\/Bez-kategorii\/19197921-300x200.jpg)\">\r\n                    <span>wi\u0119cej<\/span>\r\n                <\/a>\r\n\r\n                <div class=\"article-loop-post__content\">\r\n                    <h3 class=\"article-loop-post__title\">\r\n                        <a href=\"https:\/\/us.edu.pl\/instytut\/is\/2025\/10\/24\/warsztaty-ze-studentami-slaskich-uczelni-zwiazane-z-modyfikacja-strategii-rozwoju-wojewodztwa-slaskiego-slaskie-2030\/\">Warsztaty ze studentami \u015bl\u0105skich uczelni zwi\u0105zane z modyfikacj\u0105 Strategii Rozwoju Wojew\u00f3dztwa \u015al\u0105skiego \u201e\u015al\u0105skie 2030\u201d<\/a>\r\n                    <\/h3>\r\n            \r\n                    <div class=\"article-loop-post__categories\">\r\n                        <a href=\"https:\/\/us.edu.pl\/instytut\/is\/category\/wiadomosci\/informacje\/\">Informacje<\/a><a href=\"https:\/\/us.edu.pl\/instytut\/is\/category\/wiadomosci\/\">Wiadomo\u015bci<\/a>\r\n                    <\/div>    \r\n                <\/div>\r\n            <\/article>\r\n        \r\n            <article class=\"article-loop-post carousel-slide\">\r\n                <a href=\"https:\/\/us.edu.pl\/instytut\/is\/2025\/09\/12\/udzial-dr-zuzanny-neuve-eglise-w-miedzynarodowej-konferencji-european-sociological-association\/\" class=\"article-loop-post__thumbnail thumbnail\"\r\n                    style=\"background-image: url(https:\/\/us.edu.pl\/instytut\/is\/wp-content\/uploads\/sites\/34\/Bez-kategorii\/Sesja-plenarna-ESA-RN37-Mid-term-conference-w-Coimbrze-300x225.jpg)\">\r\n                    <span>wi\u0119cej<\/span>\r\n                <\/a>\r\n\r\n                <div class=\"article-loop-post__content\">\r\n                    <h3 class=\"article-loop-post__title\">\r\n                        <a href=\"https:\/\/us.edu.pl\/instytut\/is\/2025\/09\/12\/udzial-dr-zuzanny-neuve-eglise-w-miedzynarodowej-konferencji-european-sociological-association\/\">Udzia\u0142 dr Zuzanny Neuve-\u00c9glise w Mi\u0119dzynarodowej Konferencji European Sociological Association<\/a>\r\n                    <\/h3>\r\n            \r\n                    <div class=\"article-loop-post__categories\">\r\n                        <a href=\"https:\/\/us.edu.pl\/instytut\/is\/category\/wiadomosci\/informacje\/\">Informacje<\/a><a href=\"https:\/\/us.edu.pl\/instytut\/is\/category\/wiadomosci\/\">Wiadomo\u015bci<\/a>\r\n                    <\/div>    \r\n                <\/div>\r\n            <\/article>\r\n        \n\t\t\t\t\t\t\t\t<\/div>\n\t\t\t\t\t\t  <\/div>\n\t\t\t\t\t <\/div>\n\t\t\t\t\t <\/div>\n\t\t\t\t<\/div>\r\n                <div class=\"title-with-link color-blue\" style=\"background: #EBEBEB\">\r\n                    <div class=\"container\">\r\n                        <div class=\"title-with-link-container \">\r\n                            <div class=\"title-with-link__title\"><span>NOWE GRANTY NAUKOWE<\/span><\/div>\r\n                            <a href=\"https:\/\/us.edu.pl\/instytut\/is\/granty\/\" class=\"title-with-link__link\">sprawd\u017a<\/a>\r\n                        <\/div>\r\n                    <\/div>\r\n                <\/div>\r\n            \r\n                <div class=\"tiles-section\" style=\"background: \">\r\n                    <div class=\"container\">\r\n                        <div class=\"tiles tiles-5 color-blue\">\r\n                            <a href=\"http:\/\/us.edu.pl\/instytut\/is\/badania\/\" class=\"tile tile_2\">\r\n                                <div class=\"tile__img\">\r\n                                    \r\n                                <\/div>\r\n                                <div class=\"tile__title-small\"><\/div>\r\n                                <div class=\"tile__title-big\">Badania<\/div>\r\n                            <\/a>\r\n                            <a href=\"https:\/\/us.edu.pl\/instytut\/is\/publikacje1\/\" class=\"tile tile_2\">\r\n                                <div class=\"tile__img\">\r\n                                    \r\n                                <\/div>\r\n                                <div class=\"tile__title-small\"><\/div>\r\n                                <div class=\"tile__title-big\">Publikacje<\/div>\r\n                            <\/a>\r\n                            <a href=\"http:\/\/us.edu.pl\/instytut\/is\/wydarzenia\/\" class=\"tile tile_2\">\r\n                                <div class=\"tile__img\">\r\n                                    \r\n                                <\/div>\r\n                                <div class=\"tile__title-small\"><\/div>\r\n                                <div class=\"tile__title-big\">Wydarzenia<\/div>\r\n                            <\/a>\r\n                            <a href=\"http:\/\/us.edu.pl\/instytut\/is\/wspolpraca\/\" class=\"tile tile_2\">\r\n                                <div class=\"tile__img\">\r\n                                    \r\n                                <\/div>\r\n                                <div class=\"tile__title-small\"><\/div>\r\n                                <div class=\"tile__title-big\">Wsp\u00f3\u0142praca<\/div>\r\n                            <\/a>\r\n                            <a href=\"http:\/\/us.edu.pl\/instytut\/is\/nasi-absolwenci\/\" class=\"tile tile_2\">\r\n                                <div class=\"tile__img\">\r\n                                    \r\n                                <\/div>\r\n                                <div class=\"tile__title-small\"><\/div>\r\n                                <div class=\"tile__title-big\">Nasi Absolwenci<\/div>\r\n                            <\/a><\/div>\r\n                    <\/div>\r\n                <\/div>\r\n                \r\n                <div class='logos'>\r\n                    <div class='container'>\r\n                        <h3 class='page-title'><\/h3>\r\n                        <div class='logos-blocks bg-blue'> \r\n               \r\n                            \r\n                        <a href=\"\" title=\"konferencje\"\r\n                         class=\"logos-blocks__item carousel-slide\">\r\n                            <div class=\"logos-blocks__img\">\r\n                                <img src=\"https:\/\/us.edu.pl\/instytut\/is\/wp-content\/uploads\/sites\/34\/2019\/10\/ksi\u0105\u017cka.png\" alt=\"konferencje\">\r\n                            <\/div>\r\n                            <span>konferencje<\/span>\r\n                        <\/a>\r\n                        <a href=\"https:\/\/www.ciniba.edu.pl\/\" title=\"biblioteka\"\r\n                         class=\"logos-blocks__item carousel-slide\">\r\n                            <div class=\"logos-blocks__img\">\r\n                                <img src=\"https:\/\/us.edu.pl\/instytut\/is\/wp-content\/uploads\/sites\/34\/Nieprzypisane\/wydawnictwo.png\" alt=\"biblioteka\">\r\n                            <\/div>\r\n                            <span>biblioteka<\/span>\r\n                        <\/a>\r\n                        <a href=\"https:\/\/www.wydawnictwo.us.edu.pl\/\" title=\"wydawnictwo\"\r\n                         class=\"logos-blocks__item carousel-slide\">\r\n                            <div class=\"logos-blocks__img\">\r\n                                <img src=\"https:\/\/us.edu.pl\/instytut\/is\/wp-content\/uploads\/sites\/34\/2019\/10\/konferencje.png\" alt=\"wydawnictwo\">\r\n                            <\/div>\r\n                            <span>wydawnictwo<\/span>\r\n                        <\/a>\r\n                        <a href=\"https:\/\/www.slaskifestiwalnauki.pl\/\" title=\"\u015al\u0105ski Festiwal Nauki KATOWICE\"\r\n                         class=\"logos-blocks__item carousel-slide\">\r\n                            <div class=\"logos-blocks__img\">\r\n                                <img src=\"https:\/\/us.edu.pl\/instytut\/is\/wp-content\/uploads\/sites\/34\/2019\/10\/\u015bfn.png\" alt=\"\u015al\u0105ski Festiwal Nauki KATOWICE\">\r\n                            <\/div>\r\n                            <span>\u015al\u0105ski Festiwal Nauki KATOWICE<\/span>\r\n                        <\/a>\r\n                        <a href=\"http:\/\/www.przystaneknauka.us.edu.pl\/\" title=\"Przystanek Nauka\"\r\n                         class=\"logos-blocks__item carousel-slide\">\r\n                            <div class=\"logos-blocks__img\">\r\n                                <img src=\"https:\/\/us.edu.pl\/instytut\/is\/wp-content\/uploads\/sites\/34\/2019\/10\/spaghetti-PN.png\" alt=\"Przystanek Nauka\">\r\n                            <\/div>\r\n                            <span>Przystanek Nauka<\/span>\r\n                        <\/a> \r\n                           \r\n                        <\/div>\r\n                    <\/div>\r\n                <\/div>[\/vc_column][\/vc_row]<\/p>","protected":false},"excerpt":{"rendered":"<p>[vc_row][vc_column][vc_empty_space][\/vc_column][\/vc_row] [&#8230;]<\/p>\n<p><a class=\"btn btn-secondary understrap-read-more-link\" href=\"https:\/\/us.edu.pl\/instytut\/is\/2020\/06\/03\/muzyczne-preferencje-a-wrazliwosc-etyczna-i-swiatopoglady-mlodziezy-nowa-ksiazka\/\">Read More&#8230;<\/a><\/p>\n","protected":false},"author":1,"featured_media":0,"parent":0,"menu_order":0,"comment_status":"closed","ping_status":"open","template":"page-templates\/index-template.php","meta":{"_expiration-date-status":"saved","_expiration-date":0,"_expiration-date-type":"","_expiration-date-categories":[],"_expiration-date-options":[]},"acf":[],"_links":{"self":[{"href":"https:\/\/us.edu.pl\/instytut\/is\/wp-json\/wp\/v2\/pages\/2"}],"collection":[{"href":"https:\/\/us.edu.pl\/instytut\/is\/wp-json\/wp\/v2\/pages"}],"about":[{"href":"https:\/\/us.edu.pl\/instytut\/is\/wp-json\/wp\/v2\/types\/page"}],"author":[{"embeddable":true,"href":"https:\/\/us.edu.pl\/instytut\/is\/wp-json\/wp\/v2\/users\/1"}],"replies":[{"embeddable":true,"href":"https:\/\/us.edu.pl\/instytut\/is\/wp-json\/wp\/v2\/comments?post=2"}],"version-history":[{"count":10,"href":"https:\/\/us.edu.pl\/instytut\/is\/wp-json\/wp\/v2\/pages\/2\/revisions"}],"predecessor-version":[{"id":1490,"href":"https:\/\/us.edu.pl\/instytut\/is\/wp-json\/wp\/v2\/pages\/2\/revisions\/1490"}],"wp:attachment":[{"href":"https:\/\/us.edu.pl\/instytut\/is\/wp-json\/wp\/v2\/media?parent=2"}],"curies":[{"name":"wp","href":"https:\/\/api.w.org\/{rel}","templated":true}]}}