{"id":626,"date":"2020-03-17T20:11:45","date_gmt":"2020-03-17T19:11:45","guid":{"rendered":"http:\/\/us.edu.pl\/instytut\/is\/?page_id=626"},"modified":"2024-07-15T09:43:42","modified_gmt":"2024-07-15T07:43:42","slug":"robert-pyka","status":"publish","type":"page","link":"https:\/\/us.edu.pl\/instytut\/is\/robert-pyka\/","title":{"rendered":"Robert Pyka"},"content":{"rendered":"<p>[vc_row][vc_column]\r\n                <div class=\"text-modules reverse\">\r\n                    <div class=\"container\">\r\n                        <h3 class=\"section-title section-title_border-bottom\">dr hab. Robert Pyka, prof. U\u015a<\/h3> <h3 class=\"subtitle text-modules__subtitle\">robert.pyka@us.edu.pl<\/h3>\r\n                        <div class=\"row m-0\">\r\n                            <div class=\"text-modules__content\">\r\n                                <strong>ZAINTERESOWANIA NAUKOWE<\/strong><\/p>\n<p>W swoich badaniach skupia si\u0119 na problematyce zwi\u0105zanej z kondycj\u0105 i przysz\u0142o\u015bci\u0105 pa\u0144stwa oraz ewolucji jego struktur terytorialnych w perspektywie globalizacji oraz metropolizacji. Bada metropolie jako z\u0142o\u017cone systemy spo\u0142eczne b\u0119d\u0105ce \u017ar\u00f3d\u0142em kreatywno\u015bci i innowacji.<\/p>\n<p>His research mainly concentrates on issues related to the state&#8217;s and local structures&#8217; future in globalisation, metropolisation and governance perspective. He studies the city and metropolis, including empowerment, decentralisation and the complexity and diversity of urban processes as source of creativity and innovation.<\/p>\n<p><strong>WYBRANE PUBLIKACJE<\/strong><\/p>\n<ul>\n<li>Miku\u0142a, \u0141., Pyka, R., Czornik, M., &amp; Thimonier-Rouzet, E. (2024). Emerging Metropolitan Spaces in Poland and France: Co-creation of New Territorialities Through Institutional Dialogue and Soft Planning. &#8222;Urban Affairs Review&#8221;, 0(0). <a href=\"https:\/\/doi.org\/10.1177\/10780874241228551\">https:\/\/doi.org\/10.1177\/10780874241228551<\/a><\/li>\n<li>Chabrot Christophe, Pyka Robert, (2023), The Metropolis of Lyon: An Example to Follow by the GZM Metropolis? \u201eStudia Regionalne i Lokalne\u201d, nr 4(94), <a href=\"https:\/\/doi.org\/10.7366\/1509499549401\">https:\/\/doi.org\/10.7366\/1509499549401<\/a><\/li>\n<li>Krzysztof Bierwiaczonek, Robert Pyka, (2023), Znaczenie miejsc innowacyjnych w procesie rewitalizacji na podstawie bada\u0144 w Lyonie, Saint-Etienne i G\u00f3rno\u015bl\u0105sko-Zag\u0142\u0119biowskiej Metropolii, \u201eRozw\u00f3j Regionalny i Polityka Regionalna\u201d, nr 64: 57\u201378 <a href=\"https:\/\/doi.org\/10.14746\/rrpr.2023.64.05\">https:\/\/doi.org\/10.14746\/rrpr.2023.64.05<\/a><\/li>\n<li>Bierwiaczonek, K., &amp; Pyka, R. (2023). An innovation place model for the analysis of creativity and social innovativeness in selected French and Polish metropolises. &#8222;Creativity Studies&#8221;, 16(2), 682\u2013707. <a href=\"https:\/\/doi.org\/10.3846\/cs.2023.17043\">https:\/\/doi.org\/10.3846\/cs.2023.17043<\/a><\/li>\n<li>Pyka R., M\u00e9tropole et M\u00e9tropoles. Etude compar\u00e9e, (in:) M\u00e9tropole de Lyon, An I. Des \u00e9lections directes, et apr\u00e8s ? (dir.) Christophe Chabrot, Harmattan, 2022, p. 47-72, ISBN 978-2-343-25173-8<\/li>\n<li>Bierwiaczonek K., Pyka R.(2021) The parasite syndrome: urban and metropolitan social inequality &#8211; a global, European and Polish outlook. &#8222;Social Space&#8221; (2021), nr 2, p. 81-108.<\/li>\n<li>Bierwiaczonek K., Gawron G., Pyka R., Suchacka M. (2020), Innovation places: theoretical and methodological remarks for analysing metropolitan creativity and innovations, &#8222;Creativity Studies&#8221;- 2020, no.2, p.532-551. DOI: <a href=\"https:\/\/doi.org\/10.3846\/cs.2020.11992\">https:\/\/doi.org\/10.3846\/cs.2020.11992<\/a><\/li>\n<li>Behr V., Pyka, R., La m\u00e9tropole haute-sil\u00e9sienne, une gouvernance territoriale innovante. Ressources et d\u00e9fis de la premi\u00e8re communaut\u00e9 m\u00e9tropolitaine de Pologne, \u201eRevue d\u2019\u00e9tudes comparatives Est-Ouest\u201d (RECEO), num\u00e9ro 4\/2019 <a href=\"https:\/\/doi.org\/10.3917\/receo1.504.0007\">https:\/\/doi.org\/10.3917\/receo1.504.0007<\/a><\/li>\n<li>Pyka Robert, (2014), Metropolizacja a lokalne governance : globalne wyzwania pa\u0144stwa narodowego na przyk\u0142adzie V Republiki Francuskiej, Wydawnictwo U\u015a, Katowice, ISBN 978-83-8012-042-6<\/li>\n<li>Pyka Robert, (2008), Globalizacja, sprawiedliwo\u015b\u0107 spo\u0142eczna, efektywno\u015b\u0107 ekonomiczna: francuskie dylematy, Wydawnictwo U\u015a, Katowice, ISBN 978-83-226-1781-6<\/li>\n<\/ul>\n<p>&nbsp;<\/p>\n<p>Pe\u0142ny zestaw publikacji dost\u0119pny w tym miejscu: <a href=\"https:\/\/ab.us.edu.pl\/emp?id=22612&amp;view=P\">Publikacje<\/a><\/p>\n<p>&nbsp;<\/p>\n<p><strong>DODATKOWE INFORMACJE<\/strong><\/p>\n<p><strong>Research projects<\/strong><\/p>\n<ul>\n<li>Strengthening metropolitan cooperation and governance in Central Europe (MECOG-CE) \u2013 project coordinator at the University of Silesia of 3 years research project funded by the Interreg Central Europe program of the European Commission (2023-2026) <a href=\"https:\/\/www.interreg-central.eu\/projects\/mecog-ce\/\">https:\/\/www.interreg-central.eu\/projects\/mecog-ce\/<\/a><\/li>\n<li>Metropolises as laboratories for new models of &#8222;innovation places&#8221; \u2013 10 months research project founded by the Institute For Advanced Studies &#8222;Collegium Lyon&#8221; (2020-2021) <a href=\"https:\/\/collegium.universite-lyon.fr\/m-robert-pyka--162030.kjsp\">https:\/\/collegium.universite-lyon.fr\/m-robert-pyka&#8211;162030.kjsp<\/a><\/li>\n<\/ul>\n<p><strong>Expert and reviewer activity<\/strong><\/p>\n<ul>\n<li>Expert and reviewer of the European Commission &#8211; The European Education and Culture Executive Agency (EACEA)<\/li>\n<li>Expert and reviewer of the French National Research Agency (ANR)<\/li>\n<li>Reviewer and member of the Scientific Committee of the House of Humane Science Lyon, Saint-Etienne<\/li>\n<\/ul>\n<p><strong>Teaching Mobility<\/strong><\/p>\n<ul>\n<li>Visiting professor at The University Lyon 2 \u2013 France (October 2023)<\/li>\n<li>Visiting professor at The University of Lille \u2013 France (March 2020)<\/li>\n<li>Erasmus Teaching Staff Mobility: Comenius University in Bratislava, Slovakia, (March 2017, 2019, 2022), Jean-Monnet University in Saint-Etienne, France (March 2016, December 2012), University of Szeged, Hungary (April 2015), University of Barcelona, Spain (April 2014).<\/li>\n<\/ul>\n<p><strong>Membership in organisations<\/strong><\/p>\n<ul>\n<li>Founder and Head of the Observatory of urban and metropolitan processes (University of Silesia)<\/li>\n<li>Observatory on Local Autonomy (OLA)<\/li>\n<li>International Association of French Language Sociologists (AISLF)<\/li>\n<li>Polish Sociological Association (PTS)<\/li>\n<\/ul>\n<p><strong>Professional positions<\/strong><\/p>\n<ul>\n<li>2012 \u2013 2019 Scientific Director of the Institute of Sociology (University of Silesia)<\/li>\n<li>2019 &#8211; 2020 Dean for Science and International Cooperation in the Faculty of Social Sciences (University of Silesia)<\/li>\n<\/ul>\n<p>&nbsp;<\/p>\n<p><strong>ADRESY INTERNETOWE W SIECI<\/strong><\/p>\n<p><a href=\"https:\/\/orcid.org\/0000-0001-6690-9207\">https:\/\/orcid.org\/0000-0001-6690-9207<\/a><\/p>\n<p><a href=\"https:\/\/www.researchgate.net\/profile\/Robert_Pyka\">https:\/\/www.researchgate.net\/profile\/Robert_Pyka<\/a><\/p>\n<p><a href=\"https:\/\/scholar.google.pl\/citations?user=l7jdrIQAAAAJ&amp;hl=pl\">https:\/\/scholar.google.pl\/citations?user=l7jdrIQAAAAJ&amp;hl=pl<\/a><\/p>\n<p>&nbsp;<\/p>\n<p>&nbsp;<\/p>\n<p>&nbsp;<\/p>\n<p>&nbsp;<\/p>\n<div class=\"mt-3\"><\/div>\r\n                            <\/div>\r\n                            \r\n                            <div class=\"text-modules__img\"><img src=\"https:\/\/us.edu.pl\/instytut\/is\/wp-content\/uploads\/sites\/34\/2023\/11\/Robert-Pyka_DSC_3584-768x960-1-240x300.jpg\" alt=\"img\"><\/div>\r\n                        <\/div>\r\n                    <\/div>\r\n                <\/div>[\/vc_column][\/vc_row][vc_row][vc_column][vc_column_text][\/vc_column_text][\/vc_column][\/vc_row][vc_row][vc_column][vc_column_text][\/vc_column_text][\/vc_column][\/vc_row][vc_row][vc_column][vc_column_text]<\/p>","protected":false},"excerpt":{"rendered":"<p>[vc_row][vc_column][\/vc_column][\/vc_row][vc_row][vc_column][vc_column_text][\/vc_column_text][\/vc_column][\/vc_row][vc_row][vc_column][vc_column_text][\/vc_column_text][\/vc_column][\/vc_row][vc_row][vc_column][vc_column_text] [&#8230;]<\/p>\n<p><a class=\"btn btn-secondary understrap-read-more-link\" href=\"https:\/\/us.edu.pl\/instytut\/is\/robert-pyka\/\">Read More&#8230;<\/a><\/p>\n","protected":false},"author":191,"featured_media":0,"parent":0,"menu_order":0,"comment_status":"closed","ping_status":"closed","template":"","meta":{"_expiration-date-status":"","_expiration-date":0,"_expiration-date-type":"","_expiration-date-categories":[],"_expiration-date-options":[]},"acf":[],"_links":{"self":[{"href":"https:\/\/us.edu.pl\/instytut\/is\/wp-json\/wp\/v2\/pages\/626"}],"collection":[{"href":"https:\/\/us.edu.pl\/instytut\/is\/wp-json\/wp\/v2\/pages"}],"about":[{"href":"https:\/\/us.edu.pl\/instytut\/is\/wp-json\/wp\/v2\/types\/page"}],"author":[{"embeddable":true,"href":"https:\/\/us.edu.pl\/instytut\/is\/wp-json\/wp\/v2\/users\/191"}],"replies":[{"embeddable":true,"href":"https:\/\/us.edu.pl\/instytut\/is\/wp-json\/wp\/v2\/comments?post=626"}],"version-history":[{"count":6,"href":"https:\/\/us.edu.pl\/instytut\/is\/wp-json\/wp\/v2\/pages\/626\/revisions"}],"predecessor-version":[{"id":2641,"href":"https:\/\/us.edu.pl\/instytut\/is\/wp-json\/wp\/v2\/pages\/626\/revisions\/2641"}],"wp:attachment":[{"href":"https:\/\/us.edu.pl\/instytut\/is\/wp-json\/wp\/v2\/media?parent=626"}],"curies":[{"name":"wp","href":"https:\/\/api.w.org\/{rel}","templated":true}]}}