{"id":657,"date":"2020-03-17T21:11:59","date_gmt":"2020-03-17T20:11:59","guid":{"rendered":"http:\/\/us.edu.pl\/instytut\/is\/?page_id=657"},"modified":"2024-07-15T09:50:54","modified_gmt":"2024-07-15T07:50:54","slug":"zbigniew-zagala","status":"publish","type":"page","link":"https:\/\/us.edu.pl\/instytut\/is\/zbigniew-zagala\/","title":{"rendered":"Zbigniew Zaga\u0142a"},"content":{"rendered":"<p>[vc_row][vc_column]\r\n                <div class=\"text-modules reverse\">\r\n                    <div class=\"container\">\r\n                        <h3 class=\"section-title section-title_border-bottom\">dr hab. Zbigniew Zaga\u0142a, prof. U\u015a<\/h3> <h3 class=\"subtitle text-modules__subtitle\">zbigniew.zagala@us.edu.pl<\/h3>\r\n                        <div class=\"row m-0\">\r\n                            <div class=\"text-modules__content\">\r\n                                <strong>ZAINTERESOWANIA NAUKOWE<\/strong><\/p>\n<p>Spo\u0142ecze\u0144stwo obywatelskie i dzia\u0142alno\u015b\u0107 stowarzyszeniowa, postawy polityczne, wybrane zagadnienia socjologii kultury, problemy G\u00f3rnego \u015al\u0105ska i jego mieszka\u0144c\u00f3w<\/p>\n<p><strong>WYBRANE PUBLIKACJE<\/strong><\/p>\n<ul>\n<li>Zaga\u0142a, Z. (2021).\u00a0Narracje o polityce w podzielonym spo\u0142ecze\u0144stwie &#8211; na przyk\u0142adzie wyborc\u00f3w Platformy Obywatelskiej oraz Prawa i Sprawiedliwo\u015bci. Katowice: Studio NOA.<\/li>\n<li>Zaga\u0142a, Z. (2021). Ogrodnik w \u015bwiecie demiurg\u00f3w i barbarzy\u0144c\u00f3w : o aksjologii pos\u0142ugi s\u0142owa ks. prof. Jana Szymczyka.\u00a0Zeszyty Naukowe KUL, 107\u2013119.<\/li>\n<li>Zaga\u0142a, Z. (2021). Ksi\u0119\u017ca i Ko\u015bci\u00f3\u0142 w \u015bwietle wynik\u00f3w sonda\u017cy Centrum Badania Opinii Spo\u0142ecznej (CBOS). W A. G\u00f3rny, J. Kijonka, &amp; Z. Zaga\u0142a (red.),\u00a0Pejza\u017ce kultury, religii, regionu i rodziny: ksi\u0119ga dedykowana Profesorowi Wojciechowi \u015awi\u0105tkiewiczowi(s. 391\u2013403). Katowice: Studio NOA.<\/li>\n<li>Zaga\u0142a, Z. (2020). Partie polityczne i ich elektoraty : od sympatii do antagonizmu : na przyk\u0142adzie Platformy Obywatelskiej i Prawa i Sprawiedliwo\u015bci.\u00a0Przegl\u0105d Politologiczny, 193\u2013205.<\/li>\n<li>Zaga\u0142a, Z. (2018). A jednak r\u00f3\u017cni. Dwie kultury obywatelskie cz\u0142onk\u00f3w g\u00f3rno\u015bl\u0105skich stowarzysze\u0144.\u00a0Roczniki Nauk Spo\u0142ecznych,\u00a04, 81\u201399.<\/li>\n<li>Zaga\u0142a, Z. (2018). Civic Platform Party (PO) partisans and Law and Justice (PiS) partisans. Meanders of two political identity narratives. Empirical study. W M. Szczepa\u0144ski, W. Tomala-Kania, &amp; Z. Zaga\u0142a (Red.),\u00a0Identity narratives interdisciplinary perspectives(s. 167\u2013187). Katowice: Wydawnictwo Uniwersytetu \u015al\u0105skiego.<\/li>\n<li>Zaga\u0142a, Z. (2017). Rodzinne i przyjacielskie sieci spo\u0142eczne, czyli o mobilizuj\u0105cych i demobilizuj\u0105cych kontekstach aktywno\u015bci obywatelskiej. W P. Skudrzyk, M. K. Suchacka, &amp; M. Szczepa\u0144ski (red.),\u00a0W sieci i w matni spo\u0142ecznej(s. 75\u201399). Katowice: Wydawnictwo Uniwersytetu \u015al\u0105skiego.<\/li>\n<li>Swad\u017aba, U., S. Swad\u017aba, &amp; Z. Zaga\u0142a (2016).\u00a0Gmina Wyry w ekonomiczno-socjologicznym zwierciadle. Katowice: \u201e\u015al\u0105sk\u201d Wydawnictwo Naukowe.<\/li>\n<li>Zaga\u0142a, Z. (2014).\u00a0Obywatele lokalni i kosmopolityczni : tradycje i wsp\u00f3\u0142czesno\u015b\u0107 aktywno\u015bci stowarzyszeniowej mieszka\u0144c\u00f3w G\u00f3rnego \u015al\u0105ska. Katowice: Studio Noa.<\/li>\n<li>Zaga\u0142a Z. (2006). Samodzielni, samorz\u0105dni, gospodarni. Bojszowy i Wyry \u2013 ocena pierwszej dekady. Tychy: \u015al\u0105skie Wydawnictwa Naukowe Wy\u017cszej Szko\u0142y Zarz\u0105dzania i Nauk Spo\u0142ecznych w Tychach.<\/li>\n<\/ul>\n<p>&nbsp;<\/p>\n<p>Pe\u0142ny zestaw publikacji dost\u0119pny w tym miejscu: <a href=\"https:\/\/ab.us.edu.pl\/emp?id=49142&amp;view=P\">Publikacje<\/a><\/p>\n<p>&nbsp;<\/p>\n<p><strong>DODATKOWE INFORMACJE<\/strong><\/p>\n<p><strong>Projekty badawcze: <\/strong><\/p>\n<ul>\n<li>2022-2024: kierownik projektu badawczego w\u0142asnego: Mi\u0119dzy chrze\u015bcija\u0144stwem z tradycji a chrze\u015bcija\u0144stwem z wyboru. Wzory religijno\u015bci m\u0142odego pokolenia.<\/li>\n<li>2019: cz\u0142onek zespo\u0142u projektowego: Diagnoza uwarunkowa\u0144 wsp\u00f3\u0142pracy organizacji pozarz\u0105dowych z miastem Katowice.<\/li>\n<li>2018-2019: cz\u0142onek zespo\u0142u projektowego: Wsp\u00f3\u0142czesny obraz miasta i jego mieszka\u0144c\u00f3w.<\/li>\n<li>2010-2014: kierownik projektu badawczego w\u0142asnego NCN Nr N N 116 136539: Obywatele lokalni i kosmopolityczni. Kto tworzy g\u00f3rno\u015bl\u0105skie spo\u0142ecze\u0144stwo obywatelskie?.<\/li>\n<li>2012-2013: cz\u0142onek zespo\u0142u projektowego: Socjologiczny portret mieszka\u0144c\u00f3w miasta.<\/li>\n<li>2008-2009: cz\u0142onek zespo\u0142u projektowego: Miasto i jego mieszka\u0144cy.<\/li>\n<li>2003: kierownik projektu badawczego w\u0142asnego: Samodzielni, samorz\u0105dni, gospodarni. Bojszowy i Wyry \u2013 ocena pierwszej dekady.<\/li>\n<\/ul>\n<p><strong>Funkcje: <\/strong><\/p>\n<ul>\n<li>Przewodnicz\u0105cy Rady Programowej Instytutu My\u015bli Polskiej im. Wojciecha Korfantego w latach 2020-2021.<\/li>\n<li>Przewodnicz\u0105cy Rady Programowej Regionalnego Instytutu Kultury w Katowicach w latach 2017-2019.<\/li>\n<li>Cz\u0142onek Rady Centrum Badania Opinii Spo\u0142ecznej w latach 2016-2018.<\/li>\n<\/ul>\n<p>&nbsp;<\/p>\n<p><strong>ADRESY INTERNETOWE W SIECI<\/strong><\/p>\n<p><a href=\"https:\/\/orcid.org\/0000-0002-6768-8220\">https:\/\/orcid.org\/0000-0002-6768-8220<\/a><\/p>\n<p>&nbsp;<\/p>\n<p>&nbsp;<\/p>\n<p>&nbsp;<\/p>\n<p>&nbsp;<\/p>\n<p>&nbsp;<\/p>\n<p>&nbsp;<\/p>\n<p>&nbsp;<\/p>\n<p>&nbsp;<\/p>\n<p>&nbsp;<\/p>\n<div class=\"mt-3\"><\/div>\r\n                            <\/div>\r\n                            \r\n                            <div class=\"text-modules__img\"><img src=\"https:\/\/us.edu.pl\/instytut\/is\/wp-content\/uploads\/sites\/34\/Bez-kategorii\/Zbigniew-Zagala-186x300.jpg\" alt=\"img\"><\/div>\r\n                        <\/div>\r\n                    <\/div>\r\n                <\/div>[\/vc_column][\/vc_row][vc_row][vc_column][vc_column_text][\/vc_column_text][\/vc_column][\/vc_row][vc_row][vc_column][vc_column_text][\/vc_column_text][\/vc_column][\/vc_row][vc_row][vc_column][vc_column_text]<\/p>","protected":false},"excerpt":{"rendered":"<p>[vc_row][vc_column][\/vc_column][\/vc_row][vc_row][vc_column][vc_column_text][\/vc_column_text][\/vc_column][\/vc_row][vc_row][vc_column][vc_column_text][\/vc_column_text][\/vc_column][\/vc_row][vc_row][vc_column][vc_column_text] [&#8230;]<\/p>\n<p><a class=\"btn btn-secondary understrap-read-more-link\" href=\"https:\/\/us.edu.pl\/instytut\/is\/zbigniew-zagala\/\">Read More&#8230;<\/a><\/p>\n","protected":false},"author":191,"featured_media":0,"parent":0,"menu_order":0,"comment_status":"closed","ping_status":"closed","template":"","meta":{"_expiration-date-status":"","_expiration-date":0,"_expiration-date-type":"","_expiration-date-categories":[],"_expiration-date-options":[]},"acf":[],"_links":{"self":[{"href":"https:\/\/us.edu.pl\/instytut\/is\/wp-json\/wp\/v2\/pages\/657"}],"collection":[{"href":"https:\/\/us.edu.pl\/instytut\/is\/wp-json\/wp\/v2\/pages"}],"about":[{"href":"https:\/\/us.edu.pl\/instytut\/is\/wp-json\/wp\/v2\/types\/page"}],"author":[{"embeddable":true,"href":"https:\/\/us.edu.pl\/instytut\/is\/wp-json\/wp\/v2\/users\/191"}],"replies":[{"embeddable":true,"href":"https:\/\/us.edu.pl\/instytut\/is\/wp-json\/wp\/v2\/comments?post=657"}],"version-history":[{"count":7,"href":"https:\/\/us.edu.pl\/instytut\/is\/wp-json\/wp\/v2\/pages\/657\/revisions"}],"predecessor-version":[{"id":2649,"href":"https:\/\/us.edu.pl\/instytut\/is\/wp-json\/wp\/v2\/pages\/657\/revisions\/2649"}],"wp:attachment":[{"href":"https:\/\/us.edu.pl\/instytut\/is\/wp-json\/wp\/v2\/media?parent=657"}],"curies":[{"name":"wp","href":"https:\/\/api.w.org\/{rel}","templated":true}]}}