{"id":76,"date":"2019-10-28T10:02:15","date_gmt":"2019-10-28T09:02:15","guid":{"rendered":"http:\/\/us.edu.pl\/instytut\/is\/?page_id=76"},"modified":"2019-10-31T11:35:13","modified_gmt":"2019-10-31T10:35:13","slug":"mapa-strony","status":"publish","type":"page","link":"https:\/\/us.edu.pl\/instytut\/is\/mapa-strony\/","title":{"rendered":"Mapa strony"},"content":{"rendered":"<p>[vc_row][vc_column]\r\n                <div class=\"text-modules\">\r\n                    <div class=\"container\">\r\n                        \r\n                        <div class=\"text-modules__content\"><div class=\"wsp-container\"><h2 class=\"wsp-pages-title\">Pages<\/h2>\n<ul class=\"wsp-pages-list\">\n<li class=\"page_item page-item-2\"><a href=\"https:\/\/us.edu.pl\/instytut\/is\/\">Strona g\u0142\u00f3wna<\/a><\/li>\n<li class=\"page_item page-item-1538\"><a href=\"https:\/\/us.edu.pl\/instytut\/is\/dorota-nowalska-kapuscik\/\">Dorota Nowalska-Kapu\u015bcik<\/a><\/li>\n<li class=\"page_item page-item-2059\"><a href=\"https:\/\/us.edu.pl\/instytut\/is\/2059-2\/\">Marta Klekotko<\/a><\/li>\n<li class=\"page_item page-item-2063\"><a href=\"https:\/\/us.edu.pl\/instytut\/is\/bogalska-martin-ewa\/\">Bogalska- Martin Ewa<\/a><\/li>\n<li class=\"page_item page-item-2067\"><a href=\"https:\/\/us.edu.pl\/instytut\/is\/coudroy-de-lille-lydia\/\">Coudroy De Lille Lydia<\/a><\/li>\n<li class=\"page_item page-item-2589\"><a href=\"https:\/\/us.edu.pl\/instytut\/is\/dr-angelika-pabian\/\">dr Angelika Pabian<\/a><\/li>\n<li class=\"page_item page-item-2597\"><a href=\"https:\/\/us.edu.pl\/instytut\/is\/dr-pabian-angelika\/\">dr Angelika Pabian<\/a><\/li>\n<li class=\"page_item page-item-2608\"><a href=\"https:\/\/us.edu.pl\/instytut\/is\/dr-hab-andrzej-kasperek-prof-us\/\">dr hab. Andrzej Kasperek, prof. U\u015a<\/a><\/li>\n<li class=\"page_item page-item-574\"><a href=\"https:\/\/us.edu.pl\/instytut\/is\/dokumenty\/\">Dokumenty<\/a><\/li>\n<li class=\"page_item page-item-76\"><a href=\"https:\/\/us.edu.pl\/instytut\/is\/mapa-strony\/\">Mapa strony<\/a><\/li>\n<li class=\"page_item page-item-1613\"><a href=\"https:\/\/us.edu.pl\/instytut\/is\/transform4europe-week\/\">Warsztaty dla student\u00f3w podczas Transform4Europe Week<\/a><\/li>\n<li class=\"page_item page-item-78\"><a href=\"https:\/\/us.edu.pl\/instytut\/is\/kontakt\/\">Kontakt<\/a><\/li>\n<li class=\"page_item page-item-80\"><a href=\"https:\/\/us.edu.pl\/instytut\/is\/wszystko\/\">Wszystko<\/a><\/li>\n<li class=\"page_item page-item-848\"><a href=\"https:\/\/us.edu.pl\/instytut\/is\/agnieszka-rychlowska-niesporek\/\">Agnieszka Rych\u0142owska-Niesporek<\/a><\/li>\n<li class=\"page_item page-item-3154\"><a href=\"https:\/\/us.edu.pl\/instytut\/is\/wladze-2\/\">W\u0142adze<\/a><\/li>\n<li class=\"page_item page-item-851\"><a href=\"https:\/\/us.edu.pl\/instytut\/is\/maciej-sosnowski\/\">Maciej Sosnowski<\/a><\/li>\n<li class=\"page_item page-item-341\"><a href=\"https:\/\/us.edu.pl\/instytut\/is\/pracownicy\/\">Pracownicy<\/a><\/li>\n<li class=\"page_item page-item-344\"><a href=\"https:\/\/us.edu.pl\/instytut\/is\/nawrocki-tomasz\/\">Nawrocki Tomasz<\/a><\/li>\n<li class=\"page_item page-item-602\"><a href=\"https:\/\/us.edu.pl\/instytut\/is\/ewa-lesniak-berek\/\">Ewa Le\u015bniak-Berek<\/a><\/li>\n<li class=\"page_item page-item-604\"><a href=\"https:\/\/us.edu.pl\/instytut\/is\/barbara-lewicka\/\">Barbara Lewicka<\/a><\/li>\n<li class=\"page_item page-item-2652\"><a href=\"https:\/\/us.edu.pl\/instytut\/is\/dr-hab-sabina-pawlas-prof-us\/\">dr hab. Sabina Pawlas, prof. U\u015a<\/a><\/li>\n<li class=\"page_item page-item-350\"><a href=\"https:\/\/us.edu.pl\/instytut\/is\/kontakt-2\/\">Kontakt<\/a><\/li>\n<li class=\"page_item page-item-608\"><a href=\"https:\/\/us.edu.pl\/instytut\/is\/krzysztof-lecki\/\">Krzysztof \u0141\u0119cki<\/a><\/li>\n<li class=\"page_item page-item-1633\"><a href=\"https:\/\/us.edu.pl\/instytut\/is\/publikacjeartykulow\/\">Publikacje<\/a><\/li>\n<li class=\"page_item page-item-610\"><a href=\"https:\/\/us.edu.pl\/instytut\/is\/witold-mandrysz\/\">Witold Mandrysz<\/a><\/li>\n<li class=\"page_item page-item-612\"><a href=\"https:\/\/us.edu.pl\/instytut\/is\/rafal-muster\/\">Rafa\u0142 Muster<\/a><\/li>\n<li class=\"page_item page-item-357\"><a href=\"https:\/\/us.edu.pl\/instytut\/is\/bierwiaczonek-krzysztof\/\">Bierwiaczonek Krzysztof<\/a><\/li>\n<li class=\"page_item page-item-616\"><a href=\"https:\/\/us.edu.pl\/instytut\/is\/andrzej-niesporek\/\">Andrzej Niesporek<\/a><\/li>\n<li class=\"page_item page-item-618\"><a href=\"https:\/\/us.edu.pl\/instytut\/is\/bozena-pactwa\/\">Bo\u017cena Pactwa<\/a><\/li>\n<li class=\"page_item page-item-621\"><a href=\"https:\/\/us.edu.pl\/instytut\/is\/sabina-pawlas\/\">Sabina Pawlas<\/a><\/li>\n<li class=\"page_item page-item-623\"><a href=\"https:\/\/us.edu.pl\/instytut\/is\/katarzyna-ponikowska\/\">Katarzyna Ponikowska<\/a><\/li>\n<li class=\"page_item page-item-626\"><a href=\"https:\/\/us.edu.pl\/instytut\/is\/robert-pyka\/\">Robert Pyka<\/a><\/li>\n<li class=\"page_item page-item-628\"><a href=\"https:\/\/us.edu.pl\/instytut\/is\/halina-rusek\/\">Halina Rusek<\/a><\/li>\n<li class=\"page_item page-item-634\"><a href=\"https:\/\/us.edu.pl\/instytut\/is\/urszula-swadzba\/\">Urszula Swad\u017aba<\/a><\/li>\n<li class=\"page_item page-item-637\"><a href=\"https:\/\/us.edu.pl\/instytut\/is\/malgorzata-suchacka\/\">Ma\u0142gorzata Suchacka<\/a><\/li>\n<li class=\"page_item page-item-639\"><a href=\"https:\/\/us.edu.pl\/instytut\/is\/marek-szczepanski\/\">Marek Szczepa\u0144ski<\/a><\/li>\n<li class=\"page_item page-item-642\"><a href=\"https:\/\/us.edu.pl\/instytut\/is\/monika-szpoczek\/\">Monika Szpoczek<\/a><\/li>\n<li class=\"page_item page-item-387\"><a href=\"https:\/\/us.edu.pl\/instytut\/is\/rada-naukowa\/\">Rada Naukowa Instytutu<\/a><\/li>\n<li class=\"page_item page-item-644\"><a href=\"https:\/\/us.edu.pl\/instytut\/is\/wojciech-swiatkiewicz\/\">Wojciech \u015awi\u0105tkiewicz<\/a><\/li>\n<li class=\"page_item page-item-389\"><a href=\"https:\/\/us.edu.pl\/instytut\/is\/strategia\/\">Strategia<\/a><\/li>\n<li class=\"page_item page-item-646\"><a href=\"https:\/\/us.edu.pl\/instytut\/is\/lukasz-trembaczowski\/\">\u0141ukasz Trembaczowski<\/a><\/li>\n<li class=\"page_item page-item-649\"><a href=\"https:\/\/us.edu.pl\/instytut\/is\/malgorzata-tyrybon\/\">Ma\u0142gorzata Tyrybon<\/a><\/li>\n<li class=\"page_item page-item-651\"><a href=\"https:\/\/us.edu.pl\/instytut\/is\/karolina-wojtasik\/\">Karolina Wojtasik<\/a><\/li>\n<li class=\"page_item page-item-653\"><a href=\"https:\/\/us.edu.pl\/instytut\/is\/kazimiera-wodz\/\">Kazimiera W\u00f3dz<\/a><\/li>\n<li class=\"page_item page-item-400\"><a href=\"https:\/\/us.edu.pl\/instytut\/is\/cekiera-rafal\/\">Cekiera Rafa\u0142<\/a><\/li>\n<li class=\"page_item page-item-657\"><a href=\"https:\/\/us.edu.pl\/instytut\/is\/zbigniew-zagala\/\">Zbigniew Zaga\u0142a<\/a><\/li>\n<li class=\"page_item page-item-659\"><a href=\"https:\/\/us.edu.pl\/instytut\/is\/agata-zygmunt\/\">Agata Zygmunt- Ziemianek<\/a><\/li>\n<li class=\"page_item page-item-148 page_item_has_children\"><a href=\"https:\/\/us.edu.pl\/instytut\/is\/publikacje1\/\">Publikacje<\/a>\n<ul class='children'>\n\t<li class=\"page_item page-item-914\"><a href=\"https:\/\/us.edu.pl\/instytut\/is\/publikacje1\/monografie\/\">Monografie<\/a><\/li>\n\t<li class=\"page_item page-item-980\"><a href=\"https:\/\/us.edu.pl\/instytut\/is\/publikacje1\/gornoslaskie-studia-socjologiczne\/\">G\u00f3rno\u015bl\u0105skie Studia Socjologiczne<\/a><\/li>\n<\/ul>\n<\/li>\n<li class=\"page_item page-item-405\"><a href=\"https:\/\/us.edu.pl\/instytut\/is\/cwikla-pawel\/\">\u0106wik\u0142a Pawe\u0142<\/a><\/li>\n<li class=\"page_item page-item-661\"><a href=\"https:\/\/us.edu.pl\/instytut\/is\/monika-zak\/\">Monika \u017bak<\/a><\/li>\n<li class=\"page_item page-item-152 page_item_has_children\"><a href=\"https:\/\/us.edu.pl\/instytut\/is\/wydarzenia\/\">Wydarzenia<\/a>\n<ul class='children'>\n\t<li class=\"page_item page-item-1372 page_item_has_children\"><a href=\"https:\/\/us.edu.pl\/instytut\/is\/wydarzenia\/konferencje\/\">Konferencje<\/a>\n\t<ul class='children'>\n\t\t<li class=\"page_item page-item-1801\"><a href=\"https:\/\/us.edu.pl\/instytut\/is\/wydarzenia\/konferencje\/konferencja-from-the-grassroots-to-policy-and-back-putting-just-transition-to-practice\/\">Fotorelacja z Konferencji  \u201eFrom the grassroots to policy and back: Putting just transition to practice\u201d<\/a><\/li>\n\t<\/ul>\n<\/li>\n\t<li class=\"page_item page-item-2201\"><a href=\"https:\/\/us.edu.pl\/instytut\/is\/wydarzenia\/inne-wydarzenia\/\">Inne wydarzenia<\/a><\/li>\n\t<li class=\"page_item page-item-511\"><a href=\"https:\/\/us.edu.pl\/instytut\/is\/wydarzenia\/socjokato\/\">Seminarium Socjo-Kato 25.02.2020<\/a><\/li>\n<\/ul>\n<\/li>\n<li class=\"page_item page-item-409\"><a href=\"https:\/\/us.edu.pl\/instytut\/is\/drzazga-lech-maja\/\">Drzazga-Lech Maja<\/a><\/li>\n<li class=\"page_item page-item-412\"><a href=\"https:\/\/us.edu.pl\/instytut\/is\/dzienniak-pulina-daniela\/\">Dzienniak-Pulina Daniela<\/a><\/li>\n<li class=\"page_item page-item-157 page_item_has_children\"><a href=\"https:\/\/us.edu.pl\/instytut\/is\/badania\/\">Badania<\/a>\n<ul class='children'>\n\t<li class=\"page_item page-item-1093\"><a href=\"https:\/\/us.edu.pl\/instytut\/is\/badania\/zespoly-badawcze\/\">Zespo\u0142y badawcze<\/a><\/li>\n<\/ul>\n<\/li>\n<li class=\"page_item page-item-415\"><a href=\"https:\/\/us.edu.pl\/instytut\/is\/dziewierski-marek\/\">Dziewierski Marek<\/a><\/li>\n<li class=\"page_item page-item-161 page_item_has_children\"><a href=\"https:\/\/us.edu.pl\/instytut\/is\/wspolpraca\/\">Wsp\u00f3\u0142praca<\/a>\n<ul class='children'>\n\t<li class=\"page_item page-item-1199 page_item_has_children\"><a href=\"https:\/\/us.edu.pl\/instytut\/is\/wspolpraca\/biznes-i-administracja\/\">Biznes i Administracja<\/a>\n\t<ul class='children'>\n\t\t<li class=\"page_item page-item-1205\"><a href=\"https:\/\/us.edu.pl\/instytut\/is\/wspolpraca\/biznes-i-administracja\/rada-programowo-biznesowa\/\">Rada Programowo-Biznesowa<\/a><\/li>\n\t\t<li class=\"page_item page-item-1209\"><a href=\"https:\/\/us.edu.pl\/instytut\/is\/wspolpraca\/biznes-i-administracja\/rada-programowa\/\">Rada Programowa<\/a><\/li>\n\t<\/ul>\n<\/li>\n<\/ul>\n<\/li>\n<li class=\"page_item page-item-675\"><a href=\"https:\/\/us.edu.pl\/instytut\/is\/erasmus\/\">erasmus<\/a><\/li>\n<li class=\"page_item page-item-420\"><a href=\"https:\/\/us.edu.pl\/instytut\/is\/gawron-grzegorz\/\">Gawron Grzegorz<\/a><\/li>\n<li class=\"page_item page-item-165\"><a href=\"https:\/\/us.edu.pl\/instytut\/is\/nasi-absolwenci\/\">Nasi Absolwenci<\/a><\/li>\n<li class=\"page_item page-item-424\"><a href=\"https:\/\/us.edu.pl\/instytut\/is\/gnieciak-monika\/\">Gnieciak Monika<\/a><\/li>\n<li class=\"page_item page-item-169\"><a href=\"https:\/\/us.edu.pl\/instytut\/is\/historia\/\">Historia<\/a><\/li>\n<li class=\"page_item page-item-427\"><a href=\"https:\/\/us.edu.pl\/instytut\/is\/gorny-andrzej\/\">G\u00f3rny Andrzej<\/a><\/li>\n<li class=\"page_item page-item-172\"><a href=\"https:\/\/us.edu.pl\/instytut\/is\/wladze\/\">W\u0142adze<\/a><\/li>\n<li class=\"page_item page-item-430\"><a href=\"https:\/\/us.edu.pl\/instytut\/is\/juszczyk-frelkiewicz-katarzyna\/\">Juszczyk Katarzyna<\/a><\/li>\n<li class=\"page_item page-item-433\"><a href=\"https:\/\/us.edu.pl\/instytut\/is\/kaminska-berezowska-slawomira\/\">Kami\u0144ska-Berezowska S\u0142awomira<\/a><\/li>\n<li class=\"page_item page-item-436\"><a href=\"https:\/\/us.edu.pl\/instytut\/is\/kijonka-justyna\/\">Kijonka Justyna<\/a><\/li>\n<li class=\"page_item page-item-1230\"><a href=\"https:\/\/us.edu.pl\/instytut\/is\/granty\/\">Granty<\/a><\/li>\n<li class=\"page_item page-item-2288\"><a href=\"https:\/\/us.edu.pl\/instytut\/is\/dr-zuzanna-neuve-eglise\/\">dr Zuzanna Neuve-\u00c9glise<\/a><\/li>\n<li class=\"page_item page-item-2290\"><a href=\"https:\/\/us.edu.pl\/instytut\/is\/tomasz-kasprzak\/\">Tomasz Kasprzak<\/a><\/li>\n<li class=\"page_item page-item-1529\"><a href=\"https:\/\/us.edu.pl\/instytut\/is\/magdalena-szpunar\/\">Magdalena Szpunar<\/a><\/li>\n<\/ul>\n<\/div>\n<\/div>\r\n                    <\/div>\r\n                <\/div>[\/vc_column][\/vc_row]<\/p>\n","protected":false},"excerpt":{"rendered":"<p>[vc_row][vc_column][\/vc_column][\/vc_row] [&#8230;]<\/p>\n<p><a class=\"btn btn-secondary understrap-read-more-link\" href=\"https:\/\/us.edu.pl\/instytut\/is\/mapa-strony\/\">Read More&#8230;<\/a><\/p>\n","protected":false},"author":29,"featured_media":0,"parent":0,"menu_order":0,"comment_status":"closed","ping_status":"closed","template":"page-templates\/sitemap-template.php","meta":{"_expiration-date-status":"saved","_expiration-date":0,"_expiration-date-type":"","_expiration-date-categories":[],"_expiration-date-options":[]},"acf":[],"_links":{"self":[{"href":"https:\/\/us.edu.pl\/instytut\/is\/wp-json\/wp\/v2\/pages\/76"}],"collection":[{"href":"https:\/\/us.edu.pl\/instytut\/is\/wp-json\/wp\/v2\/pages"}],"about":[{"href":"https:\/\/us.edu.pl\/instytut\/is\/wp-json\/wp\/v2\/types\/page"}],"author":[{"embeddable":true,"href":"https:\/\/us.edu.pl\/instytut\/is\/wp-json\/wp\/v2\/users\/29"}],"replies":[{"embeddable":true,"href":"https:\/\/us.edu.pl\/instytut\/is\/wp-json\/wp\/v2\/comments?post=76"}],"version-history":[{"count":2,"href":"https:\/\/us.edu.pl\/instytut\/is\/wp-json\/wp\/v2\/pages\/76\/revisions"}],"predecessor-version":[{"id":93,"href":"https:\/\/us.edu.pl\/instytut\/is\/wp-json\/wp\/v2\/pages\/76\/revisions\/93"}],"wp:attachment":[{"href":"https:\/\/us.edu.pl\/instytut\/is\/wp-json\/wp\/v2\/media?parent=76"}],"curies":[{"name":"wp","href":"https:\/\/api.w.org\/{rel}","templated":true}]}}