{"id":1000,"date":"2020-11-10T13:41:15","date_gmt":"2020-11-10T12:41:15","guid":{"rendered":"https:\/\/us.edu.pl\/instytut\/isp\/?page_id=1000"},"modified":"2020-11-18T14:20:21","modified_gmt":"2020-11-18T13:20:21","slug":"mgr-robert-lipka","status":"publish","type":"page","link":"https:\/\/us.edu.pl\/instytut\/isp\/wykladowcy\/mgr-robert-lipka\/","title":{"rendered":"mgr Robert Lipka"},"content":{"rendered":"<p>[vc_row][vc_column]\r\n                <div class=\"text-modules\">\r\n                    <div class=\"container\">\r\n                        <h3 class=\"page-title text__title\">mgr Robert Lipka<\/h3>\r\n                        <div class=\"text-modules__content\"><p>Grafik, projektant, pasjonat i tw\u00f3rca gier. Zajmuje si\u0119 technikami grafiki cyfrowej z uwzgl\u0119dnieniem \u015brodowiska 2D i 3D, a tak\u017ce dzia\u0142aniami w obr\u0119bie medi\u00f3w interaktywnych z wykorzystaniem silnik\u00f3w gier. W 2016r. uzyska\u0142 dyplom w ramach kierunku Projektowania Gier na Wydziale Artystycznym Uniwersytetu \u015al\u0105skiego. Do\u015bwiadczenie zawodowe zdobywa\u0142, jako projektant rozgrywki w firmie INCUVO. Aktualnie doktorant i wyk\u0142adowca. Aktywnie eksperymentuje w dziedzinie grafiki i gier, pracuj\u0105c nad autorskimi projektami. Jest uczestnikiem licznych wystaw i konkurs\u00f3w. Prowadzi i organizuje warsztaty oraz pokazy o charakterze artystycznym.<\/p>\n<\/div>\r\n                    <\/div>\r\n                <\/div>[\/vc_column][\/vc_row][vc_row][vc_column]            \r\n                    <div class=\"container\">\r\n                        <div class=\"gallery gallery_2\" data-images-in-row=\"2\">\r\n                            \r\n                            <div class=\"row m-0\">\r\n                                <a data-fancybox-group=\"button\" title=\"DEFORMANTY_01 gafika cyfrowa\" data-fancybox=\"5168\" href=\"https:\/\/us.edu.pl\/instytut\/isp\/wp-content\/uploads\/sites\/46\/Nieprzypisane\/DEFORMANTY_01-gafika-cyfrowa.jpg\" class=\"gallery__item thumbnail\"\r\n                                    style=\"background-image: url(https:\/\/us.edu.pl\/instytut\/isp\/wp-content\/uploads\/sites\/46\/Nieprzypisane\/DEFORMANTY_01-gafika-cyfrowa-731x1024.jpg)\"> <span class=\"d-none\">https:\/\/us.edu.pl\/instytut\/isp\/wp-content\/uploads\/sites\/46\/Nieprzypisane\/DEFORMANTY_01-gafika-cyfrowa.jpg<\/span> <\/a><a data-fancybox-group=\"button\" title=\"DEFORMANTY_02 grafika cyfrowa\" data-fancybox=\"5168\" href=\"https:\/\/us.edu.pl\/instytut\/isp\/wp-content\/uploads\/sites\/46\/Nieprzypisane\/DEFORMANTY_02-grafika-cyfrowa.jpg\" class=\"gallery__item thumbnail\"\r\n                                    style=\"background-image: url(https:\/\/us.edu.pl\/instytut\/isp\/wp-content\/uploads\/sites\/46\/Nieprzypisane\/DEFORMANTY_02-grafika-cyfrowa-731x1024.jpg)\"> <span class=\"d-none\">https:\/\/us.edu.pl\/instytut\/isp\/wp-content\/uploads\/sites\/46\/Nieprzypisane\/DEFORMANTY_02-grafika-cyfrowa.jpg<\/span> <\/a><a data-fancybox-group=\"button\" title=\"DEFORMANTY_04 grafika cyfrowa\" data-fancybox=\"5168\" href=\"https:\/\/us.edu.pl\/instytut\/isp\/wp-content\/uploads\/sites\/46\/Nieprzypisane\/DEFORMANTY_03-grafika-cyfrowa.jpg\" class=\"gallery__item thumbnail\"\r\n                                    style=\"background-image: url(https:\/\/us.edu.pl\/instytut\/isp\/wp-content\/uploads\/sites\/46\/Nieprzypisane\/DEFORMANTY_03-grafika-cyfrowa-731x1024.jpg)\"> <span class=\"d-none\">https:\/\/us.edu.pl\/instytut\/isp\/wp-content\/uploads\/sites\/46\/Nieprzypisane\/DEFORMANTY_03-grafika-cyfrowa.jpg<\/span> <\/a><a data-fancybox-group=\"button\" title=\"DEFORMANTY_04 grafika cyfrowa\" data-fancybox=\"5168\" href=\"https:\/\/us.edu.pl\/instytut\/isp\/wp-content\/uploads\/sites\/46\/Nieprzypisane\/DEFORMANTY_04-grafika-cyfrowa.jpg\" class=\"gallery__item thumbnail\"\r\n                                    style=\"background-image: url(https:\/\/us.edu.pl\/instytut\/isp\/wp-content\/uploads\/sites\/46\/Nieprzypisane\/DEFORMANTY_04-grafika-cyfrowa-731x1024.jpg)\"> <span class=\"d-none\">https:\/\/us.edu.pl\/instytut\/isp\/wp-content\/uploads\/sites\/46\/Nieprzypisane\/DEFORMANTY_04-grafika-cyfrowa.jpg<\/span> <\/a>\r\n                            <\/div>\r\n                    <\/div>\r\n                <\/div>[\/vc_column][\/vc_row]<\/p>","protected":false},"excerpt":{"rendered":"<p>[vc_row][vc_column][\/vc_column][\/vc_row][vc_row][vc_column][\/vc_column][\/vc_row] [&#8230;]<\/p>\n<p><a class=\"btn btn-secondary understrap-read-more-link\" href=\"https:\/\/us.edu.pl\/instytut\/isp\/wykladowcy\/mgr-robert-lipka\/\">Read More&#8230;<\/a><\/p>\n","protected":false},"author":110,"featured_media":0,"parent":995,"menu_order":0,"comment_status":"closed","ping_status":"closed","template":"","meta":{"_expiration-date-status":"saved","_expiration-date":0,"_expiration-date-type":"","_expiration-date-categories":[],"_expiration-date-options":[]},"acf":[],"_links":{"self":[{"href":"https:\/\/us.edu.pl\/instytut\/isp\/wp-json\/wp\/v2\/pages\/1000"}],"collection":[{"href":"https:\/\/us.edu.pl\/instytut\/isp\/wp-json\/wp\/v2\/pages"}],"about":[{"href":"https:\/\/us.edu.pl\/instytut\/isp\/wp-json\/wp\/v2\/types\/page"}],"author":[{"embeddable":true,"href":"https:\/\/us.edu.pl\/instytut\/isp\/wp-json\/wp\/v2\/users\/110"}],"replies":[{"embeddable":true,"href":"https:\/\/us.edu.pl\/instytut\/isp\/wp-json\/wp\/v2\/comments?post=1000"}],"version-history":[{"count":2,"href":"https:\/\/us.edu.pl\/instytut\/isp\/wp-json\/wp\/v2\/pages\/1000\/revisions"}],"predecessor-version":[{"id":1224,"href":"https:\/\/us.edu.pl\/instytut\/isp\/wp-json\/wp\/v2\/pages\/1000\/revisions\/1224"}],"up":[{"embeddable":true,"href":"https:\/\/us.edu.pl\/instytut\/isp\/wp-json\/wp\/v2\/pages\/995"}],"wp:attachment":[{"href":"https:\/\/us.edu.pl\/instytut\/isp\/wp-json\/wp\/v2\/media?parent=1000"}],"curies":[{"name":"wp","href":"https:\/\/api.w.org\/{rel}","templated":true}]}}