{"id":1002,"date":"2020-11-10T13:45:26","date_gmt":"2020-11-10T12:45:26","guid":{"rendered":"https:\/\/us.edu.pl\/instytut\/isp\/?page_id=1002"},"modified":"2020-11-17T14:35:30","modified_gmt":"2020-11-17T13:35:30","slug":"dr-jerzy-pietruczuk","status":"publish","type":"page","link":"https:\/\/us.edu.pl\/instytut\/isp\/wykladowcy\/dr-jerzy-pietruczuk\/","title":{"rendered":"dr Jerzy Pietruczuk"},"content":{"rendered":"<p>[vc_row][vc_column]\r\n                <div class=\"text-modules\">\r\n                    <div class=\"container\">\r\n                        <h3 class=\"page-title text__title\">dr Jerzy Pietruczuk<\/h3>\r\n                        <div class=\"text-modules__content\"><p>Studiowa\u0142 na Wydziale Grafiki, Akademii Sztuk Pi\u0119knych w Krakowie \u2013 dyplom w pracowni prof. Franciszka Bunscha (1992). Obszary aktywno\u015bci artystycznej: grafika cyfrowa, fotografia, rysunek. Swoj\u0105 artystyczn\u0105 praktyk\u0119 przeplata \u017cywym zainteresowaniem poezj\u0105, kt\u00f3ra bez w\u0105tpienia, silnie wp\u0142ywa na charakter tworzonych przez niego prac. Inspiracje znajduje w tw\u00f3rczo\u015bci takich autor\u00f3w jak: Rainer Maria Rilke, Georg Trakl, Arthur Rimbaud, Paul Celan, a tak\u017ce Antoine de Saint Exupery, kt\u00f3rego dzie\u0142o \u201eTwierdza\u201d wraz z poezj\u0105 Rainer Maria Rilkego znajduje zawsze pod r\u0119k\u0105 podczas artystycznej pracy. Uwa\u017ca \u017ce, aby przynale\u017cno\u015b\u0107 do rzeczywisto\u015bci poezji znalaz\u0142a pe\u0142ny, niczym nie skr\u0119powany wyraz w dzia\u0142alno\u015bci artystycznej wymagana jest zar\u00f3wno, prze\u017aroczysto\u015b\u0107 dla jego artystycznej wra\u017cliwo\u015bci, oswojonego narz\u0119dzia kt\u00f3rym si\u0119 pos\u0142uguje, jak i nieobecno\u015b\u0107 samej jego osoby w pomieszczeniu zajmowanym przez t\u0119 wra\u017cliwo\u015b\u0107, wi\u0119c oznajmia: by\u0107 miejscem na sztuk\u0119 i poezj\u0119&#8230; i nie op\u0142aca\u0107 dozorcy. Dzieli si\u0119 podejrzeniem \u2013 obraz nie jest wy\u0142\u0105czn\u0105 w\u0142asno\u015bci\u0105 sztuk wizualnych, tak samo jak poezji czy muzyki, jest samodzielnym medium.<\/p>\n<p>Nagrody i wyr\u00f3\u017cnienia: Excellence Prize Asia Digital Art Award, Fukuoka, Japonia (2018), I Nagroda \u2013 Mi\u0119dzynarodowy Konkurs na Ekslibris i Ma\u0142\u0105 Form\u0119 Graficzn\u0105 \u201eTajemnice Ch\u0142odnego Morza\u201d, Gda\u0144sk (2014), III Nagroda \u2013 II Mi\u0119dzynarodowy Konkurs \u201eArtystyczny Pejza\u017c Wsp\u00f3\u0142czesny\u201d, Cz\u0119stochowa (2014), Finalist Prize Asia Digital Art Award, Fukuoka, Japonia (2013, 2014), Wyr\u00f3\u017cnienie honorowe \u2013 V Og\u00f3lnopolski Konkurs Grafiki Im. Ludwiga Meidnera, Rzesz\u00f3w (2012), Grand Prix \u2013 Biennale Miniatury Cyfrowej, P\u0142ock (2009).<\/p>\n<\/div>\r\n                    <\/div>\r\n                <\/div>[\/vc_column][\/vc_row][vc_row][vc_column]            \r\n                    <div class=\"container\">\r\n                        <div class=\"gallery gallery_2\" data-images-in-row=\"2\">\r\n                            \r\n                            <div class=\"row m-0\">\r\n                                <a data-fancybox-group=\"button\" title=\"Tw\u00f3j psiak ale moja Betelgeza obraz cyfrowy \/ druk cyfrowy na papierze, 44x65,5 cm, 2020-1\" data-fancybox=\"9208\" href=\"https:\/\/us.edu.pl\/instytut\/isp\/wp-content\/uploads\/sites\/46\/Nieprzypisane\/1.jpg\" class=\"gallery__item thumbnail\"\r\n                                    style=\"background-image: url(https:\/\/us.edu.pl\/instytut\/isp\/wp-content\/uploads\/sites\/46\/Nieprzypisane\/1-1024x767.jpg)\"> <span class=\"d-none\">https:\/\/us.edu.pl\/instytut\/isp\/wp-content\/uploads\/sites\/46\/Nieprzypisane\/1.jpg<\/span> <\/a><a data-fancybox-group=\"button\" title=\"Tw\u00f3j psiak ale moja Betelgeza obraz cyfrowy \/ druk cyfrowy na papierze, 44x65,5 cm, 2020-2\" data-fancybox=\"9208\" href=\"https:\/\/us.edu.pl\/instytut\/isp\/wp-content\/uploads\/sites\/46\/Nieprzypisane\/2.jpg\" class=\"gallery__item thumbnail\"\r\n                                    style=\"background-image: url(https:\/\/us.edu.pl\/instytut\/isp\/wp-content\/uploads\/sites\/46\/Nieprzypisane\/2-1024x765.jpg)\"> <span class=\"d-none\">https:\/\/us.edu.pl\/instytut\/isp\/wp-content\/uploads\/sites\/46\/Nieprzypisane\/2.jpg<\/span> <\/a><a data-fancybox-group=\"button\" title=\"Tw\u00f3j psiak ale moja Betelgeza obraz cyfrowy \/ druk cyfrowy na papierze, 44x65,5 cm, 2020-3\" data-fancybox=\"9208\" href=\"https:\/\/us.edu.pl\/instytut\/isp\/wp-content\/uploads\/sites\/46\/Nieprzypisane\/3.jpg\" class=\"gallery__item thumbnail\"\r\n                                    style=\"background-image: url(https:\/\/us.edu.pl\/instytut\/isp\/wp-content\/uploads\/sites\/46\/Nieprzypisane\/3-1024x769.jpg)\"> <span class=\"d-none\">https:\/\/us.edu.pl\/instytut\/isp\/wp-content\/uploads\/sites\/46\/Nieprzypisane\/3.jpg<\/span> <\/a><a data-fancybox-group=\"button\" title=\"Tw\u00f3j psiak ale moja Betelgeza obraz cyfrowy \/ druk cyfrowy na papierze, 44x65,5 cm, 2020-4\" data-fancybox=\"9208\" href=\"https:\/\/us.edu.pl\/instytut\/isp\/wp-content\/uploads\/sites\/46\/Nieprzypisane\/4.jpg\" class=\"gallery__item thumbnail\"\r\n                                    style=\"background-image: url(https:\/\/us.edu.pl\/instytut\/isp\/wp-content\/uploads\/sites\/46\/Nieprzypisane\/4-1024x769.jpg)\"> <span class=\"d-none\">https:\/\/us.edu.pl\/instytut\/isp\/wp-content\/uploads\/sites\/46\/Nieprzypisane\/4.jpg<\/span> <\/a><a data-fancybox-group=\"button\" title=\"Tw\u00f3j psiak ale moja Betelgeza obraz cyfrowy \/ druk cyfrowy na papierze, 44x65,5 cm, 2020-5\" data-fancybox=\"9208\" href=\"https:\/\/us.edu.pl\/instytut\/isp\/wp-content\/uploads\/sites\/46\/Nieprzypisane\/5.jpg\" class=\"gallery__item thumbnail\"\r\n                                    style=\"background-image: url(https:\/\/us.edu.pl\/instytut\/isp\/wp-content\/uploads\/sites\/46\/Nieprzypisane\/5-1024x771.jpg)\"> <span class=\"d-none\">https:\/\/us.edu.pl\/instytut\/isp\/wp-content\/uploads\/sites\/46\/Nieprzypisane\/5.jpg<\/span> <\/a><a data-fancybox-group=\"button\" title=\"Tw\u00f3j psiak ale moja Betelgeza obraz cyfrowy \/ druk cyfrowy na papierze, 44x65,5 cm, 2020-6\" data-fancybox=\"9208\" href=\"https:\/\/us.edu.pl\/instytut\/isp\/wp-content\/uploads\/sites\/46\/Nieprzypisane\/6.jpg\" class=\"gallery__item thumbnail\"\r\n                                    style=\"background-image: url(https:\/\/us.edu.pl\/instytut\/isp\/wp-content\/uploads\/sites\/46\/Nieprzypisane\/6-1024x769.jpg)\"> <span class=\"d-none\">https:\/\/us.edu.pl\/instytut\/isp\/wp-content\/uploads\/sites\/46\/Nieprzypisane\/6.jpg<\/span> <\/a>\r\n                            <\/div>\r\n                    <\/div>\r\n                <\/div>[\/vc_column][\/vc_row]<\/p>","protected":false},"excerpt":{"rendered":"<p>[vc_row][vc_column][\/vc_column][\/vc_row][vc_row][vc_column][\/vc_column][\/vc_row] [&#8230;]<\/p>\n<p><a class=\"btn btn-secondary understrap-read-more-link\" href=\"https:\/\/us.edu.pl\/instytut\/isp\/wykladowcy\/dr-jerzy-pietruczuk\/\">Read More&#8230;<\/a><\/p>\n","protected":false},"author":110,"featured_media":0,"parent":995,"menu_order":0,"comment_status":"closed","ping_status":"closed","template":"","meta":{"_expiration-date-status":"saved","_expiration-date":0,"_expiration-date-type":"","_expiration-date-categories":[],"_expiration-date-options":[]},"acf":[],"_links":{"self":[{"href":"https:\/\/us.edu.pl\/instytut\/isp\/wp-json\/wp\/v2\/pages\/1002"}],"collection":[{"href":"https:\/\/us.edu.pl\/instytut\/isp\/wp-json\/wp\/v2\/pages"}],"about":[{"href":"https:\/\/us.edu.pl\/instytut\/isp\/wp-json\/wp\/v2\/types\/page"}],"author":[{"embeddable":true,"href":"https:\/\/us.edu.pl\/instytut\/isp\/wp-json\/wp\/v2\/users\/110"}],"replies":[{"embeddable":true,"href":"https:\/\/us.edu.pl\/instytut\/isp\/wp-json\/wp\/v2\/comments?post=1002"}],"version-history":[{"count":2,"href":"https:\/\/us.edu.pl\/instytut\/isp\/wp-json\/wp\/v2\/pages\/1002\/revisions"}],"predecessor-version":[{"id":1140,"href":"https:\/\/us.edu.pl\/instytut\/isp\/wp-json\/wp\/v2\/pages\/1002\/revisions\/1140"}],"up":[{"embeddable":true,"href":"https:\/\/us.edu.pl\/instytut\/isp\/wp-json\/wp\/v2\/pages\/995"}],"wp:attachment":[{"href":"https:\/\/us.edu.pl\/instytut\/isp\/wp-json\/wp\/v2\/media?parent=1002"}],"curies":[{"name":"wp","href":"https:\/\/api.w.org\/{rel}","templated":true}]}}