{"id":1009,"date":"2020-11-10T13:57:44","date_gmt":"2020-11-10T12:57:44","guid":{"rendered":"https:\/\/us.edu.pl\/instytut\/isp\/?page_id=1009"},"modified":"2020-11-27T12:12:02","modified_gmt":"2020-11-27T11:12:02","slug":"prof-us-dr-hab-hanna-grzonka-karwacka","status":"publish","type":"page","link":"https:\/\/us.edu.pl\/instytut\/isp\/wykladowcy\/prof-us-dr-hab-hanna-grzonka-karwacka\/","title":{"rendered":"dr hab. Hanna Grzonka-Karwacka, prof. U\u015a"},"content":{"rendered":"<p>[vc_row][vc_column]\r\n                <div class=\"text-modules\">\r\n                    <div class=\"container\">\r\n                        <h3 class=\"page-title text__title\">dr hab. Hanna Grzonka-Karwacka, prof. U\u015a<\/h3>\r\n                        <div class=\"text-modules__content\"><p>Uko\u0144czy\u0142a studia na cieszy\u0144skim Wydziale Artystycznym Instytutu Sztuki Uniwersytetu \u015al\u0105skiego w Katowicach (1999), od 2005 zatrudniona na macierzystym wydziale, gdzie prowadzi pracowni\u0119 rysunku. W 2009 zrealizowa\u0142a doktorat w zakresie Sztuk Pi\u0119knych, w 2019 otrzyma\u0142a stopie\u0144 doktora habilitowanego. Profesor U\u015a. W swojej tw\u00f3rczo\u015bci artystycznej zajmuje j\u0105 problem to\u017csamo\u015bci, pami\u0119ci i postpami\u0119ci. Interesuje j\u0105 przede wszystkim \u015blad pami\u0119ciowy \u2013 engram, kt\u00f3ry pomimo, \u017ce niejednokrotnie powsta\u0142 w dzieci\u0144stwie, nie przemin\u0105\u0142, nie uleg\u0142 degradacji i nie podda\u0142 si\u0119 zniekszta\u0142ceniom. Pos\u0142uguje si\u0119 r\u00f3\u017cnego rodzaju medium: grafik\u0105 eksperymentaln\u0105, rysunkiem, obiektem. Uczestniczka rezydencji artystycznych (North Wales School of Arts and Design, Wrexham, Wielka Brytania, 2008; Guanlan Original Printmaking Base, Chiny, 2012). Autorka warsztat\u00f3w i akcji artystycznych. Swoje prace prezentowa\u0142a na ponad 20 wystawach indywidualnych oraz ponad 100 zbiorowych, w kraju i za granic\u0105. Stypendystka Ministra Kultury i Dziedzictwa Narodowego (2010). Laureatka nagr\u00f3d i wyr\u00f3\u017cnie\u0144.<\/p>\n<p><a href=\"https:\/\/www.instagram.com\/hannagrzonka\/\" target=\"_blank\" rel=\"noreferrer noopener\">Hanna Grzonka-Karwacka (@hannagrzonka) \u2022 Instagram photos and videos<\/a><\/p>\n<p><a href=\"https:\/\/www.facebook.com\/hannagrzonkakarwacka\">https:\/\/www.facebook.com\/hannagrzonkakarwacka<\/a><\/p>\n<\/div>\r\n                    <\/div>\r\n                <\/div>[\/vc_column][\/vc_row][vc_row][vc_column]            \r\n                    <div class=\"container\">\r\n                        <div class=\"gallery gallery_2\" data-images-in-row=\"2\">\r\n                            \r\n                            <div class=\"row m-0\">\r\n                                <a data-fancybox-group=\"button\" title=\"Grzonka_Deja Vu Odessa 2\" data-fancybox=\"7423\" href=\"https:\/\/us.edu.pl\/instytut\/isp\/wp-content\/uploads\/sites\/46\/Nieprzypisane\/net-Grzonka_Deja-Vu-Odessa-2.jpg\" class=\"gallery__item thumbnail\"\r\n                                    style=\"background-image: url(https:\/\/us.edu.pl\/instytut\/isp\/wp-content\/uploads\/sites\/46\/Nieprzypisane\/net-Grzonka_Deja-Vu-Odessa-2.jpg)\"> <span class=\"d-none\">https:\/\/us.edu.pl\/instytut\/isp\/wp-content\/uploads\/sites\/46\/Nieprzypisane\/net-Grzonka_Deja-Vu-Odessa-2.jpg<\/span> <\/a><a data-fancybox-group=\"button\" title=\"Grzonka_Relikwiarz pamie\u0328ci_fragment obiektu\" data-fancybox=\"7423\" href=\"https:\/\/us.edu.pl\/instytut\/isp\/wp-content\/uploads\/sites\/46\/Nieprzypisane\/net-Grzonka_Relikwiarz-pamie\u0328ci_fragment-obiektu.jpg\" class=\"gallery__item thumbnail\"\r\n                                    style=\"background-image: url(https:\/\/us.edu.pl\/instytut\/isp\/wp-content\/uploads\/sites\/46\/Nieprzypisane\/net-Grzonka_Relikwiarz-pamie\u0328ci_fragment-obiektu.jpg)\"> <span class=\"d-none\">https:\/\/us.edu.pl\/instytut\/isp\/wp-content\/uploads\/sites\/46\/Nieprzypisane\/net-Grzonka_Relikwiarz-pamie\u0328ci_fragment-obiektu.jpg<\/span> <\/a><a data-fancybox-group=\"button\" title=\"Grzonka_In memoriam...\" data-fancybox=\"7423\" href=\"https:\/\/us.edu.pl\/instytut\/isp\/wp-content\/uploads\/sites\/46\/Nieprzypisane\/net-Grzonka_In-memoriam....jpg\" class=\"gallery__item thumbnail\"\r\n                                    style=\"background-image: url(https:\/\/us.edu.pl\/instytut\/isp\/wp-content\/uploads\/sites\/46\/Nieprzypisane\/net-Grzonka_In-memoriam....jpg)\"> <span class=\"d-none\">https:\/\/us.edu.pl\/instytut\/isp\/wp-content\/uploads\/sites\/46\/Nieprzypisane\/net-Grzonka_In-memoriam....jpg<\/span> <\/a><a data-fancybox-group=\"button\" title=\"Grzonka_Dobra tolerancja Z\u0142a tolerancja\" data-fancybox=\"7423\" href=\"https:\/\/us.edu.pl\/instytut\/isp\/wp-content\/uploads\/sites\/46\/Nieprzypisane\/net-Grzonka_Dobra-tolerancja-Z\u0142a-tolerancja.jpg\" class=\"gallery__item thumbnail\"\r\n                                    style=\"background-image: url(https:\/\/us.edu.pl\/instytut\/isp\/wp-content\/uploads\/sites\/46\/Nieprzypisane\/net-Grzonka_Dobra-tolerancja-Z\u0142a-tolerancja.jpg)\"> <span class=\"d-none\">https:\/\/us.edu.pl\/instytut\/isp\/wp-content\/uploads\/sites\/46\/Nieprzypisane\/net-Grzonka_Dobra-tolerancja-Z\u0142a-tolerancja.jpg<\/span> <\/a>\r\n                            <\/div>\r\n                    <\/div>\r\n                <\/div>[\/vc_column][\/vc_row]<\/p>","protected":false},"excerpt":{"rendered":"<p>[vc_row][vc_column][\/vc_column][\/vc_row][vc_row][vc_column][\/vc_column][\/vc_row] [&#8230;]<\/p>\n<p><a class=\"btn btn-secondary understrap-read-more-link\" href=\"https:\/\/us.edu.pl\/instytut\/isp\/wykladowcy\/prof-us-dr-hab-hanna-grzonka-karwacka\/\">Read More&#8230;<\/a><\/p>\n","protected":false},"author":110,"featured_media":0,"parent":995,"menu_order":0,"comment_status":"closed","ping_status":"closed","template":"","meta":{"_expiration-date-status":"saved","_expiration-date":0,"_expiration-date-type":"","_expiration-date-categories":[],"_expiration-date-options":[]},"acf":[],"_links":{"self":[{"href":"https:\/\/us.edu.pl\/instytut\/isp\/wp-json\/wp\/v2\/pages\/1009"}],"collection":[{"href":"https:\/\/us.edu.pl\/instytut\/isp\/wp-json\/wp\/v2\/pages"}],"about":[{"href":"https:\/\/us.edu.pl\/instytut\/isp\/wp-json\/wp\/v2\/types\/page"}],"author":[{"embeddable":true,"href":"https:\/\/us.edu.pl\/instytut\/isp\/wp-json\/wp\/v2\/users\/110"}],"replies":[{"embeddable":true,"href":"https:\/\/us.edu.pl\/instytut\/isp\/wp-json\/wp\/v2\/comments?post=1009"}],"version-history":[{"count":5,"href":"https:\/\/us.edu.pl\/instytut\/isp\/wp-json\/wp\/v2\/pages\/1009\/revisions"}],"predecessor-version":[{"id":1314,"href":"https:\/\/us.edu.pl\/instytut\/isp\/wp-json\/wp\/v2\/pages\/1009\/revisions\/1314"}],"up":[{"embeddable":true,"href":"https:\/\/us.edu.pl\/instytut\/isp\/wp-json\/wp\/v2\/pages\/995"}],"wp:attachment":[{"href":"https:\/\/us.edu.pl\/instytut\/isp\/wp-json\/wp\/v2\/media?parent=1009"}],"curies":[{"name":"wp","href":"https:\/\/api.w.org\/{rel}","templated":true}]}}