{"id":1016,"date":"2020-11-10T14:04:31","date_gmt":"2020-11-10T13:04:31","guid":{"rendered":"https:\/\/us.edu.pl\/instytut\/isp\/?page_id=1016"},"modified":"2020-11-16T12:19:43","modified_gmt":"2020-11-16T11:19:43","slug":"prof-dr-hab-aleksander-ostrowski","status":"publish","type":"page","link":"https:\/\/us.edu.pl\/instytut\/isp\/wykladowcy\/prof-dr-hab-aleksander-ostrowski\/","title":{"rendered":"Prof. dr hab. Aleksander Ostrowski"},"content":{"rendered":"<p>[vc_row][vc_column]\r\n                <div class=\"text-modules\">\r\n                    <div class=\"container\">\r\n                        <h3 class=\"page-title text__title\">Prof. dr hab. Aleksander Ostrowski<\/h3>\r\n                        <div class=\"text-modules__content\"><p>Absolwent Wydzia\u0142u Pedagogiczno-Artystycznego Uniwersytetu \u015al\u0105skiego w Katowicach, dyplom zrealizowa\u0142 w zakresie grafiki warsztatowej (1988). W 1997 obroni\u0142 z wyr\u00f3\u017cnieniem doktorat z dziedziny socjologii kultury na Wydziale Nauk Spo\u0142ecznych Uniwersytetu \u015al\u0105skiego pod opiek\u0105 Prof. Wojciecha \u015awi\u0105tkiewicza. W 2001 na Akademii Sztuk Pi\u0119knych w Warszawie zrealizowa\u0142 przew\u00f3d kwalifikacyjny II st. z dziedziny sztuk plastycznych (dyscyplina artystyczna grafika). W 2014 na Akademii Sztuk Pi\u0119knych w Katowicach uzyska\u0142 tytu\u0142 profesora sztuk plastycznych. Od 1988 pracuje w Instytucie Sztuk Plastycznych na Macierzystej Uczelni. Zainteresowania artystyczne Aleksandra Ostrowskiego nie ograniczaj\u0105 si\u0119 do jednej dyscypliny \u2013 zajmuje si\u0119 rysunkiem, grafik\u0105 warsztatow\u0105 i komputerow\u0105, fotografi\u0105, projektowaniem graficznym, projektowaniem wn\u0119trz i mebli. Rysunek traktuje jak autonomiczn\u0105 dziedzin\u0119 sztuki. Eksperymentuje wykorzystuj\u0105c r\u00f3\u017cnorodne techniki rysunkowe, szczeg\u00f3lnie dbaj\u0105c o specjalnie spreparowane pod\u0142o\u017ce rysunkowe. Szanuj\u0105c klasyczne techniki grafiki warsztatowej zajmuje si\u0119 r\u00f3wnie\u017c grafik\u0105 komputerow\u0105. Realizuje prace z zakresu klasycznej fotografii czarno-bia\u0142ej i barwnej fotografii cyfrowej. Zajmuje si\u0119 r\u00f3wnie\u017c grafik\u0105 projektow\u0105 (plakat, ok\u0142adki p\u0142yt, ok\u0142adki ksi\u0105\u017cek, logo, katalogi wystaw). Jest autorem ponad stu wystaw indywidualnych i zbiorowych w kraju i za granic\u0105. Aktywnie uczestniczy w promocji kultury plastycznej, prowadzi warsztaty plastyczne (krajowe i mi\u0119dzynarodowe). Zainteresowania pozazawodowe to: muzyka, film, billard oraz majsterkowanie i ogrodnictwo.<\/p>\n<\/div>\r\n                    <\/div>\r\n                <\/div>[\/vc_column][\/vc_row][vc_row][vc_column]            \r\n                    <div class=\"container\">\r\n                        <div class=\"gallery gallery_2\" data-images-in-row=\"2\">\r\n                            \r\n                            <div class=\"row m-0\">\r\n                                <a data-fancybox-group=\"button\" title=\"Bez tytu\u0142u Aleksander Ostrowski\" data-fancybox=\"9874\" href=\"https:\/\/us.edu.pl\/instytut\/isp\/wp-content\/uploads\/sites\/46\/Nieprzypisane\/Bez-tytu\u0142u-Aleksander-Ostrowski.jpg\" class=\"gallery__item thumbnail\"\r\n                                    style=\"background-image: url(https:\/\/us.edu.pl\/instytut\/isp\/wp-content\/uploads\/sites\/46\/Nieprzypisane\/Bez-tytu\u0142u-Aleksander-Ostrowski.jpg)\"> <span class=\"d-none\">https:\/\/us.edu.pl\/instytut\/isp\/wp-content\/uploads\/sites\/46\/Nieprzypisane\/Bez-tytu\u0142u-Aleksander-Ostrowski.jpg<\/span> <\/a><a data-fancybox-group=\"button\" title=\"Pejzaz\u0307 z pustym miejscem Aleksander Ostrowski\" data-fancybox=\"9874\" href=\"https:\/\/us.edu.pl\/instytut\/isp\/wp-content\/uploads\/sites\/46\/Nieprzypisane\/Pejzaz\u0307-z-pustym-miejscem-Aleksander-Ostrowski.jpg\" class=\"gallery__item thumbnail\"\r\n                                    style=\"background-image: url(https:\/\/us.edu.pl\/instytut\/isp\/wp-content\/uploads\/sites\/46\/Nieprzypisane\/Pejzaz\u0307-z-pustym-miejscem-Aleksander-Ostrowski.jpg)\"> <span class=\"d-none\">https:\/\/us.edu.pl\/instytut\/isp\/wp-content\/uploads\/sites\/46\/Nieprzypisane\/Pejzaz\u0307-z-pustym-miejscem-Aleksander-Ostrowski.jpg<\/span> <\/a><a data-fancybox-group=\"button\" title=\"Kalejdoskop dz\u0301wie\u0328ko\u0301w Aleksander Ostrowski\" data-fancybox=\"9874\" href=\"https:\/\/us.edu.pl\/instytut\/isp\/wp-content\/uploads\/sites\/46\/Nieprzypisane\/Kalejdoskop-dz\u0301wie\u0328ko\u0301w-Aleksander-Ostrowski.jpg\" class=\"gallery__item thumbnail\"\r\n                                    style=\"background-image: url(https:\/\/us.edu.pl\/instytut\/isp\/wp-content\/uploads\/sites\/46\/Nieprzypisane\/Kalejdoskop-dz\u0301wie\u0328ko\u0301w-Aleksander-Ostrowski.jpg)\"> <span class=\"d-none\">https:\/\/us.edu.pl\/instytut\/isp\/wp-content\/uploads\/sites\/46\/Nieprzypisane\/Kalejdoskop-dz\u0301wie\u0328ko\u0301w-Aleksander-Ostrowski.jpg<\/span> <\/a><a data-fancybox-group=\"button\" title=\"True Aleksander Ostrowski\" data-fancybox=\"9874\" href=\"https:\/\/us.edu.pl\/instytut\/isp\/wp-content\/uploads\/sites\/46\/Nieprzypisane\/True-Aleksander-Ostrowski.jpg\" class=\"gallery__item thumbnail\"\r\n                                    style=\"background-image: url(https:\/\/us.edu.pl\/instytut\/isp\/wp-content\/uploads\/sites\/46\/Nieprzypisane\/True-Aleksander-Ostrowski.jpg)\"> <span class=\"d-none\">https:\/\/us.edu.pl\/instytut\/isp\/wp-content\/uploads\/sites\/46\/Nieprzypisane\/True-Aleksander-Ostrowski.jpg<\/span> <\/a><a data-fancybox-group=\"button\" title=\"Pejzaz\u0307. Aleksander Ostrowski\" data-fancybox=\"9874\" href=\"https:\/\/us.edu.pl\/instytut\/isp\/wp-content\/uploads\/sites\/46\/Nieprzypisane\/Pejzaz\u0307.-Aleksander-Ostrowski.jpg\" class=\"gallery__item thumbnail\"\r\n                                    style=\"background-image: url(https:\/\/us.edu.pl\/instytut\/isp\/wp-content\/uploads\/sites\/46\/Nieprzypisane\/Pejzaz\u0307.-Aleksander-Ostrowski-1024x642.jpg)\"> <span class=\"d-none\">https:\/\/us.edu.pl\/instytut\/isp\/wp-content\/uploads\/sites\/46\/Nieprzypisane\/Pejzaz\u0307.-Aleksander-Ostrowski.jpg<\/span> <\/a>\r\n                            <\/div>\r\n                    <\/div>\r\n                <\/div>[\/vc_column][\/vc_row]<\/p>","protected":false},"excerpt":{"rendered":"<p>[vc_row][vc_column][\/vc_column][\/vc_row][vc_row][vc_column][\/vc_column][\/vc_row] [&#8230;]<\/p>\n<p><a class=\"btn btn-secondary understrap-read-more-link\" href=\"https:\/\/us.edu.pl\/instytut\/isp\/wykladowcy\/prof-dr-hab-aleksander-ostrowski\/\">Read More&#8230;<\/a><\/p>\n","protected":false},"author":110,"featured_media":0,"parent":995,"menu_order":0,"comment_status":"closed","ping_status":"closed","template":"","meta":{"_expiration-date-status":"saved","_expiration-date":0,"_expiration-date-type":"","_expiration-date-categories":[],"_expiration-date-options":[]},"acf":[],"_links":{"self":[{"href":"https:\/\/us.edu.pl\/instytut\/isp\/wp-json\/wp\/v2\/pages\/1016"}],"collection":[{"href":"https:\/\/us.edu.pl\/instytut\/isp\/wp-json\/wp\/v2\/pages"}],"about":[{"href":"https:\/\/us.edu.pl\/instytut\/isp\/wp-json\/wp\/v2\/types\/page"}],"author":[{"embeddable":true,"href":"https:\/\/us.edu.pl\/instytut\/isp\/wp-json\/wp\/v2\/users\/110"}],"replies":[{"embeddable":true,"href":"https:\/\/us.edu.pl\/instytut\/isp\/wp-json\/wp\/v2\/comments?post=1016"}],"version-history":[{"count":2,"href":"https:\/\/us.edu.pl\/instytut\/isp\/wp-json\/wp\/v2\/pages\/1016\/revisions"}],"predecessor-version":[{"id":1077,"href":"https:\/\/us.edu.pl\/instytut\/isp\/wp-json\/wp\/v2\/pages\/1016\/revisions\/1077"}],"up":[{"embeddable":true,"href":"https:\/\/us.edu.pl\/instytut\/isp\/wp-json\/wp\/v2\/pages\/995"}],"wp:attachment":[{"href":"https:\/\/us.edu.pl\/instytut\/isp\/wp-json\/wp\/v2\/media?parent=1016"}],"curies":[{"name":"wp","href":"https:\/\/api.w.org\/{rel}","templated":true}]}}