{"id":1019,"date":"2020-11-10T14:07:39","date_gmt":"2020-11-10T13:07:39","guid":{"rendered":"https:\/\/us.edu.pl\/instytut\/isp\/?page_id=1019"},"modified":"2020-11-17T14:31:22","modified_gmt":"2020-11-17T13:31:22","slug":"prof-dr-hab-joanna-piech-kalarus","status":"publish","type":"page","link":"https:\/\/us.edu.pl\/instytut\/isp\/wykladowcy\/prof-dr-hab-joanna-piech-kalarus\/","title":{"rendered":"Prof. dr hab. Joanna Piech-Kalarus"},"content":{"rendered":"<p>[vc_row][vc_column]\r\n                <div class=\"text-modules\">\r\n                    <div class=\"container\">\r\n                        <h3 class=\"page-title text__title\">Prof. dr hab. Joanna Piech-Kalarus<\/h3>\r\n                        <div class=\"text-modules__content\"><p>W swojej pracy tw\u00f3rczej zajmuje si\u0119 g\u0142\u00f3wnie grafik\u0105, malarstwem oraz okazjonalnie ilustracj\u0105. Technika linorytu nauczy\u0142a j\u0105 odpowiedzialno\u015bci za gest, a stawiaj\u0105ce op\u00f3r tworzywo \u2013 determinacji w dokonywaniu ustawicznych wybor\u00f3w odpowiednich \u015brodk\u00f3w ideowych w formu\u0142owaniu ostatecznego kszta\u0142tu zamierzonej wizji artystycznej. W rzeczywisto\u015bci efekt pracy zawsze pozostaje niespodziank\u0105, do kt\u00f3rej, po odbiciu matrycy \u2013 jak sama pisze \u2013 przyzwyczaja si\u0119 powoli i je\u017celi ca\u0142o\u015b\u0107 spe\u0142ni jej oczekiwania, mo\u017ce zaistnie\u0107 w kilku, kilkunastu egzemplarzach. \u201eKolejne grafiki wyznaczaj\u0105 poszczeg\u00f3lne etapy mojego \u017cycia, s\u0105 zapisem czasu, w kt\u00f3rym<\/p>\n<p>powsta\u0142y. Tworz\u0105c je porz\u0105dkuj\u0119 w\u0142asn\u0105 osobowo\u015b\u0107, ale r\u00f3wnie\u017c otoczenie, w kt\u00f3rym przysz\u0142o mi egzystowa\u0107. To m\u00f3j dialog z czasem, w kt\u00f3rym \u017cyj\u0119 i materi\u0105, w kt\u00f3rej pracuj\u0119. To zatrzymanie w okre\u015blonej formie chwil, kt\u00f3re nie umkn\u0119\u0142y. Za pomoc\u0105 d\u0142uta wycinam kszta\u0142ty, jakie rodz\u0105 si\u0119 w mojej wyobra\u017ani. Dominuj\u0105cym elementem jest zazwyczaj cz\u0142owiek organicznie zwi\u0105zany z otaczaj\u0105cym go t\u0142em, b\u0119d\u0105cym swoistym, wieloznacznym kontekstem jego w tej przestrzeni zaistnienia\u201d.<\/p>\n<p>Jej aktywno\u015b\u0107 przede wszystkim zwi\u0105zana jest z grafik\u0105, nie odrzuca jednak innych propozycji, w tym bardzo dla niej wa\u017cnych, realizacji sakralnych. Na przestrzeni lat, ten element aktywno\u015bci artystycznej sta\u0142 si\u0119 niezwykle istotn\u0105 cz\u0119\u015bci\u0105 drogi tw\u00f3rczej artystki. Ko\u015bcielne aran\u017cacje plastyczne, pocz\u0105wszy od projekt\u00f3w, a\u017c do po ostateczn\u0105 ich realizacj\u0119 na \u015bcianach wewn\u0105trz ko\u015bcio\u0142\u00f3w, stanowi\u0105 wspania\u0142e wyzwanie, s\u0105 praktycznym sprawdzianem umiej\u0119tno\u015bci i w spos\u00f3b naturalny przenikaj\u0105 do innych, uprawianych dziedzin tw\u00f3rczo\u015bci, tak\u017ce grafiki.<\/p>\n<\/div>\r\n                    <\/div>\r\n                <\/div>[\/vc_column][\/vc_row][vc_row][vc_column]            \r\n                    <div class=\"container\">\r\n                        <div class=\"gallery gallery_2\" data-images-in-row=\"2\">\r\n                            \r\n                            <div class=\"row m-0\">\r\n                                <a data-fancybox-group=\"button\" title=\"Joanna Piech- Impresja Wielka fala- linoryt- 45x39 cm. 2020 r.\" data-fancybox=\"2110\" href=\"https:\/\/us.edu.pl\/instytut\/isp\/wp-content\/uploads\/sites\/46\/Nieprzypisane\/net-Joanna-Piech-Impresja-Wielka-fala-linoryt-45x39-cm.-2020-r..jpg\" class=\"gallery__item thumbnail\"\r\n                                    style=\"background-image: url(https:\/\/us.edu.pl\/instytut\/isp\/wp-content\/uploads\/sites\/46\/Nieprzypisane\/net-Joanna-Piech-Impresja-Wielka-fala-linoryt-45x39-cm.-2020-r..jpg)\"> <span class=\"d-none\">https:\/\/us.edu.pl\/instytut\/isp\/wp-content\/uploads\/sites\/46\/Nieprzypisane\/net-Joanna-Piech-Impresja-Wielka-fala-linoryt-45x39-cm.-2020-r..jpg<\/span> <\/a><a data-fancybox-group=\"button\" title=\"Joanna Piech- Impresje parawanowe I- linoryt 42x40 cm. 2020 r.\" data-fancybox=\"2110\" href=\"https:\/\/us.edu.pl\/instytut\/isp\/wp-content\/uploads\/sites\/46\/Nieprzypisane\/net-Joanna-Piech-Impresje-parawanowe-I-linoryt-42x40-cm.-2020-r..jpg\" class=\"gallery__item thumbnail\"\r\n                                    style=\"background-image: url(https:\/\/us.edu.pl\/instytut\/isp\/wp-content\/uploads\/sites\/46\/Nieprzypisane\/net-Joanna-Piech-Impresje-parawanowe-I-linoryt-42x40-cm.-2020-r..jpg)\"> <span class=\"d-none\">https:\/\/us.edu.pl\/instytut\/isp\/wp-content\/uploads\/sites\/46\/Nieprzypisane\/net-Joanna-Piech-Impresje-parawanowe-I-linoryt-42x40-cm.-2020-r..jpg<\/span> <\/a><a data-fancybox-group=\"button\" title=\"Joanna Piech- Impresje parawanowe II- linoryt 42x40 cm. 2020r.\" data-fancybox=\"2110\" href=\"https:\/\/us.edu.pl\/instytut\/isp\/wp-content\/uploads\/sites\/46\/Nieprzypisane\/net-Joanna-Piech-Impresje-parawanowe-II-linoryt-42x40-cm.-2020r..jpg\" class=\"gallery__item thumbnail\"\r\n                                    style=\"background-image: url(https:\/\/us.edu.pl\/instytut\/isp\/wp-content\/uploads\/sites\/46\/Nieprzypisane\/net-Joanna-Piech-Impresje-parawanowe-II-linoryt-42x40-cm.-2020r..jpg)\"> <span class=\"d-none\">https:\/\/us.edu.pl\/instytut\/isp\/wp-content\/uploads\/sites\/46\/Nieprzypisane\/net-Joanna-Piech-Impresje-parawanowe-II-linoryt-42x40-cm.-2020r..jpg<\/span> <\/a><a data-fancybox-group=\"button\" title=\"Joanna Piech- Pe\u0328dz\u0307 Lola Pe\u0328dz\u0307- linoryt 50x70 cm. 2019r.\" data-fancybox=\"2110\" href=\"https:\/\/us.edu.pl\/instytut\/isp\/wp-content\/uploads\/sites\/46\/Nieprzypisane\/net-Joanna-Piech-Pe\u0328dz\u0307-Lola-Pe\u0328dz\u0307-linoryt-50x70-cm.-2019r..jpg\" class=\"gallery__item thumbnail\"\r\n                                    style=\"background-image: url(https:\/\/us.edu.pl\/instytut\/isp\/wp-content\/uploads\/sites\/46\/Nieprzypisane\/net-Joanna-Piech-Pe\u0328dz\u0307-Lola-Pe\u0328dz\u0307-linoryt-50x70-cm.-2019r..jpg)\"> <span class=\"d-none\">https:\/\/us.edu.pl\/instytut\/isp\/wp-content\/uploads\/sites\/46\/Nieprzypisane\/net-Joanna-Piech-Pe\u0328dz\u0307-Lola-Pe\u0328dz\u0307-linoryt-50x70-cm.-2019r..jpg<\/span> <\/a><a data-fancybox-group=\"button\" title=\"Joanna Piech- Tkanki typograficzne 2 serigrafia 30x23 cm. 2020r.\" data-fancybox=\"2110\" href=\"https:\/\/us.edu.pl\/instytut\/isp\/wp-content\/uploads\/sites\/46\/Nieprzypisane\/net-Joanna-Piech-Tkanki-typograficzne-2-serigrafia-30x23-cm.-2020r..jpg\" class=\"gallery__item thumbnail\"\r\n                                    style=\"background-image: url(https:\/\/us.edu.pl\/instytut\/isp\/wp-content\/uploads\/sites\/46\/Nieprzypisane\/net-Joanna-Piech-Tkanki-typograficzne-2-serigrafia-30x23-cm.-2020r..jpg)\"> <span class=\"d-none\">https:\/\/us.edu.pl\/instytut\/isp\/wp-content\/uploads\/sites\/46\/Nieprzypisane\/net-Joanna-Piech-Tkanki-typograficzne-2-serigrafia-30x23-cm.-2020r..jpg<\/span> <\/a><a data-fancybox-group=\"button\" title=\"Joanna-Piech-Hommage-a-Francisco-Zurbaran-linoryt-90x120cm.-2019r\" data-fancybox=\"2110\" href=\"https:\/\/us.edu.pl\/instytut\/isp\/wp-content\/uploads\/sites\/46\/Nieprzypisane\/net-Joanna-Piech-Hommage-a-Francisco-Zurbaran-linoryt-90x120cm.-2019r..jpg\" class=\"gallery__item thumbnail\"\r\n                                    style=\"background-image: url(https:\/\/us.edu.pl\/instytut\/isp\/wp-content\/uploads\/sites\/46\/Nieprzypisane\/net-Joanna-Piech-Hommage-a-Francisco-Zurbaran-linoryt-90x120cm.-2019r..jpg)\"> <span class=\"d-none\">https:\/\/us.edu.pl\/instytut\/isp\/wp-content\/uploads\/sites\/46\/Nieprzypisane\/net-Joanna-Piech-Hommage-a-Francisco-Zurbaran-linoryt-90x120cm.-2019r..jpg<\/span> <\/a><a data-fancybox-group=\"button\" title=\"Joanna Piech- Tkanki typograficzne 3 serigrafia 30x23 cm. 2020r.\" data-fancybox=\"2110\" href=\"https:\/\/us.edu.pl\/instytut\/isp\/wp-content\/uploads\/sites\/46\/Nieprzypisane\/netJoanna-Piech-Tkanki-typograficzne-3-serigrafia-30x23-cm.-2020r..jpg\" class=\"gallery__item thumbnail\"\r\n                                    style=\"background-image: url(https:\/\/us.edu.pl\/instytut\/isp\/wp-content\/uploads\/sites\/46\/Nieprzypisane\/netJoanna-Piech-Tkanki-typograficzne-3-serigrafia-30x23-cm.-2020r..jpg)\"> <span class=\"d-none\">https:\/\/us.edu.pl\/instytut\/isp\/wp-content\/uploads\/sites\/46\/Nieprzypisane\/netJoanna-Piech-Tkanki-typograficzne-3-serigrafia-30x23-cm.-2020r..jpg<\/span> <\/a><a data-fancybox-group=\"button\" title=\"Joanna Piech- Znikaja\u0328ca Lola-linoryt- 50x70 cm. 2019r.\" data-fancybox=\"2110\" href=\"https:\/\/us.edu.pl\/instytut\/isp\/wp-content\/uploads\/sites\/46\/Nieprzypisane\/netJoanna-Piech-Znikaja\u0328ca-Lola-linoryt-50x70-cm.-2019r..jpg\" class=\"gallery__item thumbnail\"\r\n                                    style=\"background-image: url(https:\/\/us.edu.pl\/instytut\/isp\/wp-content\/uploads\/sites\/46\/Nieprzypisane\/netJoanna-Piech-Znikaja\u0328ca-Lola-linoryt-50x70-cm.-2019r..jpg)\"> <span class=\"d-none\">https:\/\/us.edu.pl\/instytut\/isp\/wp-content\/uploads\/sites\/46\/Nieprzypisane\/netJoanna-Piech-Znikaja\u0328ca-Lola-linoryt-50x70-cm.-2019r..jpg<\/span> <\/a>\r\n                            <\/div>\r\n                    <\/div>\r\n                <\/div>[\/vc_column][\/vc_row]<\/p>","protected":false},"excerpt":{"rendered":"<p>[vc_row][vc_column][\/vc_column][\/vc_row][vc_row][vc_column][\/vc_column][\/vc_row] [&#8230;]<\/p>\n<p><a class=\"btn btn-secondary understrap-read-more-link\" href=\"https:\/\/us.edu.pl\/instytut\/isp\/wykladowcy\/prof-dr-hab-joanna-piech-kalarus\/\">Read More&#8230;<\/a><\/p>\n","protected":false},"author":110,"featured_media":0,"parent":995,"menu_order":0,"comment_status":"closed","ping_status":"closed","template":"","meta":{"_expiration-date-status":"saved","_expiration-date":0,"_expiration-date-type":"","_expiration-date-categories":[],"_expiration-date-options":[]},"acf":[],"_links":{"self":[{"href":"https:\/\/us.edu.pl\/instytut\/isp\/wp-json\/wp\/v2\/pages\/1019"}],"collection":[{"href":"https:\/\/us.edu.pl\/instytut\/isp\/wp-json\/wp\/v2\/pages"}],"about":[{"href":"https:\/\/us.edu.pl\/instytut\/isp\/wp-json\/wp\/v2\/types\/page"}],"author":[{"embeddable":true,"href":"https:\/\/us.edu.pl\/instytut\/isp\/wp-json\/wp\/v2\/users\/110"}],"replies":[{"embeddable":true,"href":"https:\/\/us.edu.pl\/instytut\/isp\/wp-json\/wp\/v2\/comments?post=1019"}],"version-history":[{"count":2,"href":"https:\/\/us.edu.pl\/instytut\/isp\/wp-json\/wp\/v2\/pages\/1019\/revisions"}],"predecessor-version":[{"id":1133,"href":"https:\/\/us.edu.pl\/instytut\/isp\/wp-json\/wp\/v2\/pages\/1019\/revisions\/1133"}],"up":[{"embeddable":true,"href":"https:\/\/us.edu.pl\/instytut\/isp\/wp-json\/wp\/v2\/pages\/995"}],"wp:attachment":[{"href":"https:\/\/us.edu.pl\/instytut\/isp\/wp-json\/wp\/v2\/media?parent=1019"}],"curies":[{"name":"wp","href":"https:\/\/api.w.org\/{rel}","templated":true}]}}