{"id":1242,"date":"2020-11-18T14:33:22","date_gmt":"2020-11-18T13:33:22","guid":{"rendered":"https:\/\/us.edu.pl\/instytut\/isp\/?page_id=1242"},"modified":"2021-11-05T13:26:23","modified_gmt":"2021-11-05T12:26:23","slug":"dr-wojciech-osuchowski","status":"publish","type":"page","link":"https:\/\/us.edu.pl\/instytut\/isp\/wykladowcy\/dr-wojciech-osuchowski\/","title":{"rendered":"dr Wojciech Osuchowski, prof. U\u015a"},"content":{"rendered":"<p>[vc_row][vc_column]\r\n                <div class=\"text-modules\">\r\n                    <div class=\"container\">\r\n                        <h3 class=\"page-title text__title\">dr Wojciech Osuchowski, prof. U\u015a<\/h3>\r\n                        <div class=\"text-modules__content\"><\/p>\n<div class=\"\"><span class=\"\">Grafik, dyrektor artystyczny, specjalista pre-press.\u00a0Obecnie pracuje na stanowisku profesora uczelni oraz Z-cy Dyrektora kierunku Projektowanie gier i przestrzeni wirtualnej w Instytucie Sztuk Plastycznych w Cieszynie. Zajmuje si\u0119 przede wszystkim plakatem spo\u0142ecznym. Obszary jego zainteresowa\u0144 tw\u00f3rczych to r\u00f3wnie\u017c grafika cyfrowa i tradycyjna, fotografia, animacja, multimedia, projektowanie graficzne. Jego prace by\u0142y prezentowane na ponad 250 wystawach indywidualnych i zbiorowych w Polsce, Europie, Azji i obu Amerykach. Laureat nagr\u00f3d i wyr\u00f3\u017cnie\u0144, g\u0142\u00f3wnie za plakat. <\/span><span class=\"\">\u00a0<\/span><\/div>\n<p><strong><a href=\"http:\/\/www.voytas.eu\">www.voytas.eu<\/a><\/strong><\/p>\n<\/div>\r\n                    <\/div>\r\n                <\/div>[\/vc_column][\/vc_row]<\/p>","protected":false},"excerpt":{"rendered":"<p>[vc_row][vc_column][\/vc_column][\/vc_row] [&#8230;]<\/p>\n<p><a class=\"btn btn-secondary understrap-read-more-link\" href=\"https:\/\/us.edu.pl\/instytut\/isp\/wykladowcy\/dr-wojciech-osuchowski\/\">Read More&#8230;<\/a><\/p>\n","protected":false},"author":110,"featured_media":0,"parent":995,"menu_order":0,"comment_status":"closed","ping_status":"closed","template":"","meta":{"_expiration-date-status":"saved","_expiration-date":0,"_expiration-date-type":"","_expiration-date-categories":[],"_expiration-date-options":[]},"acf":[],"_links":{"self":[{"href":"https:\/\/us.edu.pl\/instytut\/isp\/wp-json\/wp\/v2\/pages\/1242"}],"collection":[{"href":"https:\/\/us.edu.pl\/instytut\/isp\/wp-json\/wp\/v2\/pages"}],"about":[{"href":"https:\/\/us.edu.pl\/instytut\/isp\/wp-json\/wp\/v2\/types\/page"}],"author":[{"embeddable":true,"href":"https:\/\/us.edu.pl\/instytut\/isp\/wp-json\/wp\/v2\/users\/110"}],"replies":[{"embeddable":true,"href":"https:\/\/us.edu.pl\/instytut\/isp\/wp-json\/wp\/v2\/comments?post=1242"}],"version-history":[{"count":6,"href":"https:\/\/us.edu.pl\/instytut\/isp\/wp-json\/wp\/v2\/pages\/1242\/revisions"}],"predecessor-version":[{"id":2229,"href":"https:\/\/us.edu.pl\/instytut\/isp\/wp-json\/wp\/v2\/pages\/1242\/revisions\/2229"}],"up":[{"embeddable":true,"href":"https:\/\/us.edu.pl\/instytut\/isp\/wp-json\/wp\/v2\/pages\/995"}],"wp:attachment":[{"href":"https:\/\/us.edu.pl\/instytut\/isp\/wp-json\/wp\/v2\/media?parent=1242"}],"curies":[{"name":"wp","href":"https:\/\/api.w.org\/{rel}","templated":true}]}}