{"id":1289,"date":"2020-11-27T11:54:07","date_gmt":"2020-11-27T10:54:07","guid":{"rendered":"https:\/\/us.edu.pl\/instytut\/isp\/?page_id=1289"},"modified":"2024-03-20T13:08:48","modified_gmt":"2024-03-20T12:08:48","slug":"dr-hab-krzysztof-marek-bak-prof-us","status":"publish","type":"page","link":"https:\/\/us.edu.pl\/instytut\/isp\/wykladowcy\/dr-hab-krzysztof-marek-bak-prof-us\/","title":{"rendered":"prof. dr hab. Krzysztof Marek B\u0105k"},"content":{"rendered":"<p>[vc_row][vc_column]\r\n                <div class=\"text-modules\">\r\n                    <div class=\"container\">\r\n                        <h3 class=\"page-title text__title\">prof. dr hab. Krzysztof Marek B\u0105k<\/h3>\r\n                        <div class=\"text-modules__content\"><p>Specjalizuje si\u0119 w ekslibrisie artystycznym oraz ma\u0142ej formie graficznej. Ma w dorobku ponad 100 wystaw indywidualnych w Polsce, Niemczech, Czechach, Danii, Finlandii, Portugalii, Wielkiej Brytanii, Bu\u0142garii, USA, Japonii i Kuwejcie. Jest laureatem 40 nagr\u00f3d i wyr\u00f3\u017cnie\u0144. W pracy naukowej zajmuje si\u0119 teori\u0105 ekslibrisu wsp\u00f3\u0142czesnego. Publikacje dotycz\u0105ce jego tw\u00f3rczo\u015bci ukazywa\u0142y si\u0119 w najwa\u017cniejszych periodykach specjalistycznych: DEG Jahrbuch (Niemcy), DEG Mitteilungen (Niemcy), Boekmark (Holandia), SIEC (Szwajcaria), Bookplate Chronicle (USA) oraz encyklopedii Contemporary International Ex-libris Artists (Portugalia). Ekslibrisy K. M. B\u0105ka znajduj\u0105 si\u0119 w wi\u0119kszo\u015bci znacz\u0105cych kolekcji ekslibrisu na \u015bwiecie (publicznych i prywatnych).<\/p>\n<p>Absolwent Akademii Sztuk Pi\u0119knych we Wroc\u0142awiu, doktor habilitowany sztuki, profesor w Instytucie Sztuk Plastycznych Uniwersytetu \u015al\u0105skiego, gdzie prowadzi pracowni\u0119 Bada\u0144 nad Ekslibrisem Wsp\u00f3\u0142czesnym, dziekan Wydzia\u0142u Sztuki i Nauk o Edukacji. Dyrektor artystyczny Mi\u0119dzynarodowego Biennale Ekslibrisu w Gliwicach. Cz\u0142onek Deutsche Exlibris Gesellschaft.<\/p>\n<p><a href=\"http:\/\/www.instagram.com\/krzysztof.marek.bak\/\">www.instagram.com\/krzysztof.marek.bak\/<\/a><\/p>\n<p><a href=\"http:\/\/www.instagram.com\/krzysztof.marek.bak\/\">www.facebook.com\/kmbak.exlibris\/<\/a><\/p>\n<p><a href=\"http:\/\/www.kmbakexlibris.wixsite.com\/exlibris\">www.kmbakexlibris.wixsite.com\/exlibris<\/a><\/p>\n<\/div>\r\n                    <\/div>\r\n                <\/div>[\/vc_column][\/vc_row][vc_row][vc_column]            \r\n                    <div class=\"container\">\r\n                        <div class=\"gallery gallery_2\" data-images-in-row=\"2\">\r\n                            \r\n                            <div class=\"row m-0\">\r\n                                <a data-fancybox-group=\"button\" title=\"kmbak_exlibris_opus_1748_2020\" data-fancybox=\"6874\" href=\"https:\/\/us.edu.pl\/instytut\/isp\/wp-content\/uploads\/sites\/46\/Nieprzypisane\/kmbak_exlibris_opus_1748_2020.jpg\" class=\"gallery__item thumbnail\"\r\n                                    style=\"background-image: url(https:\/\/us.edu.pl\/instytut\/isp\/wp-content\/uploads\/sites\/46\/Nieprzypisane\/kmbak_exlibris_opus_1748_2020.jpg)\"> <span class=\"d-none\">https:\/\/us.edu.pl\/instytut\/isp\/wp-content\/uploads\/sites\/46\/Nieprzypisane\/kmbak_exlibris_opus_1748_2020.jpg<\/span> <\/a><a data-fancybox-group=\"button\" title=\"kmbak_exlibris_opus_1709_2020\" data-fancybox=\"6874\" href=\"https:\/\/us.edu.pl\/instytut\/isp\/wp-content\/uploads\/sites\/46\/Nieprzypisane\/kmbak_exlibris_opus_1709_2020.jpg\" class=\"gallery__item thumbnail\"\r\n                                    style=\"background-image: url(https:\/\/us.edu.pl\/instytut\/isp\/wp-content\/uploads\/sites\/46\/Nieprzypisane\/kmbak_exlibris_opus_1709_2020.jpg)\"> <span class=\"d-none\">https:\/\/us.edu.pl\/instytut\/isp\/wp-content\/uploads\/sites\/46\/Nieprzypisane\/kmbak_exlibris_opus_1709_2020.jpg<\/span> <\/a><a data-fancybox-group=\"button\" title=\"kmbak_exlibris_opus_1716_2020\" data-fancybox=\"6874\" href=\"https:\/\/us.edu.pl\/instytut\/isp\/wp-content\/uploads\/sites\/46\/Nieprzypisane\/kmbak_exlibris_opus_1716_2020.jpg\" class=\"gallery__item thumbnail\"\r\n                                    style=\"background-image: url(https:\/\/us.edu.pl\/instytut\/isp\/wp-content\/uploads\/sites\/46\/Nieprzypisane\/kmbak_exlibris_opus_1716_2020.jpg)\"> <span class=\"d-none\">https:\/\/us.edu.pl\/instytut\/isp\/wp-content\/uploads\/sites\/46\/Nieprzypisane\/kmbak_exlibris_opus_1716_2020.jpg<\/span> <\/a><a data-fancybox-group=\"button\" title=\"kmbak_exlibris_opus_1711_2020\" data-fancybox=\"6874\" href=\"https:\/\/us.edu.pl\/instytut\/isp\/wp-content\/uploads\/sites\/46\/Nieprzypisane\/kmbak_exlibris_opus_1711_2020.jpg\" class=\"gallery__item thumbnail\"\r\n                                    style=\"background-image: url(https:\/\/us.edu.pl\/instytut\/isp\/wp-content\/uploads\/sites\/46\/Nieprzypisane\/kmbak_exlibris_opus_1711_2020.jpg)\"> <span class=\"d-none\">https:\/\/us.edu.pl\/instytut\/isp\/wp-content\/uploads\/sites\/46\/Nieprzypisane\/kmbak_exlibris_opus_1711_2020.jpg<\/span> <\/a><a data-fancybox-group=\"button\" title=\"kmbak_exlibris_opus_1721_2020\" data-fancybox=\"6874\" href=\"https:\/\/us.edu.pl\/instytut\/isp\/wp-content\/uploads\/sites\/46\/Nieprzypisane\/kmbak_exlibris_opus_1721_2020.jpg\" class=\"gallery__item thumbnail\"\r\n                                    style=\"background-image: url(https:\/\/us.edu.pl\/instytut\/isp\/wp-content\/uploads\/sites\/46\/Nieprzypisane\/kmbak_exlibris_opus_1721_2020.jpg)\"> <span class=\"d-none\">https:\/\/us.edu.pl\/instytut\/isp\/wp-content\/uploads\/sites\/46\/Nieprzypisane\/kmbak_exlibris_opus_1721_2020.jpg<\/span> <\/a><a data-fancybox-group=\"button\" title=\"kmbak_exlibris_opus_1735_2020\" data-fancybox=\"6874\" href=\"https:\/\/us.edu.pl\/instytut\/isp\/wp-content\/uploads\/sites\/46\/Nieprzypisane\/kmbak_exlibris_opus_1735_2020.jpg\" class=\"gallery__item thumbnail\"\r\n                                    style=\"background-image: url(https:\/\/us.edu.pl\/instytut\/isp\/wp-content\/uploads\/sites\/46\/Nieprzypisane\/kmbak_exlibris_opus_1735_2020.jpg)\"> <span class=\"d-none\">https:\/\/us.edu.pl\/instytut\/isp\/wp-content\/uploads\/sites\/46\/Nieprzypisane\/kmbak_exlibris_opus_1735_2020.jpg<\/span> <\/a>\r\n                            <\/div>\r\n                    <\/div>\r\n                <\/div>[\/vc_column][\/vc_row]<\/p>","protected":false},"excerpt":{"rendered":"<p>[vc_row][vc_column][\/vc_column][\/vc_row][vc_row][vc_column][\/vc_column][\/vc_row] [&#8230;]<\/p>\n<p><a class=\"btn btn-secondary understrap-read-more-link\" href=\"https:\/\/us.edu.pl\/instytut\/isp\/wykladowcy\/dr-hab-krzysztof-marek-bak-prof-us\/\">Read More&#8230;<\/a><\/p>\n","protected":false},"author":110,"featured_media":0,"parent":995,"menu_order":0,"comment_status":"closed","ping_status":"closed","template":"","meta":{"_expiration-date-status":"","_expiration-date":0,"_expiration-date-type":"","_expiration-date-categories":[],"_expiration-date-options":[]},"acf":[],"_links":{"self":[{"href":"https:\/\/us.edu.pl\/instytut\/isp\/wp-json\/wp\/v2\/pages\/1289"}],"collection":[{"href":"https:\/\/us.edu.pl\/instytut\/isp\/wp-json\/wp\/v2\/pages"}],"about":[{"href":"https:\/\/us.edu.pl\/instytut\/isp\/wp-json\/wp\/v2\/types\/page"}],"author":[{"embeddable":true,"href":"https:\/\/us.edu.pl\/instytut\/isp\/wp-json\/wp\/v2\/users\/110"}],"replies":[{"embeddable":true,"href":"https:\/\/us.edu.pl\/instytut\/isp\/wp-json\/wp\/v2\/comments?post=1289"}],"version-history":[{"count":4,"href":"https:\/\/us.edu.pl\/instytut\/isp\/wp-json\/wp\/v2\/pages\/1289\/revisions"}],"predecessor-version":[{"id":3231,"href":"https:\/\/us.edu.pl\/instytut\/isp\/wp-json\/wp\/v2\/pages\/1289\/revisions\/3231"}],"up":[{"embeddable":true,"href":"https:\/\/us.edu.pl\/instytut\/isp\/wp-json\/wp\/v2\/pages\/995"}],"wp:attachment":[{"href":"https:\/\/us.edu.pl\/instytut\/isp\/wp-json\/wp\/v2\/media?parent=1289"}],"curies":[{"name":"wp","href":"https:\/\/api.w.org\/{rel}","templated":true}]}}