{"id":1401,"date":"2020-12-08T14:09:25","date_gmt":"2020-12-08T13:09:25","guid":{"rendered":"https:\/\/us.edu.pl\/instytut\/isp\/?page_id=1401"},"modified":"2021-11-03T14:19:23","modified_gmt":"2021-11-03T13:19:23","slug":"dr-hab-natalia-pawlus","status":"publish","type":"page","link":"https:\/\/us.edu.pl\/instytut\/isp\/wykladowcy\/dr-hab-natalia-pawlus\/","title":{"rendered":"dr hab. Natalia Pawlus, prof. U\u015a"},"content":{"rendered":"<p>[vc_row][vc_column]\r\n                <div class=\"text-modules\">\r\n                    <div class=\"container\">\r\n                        <h3 class=\"page-title text__title\">dr hab. Natalia Pawlus, prof. U\u015a<\/h3>\r\n                        <div class=\"text-modules__content\"><p>Ur. 08.07.1982. W roku 2003 uko\u0144czy\u0142a Pa\u0144stwowe Liceum Sztuk Plastycznych w Bielsku-Bia\u0142ej. Studia na Uniwersytecie \u015al\u0105skim w Katowicach Wydzia\u0142 Artystyczny w Cieszynie. Dyplom z wyr\u00f3\u017cnieniem uzyska\u0142a w Katedrze Grafiki w pracowni prof. Joanny Piech-Kalarus. Od 2008 r. pracuje w macierzystej uczelni. Jest opiekunem Studenckiego Ko\u0142a Artystyczno-Naukowego Drzeworytnik\u00f3w i Linorytnik\u00f3w \u201eDEHA\u201d. W 2014 zrealizowa\u0142a przew\u00f3d doktorski, w 2020 przew\u00f3d habilitacyjny.<\/p>\n<p>Prowadzi pracowni\u0119 grafiki, na Wydziale Artystycznym, Uniwersytetu \u015al\u0105skiego w Katowicach. Bra\u0142a udzia\u0142 w ponad 200 wystawach w Polsce i poza granicami. Wystawy indywidualne: Polska, Meksyk, Chiny, Czechy i W\u0142ochy. Laureatka nagr\u00f3d i wyr\u00f3\u017cnie\u0144 w kraju i zagranic\u0105. W roku 2020 zosta\u0142a stypendystk\u0105 Ministerstwa Nauki i Szkolnictwa Wy\u017cszego \u201e Stypendium dla wybitnych m\u0142odych naukowc\u00f3w\u201d.<\/p>\n<p>Od roku 2017 wsp\u00f3\u0142pracuje z Uniwersytetami w Chinach, gdzie prowadzi wyk\u0142ady i zaj\u0119cia artystyczne, ( MIADA \/ Modern Internation Art &amp; Design Academy, Chongqing, oraz\u00a0 Zhengzhou University of Aeronautics, Art Design College, Zhengzou)<\/p>\n<p>Zajmuje si\u0119\u00a0 grafik\u0105 i rysunkiem.<\/p>\n<\/div>\r\n                    <\/div>\r\n                <\/div>[\/vc_column][\/vc_row][vc_row][vc_column]            \r\n                    <div class=\"container\">\r\n                        <div class=\"gallery gallery_2\" data-images-in-row=\"2\">\r\n                            \r\n                            <div class=\"row m-0\">\r\n                                <a data-fancybox-group=\"button\" title=\"zero_2018\" data-fancybox=\"6774\" href=\"https:\/\/us.edu.pl\/instytut\/isp\/wp-content\/uploads\/sites\/46\/Nieprzypisane\/zero_2018.jpg\" class=\"gallery__item thumbnail\"\r\n                                    style=\"background-image: url(https:\/\/us.edu.pl\/instytut\/isp\/wp-content\/uploads\/sites\/46\/Nieprzypisane\/zero_2018.jpg)\"> <span class=\"d-none\">https:\/\/us.edu.pl\/instytut\/isp\/wp-content\/uploads\/sites\/46\/Nieprzypisane\/zero_2018.jpg<\/span> <\/a><a data-fancybox-group=\"button\" title=\"Pawlus_natalia_1_TwojaWina_2014\" data-fancybox=\"6774\" href=\"https:\/\/us.edu.pl\/instytut\/isp\/wp-content\/uploads\/sites\/46\/Nieprzypisane\/Pawlus_natalia_1_TwojaWina_2014.jpg\" class=\"gallery__item thumbnail\"\r\n                                    style=\"background-image: url(https:\/\/us.edu.pl\/instytut\/isp\/wp-content\/uploads\/sites\/46\/Nieprzypisane\/Pawlus_natalia_1_TwojaWina_2014.jpg)\"> <span class=\"d-none\">https:\/\/us.edu.pl\/instytut\/isp\/wp-content\/uploads\/sites\/46\/Nieprzypisane\/Pawlus_natalia_1_TwojaWina_2014.jpg<\/span> <\/a><a data-fancybox-group=\"button\" title=\"Pawlus_natalia_1_TwojaWina_2014(1)\" data-fancybox=\"6774\" href=\"https:\/\/us.edu.pl\/instytut\/isp\/wp-content\/uploads\/sites\/46\/Nieprzypisane\/Pawlus_natalia_1_TwojaWina_20141.jpg\" class=\"gallery__item thumbnail\"\r\n                                    style=\"background-image: url(https:\/\/us.edu.pl\/instytut\/isp\/wp-content\/uploads\/sites\/46\/Nieprzypisane\/Pawlus_natalia_1_TwojaWina_20141.jpg)\"> <span class=\"d-none\">https:\/\/us.edu.pl\/instytut\/isp\/wp-content\/uploads\/sites\/46\/Nieprzypisane\/Pawlus_natalia_1_TwojaWina_20141.jpg<\/span> <\/a><a data-fancybox-group=\"button\" title=\"nie wahaj si\u0119 zapyta\u0107_2018\" data-fancybox=\"6774\" href=\"https:\/\/us.edu.pl\/instytut\/isp\/wp-content\/uploads\/sites\/46\/Nieprzypisane\/nie-wahaj-si\u0119-zapyta\u0107_2018.jpg\" class=\"gallery__item thumbnail\"\r\n                                    style=\"background-image: url(https:\/\/us.edu.pl\/instytut\/isp\/wp-content\/uploads\/sites\/46\/Nieprzypisane\/nie-wahaj-si\u0119-zapyta\u0107_2018.jpg)\"> <span class=\"d-none\">https:\/\/us.edu.pl\/instytut\/isp\/wp-content\/uploads\/sites\/46\/Nieprzypisane\/nie-wahaj-si\u0119-zapyta\u0107_2018.jpg<\/span> <\/a><a data-fancybox-group=\"button\" title=\"jestem tu_2018\" data-fancybox=\"6774\" href=\"https:\/\/us.edu.pl\/instytut\/isp\/wp-content\/uploads\/sites\/46\/Nieprzypisane\/jestem-tu_2018.jpg\" class=\"gallery__item thumbnail\"\r\n                                    style=\"background-image: url(https:\/\/us.edu.pl\/instytut\/isp\/wp-content\/uploads\/sites\/46\/Nieprzypisane\/jestem-tu_2018.jpg)\"> <span class=\"d-none\">https:\/\/us.edu.pl\/instytut\/isp\/wp-content\/uploads\/sites\/46\/Nieprzypisane\/jestem-tu_2018.jpg<\/span> <\/a><a data-fancybox-group=\"button\" title=\"Black BOX (pocz\u0105tek)2018r.\" data-fancybox=\"6774\" href=\"https:\/\/us.edu.pl\/instytut\/isp\/wp-content\/uploads\/sites\/46\/Nieprzypisane\/Black-BOX-pocz\u0105tek2018r..jpg\" class=\"gallery__item thumbnail\"\r\n                                    style=\"background-image: url(https:\/\/us.edu.pl\/instytut\/isp\/wp-content\/uploads\/sites\/46\/Nieprzypisane\/Black-BOX-pocz\u0105tek2018r..jpg)\"> <span class=\"d-none\">https:\/\/us.edu.pl\/instytut\/isp\/wp-content\/uploads\/sites\/46\/Nieprzypisane\/Black-BOX-pocz\u0105tek2018r..jpg<\/span> <\/a>\r\n                            <\/div>\r\n                    <\/div>\r\n                <\/div>[\/vc_column][\/vc_row]<\/p>","protected":false},"excerpt":{"rendered":"<p>[vc_row][vc_column][\/vc_column][\/vc_row][vc_row][vc_column][\/vc_column][\/vc_row] [&#8230;]<\/p>\n<p><a class=\"btn btn-secondary understrap-read-more-link\" href=\"https:\/\/us.edu.pl\/instytut\/isp\/wykladowcy\/dr-hab-natalia-pawlus\/\">Read More&#8230;<\/a><\/p>\n","protected":false},"author":110,"featured_media":0,"parent":995,"menu_order":0,"comment_status":"closed","ping_status":"closed","template":"","meta":{"_expiration-date-status":"saved","_expiration-date":0,"_expiration-date-type":"","_expiration-date-categories":[],"_expiration-date-options":[]},"acf":[],"_links":{"self":[{"href":"https:\/\/us.edu.pl\/instytut\/isp\/wp-json\/wp\/v2\/pages\/1401"}],"collection":[{"href":"https:\/\/us.edu.pl\/instytut\/isp\/wp-json\/wp\/v2\/pages"}],"about":[{"href":"https:\/\/us.edu.pl\/instytut\/isp\/wp-json\/wp\/v2\/types\/page"}],"author":[{"embeddable":true,"href":"https:\/\/us.edu.pl\/instytut\/isp\/wp-json\/wp\/v2\/users\/110"}],"replies":[{"embeddable":true,"href":"https:\/\/us.edu.pl\/instytut\/isp\/wp-json\/wp\/v2\/comments?post=1401"}],"version-history":[{"count":3,"href":"https:\/\/us.edu.pl\/instytut\/isp\/wp-json\/wp\/v2\/pages\/1401\/revisions"}],"predecessor-version":[{"id":2225,"href":"https:\/\/us.edu.pl\/instytut\/isp\/wp-json\/wp\/v2\/pages\/1401\/revisions\/2225"}],"up":[{"embeddable":true,"href":"https:\/\/us.edu.pl\/instytut\/isp\/wp-json\/wp\/v2\/pages\/995"}],"wp:attachment":[{"href":"https:\/\/us.edu.pl\/instytut\/isp\/wp-json\/wp\/v2\/media?parent=1401"}],"curies":[{"name":"wp","href":"https:\/\/api.w.org\/{rel}","templated":true}]}}