{"id":1419,"date":"2020-12-14T11:07:50","date_gmt":"2020-12-14T10:07:50","guid":{"rendered":"https:\/\/us.edu.pl\/instytut\/isp\/?page_id=1419"},"modified":"2020-12-14T11:07:50","modified_gmt":"2020-12-14T10:07:50","slug":"dr-hab-krzysztof-dadak-prof-us","status":"publish","type":"page","link":"https:\/\/us.edu.pl\/instytut\/isp\/wykladowcy\/dr-hab-krzysztof-dadak-prof-us\/","title":{"rendered":"dr hab. Krzysztof Dadak, prof. U\u015a"},"content":{"rendered":"<p>[vc_row][vc_column]\r\n                <div class=\"text-modules\">\r\n                    <div class=\"container\">\r\n                        <h3 class=\"page-title text__title\">dr hab. Krzysztof Dadak, prof. U\u015a<\/h3>\r\n                        <div class=\"text-modules__content\"><p>Urodzony w 1964 roku w O\u015bwi\u0119cimiu. Absolwent Pa\u0144stwowego Liceum Sztuk Plastycznych im. Juliana Fa\u0142ata w Bielsku-Bia\u0142ej na specjalno\u015bci: Artystyczny druk sitowy na tkaninie. Absolwent Pa\u0144stwowej Wy\u017cszej Szkole Sztuk Plastycznych w \u0141odzi. Dyplom w 1989 roku na Wydziale Grafiki w Pracowni Technik Litograficznych prof. Jerzego Grabowskiego i Pracowni Malarstwa prof. Ryszarda Hungera. W latach 1988-1994 pracowa\u0142 na macierzystej uczelni na stanowisku asystenta w Pracowni Malarstwa i Rysunku prof. Jacka Bigoszewskiego. W 2001 zrealizowa\u0142 przew\u00f3d doktorski, w 2013 przew\u00f3d habilitacyjny. Obecnie pracuje na stanowisku profesora U\u015a, na Wydziale Sztuki i Nauk o Edukacji Instytutu Sztuki w Cieszynie, Uniwersytetu \u015al\u0105skiego w Katowicach. Jest cz\u0142onkiem ZPAP w Bielsku-Bia\u0142ej i mi\u0119dzynarodowego Stowarzyszenia \u201e D\u00edlna Um\u011bleck\u00e9ho Smaltu\u201d w Czechach.<\/p>\n<p>Dotychczasowy dorobek artystyczny w zakresie malarstwa, emalii artystycznej i rysunku koncentruje wok\u00f3\u0142 zagadnie\u0144 zwi\u0105zanych z przestrzeni\u0105, czasem, \u015bwiat\u0142em i struktur\u0105 wewn\u0119trzn\u0105 obrazu. Mo\u017cna wyr\u00f3\u017cni\u0107 w nim kilka w\u0105tk\u00f3w tematycznych, m.in. : St\u00f3\u0142 Jacka B., Impresje muzyczne, Wobec wielu rzeczywisto\u015bci, Pejza\u017ce symultaniczne, \u017bywio\u0142y, Struktury geometryczne, Koncert, Labirynt, Moje City. Najwi\u0119kszym dotychczas realizowanym cyklem prac jest cykl \u201eKoncert\u201d. Z\u0142o\u017cony z pod stu prac zestaw prac jest interpretacj\u0105 malarsk\u0105, asocjacji muzyczno-wizualnych z koncertu orkiestry symfonicznej. Emalia artystyczn\u0105 zajmuje si\u0119 od 2010 roku. Prace realizuje w niewielkim czeskim miasteczku Fr\u00fddlant nad Ostravic\u00ed w dzia\u0142aj\u0105cej tam Pracowni Emalii Artystycznej i Hucie \u201eBeskyd\u201d. Prace prezentowa\u0142 na dwudziestu o\u015bmiu wystawach indywidualnych i ponad stu pi\u0119\u0107dziesi\u0119ciu wystawach zbiorowych krajowych i zagranicznych. Jego prace znajduj\u0105 si\u0119 m.in. w zbiorach: Muzeum Bielska-Bia\u0142ej na Zamku Su\u0142kowskich , Muzeum Historycznym Miasta Tarnobrzega,\u00a0 Museum of Enamel Art in Dnipropetrovsk \/Ukraina\/, D\u016fm um\u011bn\u00ed,\u00a0 Fr\u00fddlant nad Ostravic\u00ed \/Czechy\/.<\/p>\n<p>Do\u015bwiadczenia wynikaj\u0105ce z pracy pedagogicznej na uczelni wykorzystuje w dzia\u0142al-no\u015bci edukacyjnej, spo\u0142ecznej i popularyzatorskiej. Poza prac\u0105 na uczelni wsp\u00f3\u0142pracuje z Zespo\u0142em Sztuk Plastycznych w Bielsku-Bia\u0142ej, prowadzi r\u00f3wnie\u017c warsztaty plastyczne dla m\u0142odzie\u017cy i tw\u00f3rc\u00f3w nieprofesjonalnych.<\/p>\n<\/div>\r\n                    <\/div>\r\n                <\/div>[\/vc_column][\/vc_row][vc_row][vc_column]            \r\n                    <div class=\"container\">\r\n                        <div class=\"gallery gallery_2\" data-images-in-row=\"2\">\r\n                            \r\n                            <div class=\"row m-0\">\r\n                                <a data-fancybox-group=\"button\" title=\"Labitrynt I, emalia, blacha stalowa, 90x60 cm, 2018\" data-fancybox=\"8554\" href=\"https:\/\/us.edu.pl\/instytut\/isp\/wp-content\/uploads\/sites\/46\/Nieprzypisane\/Labitrynt-I-emalia-blacha-stalowa-90x60-cm-2018.jpg\" class=\"gallery__item thumbnail\"\r\n                                    style=\"background-image: url(https:\/\/us.edu.pl\/instytut\/isp\/wp-content\/uploads\/sites\/46\/Nieprzypisane\/Labitrynt-I-emalia-blacha-stalowa-90x60-cm-2018.jpg)\"> <span class=\"d-none\">https:\/\/us.edu.pl\/instytut\/isp\/wp-content\/uploads\/sites\/46\/Nieprzypisane\/Labitrynt-I-emalia-blacha-stalowa-90x60-cm-2018.jpg<\/span> <\/a><a data-fancybox-group=\"button\" title=\"Labitrynt IV, emalia, blacha stalowa, 90x60 cm, 2018\" data-fancybox=\"8554\" href=\"https:\/\/us.edu.pl\/instytut\/isp\/wp-content\/uploads\/sites\/46\/Nieprzypisane\/abitrynt-IV-emalia-blacha-stalowa-90x60-cm-2018.jpg\" class=\"gallery__item thumbnail\"\r\n                                    style=\"background-image: url(https:\/\/us.edu.pl\/instytut\/isp\/wp-content\/uploads\/sites\/46\/Nieprzypisane\/abitrynt-IV-emalia-blacha-stalowa-90x60-cm-2018-683x1024.jpg)\"> <span class=\"d-none\">https:\/\/us.edu.pl\/instytut\/isp\/wp-content\/uploads\/sites\/46\/Nieprzypisane\/abitrynt-IV-emalia-blacha-stalowa-90x60-cm-2018.jpg<\/span> <\/a><a data-fancybox-group=\"button\" title=\"Smalt-tkanina III, emalia, blacha stalowa, 90x60 cm, 2019\" data-fancybox=\"8554\" href=\"https:\/\/us.edu.pl\/instytut\/isp\/wp-content\/uploads\/sites\/46\/Nieprzypisane\/Smalt-tkanina-III-emalia-blacha-stalowa-90x60-cm-2019.jpg\" class=\"gallery__item thumbnail\"\r\n                                    style=\"background-image: url(https:\/\/us.edu.pl\/instytut\/isp\/wp-content\/uploads\/sites\/46\/Nieprzypisane\/Smalt-tkanina-III-emalia-blacha-stalowa-90x60-cm-2019.jpg)\"> <span class=\"d-none\">https:\/\/us.edu.pl\/instytut\/isp\/wp-content\/uploads\/sites\/46\/Nieprzypisane\/Smalt-tkanina-III-emalia-blacha-stalowa-90x60-cm-2019.jpg<\/span> <\/a><a data-fancybox-group=\"button\" title=\"Smalt-tkanina V, emalia, blacha stalowa, 90x60 cm, 2019\" data-fancybox=\"8554\" href=\"https:\/\/us.edu.pl\/instytut\/isp\/wp-content\/uploads\/sites\/46\/Nieprzypisane\/Smalt-tkanina-V-emalia-blacha-stalowa-90x60-cm-2019.jpg\" class=\"gallery__item thumbnail\"\r\n                                    style=\"background-image: url(https:\/\/us.edu.pl\/instytut\/isp\/wp-content\/uploads\/sites\/46\/Nieprzypisane\/Smalt-tkanina-V-emalia-blacha-stalowa-90x60-cm-2019.jpg)\"> <span class=\"d-none\">https:\/\/us.edu.pl\/instytut\/isp\/wp-content\/uploads\/sites\/46\/Nieprzypisane\/Smalt-tkanina-V-emalia-blacha-stalowa-90x60-cm-2019.jpg<\/span> <\/a>\r\n                            <\/div>\r\n                    <\/div>\r\n                <\/div>[\/vc_column][\/vc_row]<\/p>","protected":false},"excerpt":{"rendered":"<p>[vc_row][vc_column][\/vc_column][\/vc_row][vc_row][vc_column][\/vc_column][\/vc_row] [&#8230;]<\/p>\n<p><a class=\"btn btn-secondary understrap-read-more-link\" href=\"https:\/\/us.edu.pl\/instytut\/isp\/wykladowcy\/dr-hab-krzysztof-dadak-prof-us\/\">Read More&#8230;<\/a><\/p>\n","protected":false},"author":110,"featured_media":0,"parent":995,"menu_order":0,"comment_status":"closed","ping_status":"closed","template":"","meta":{"_expiration-date-status":"saved","_expiration-date":0,"_expiration-date-type":"","_expiration-date-categories":[],"_expiration-date-options":[]},"acf":[],"_links":{"self":[{"href":"https:\/\/us.edu.pl\/instytut\/isp\/wp-json\/wp\/v2\/pages\/1419"}],"collection":[{"href":"https:\/\/us.edu.pl\/instytut\/isp\/wp-json\/wp\/v2\/pages"}],"about":[{"href":"https:\/\/us.edu.pl\/instytut\/isp\/wp-json\/wp\/v2\/types\/page"}],"author":[{"embeddable":true,"href":"https:\/\/us.edu.pl\/instytut\/isp\/wp-json\/wp\/v2\/users\/110"}],"replies":[{"embeddable":true,"href":"https:\/\/us.edu.pl\/instytut\/isp\/wp-json\/wp\/v2\/comments?post=1419"}],"version-history":[{"count":1,"href":"https:\/\/us.edu.pl\/instytut\/isp\/wp-json\/wp\/v2\/pages\/1419\/revisions"}],"predecessor-version":[{"id":1425,"href":"https:\/\/us.edu.pl\/instytut\/isp\/wp-json\/wp\/v2\/pages\/1419\/revisions\/1425"}],"up":[{"embeddable":true,"href":"https:\/\/us.edu.pl\/instytut\/isp\/wp-json\/wp\/v2\/pages\/995"}],"wp:attachment":[{"href":"https:\/\/us.edu.pl\/instytut\/isp\/wp-json\/wp\/v2\/media?parent=1419"}],"curies":[{"name":"wp","href":"https:\/\/api.w.org\/{rel}","templated":true}]}}