{"id":386,"date":"2020-05-11T11:09:08","date_gmt":"2020-05-11T09:09:08","guid":{"rendered":"http:\/\/us.edu.pl\/instytut\/isp\/?page_id=386"},"modified":"2021-11-03T08:55:51","modified_gmt":"2021-11-03T07:55:51","slug":"pracownia-grafiki","status":"publish","type":"page","link":"https:\/\/us.edu.pl\/instytut\/isp\/pracownia-grafiki\/","title":{"rendered":"Pracownie grafiki"},"content":{"rendered":"<p>[vc_row][vc_column][vc_video link=&#8221;https:\/\/youtu.be\/VcZvb7K8rHw&#8221; el_width=&#8221;60&#8243; align=&#8221;center&#8221; title=&#8221;Pracownia litografii&#8221;][\/vc_column][\/vc_row][vc_row][vc_column][vc_video link=&#8221;https:\/\/youtu.be\/CGL6GgCdXD4&#8243; el_width=&#8221;60&#8243; align=&#8221;center&#8221; title=&#8221;Pracownia metalu&#8221;][\/vc_column][\/vc_row][vc_row][vc_column]\r\n                <div class=\"text-modules\">\r\n                    <div class=\"container\">\r\n                        <h3 class=\"page-title text__title\">Pracownie grafiki<\/h3>\r\n                        <div class=\"text-modules__content\"><p><strong>Pracownie graficzne<\/strong><\/p>\n<p>Je\u015bli jeste\u015b wra\u017cliw\u0105 osob\u0105 i chcesz dzieli\u0107 si\u0119 swoimi pomys\u0142ami z innymi to od ponad czterdziestu lat dajemy szans\u0119 osobom takim jak Ty, by mogli dotrze\u0107 do \u015bwiata wyobra\u017ani i rozbudzi\u0107 swoj\u0105 wra\u017cliwo\u015b\u0107. Uczymy jak nadawa\u0107 pomys\u0142om realn\u0105 form\u0119. Pomagamy zrozumie\u0107 czym jest rysunek, kolor, materia. Wsp\u00f3lnie z kolejnymi rocznikami naszych Student\u00f3w odbywamy podr\u00f3\u017c przez \u015bwiat sztuki. Do\u0142\u0105czaj\u0105c do nas poznasz wszystkie aspekty wsp\u00f3\u0142czesnej grafiki. Techniki tradycyjne, kt\u00f3rymi pos\u0142ugiwali si\u0119 najwi\u0119ksi mistrzowie w historii, a kt\u00f3re do dzi\u015b kusz\u0105 pi\u0119knem i szlachetno\u015bci\u0105. Zobaczysz mo\u017cliwo\u015bci, kt\u00f3re daje wsp\u00f3\u0142czesna technika \u2014 grafik\u0119 tworzon\u0105 przy pomocy komputera. Spr\u00f3bujesz te\u017c tego, co b\u0119dzie w przysz\u0142o\u015bci\u2014grafiki eksperymentalnej.<\/p>\n<p>W Cieszynie poznasz grafik\u0119 od podszewki, zaprzyja\u017anisz si\u0119 z ni\u0105 i wybierzesz to, co odpowiada Ci najbardziej. Opuszczaj\u0105c nasze mury staniesz si\u0119 prawdziwym obywatelem \u015awiata Sztuki. Zdob\u0119dziesz zaw\u00f3d, kt\u00f3ry jest jednocze\u015bnie pasj\u0105 i pomys\u0142em na ciekawe \u017cycie.<\/p>\n<p>&nbsp;<\/p>\n<p><strong>Pracownie klasycznych technik graficznych<\/strong><\/p>\n<p>Klasyczny brzmi dumnie. I takie te\u017c s\u0105 techniki klasyczne. S\u0105 pi\u0119kne i szlachetne. Ale nie daj si\u0119 zwie\u015b\u0107, mo\u017cna w nich <em>zaszale\u0107. <\/em>Inaczej nazywa si\u0119 je tradycyjnymi \u2013 bo historia niekt\u00f3rych si\u0119ga wielu setek lat. Podobnie jak mistrzowie tacy jak: Durer, Rembrandt czy Goya zajmujemy si\u0119 nimi, studiujemy je i przekazujemy kolejnym pokoleniom naszych Student\u00f3w.<\/p>\n<p>Druk wkl\u0119s\u0142y \u2013 czyli taki, kt\u00f3rego rysunek stanowi\u0105 drobne rowki w matrycy reprezentuj\u0105 mi\u0119dzy innymi techniki: akwaforty, akwatinty, mezzotinty czy suchej ig\u0142y. Poznasz te i wiele innych w pracowni prowadzonej przez prof. J\u00f3zefa Knopka.<\/p>\n<p>Drugim rodzajem grafiki klasycznej jest druk wypuk\u0142y. To, by\u0107 mo\u017ce ju\u017c ci znane, techniki linorytu i drzeworytu, w kt\u00f3rych rysunek odbijany jest z wypuk\u0142ych element\u00f3w matrycy. Druku wypuk\u0142ego ucz\u0105 u nas: prof. Joanna Piech-Kalarus, dr hab. Jaros\u0142aw Skutnik oraz dr hab. Natalia Pawlus.<\/p>\n<p>Do rodziny technik klasycznych w\u0142\u0105cza si\u0119 jeszcze trzeci rodzaj druku \u2013 druk p\u0142aski. To przede wszystkim niezwyk\u0142a technika litografii \u2013 czyli tworzenia odbitek z kamienia. W \u015bwiat rodem z pracowni alchemika zabior\u0105 Ci\u0119 dr hab. Krzysztof Pasztu\u0142a i dr hab. Adam Czech.<\/p>\n<p>&nbsp;<\/p>\n<p><strong>Pracownie technik cyfrowych<\/strong><\/p>\n<p>Zapewne komputer jest Ci znany od dziecka. U nas nauczysz si\u0119, \u017ce jest doskona\u0142ym narz\u0119dziem dla artysty. By\u0107 mo\u017ce pierwsze pr\u00f3by tworzenia w \u201ecyfrze&#8221; masz ju\u017c za sob\u0105. Ch\u0119tnie je zobaczymy i pomo\u017cemy Ci rozwin\u0105\u0107 Twoje pasje. W podr\u00f3\u017cy przez wirtualn\u0105 rzeczywisto\u015b\u0107 pomog\u0105 Ci: dr hab. Leszek Zbijowski oraz dr Katarzyna Hilszcza\u0144ska i dr Jerzy Pietruczuk.<\/p>\n<p>&nbsp;<\/p>\n<p><strong>Pracownie grafiki eksperymentalnej i laboratorium sitodruku<\/strong><\/p>\n<p>Ciekawi jeste\u015bcie co przyniesie jutro? Na Uniwersytecie to nasz obowi\u0105zek \u2014 zastanawia\u0107 si\u0119 nad przysz\u0142o\u015bci\u0105 i szuka\u0107 rozwi\u0105za\u0144, kt\u00f3re wejd\u0105 w \u017cycie dopiero za wiele lat. Staramy si\u0119 maksymalnie rozwija\u0107 nasz\u0105 wyobra\u017ani\u0119 poszukuj\u0105c ciekawych, nowatorskich, a czasem nawet zaskakuj\u0105cych pomys\u0142\u00f3w na to czym jest grafika i przy pomocy czego mo\u017cna j\u0105 zrobi\u0107. A mo\u017cna z wszystkiego, co przyjdzie do g\u0142owy: od supernowoczesnego komputera po ziemniak. Takimi poszukiwaniami zajmuj\u0105 si\u0119 studiuj\u0105cy grafik\u0119 eksperymentaln\u0105, kt\u00f3ra jest nie tylko sztuk\u0105 i nauk\u0105, ale cz\u0119sto doskona\u0142\u0105 zabaw\u0105. Eksperymentami graficznymi zajmuj\u0105 si\u0119 prof. J\u00f3zef Knopek, dr hab. Jaros\u0142aw Skutnik oraz dr Jerzy Pietruczuk.<\/p>\n<p>Jedn\u0105 z naszych pracowni jest r\u00f3wnie\u017c laboratorium sitodruku \u2014 interesuj\u0105cej techniki graficznej o wszechstronnym zastosowaniu: od druku grafik artystycznych po autorskie nadruki na koszulkach. Ekspertami w tej dziedzinie s\u0105 u nas prof. J\u00f3zef Knopek i doktorantka Katarzyna Gielecka \u2013 Grzemska.<\/p>\n<\/div>\r\n                    <\/div>\r\n                <\/div>[\/vc_column][\/vc_row][vc_row][vc_column]            \r\n                    <div class=\"container\">\r\n                        <div class=\"gallery gallery_3\" data-images-in-row=\"3\">\r\n                            \r\n                            <div class=\"row m-0\">\r\n                                <a data-fancybox-group=\"button\" title=\"ADAM CZECH - The second story of three... \" data-fancybox=\"934\" href=\"https:\/\/us.edu.pl\/instytut\/isp\/wp-content\/uploads\/sites\/46\/Nieprzypisane\/ADAM-CZECH-The-second-story-of-three...-pg.jpg\" class=\"gallery__item thumbnail\"\r\n                                    style=\"background-image: url(https:\/\/us.edu.pl\/instytut\/isp\/wp-content\/uploads\/sites\/46\/Nieprzypisane\/ADAM-CZECH-The-second-story-of-three...-pg.jpg)\"> <span class=\"d-none\">https:\/\/us.edu.pl\/instytut\/isp\/wp-content\/uploads\/sites\/46\/Nieprzypisane\/ADAM-CZECH-The-second-story-of-three...-pg.jpg<\/span> <\/a><a data-fancybox-group=\"button\" title=\"\" data-fancybox=\"934\" href=\"https:\/\/us.edu.pl\/instytut\/isp\/wp-content\/uploads\/sites\/46\/Nieprzypisane\/J_Piech_Kalarus_Hommage-a-Francisco-Zurbaran-linoryt-90x120-cm-2018-r.-pg.jpg\" class=\"gallery__item thumbnail\"\r\n                                    style=\"background-image: url(https:\/\/us.edu.pl\/instytut\/isp\/wp-content\/uploads\/sites\/46\/Nieprzypisane\/J_Piech_Kalarus_Hommage-a-Francisco-Zurbaran-linoryt-90x120-cm-2018-r.-pg-1024x695.jpg)\"> <span class=\"d-none\">https:\/\/us.edu.pl\/instytut\/isp\/wp-content\/uploads\/sites\/46\/Nieprzypisane\/J_Piech_Kalarus_Hommage-a-Francisco-Zurbaran-linoryt-90x120-cm-2018-r.-pg.jpg<\/span> <\/a><a data-fancybox-group=\"button\" title=\"Jaros\u0142aw Skutnik BAZYLIKA z cyklu LICHE\u0143SKIE MISTAGOGIE_79 100 \" data-fancybox=\"934\" href=\"https:\/\/us.edu.pl\/instytut\/isp\/wp-content\/uploads\/sites\/46\/Nieprzypisane\/Jaros\u0142aw_Skutnik__BAZYLIKA_z-cyklu_LICHE\u0143SKIE-MISTAGOGIE_79_100-pg.jpg\" class=\"gallery__item thumbnail\"\r\n                                    style=\"background-image: url(https:\/\/us.edu.pl\/instytut\/isp\/wp-content\/uploads\/sites\/46\/Nieprzypisane\/Jaros\u0142aw_Skutnik__BAZYLIKA_z-cyklu_LICHE\u0143SKIE-MISTAGOGIE_79_100-pg-1024x809.jpg)\"> <span class=\"d-none\">https:\/\/us.edu.pl\/instytut\/isp\/wp-content\/uploads\/sites\/46\/Nieprzypisane\/Jaros\u0142aw_Skutnik__BAZYLIKA_z-cyklu_LICHE\u0143SKIE-MISTAGOGIE_79_100-pg.jpg<\/span> <\/a><a data-fancybox-group=\"button\" title=\"Jerzy Pietruczuk Your dogy but my Betelgeuse 4 \" data-fancybox=\"934\" href=\"https:\/\/us.edu.pl\/instytut\/isp\/wp-content\/uploads\/sites\/46\/Nieprzypisane\/Jerzy_Pietruczuk_Your-dogy-but-my-Betelgeuse-4-pg.jpg\" class=\"gallery__item thumbnail\"\r\n                                    style=\"background-image: url(https:\/\/us.edu.pl\/instytut\/isp\/wp-content\/uploads\/sites\/46\/Nieprzypisane\/Jerzy_Pietruczuk_Your-dogy-but-my-Betelgeuse-4-pg-1024x769.jpg)\"> <span class=\"d-none\">https:\/\/us.edu.pl\/instytut\/isp\/wp-content\/uploads\/sites\/46\/Nieprzypisane\/Jerzy_Pietruczuk_Your-dogy-but-my-Betelgeuse-4-pg.jpg<\/span> <\/a><a data-fancybox-group=\"button\" title=\"J\u00f3zef Knopek Weso\u0142y Heraklit \" data-fancybox=\"934\" href=\"https:\/\/us.edu.pl\/instytut\/isp\/wp-content\/uploads\/sites\/46\/Nieprzypisane\/J\u00f3zef_Knopek_Weso\u0142y_Heraklit-pg.jpg\" class=\"gallery__item thumbnail\"\r\n                                    style=\"background-image: url(https:\/\/us.edu.pl\/instytut\/isp\/wp-content\/uploads\/sites\/46\/Nieprzypisane\/J\u00f3zef_Knopek_Weso\u0142y_Heraklit-pg-1024x768.jpg)\"> <span class=\"d-none\">https:\/\/us.edu.pl\/instytut\/isp\/wp-content\/uploads\/sites\/46\/Nieprzypisane\/J\u00f3zef_Knopek_Weso\u0142y_Heraklit-pg.jpg<\/span> <\/a><a data-fancybox-group=\"button\" title=\"Katarzyna Hilszcza\u0144ska In the tone from way out. Tone 4 \" data-fancybox=\"934\" href=\"https:\/\/us.edu.pl\/instytut\/isp\/wp-content\/uploads\/sites\/46\/Nieprzypisane\/Katarzyna_Hilszcza\u0144ska_In-the-tone-from-way-out.-Tone-4-pg.jpg\" class=\"gallery__item thumbnail\"\r\n                                    style=\"background-image: url(https:\/\/us.edu.pl\/instytut\/isp\/wp-content\/uploads\/sites\/46\/Nieprzypisane\/Katarzyna_Hilszcza\u0144ska_In-the-tone-from-way-out.-Tone-4-pg.jpg)\"> <span class=\"d-none\">https:\/\/us.edu.pl\/instytut\/isp\/wp-content\/uploads\/sites\/46\/Nieprzypisane\/Katarzyna_Hilszcza\u0144ska_In-the-tone-from-way-out.-Tone-4-pg.jpg<\/span> <\/a><a data-fancybox-group=\"button\" title=\"Natalia Pawlus Black BOX II \" data-fancybox=\"934\" href=\"https:\/\/us.edu.pl\/instytut\/isp\/wp-content\/uploads\/sites\/46\/Nieprzypisane\/Natalia_Pawlus_Black-BOX_II-pg.jpg\" class=\"gallery__item thumbnail\"\r\n                                    style=\"background-image: url(https:\/\/us.edu.pl\/instytut\/isp\/wp-content\/uploads\/sites\/46\/Nieprzypisane\/Natalia_Pawlus_Black-BOX_II-pg-1024x711.jpg)\"> <span class=\"d-none\">https:\/\/us.edu.pl\/instytut\/isp\/wp-content\/uploads\/sites\/46\/Nieprzypisane\/Natalia_Pawlus_Black-BOX_II-pg.jpg<\/span> <\/a><a data-fancybox-group=\"button\" title=\"Sen emeryta Leszek Zbijowski 2020\" data-fancybox=\"934\" href=\"https:\/\/us.edu.pl\/instytut\/isp\/wp-content\/uploads\/sites\/46\/Nieprzypisane\/Sen_emeryta_Leszek-Zbijowski_2020-pg.jpg\" class=\"gallery__item thumbnail\"\r\n                                    style=\"background-image: url(https:\/\/us.edu.pl\/instytut\/isp\/wp-content\/uploads\/sites\/46\/Nieprzypisane\/Sen_emeryta_Leszek-Zbijowski_2020-pg.jpg)\"> <span class=\"d-none\">https:\/\/us.edu.pl\/instytut\/isp\/wp-content\/uploads\/sites\/46\/Nieprzypisane\/Sen_emeryta_Leszek-Zbijowski_2020-pg.jpg<\/span> <\/a>\r\n                            <\/div>\r\n                    <\/div>\r\n                <\/div>[\/vc_column][\/vc_row]<\/p>","protected":false},"excerpt":{"rendered":"<p>[vc_row][vc_column][vc_video link=&#8221;https:\/\/youtu.be\/VcZvb7K8rHw&#8221; el_width=&#8221;60&#8243; align=&#8221;center&#8221; title=&#8221;Pracownia litografii&#8221;][\/vc_column][\/vc_row][vc_row][vc_column][vc_video link=&#8221;https:\/\/youtu.be\/CGL6GgCdXD4&#8243; el_width=&#8221;60&#8243; align=&#8221;center&#8221; title=&#8221;Pracownia metalu&#8221;][\/vc_column][\/vc_row][vc_row][vc_column][\/vc_column][\/vc_row][vc_row][vc_column][\/vc_column][\/vc_row] [&#8230;]<\/p>\n<p><a class=\"btn btn-secondary understrap-read-more-link\" href=\"https:\/\/us.edu.pl\/instytut\/isp\/pracownia-grafiki\/\">Read More&#8230;<\/a><\/p>\n","protected":false},"author":110,"featured_media":0,"parent":0,"menu_order":0,"comment_status":"closed","ping_status":"closed","template":"","meta":{"_expiration-date-status":"saved","_expiration-date":0,"_expiration-date-type":"","_expiration-date-categories":[],"_expiration-date-options":[]},"acf":[],"_links":{"self":[{"href":"https:\/\/us.edu.pl\/instytut\/isp\/wp-json\/wp\/v2\/pages\/386"}],"collection":[{"href":"https:\/\/us.edu.pl\/instytut\/isp\/wp-json\/wp\/v2\/pages"}],"about":[{"href":"https:\/\/us.edu.pl\/instytut\/isp\/wp-json\/wp\/v2\/types\/page"}],"author":[{"embeddable":true,"href":"https:\/\/us.edu.pl\/instytut\/isp\/wp-json\/wp\/v2\/users\/110"}],"replies":[{"embeddable":true,"href":"https:\/\/us.edu.pl\/instytut\/isp\/wp-json\/wp\/v2\/comments?post=386"}],"version-history":[{"count":15,"href":"https:\/\/us.edu.pl\/instytut\/isp\/wp-json\/wp\/v2\/pages\/386\/revisions"}],"predecessor-version":[{"id":2216,"href":"https:\/\/us.edu.pl\/instytut\/isp\/wp-json\/wp\/v2\/pages\/386\/revisions\/2216"}],"wp:attachment":[{"href":"https:\/\/us.edu.pl\/instytut\/isp\/wp-json\/wp\/v2\/media?parent=386"}],"curies":[{"name":"wp","href":"https:\/\/api.w.org\/{rel}","templated":true}]}}