{"id":396,"date":"2020-05-11T11:11:46","date_gmt":"2020-05-11T09:11:46","guid":{"rendered":"http:\/\/us.edu.pl\/instytut\/isp\/?page_id=396"},"modified":"2024-03-20T13:12:12","modified_gmt":"2024-03-20T12:12:12","slug":"pracownia-exlibrisu","status":"publish","type":"page","link":"https:\/\/us.edu.pl\/instytut\/isp\/pracownia-exlibrisu\/","title":{"rendered":"Pracownia ekslibrisu"},"content":{"rendered":"<p>[vc_row][vc_column]\r\n                <div class=\"text-modules\">\r\n                    <div class=\"container\">\r\n                        <h3 class=\"page-title text__title\">Pracownia ekslibrisu<\/h3>\r\n                        <div class=\"text-modules__content\"><p>PRACOWNIA BADA\u0143 NAD EKSLIBRISEM WSP\u00d3\u0141CZESNYM<\/p>\n<p>jest unikaln\u0105 na skal\u0119 \u015bwiatow\u0105 jednostk\u0105, w kt\u00f3rej studenci poznaj\u0105 teori\u0119 sztuki ekslibrisu oraz ucz\u0105 si\u0119 realizowa\u0107 autorskie ma\u0142e formy graficzne. Dzia\u0142ania pracowni obejmuj\u0105 szerokie spektrum od prac cyfrowych, kola\u017cu, wycinanki, kaligrafii i liternictwa, a\u017c po realizowanie chi\u0144skich piecz\u0119ci. W ramach pracowni gromadzona jest kolekcja wsp\u00f3\u0142czesnego ekslibrisu z ca\u0142ego \u015bwiata, co pozwala studentom na poznanie oryginalnych prac najwybitniejszych artyst\u00f3w.<\/p>\n<p>W czasopismach bran\u017cowych w Niemczech oraz Belgii dokonania pracowni i wywodz\u0105ce si\u0119 z niej \u015brodowisko autor\u00f3w okre\u015blane bywaj\u0105 jako \u201eCieszy\u0144ska Szko\u0142a Ekslibrisu\u201d, a studenci pracowni odnosz\u0105 liczne sukcesy na przegl\u0105dach i konkursach sztuki na ca\u0142ym \u015bwiecie, wielu absolwent\u00f3w to dzi\u015b wy\u015bmienici tw\u00f3rcy ekslibrisu o mi\u0119dzynarodowej renomie.<\/p>\n<p>Pracownia wsp\u00f3\u0142pracuje z analogiczn\u0105 jednostk\u0105 w Istambule oraz z uczelniami, instytucjami, muzeami, galeriami, artystami, kolekcjonerami i stowarzyszeniami z Polski i ca\u0142ego \u015bwiata m.in. Niemiec, Cypru, Belgii, Rumunii, USA, Danii, Bia\u0142orusi, Ukrainy, Rosji, Czech, Chin, Japonii.<\/p>\n<p>Zesp\u00f3\u0142 pracowni tworz\u0105 prof. dr hab. Krzysztof Marek B\u0105k oraz dr hab. Katarzyna Handzlik prof. U\u015a.<\/p>\n<\/div>\r\n                    <\/div>\r\n                <\/div>[\/vc_column][\/vc_row][vc_row][vc_column]            \r\n                    <div class=\"container\">\r\n                        <div class=\"gallery gallery_3\" data-images-in-row=\"3\">\r\n                            <div class=\"section-title section-title_border-bottom\">prof. dr hab Krzysztof Marek B\u0105k - prace<\/div>\r\n                            <div class=\"row m-0\">\r\n                                <a data-fancybox-group=\"button\" title=\"kmbak (1) \" data-fancybox=\"9833\" href=\"https:\/\/us.edu.pl\/instytut\/isp\/wp-content\/uploads\/sites\/46\/Nieprzypisane\/kmbak-1-kmb.jpg\" class=\"gallery__item thumbnail\"\r\n                                    style=\"background-image: url(https:\/\/us.edu.pl\/instytut\/isp\/wp-content\/uploads\/sites\/46\/Nieprzypisane\/kmbak-1-kmb.jpg)\"> <span class=\"d-none\">https:\/\/us.edu.pl\/instytut\/isp\/wp-content\/uploads\/sites\/46\/Nieprzypisane\/kmbak-1-kmb.jpg<\/span> <\/a><a data-fancybox-group=\"button\" title=\"kmbak (2) \" data-fancybox=\"9833\" href=\"https:\/\/us.edu.pl\/instytut\/isp\/wp-content\/uploads\/sites\/46\/Nieprzypisane\/kmbak-2-kmb.jpg\" class=\"gallery__item thumbnail\"\r\n                                    style=\"background-image: url(https:\/\/us.edu.pl\/instytut\/isp\/wp-content\/uploads\/sites\/46\/Nieprzypisane\/kmbak-2-kmb.jpg)\"> <span class=\"d-none\">https:\/\/us.edu.pl\/instytut\/isp\/wp-content\/uploads\/sites\/46\/Nieprzypisane\/kmbak-2-kmb.jpg<\/span> <\/a><a data-fancybox-group=\"button\" title=\"kmbak (3) \" data-fancybox=\"9833\" href=\"https:\/\/us.edu.pl\/instytut\/isp\/wp-content\/uploads\/sites\/46\/Nieprzypisane\/kmbak-3-kmb.jpg\" class=\"gallery__item thumbnail\"\r\n                                    style=\"background-image: url(https:\/\/us.edu.pl\/instytut\/isp\/wp-content\/uploads\/sites\/46\/Nieprzypisane\/kmbak-3-kmb.jpg)\"> <span class=\"d-none\">https:\/\/us.edu.pl\/instytut\/isp\/wp-content\/uploads\/sites\/46\/Nieprzypisane\/kmbak-3-kmb.jpg<\/span> <\/a><a data-fancybox-group=\"button\" title=\"kmbak (4) \" data-fancybox=\"9833\" href=\"https:\/\/us.edu.pl\/instytut\/isp\/wp-content\/uploads\/sites\/46\/Nieprzypisane\/kmbak-4-kmb.jpg\" class=\"gallery__item thumbnail\"\r\n                                    style=\"background-image: url(https:\/\/us.edu.pl\/instytut\/isp\/wp-content\/uploads\/sites\/46\/Nieprzypisane\/kmbak-4-kmb.jpg)\"> <span class=\"d-none\">https:\/\/us.edu.pl\/instytut\/isp\/wp-content\/uploads\/sites\/46\/Nieprzypisane\/kmbak-4-kmb.jpg<\/span> <\/a><a data-fancybox-group=\"button\" title=\"kmbak (5) \" data-fancybox=\"9833\" href=\"https:\/\/us.edu.pl\/instytut\/isp\/wp-content\/uploads\/sites\/46\/Nieprzypisane\/kmbak-5-kmb.jpg\" class=\"gallery__item thumbnail\"\r\n                                    style=\"background-image: url(https:\/\/us.edu.pl\/instytut\/isp\/wp-content\/uploads\/sites\/46\/Nieprzypisane\/kmbak-5-kmb.jpg)\"> <span class=\"d-none\">https:\/\/us.edu.pl\/instytut\/isp\/wp-content\/uploads\/sites\/46\/Nieprzypisane\/kmbak-5-kmb.jpg<\/span> <\/a><a data-fancybox-group=\"button\" title=\"kmbak (6) \" data-fancybox=\"9833\" href=\"https:\/\/us.edu.pl\/instytut\/isp\/wp-content\/uploads\/sites\/46\/Nieprzypisane\/kmbak-6-kmb.jpg\" class=\"gallery__item thumbnail\"\r\n                                    style=\"background-image: url(https:\/\/us.edu.pl\/instytut\/isp\/wp-content\/uploads\/sites\/46\/Nieprzypisane\/kmbak-6-kmb.jpg)\"> <span class=\"d-none\">https:\/\/us.edu.pl\/instytut\/isp\/wp-content\/uploads\/sites\/46\/Nieprzypisane\/kmbak-6-kmb.jpg<\/span> <\/a><a data-fancybox-group=\"button\" title=\"kmbak (7) \" data-fancybox=\"9833\" href=\"https:\/\/us.edu.pl\/instytut\/isp\/wp-content\/uploads\/sites\/46\/Nieprzypisane\/kmbak-7-kmb.jpg\" class=\"gallery__item thumbnail\"\r\n                                    style=\"background-image: url(https:\/\/us.edu.pl\/instytut\/isp\/wp-content\/uploads\/sites\/46\/Nieprzypisane\/kmbak-7-kmb.jpg)\"> <span class=\"d-none\">https:\/\/us.edu.pl\/instytut\/isp\/wp-content\/uploads\/sites\/46\/Nieprzypisane\/kmbak-7-kmb.jpg<\/span> <\/a><a data-fancybox-group=\"button\" title=\"kmbak (8) \" data-fancybox=\"9833\" href=\"https:\/\/us.edu.pl\/instytut\/isp\/wp-content\/uploads\/sites\/46\/Nieprzypisane\/kmbak-8-kmb.jpg\" class=\"gallery__item thumbnail\"\r\n                                    style=\"background-image: url(https:\/\/us.edu.pl\/instytut\/isp\/wp-content\/uploads\/sites\/46\/Nieprzypisane\/kmbak-8-kmb.jpg)\"> <span class=\"d-none\">https:\/\/us.edu.pl\/instytut\/isp\/wp-content\/uploads\/sites\/46\/Nieprzypisane\/kmbak-8-kmb.jpg<\/span> <\/a><a data-fancybox-group=\"button\" title=\"kmbak (9)\" data-fancybox=\"9833\" href=\"https:\/\/us.edu.pl\/instytut\/isp\/wp-content\/uploads\/sites\/46\/Nieprzypisane\/kmbak-9-kmb.jpg\" class=\"gallery__item thumbnail\"\r\n                                    style=\"background-image: url(https:\/\/us.edu.pl\/instytut\/isp\/wp-content\/uploads\/sites\/46\/Nieprzypisane\/kmbak-9-kmb.jpg)\"> <span class=\"d-none\">https:\/\/us.edu.pl\/instytut\/isp\/wp-content\/uploads\/sites\/46\/Nieprzypisane\/kmbak-9-kmb.jpg<\/span> <\/a><a data-fancybox-group=\"button\" title=\"kmbak (10) \" data-fancybox=\"9833\" href=\"https:\/\/us.edu.pl\/instytut\/isp\/wp-content\/uploads\/sites\/46\/Nieprzypisane\/kmbak-10-kmb.jpg\" class=\"gallery__item thumbnail\"\r\n                                    style=\"background-image: url(https:\/\/us.edu.pl\/instytut\/isp\/wp-content\/uploads\/sites\/46\/Nieprzypisane\/kmbak-10-kmb.jpg)\"> <span class=\"d-none\">https:\/\/us.edu.pl\/instytut\/isp\/wp-content\/uploads\/sites\/46\/Nieprzypisane\/kmbak-10-kmb.jpg<\/span> <\/a><a data-fancybox-group=\"button\" title=\"kmbak (11) \" data-fancybox=\"9833\" href=\"https:\/\/us.edu.pl\/instytut\/isp\/wp-content\/uploads\/sites\/46\/Nieprzypisane\/kmbak-11-kmb.jpg\" class=\"gallery__item thumbnail\"\r\n                                    style=\"background-image: url(https:\/\/us.edu.pl\/instytut\/isp\/wp-content\/uploads\/sites\/46\/Nieprzypisane\/kmbak-11-kmb.jpg)\"> <span class=\"d-none\">https:\/\/us.edu.pl\/instytut\/isp\/wp-content\/uploads\/sites\/46\/Nieprzypisane\/kmbak-11-kmb.jpg<\/span> <\/a><a data-fancybox-group=\"button\" title=\"kmbak (12) \" data-fancybox=\"9833\" href=\"https:\/\/us.edu.pl\/instytut\/isp\/wp-content\/uploads\/sites\/46\/Nieprzypisane\/kmbak-12-kmb.jpg\" class=\"gallery__item thumbnail\"\r\n                                    style=\"background-image: url(https:\/\/us.edu.pl\/instytut\/isp\/wp-content\/uploads\/sites\/46\/Nieprzypisane\/kmbak-12-kmb.jpg)\"> <span class=\"d-none\">https:\/\/us.edu.pl\/instytut\/isp\/wp-content\/uploads\/sites\/46\/Nieprzypisane\/kmbak-12-kmb.jpg<\/span> <\/a><a data-fancybox-group=\"button\" title=\"kmbak (13) \" data-fancybox=\"9833\" href=\"https:\/\/us.edu.pl\/instytut\/isp\/wp-content\/uploads\/sites\/46\/Nieprzypisane\/kmbak-13-kmb.jpg\" class=\"gallery__item thumbnail\"\r\n                                    style=\"background-image: url(https:\/\/us.edu.pl\/instytut\/isp\/wp-content\/uploads\/sites\/46\/Nieprzypisane\/kmbak-13-kmb.jpg)\"> <span class=\"d-none\">https:\/\/us.edu.pl\/instytut\/isp\/wp-content\/uploads\/sites\/46\/Nieprzypisane\/kmbak-13-kmb.jpg<\/span> <\/a>\r\n                            <\/div>\r\n                    <\/div>\r\n                <\/div>[\/vc_column][\/vc_row][vc_row][vc_column]            \r\n                    <div class=\"container\">\r\n                        <div class=\"gallery gallery_3\" data-images-in-row=\"3\">\r\n                            <div class=\"section-title section-title_border-bottom\">dr hab. Katarzyna Handzlik, prof. U\u015a - prace<\/div>\r\n                            <div class=\"row m-0\">\r\n                                <a data-fancybox-group=\"button\" title=\"K Handzlik (1) \" data-fancybox=\"5533\" href=\"https:\/\/us.edu.pl\/instytut\/isp\/wp-content\/uploads\/sites\/46\/Nieprzypisane\/k_handzlik-1-khb.jpg\" class=\"gallery__item thumbnail\"\r\n                                    style=\"background-image: url(https:\/\/us.edu.pl\/instytut\/isp\/wp-content\/uploads\/sites\/46\/Nieprzypisane\/k_handzlik-1-khb.jpg)\"> <span class=\"d-none\">https:\/\/us.edu.pl\/instytut\/isp\/wp-content\/uploads\/sites\/46\/Nieprzypisane\/k_handzlik-1-khb.jpg<\/span> <\/a><a data-fancybox-group=\"button\" title=\"\" data-fancybox=\"5533\" href=\"https:\/\/us.edu.pl\/instytut\/isp\/wp-content\/uploads\/sites\/46\/Nieprzypisane\/k_handzlik-2-khb.jpg\" class=\"gallery__item thumbnail\"\r\n                                    style=\"background-image: url(https:\/\/us.edu.pl\/instytut\/isp\/wp-content\/uploads\/sites\/46\/Nieprzypisane\/k_handzlik-2-khb.jpg)\"> <span class=\"d-none\">https:\/\/us.edu.pl\/instytut\/isp\/wp-content\/uploads\/sites\/46\/Nieprzypisane\/k_handzlik-2-khb.jpg<\/span> <\/a><a data-fancybox-group=\"button\" title=\"K Handzlik (3) \" data-fancybox=\"5533\" href=\"https:\/\/us.edu.pl\/instytut\/isp\/wp-content\/uploads\/sites\/46\/Nieprzypisane\/k_handzlik-3-khb.jpg\" class=\"gallery__item thumbnail\"\r\n                                    style=\"background-image: url(https:\/\/us.edu.pl\/instytut\/isp\/wp-content\/uploads\/sites\/46\/Nieprzypisane\/k_handzlik-3-khb.jpg)\"> <span class=\"d-none\">https:\/\/us.edu.pl\/instytut\/isp\/wp-content\/uploads\/sites\/46\/Nieprzypisane\/k_handzlik-3-khb.jpg<\/span> <\/a><a data-fancybox-group=\"button\" title=\"K Handzlik (4) \" data-fancybox=\"5533\" href=\"https:\/\/us.edu.pl\/instytut\/isp\/wp-content\/uploads\/sites\/46\/Nieprzypisane\/k_handzlik-4-khb.jpg\" class=\"gallery__item thumbnail\"\r\n                                    style=\"background-image: url(https:\/\/us.edu.pl\/instytut\/isp\/wp-content\/uploads\/sites\/46\/Nieprzypisane\/k_handzlik-4-khb.jpg)\"> <span class=\"d-none\">https:\/\/us.edu.pl\/instytut\/isp\/wp-content\/uploads\/sites\/46\/Nieprzypisane\/k_handzlik-4-khb.jpg<\/span> <\/a><a data-fancybox-group=\"button\" title=\"K Handzlik (4a) \" data-fancybox=\"5533\" href=\"https:\/\/us.edu.pl\/instytut\/isp\/wp-content\/uploads\/sites\/46\/Nieprzypisane\/k_handzlik-4a-khb.jpg\" class=\"gallery__item thumbnail\"\r\n                                    style=\"background-image: url(https:\/\/us.edu.pl\/instytut\/isp\/wp-content\/uploads\/sites\/46\/Nieprzypisane\/k_handzlik-4a-khb.jpg)\"> <span class=\"d-none\">https:\/\/us.edu.pl\/instytut\/isp\/wp-content\/uploads\/sites\/46\/Nieprzypisane\/k_handzlik-4a-khb.jpg<\/span> <\/a><a data-fancybox-group=\"button\" title=\"K Handzlik (5) \" data-fancybox=\"5533\" href=\"https:\/\/us.edu.pl\/instytut\/isp\/wp-content\/uploads\/sites\/46\/Nieprzypisane\/k_handzlik-5-khb.jpg\" class=\"gallery__item thumbnail\"\r\n                                    style=\"background-image: url(https:\/\/us.edu.pl\/instytut\/isp\/wp-content\/uploads\/sites\/46\/Nieprzypisane\/k_handzlik-5-khb.jpg)\"> <span class=\"d-none\">https:\/\/us.edu.pl\/instytut\/isp\/wp-content\/uploads\/sites\/46\/Nieprzypisane\/k_handzlik-5-khb.jpg<\/span> <\/a><a data-fancybox-group=\"button\" title=\"K Handzlik (6) \" data-fancybox=\"5533\" href=\"https:\/\/us.edu.pl\/instytut\/isp\/wp-content\/uploads\/sites\/46\/Nieprzypisane\/k_handzlik-6-khb.jpg\" class=\"gallery__item thumbnail\"\r\n                                    style=\"background-image: url(https:\/\/us.edu.pl\/instytut\/isp\/wp-content\/uploads\/sites\/46\/Nieprzypisane\/k_handzlik-6-khb.jpg)\"> <span class=\"d-none\">https:\/\/us.edu.pl\/instytut\/isp\/wp-content\/uploads\/sites\/46\/Nieprzypisane\/k_handzlik-6-khb.jpg<\/span> <\/a><a data-fancybox-group=\"button\" title=\"K Handzlik (7) \" data-fancybox=\"5533\" href=\"https:\/\/us.edu.pl\/instytut\/isp\/wp-content\/uploads\/sites\/46\/Nieprzypisane\/k_handzlik-7-khb.jpg\" class=\"gallery__item thumbnail\"\r\n                                    style=\"background-image: url(https:\/\/us.edu.pl\/instytut\/isp\/wp-content\/uploads\/sites\/46\/Nieprzypisane\/k_handzlik-7-khb.jpg)\"> <span class=\"d-none\">https:\/\/us.edu.pl\/instytut\/isp\/wp-content\/uploads\/sites\/46\/Nieprzypisane\/k_handzlik-7-khb.jpg<\/span> <\/a><a data-fancybox-group=\"button\" title=\"K Handzlik (8) \" data-fancybox=\"5533\" href=\"https:\/\/us.edu.pl\/instytut\/isp\/wp-content\/uploads\/sites\/46\/Nieprzypisane\/k_handzlik-8-khb.jpg\" class=\"gallery__item thumbnail\"\r\n                                    style=\"background-image: url(https:\/\/us.edu.pl\/instytut\/isp\/wp-content\/uploads\/sites\/46\/Nieprzypisane\/k_handzlik-8-khb.jpg)\"> <span class=\"d-none\">https:\/\/us.edu.pl\/instytut\/isp\/wp-content\/uploads\/sites\/46\/Nieprzypisane\/k_handzlik-8-khb.jpg<\/span> <\/a><a data-fancybox-group=\"button\" title=\"K Handzlik (9) \" data-fancybox=\"5533\" href=\"https:\/\/us.edu.pl\/instytut\/isp\/wp-content\/uploads\/sites\/46\/Nieprzypisane\/k_handzlik-9-khb.jpg\" class=\"gallery__item thumbnail\"\r\n                                    style=\"background-image: url(https:\/\/us.edu.pl\/instytut\/isp\/wp-content\/uploads\/sites\/46\/Nieprzypisane\/k_handzlik-9-khb.jpg)\"> <span class=\"d-none\">https:\/\/us.edu.pl\/instytut\/isp\/wp-content\/uploads\/sites\/46\/Nieprzypisane\/k_handzlik-9-khb.jpg<\/span> <\/a><a data-fancybox-group=\"button\" title=\"K Handzlik (10) \" data-fancybox=\"5533\" href=\"https:\/\/us.edu.pl\/instytut\/isp\/wp-content\/uploads\/sites\/46\/Nieprzypisane\/k_handzlik-10-khb.jpg\" class=\"gallery__item thumbnail\"\r\n                                    style=\"background-image: url(https:\/\/us.edu.pl\/instytut\/isp\/wp-content\/uploads\/sites\/46\/Nieprzypisane\/k_handzlik-10-khb.jpg)\"> <span class=\"d-none\">https:\/\/us.edu.pl\/instytut\/isp\/wp-content\/uploads\/sites\/46\/Nieprzypisane\/k_handzlik-10-khb.jpg<\/span> <\/a><a data-fancybox-group=\"button\" title=\"K Handzlik (11) \" data-fancybox=\"5533\" href=\"https:\/\/us.edu.pl\/instytut\/isp\/wp-content\/uploads\/sites\/46\/Nieprzypisane\/k_handzlik-11-khb.jpg\" class=\"gallery__item thumbnail\"\r\n                                    style=\"background-image: url(https:\/\/us.edu.pl\/instytut\/isp\/wp-content\/uploads\/sites\/46\/Nieprzypisane\/k_handzlik-11-khb.jpg)\"> <span class=\"d-none\">https:\/\/us.edu.pl\/instytut\/isp\/wp-content\/uploads\/sites\/46\/Nieprzypisane\/k_handzlik-11-khb.jpg<\/span> <\/a>\r\n                            <\/div>\r\n                    <\/div>\r\n                <\/div>[\/vc_column][\/vc_row][vc_row][vc_column]            \r\n                    <div class=\"container\">\r\n                        <div class=\"gallery gallery_3\" data-images-in-row=\"3\">\r\n                            <div class=\"section-title section-title_border-bottom\">Pracownia exlibrisu<\/div>\r\n                            <div class=\"row m-0\">\r\n                                <a data-fancybox-group=\"button\" title=\"Pracownia bada\u0144 nad ekslibrisem wsp\u00f3\u0142czesnym 1 \" data-fancybox=\"7194\" href=\"https:\/\/us.edu.pl\/instytut\/isp\/wp-content\/uploads\/sites\/46\/Nieprzypisane\/pracownia_bada\u0144_nad_ekslibrisem_wsp\u00f3\u0142czesnym_1-pe.jpg\" class=\"gallery__item thumbnail\"\r\n                                    style=\"background-image: url(https:\/\/us.edu.pl\/instytut\/isp\/wp-content\/uploads\/sites\/46\/Nieprzypisane\/pracownia_bada\u0144_nad_ekslibrisem_wsp\u00f3\u0142czesnym_1-pe.jpg)\"> <span class=\"d-none\">https:\/\/us.edu.pl\/instytut\/isp\/wp-content\/uploads\/sites\/46\/Nieprzypisane\/pracownia_bada\u0144_nad_ekslibrisem_wsp\u00f3\u0142czesnym_1-pe.jpg<\/span> <\/a><a data-fancybox-group=\"button\" title=\"Pracownia bada\u0144 nad ekslibrisem wsp\u00f3\u0142czesnym 2\" data-fancybox=\"7194\" href=\"https:\/\/us.edu.pl\/instytut\/isp\/wp-content\/uploads\/sites\/46\/Nieprzypisane\/pracownia_bada\u0144_nad_ekslibrisem_wsp\u00f3\u0142czesnym_2-pe.jpg\" class=\"gallery__item thumbnail\"\r\n                                    style=\"background-image: url(https:\/\/us.edu.pl\/instytut\/isp\/wp-content\/uploads\/sites\/46\/Nieprzypisane\/pracownia_bada\u0144_nad_ekslibrisem_wsp\u00f3\u0142czesnym_2-pe.jpg)\"> <span class=\"d-none\">https:\/\/us.edu.pl\/instytut\/isp\/wp-content\/uploads\/sites\/46\/Nieprzypisane\/pracownia_bada\u0144_nad_ekslibrisem_wsp\u00f3\u0142czesnym_2-pe.jpg<\/span> <\/a><a data-fancybox-group=\"button\" title=\"Pracownia exlibrisu 01 \" data-fancybox=\"7194\" href=\"https:\/\/us.edu.pl\/instytut\/isp\/wp-content\/uploads\/sites\/46\/Nieprzypisane\/pracownia_exlibrisu_01-pe.jpg\" class=\"gallery__item thumbnail\"\r\n                                    style=\"background-image: url(https:\/\/us.edu.pl\/instytut\/isp\/wp-content\/uploads\/sites\/46\/Nieprzypisane\/pracownia_exlibrisu_01-pe-1024x485.jpg)\"> <span class=\"d-none\">https:\/\/us.edu.pl\/instytut\/isp\/wp-content\/uploads\/sites\/46\/Nieprzypisane\/pracownia_exlibrisu_01-pe.jpg<\/span> <\/a><a data-fancybox-group=\"button\" title=\"Pracownia exlibrisu 02 \" data-fancybox=\"7194\" href=\"https:\/\/us.edu.pl\/instytut\/isp\/wp-content\/uploads\/sites\/46\/Nieprzypisane\/pracownia_exlibrisu_02-pe.jpg\" class=\"gallery__item thumbnail\"\r\n                                    style=\"background-image: url(https:\/\/us.edu.pl\/instytut\/isp\/wp-content\/uploads\/sites\/46\/Nieprzypisane\/pracownia_exlibrisu_02-pe-1024x484.jpg)\"> <span class=\"d-none\">https:\/\/us.edu.pl\/instytut\/isp\/wp-content\/uploads\/sites\/46\/Nieprzypisane\/pracownia_exlibrisu_02-pe.jpg<\/span> <\/a><a data-fancybox-group=\"button\" title=\"Pracownia exlibrisu 03 \" data-fancybox=\"7194\" href=\"https:\/\/us.edu.pl\/instytut\/isp\/wp-content\/uploads\/sites\/46\/Nieprzypisane\/pracownia_exlibrisu_03-pe.jpg\" class=\"gallery__item thumbnail\"\r\n                                    style=\"background-image: url(https:\/\/us.edu.pl\/instytut\/isp\/wp-content\/uploads\/sites\/46\/Nieprzypisane\/pracownia_exlibrisu_03-pe-1024x485.jpg)\"> <span class=\"d-none\">https:\/\/us.edu.pl\/instytut\/isp\/wp-content\/uploads\/sites\/46\/Nieprzypisane\/pracownia_exlibrisu_03-pe.jpg<\/span> <\/a>\r\n                            <\/div>\r\n                    <\/div>\r\n                <\/div>[\/vc_column][\/vc_row]<\/p>","protected":false},"excerpt":{"rendered":"<p>[vc_row][vc_column][\/vc_column][\/vc_row][vc_row][vc_column][\/vc_column][\/vc_row][vc_row][vc_column][\/vc_column][\/vc_row][vc_row][vc_column][\/vc_column][\/vc_row] [&#8230;]<\/p>\n<p><a class=\"btn btn-secondary understrap-read-more-link\" href=\"https:\/\/us.edu.pl\/instytut\/isp\/pracownia-exlibrisu\/\">Read More&#8230;<\/a><\/p>\n","protected":false},"author":110,"featured_media":0,"parent":0,"menu_order":0,"comment_status":"closed","ping_status":"closed","template":"","meta":{"_expiration-date-status":"","_expiration-date":0,"_expiration-date-type":"","_expiration-date-categories":[],"_expiration-date-options":[]},"acf":[],"_links":{"self":[{"href":"https:\/\/us.edu.pl\/instytut\/isp\/wp-json\/wp\/v2\/pages\/396"}],"collection":[{"href":"https:\/\/us.edu.pl\/instytut\/isp\/wp-json\/wp\/v2\/pages"}],"about":[{"href":"https:\/\/us.edu.pl\/instytut\/isp\/wp-json\/wp\/v2\/types\/page"}],"author":[{"embeddable":true,"href":"https:\/\/us.edu.pl\/instytut\/isp\/wp-json\/wp\/v2\/users\/110"}],"replies":[{"embeddable":true,"href":"https:\/\/us.edu.pl\/instytut\/isp\/wp-json\/wp\/v2\/comments?post=396"}],"version-history":[{"count":10,"href":"https:\/\/us.edu.pl\/instytut\/isp\/wp-json\/wp\/v2\/pages\/396\/revisions"}],"predecessor-version":[{"id":3232,"href":"https:\/\/us.edu.pl\/instytut\/isp\/wp-json\/wp\/v2\/pages\/396\/revisions\/3232"}],"wp:attachment":[{"href":"https:\/\/us.edu.pl\/instytut\/isp\/wp-json\/wp\/v2\/media?parent=396"}],"curies":[{"name":"wp","href":"https:\/\/api.w.org\/{rel}","templated":true}]}}