{"id":3017,"date":"2021-04-20T08:19:52","date_gmt":"2021-04-20T06:19:52","guid":{"rendered":"https:\/\/us.edu.pl\/instytut\/ibbios\/?page_id=3017"},"modified":"2021-04-23T08:48:29","modified_gmt":"2021-04-23T06:48:29","slug":"zarzadzenia-postanowienia-i-obwieszczenia-rektora","status":"publish","type":"page","link":"https:\/\/us.edu.pl\/instytut\/ibbios\/zarzadzenia-postanowienia-i-obwieszczenia-rektora\/","title":{"rendered":"Zarz\u0105dzenia, Postanowienia i Obwieszczenia Rektora"},"content":{"rendered":"<p>[vc_row][vc_column]\r\n                <div class=\"text-modules\">\r\n                    <div class=\"container\">\r\n                        <h3 class=\"page-title text__title\">Zarz\u0105dzenia, Postanowienia i Obwieszczenia Rektora<\/h3>\r\n                        <div class=\"text-modules__content\"><\/p>\n<ul>\n<li><a href=\"http:\/\/bip.us.edu.pl\/zarzadzenie-nr-712021\"><span style=\"font-family: helvetica, arial, sans-serif\"><strong><span style=\"font-size: 14pt\">Zarz\u0105dzenie nr 71: Rektora Uniwersytetu \u015al\u0105skiego w Katowicach z dnia 20 kwietnia 2021 r. zmieniaj\u0105ce zarz\u0105dzenie w sprawie nale\u017cno\u015bci zwi\u0105zanych z podr\u00f3\u017cami s\u0142u\u017cbowymi pracownik\u00f3w, podr\u00f3\u017cami s\u0142u\u017cbowymi os\u00f3b nieb\u0119d\u0105cych pracownikami Uniwersytetu \u015al\u0105skiego i podr\u00f3\u017cami go\u015bci krajowych oraz zasad ich rozliczania<\/span><\/strong><\/span><\/a><\/li>\n<li><strong><a href=\"http:\/\/bip.us.edu.pl\/pismo-okolne-nr-22021\"><span style=\"font-family: helvetica, arial, sans-serif;font-size: 14pt\">Pismo ok\u00f3lne nr 2: Rektora Uniwersytetu \u015al\u0105skiego w Katowicach z dnia 16 kwietnia 2021 r. w sprawie okre\u015blenia wzor\u00f3w um\u00f3w cywilnoprawnych, w ramach projekt\u00f3w wsp\u00f3\u0142finansowanych ze \u015brodk\u00f3w Unii Europejskiej w ramach Program\u00f3w Operacyjnych oraz ustanowionych Funduszy celowych w perspektywie 2014 \u2013 2020, obowi\u0105zuj\u0105cych w Uniwersytecie \u015al\u0105skim w Katowicach.<\/span><\/a><\/strong><\/li>\n<li><a href=\"http:\/\/bip.us.edu.pl\/zarzadzenie-nr-692021\"><strong><span style=\"font-family: helvetica, arial, sans-serif;font-size: 14pt\">Zarz\u0105dzenie nr 69: Rektora Uniwersytetu \u015al\u0105skiego w Katowicach z dnia 19 kwietnia 2021 r. w sprawie przygotowywania, realizacji i rozliczania projekt\u00f3w i zada\u0144 finansowanych lub wsp\u00f3\u0142finansowanych ze \u015brodk\u00f3w zewn\u0119trznych.<\/span><\/strong><\/a><\/li>\n<li><span style=\"font-size: 14pt\"><a href=\"http:\/\/bip.us.edu.pl\/zarzadzenie-nr-492021\"><span style=\"font-family: helvetica, arial, sans-serif\"><strong>Zarz\u0105dzenie nr 49: Rektora Uniwersytetu \u015al\u0105skiego w Katowicach z dnia 23 Marca 2021 r. w sprawie wdro\u017cenia Bazy Wewn\u0119trznych Akt\u00f3w Prawnych w Uniwersytecie \u015al\u0105skim w Katowicach.<\/strong><\/span><\/a><\/span><\/li>\n<li><span style=\"font-size: 14pt;font-family: helvetica, arial, sans-serif\"><a href=\"http:\/\/bip.us.edu.pl\/zarzadzenie-nr-2022020\"><strong>Zarz\u0105dzenie nr 202: Rektora Uniwersytetu \u015al\u0105skiego w Katowicach z dnia 9 listopada 2020 r. w sprawie realizacji na Uniwersytecie \u015al\u0105skim w Katowicach programu pn.: \u201eInicjatywa doskona\u0142o\u015bci badawczej\u201d, finansowanego ze zwi\u0119kszonej subwencji, b\u0119d\u0105cej wynikiem udzia\u0142u Uniwersytetu \u015al\u0105skiego w Katowicach w programie Ministerstwa Nauki i Szkolnictwa Wy\u017cszego pn. \u201eInicjatywa doskona\u0142o\u015bci \u2013 uczelnia badawcza\u201d.<\/strong><\/a><\/span><\/li>\n<li><span style=\"font-size: 14pt;font-family: helvetica, arial, sans-serif\"><a href=\"http:\/\/bip.us.edu.pl\/zarzadzenie-nr-2012020\"><strong>Zarz\u0105dzenie nr 201:\u00a0Rektora Uniwersytetu \u015al\u0105skiego w Katowicach z dnia 9 listopada 2020 r. zmieniaj\u0105ce zarz\u0105dzenie w sprawie ustalenia procedury przyjmowania, realizacji i rozliczania prac zleconych do realizacji w Uniwersytecie \u015al\u0105skim przez instytucje zewn\u0119trzne.<\/strong><\/a><\/span><\/li>\n<\/ul>\n<p>\n<\/div>\r\n                    <\/div>\r\n                <\/div>[\/vc_column][\/vc_row]<\/p>","protected":false},"excerpt":{"rendered":"<p>[vc_row][vc_column][\/vc_column][\/vc_row] [&#8230;]<\/p>\n<p><a class=\"btn btn-secondary understrap-read-more-link\" href=\"https:\/\/us.edu.pl\/instytut\/ibbios\/zarzadzenia-postanowienia-i-obwieszczenia-rektora\/\">Read More&#8230;<\/a><\/p>\n","protected":false},"author":2283,"featured_media":0,"parent":0,"menu_order":0,"comment_status":"closed","ping_status":"closed","template":"","meta":{"_expiration-date-status":"saved","_expiration-date":0,"_expiration-date-type":"","_expiration-date-categories":[],"_expiration-date-options":[]},"acf":[],"_links":{"self":[{"href":"https:\/\/us.edu.pl\/instytut\/ibbios\/wp-json\/wp\/v2\/pages\/3017"}],"collection":[{"href":"https:\/\/us.edu.pl\/instytut\/ibbios\/wp-json\/wp\/v2\/pages"}],"about":[{"href":"https:\/\/us.edu.pl\/instytut\/ibbios\/wp-json\/wp\/v2\/types\/page"}],"author":[{"embeddable":true,"href":"https:\/\/us.edu.pl\/instytut\/ibbios\/wp-json\/wp\/v2\/users\/2283"}],"replies":[{"embeddable":true,"href":"https:\/\/us.edu.pl\/instytut\/ibbios\/wp-json\/wp\/v2\/comments?post=3017"}],"version-history":[{"count":5,"href":"https:\/\/us.edu.pl\/instytut\/ibbios\/wp-json\/wp\/v2\/pages\/3017\/revisions"}],"predecessor-version":[{"id":3036,"href":"https:\/\/us.edu.pl\/instytut\/ibbios\/wp-json\/wp\/v2\/pages\/3017\/revisions\/3036"}],"wp:attachment":[{"href":"https:\/\/us.edu.pl\/instytut\/ibbios\/wp-json\/wp\/v2\/media?parent=3017"}],"curies":[{"name":"wp","href":"https:\/\/api.w.org\/{rel}","templated":true}]}}