{"id":5941,"date":"2023-03-28T09:57:42","date_gmt":"2023-03-28T07:57:42","guid":{"rendered":"https:\/\/us.edu.pl\/instytut\/ibbios\/?page_id=5941"},"modified":"2023-03-28T13:15:12","modified_gmt":"2023-03-28T11:15:12","slug":"zespol-biologii-stresu-srodowiskowego","status":"publish","type":"page","link":"https:\/\/us.edu.pl\/instytut\/ibbios\/zespol-biologii-stresu-srodowiskowego\/","title":{"rendered":"Zesp\u00f3\u0142 Biologii Stresu \u015arodowiskowego"},"content":{"rendered":"<p>[vc_row][vc_column]\r\n                <div class=\"text-modules \">\r\n                    <div class=\"container\">\r\n                        <h3 class=\"section-title section-title_border-bottom\">Zesp\u00f3\u0142 Biologii Stresu \u015arodowiskowego<\/h3> <h3 class=\"subtitle text-modules__subtitle\">Temat badawczy: Charakterystyka marker\u00f3w stresu w odpowiedzi na oddzia\u0142ywania czynnik\u00f3w \u015brodowiskowych (w tym tzw. \u201enowych\u201d: chemicznych: mikrocz\u0105stki polimer\u00f3w, fizycznych: pole elektromagnetyczne oraz biologicznych: patogeny, stres pozbawienia potomstwa) na modelowe bezkr\u0119gowce<\/h3>\r\n                        <div class=\"row m-0\">\r\n                            <div class=\"text-modules__content\">\r\n                                <span style=\"font-size: 12pt;\">Antropocen jest epok\u0105 przyt\u0142aczaj\u0105cego wp\u0142ywu ludzkich dzia\u0142a\u0144 wynikaj\u0105cych z rozwoju technologii na r\u00f3wnowag\u0119 ekologiczn\u0105 w skali globalnej. Okre\u015blenie to dotyczy przede wszystkim materia\u0142\u00f3w takich jak trudno biodegradowalne polimery. W uj\u0119ciu og\u00f3lniejszym mo\u017ce obejmowa\u0107 r\u00f3wnie\u017c znane czynniki fizyczne, lecz w nasilonej skali, jak np. promieniowanie elektromagnetyczne (5G). Skutki tych czynnik\u00f3w na dobrostan i biologi\u0119 organizm\u00f3w innych ni\u017c ludzkie (w tym bezkr\u0119gowce) s\u0105 dotychczas niezbadane w wystarczaj\u0105cym stopniu. <\/span><\/p>\n<p><span style=\"font-size: 12pt;\">W latach 2021-2025 Zesp\u00f3\u0142 stawia sobie za cel poznanie skutk\u00f3w nara\u017cenia 2 gatunk\u00f3w modelowych bezkr\u0119gowc\u00f3w: motyla\u00a0<em>Spodoptera exigua<\/em> (uwzgl\u0119dniaj\u0105c unikaln\u0105 lini\u0119 o podwy\u017cszonej tolerancji na kadm) i paj\u0105ka\u00a0<em>Parasteatoda tepidariorum<\/em>, a tak\u017ce gatunk\u00f3w od\u0142owionych z terenu (przedstawiciele wybranych gatunk\u00f3w paj\u0105k\u00f3w) na czynniki podane w temacie. W ramach dzia\u0142alno\u015bci Zespo\u0142u planowane jest przeprowadzenie bada\u0144 pozwalaj\u0105cych ustali\u0107 zakres zmienno\u015bci wybranych marker\u00f3w (mikrobiom, poziom bia\u0142ek stresu, markery stresu oksydacyjnego) dla bardziej z\u0142o\u017conych uk\u0142ad\u00f3w eksperymentalnych planowanych w kolejnych latach. <\/span><\/p>\n<p><span style=\"font-size: 12pt;\">Badania nara\u017cenia zarodk\u00f3w paj\u0119czych i potencjalnej ochrony, jak\u0105 stanowi kokon, na pole elektromagnetyczne stan\u0105 si\u0119 r\u00f3wnie\u017c tematem planowanego wniosku w ramach programu Preludium 20. Ponadto dostarcz\u0105 wynik\u00f3w bada\u0144 wst\u0119pnych dla planowanego wniosku grantowego w ramach programu Sonata 17. W przypadku otrzymania finansowania w ramach OPUS 20, Sonata 17 oraz Preludium 20, cele projektowe b\u0119d\u0105 priorytetowe. W kolejnych latach, w miar\u0119 rozwoju temat\u00f3w, planowane s\u0105 kolejne wnioski grantowe.<\/span><\/p>\n<p>&nbsp;<\/p>\n<p>S\u0142owa kluczowe:<\/p>\n<ul>\n<li>py\u0142 drogowy<\/li>\n<li>mikrobiom<\/li>\n<li>pole elektromagnetyczne<\/li>\n<li>mikrocz\u0105stki elastomer\u00f3w (guma z opon samochodowych)<\/li>\n<li>markery stresu<\/li>\n<\/ul>\n<div class=\"mt-3\"><\/div>\r\n                            <\/div>\r\n                            \r\n                            \r\n                        <\/div>\r\n                    <\/div>\r\n                <\/div>\r\n                <div class=\"text-modules \">\r\n                    <div class=\"container\">\r\n                        <h3 class=\"section-title section-title_border-bottom\">Sk\u0142ad zespo\u0142u:<\/h3> \r\n                        <div class=\"row m-0\">\r\n                            <div class=\"text-modules__content\">\r\n                                <\/p>\n<ol>\n<li><span style=\"font-size: 12pt;\"><strong>\u00a0Dr hab. Agnieszka Babczy\u0144ska, prof. U\u015a<\/strong>\u00a0\u2013 lider zespo\u0142u<\/span><\/li>\n<li><span style=\"font-size: 12pt;\">\u00a0Prof. dr hab. Maria Augustyniak\u00a0<\/span><\/li>\n<li><span style=\"font-size: 12pt;\">\u00a0Dr Marta Sawadro\u00a0<\/span><\/li>\n<li><span style=\"font-size: 12pt;\">\u00a0Dr Monika Tarnawska\u00a0<\/span><\/li>\n<li><span style=\"font-size: 12pt;\">\u00a0Mgr Beata Mazur<\/span><\/li>\n<li><span style=\"font-size: 12pt;\">\u00a0Mgr in\u017c. Magdalena Skowronek\u00a0<\/span><\/li>\n<li><span style=\"font-size: 12pt;\">\u00a0Mgr Ilona Witas\u00a0<\/span><\/li>\n<li><span style=\"font-size: 12pt;\">\u00a0Mgr Agnieszka Czerwonka\u00a0<\/span><\/li>\n<li><span style=\"font-size: 12pt;\">\u00a0Mgr Mateusz Glenszczyk\u00a0<\/span><\/li>\n<li><span style=\"font-size: 12pt;\">\u00a0Mgr Weronika Porc\u00a0<\/span><\/li>\n<li><span style=\"font-size: 12pt;\">\u00a0Lic. Michalina Ba\u0144ska<\/span><\/li>\n<li><span style=\"font-size: 12pt;\">\u00a0Lic. Katarzyna Mizera<\/span><\/li>\n<\/ol>\n<div class=\"mt-3\"><\/div>\r\n                            <\/div>\r\n                            \r\n                            \r\n                        <\/div>\r\n                    <\/div>\r\n                <\/div>[\/vc_column][\/vc_row]<\/p>","protected":false},"excerpt":{"rendered":"<p>[vc_row][vc_column][\/vc_column][\/vc_row] [&#8230;]<\/p>\n<p><a class=\"btn btn-secondary understrap-read-more-link\" href=\"https:\/\/us.edu.pl\/instytut\/ibbios\/zespol-biologii-stresu-srodowiskowego\/\">Read More&#8230;<\/a><\/p>\n","protected":false},"author":4825,"featured_media":0,"parent":0,"menu_order":0,"comment_status":"closed","ping_status":"closed","template":"","meta":{"_expiration-date-status":"","_expiration-date":0,"_expiration-date-type":"","_expiration-date-categories":[],"_expiration-date-options":[]},"acf":[],"_links":{"self":[{"href":"https:\/\/us.edu.pl\/instytut\/ibbios\/wp-json\/wp\/v2\/pages\/5941"}],"collection":[{"href":"https:\/\/us.edu.pl\/instytut\/ibbios\/wp-json\/wp\/v2\/pages"}],"about":[{"href":"https:\/\/us.edu.pl\/instytut\/ibbios\/wp-json\/wp\/v2\/types\/page"}],"author":[{"embeddable":true,"href":"https:\/\/us.edu.pl\/instytut\/ibbios\/wp-json\/wp\/v2\/users\/4825"}],"replies":[{"embeddable":true,"href":"https:\/\/us.edu.pl\/instytut\/ibbios\/wp-json\/wp\/v2\/comments?post=5941"}],"version-history":[{"count":3,"href":"https:\/\/us.edu.pl\/instytut\/ibbios\/wp-json\/wp\/v2\/pages\/5941\/revisions"}],"predecessor-version":[{"id":6028,"href":"https:\/\/us.edu.pl\/instytut\/ibbios\/wp-json\/wp\/v2\/pages\/5941\/revisions\/6028"}],"wp:attachment":[{"href":"https:\/\/us.edu.pl\/instytut\/ibbios\/wp-json\/wp\/v2\/media?parent=5941"}],"curies":[{"name":"wp","href":"https:\/\/api.w.org\/{rel}","templated":true}]}}