{"id":5963,"date":"2023-03-28T11:11:11","date_gmt":"2023-03-28T09:11:11","guid":{"rendered":"https:\/\/us.edu.pl\/instytut\/ibbios\/?page_id=5963"},"modified":"2023-03-28T13:27:31","modified_gmt":"2023-03-28T11:27:31","slug":"zespol-biofizyki-i-morfogenezy-roslin","status":"publish","type":"page","link":"https:\/\/us.edu.pl\/instytut\/ibbios\/zespol-biofizyki-i-morfogenezy-roslin\/","title":{"rendered":"Zesp\u00f3\u0142 Biofizyki i Morfogenezy Ro\u015blin"},"content":{"rendered":"<p>[vc_row][vc_column]\r\n                <div class=\"text-modules \">\r\n                    <div class=\"container\">\r\n                        <h3 class=\"section-title section-title_border-bottom\">Zesp\u00f3\u0142 Biofizyki i Morfogenezy Ro\u015blin<\/h3> <h3 class=\"subtitle text-modules__subtitle\">Temat badawczy: Wzrost, morfogeneza i funkcjonowanie organ\u00f3w ro\u015blinnych \u2013 badania eksperymentalne i modelowanie komputerowe<\/h3>\r\n                        <div class=\"row m-0\">\r\n                            <div class=\"text-modules__content\">\r\n                                <span style=\"font-size: 12pt;\">Prowadzone przez zesp\u00f3\u0142 badania obejmuj\u0105 nast\u0119puj\u0105ce zagadnienia: biomechanika tkanek i organ\u00f3w ro\u015blinnych, w tym rola czynnik\u00f3w mechanicznych w funkcjonowaniu organ\u00f3w rosn\u0105cych i w pe\u0142ni zr\u00f3\u017cnicowanych; regulacja rozwoju i morfogenezy organ\u00f3w ro\u015blinnych, w tym regulacja genetyczna funkcjonowania merystemu apikalnego p\u0119du oraz rola pierwotnego systemu waskularnego p\u0119du w powstawaniu organ\u00f3w bocznych; ilo\u015bciowa analiza morfologii i wzrostu organ\u00f3w ro\u015blinnych; modelowanie wzrostu i podzia\u0142\u00f3w kom\u00f3rek w merystemach; mechanizmy ruch\u00f3w higroskopowych organ\u00f3w ro\u015blinnych o r\u00f3\u017cnej budowie i funkcji oraz ich potencjalne wykorzystanie w biomimetyce; zale\u017cno\u015bci pomi\u0119dzy sk\u0142adem chemicznym, struktur\u0105 a w\u0142a\u015bciwo\u015bciami mechanicznymi pierwotnej i wt\u00f3rnej \u015bciany kom\u00f3rkowej.<\/span><\/p>\n<p>&nbsp;<\/p>\n<p>S\u0142owa kluczowe:<\/p>\n<ul>\n<li>Biomechanika ro\u015blin.<\/li>\n<li>Wzrost organ\u00f3w ro\u015blinnych<\/li>\n<li>Rozw\u00f3j p\u0119du i korzenia<\/li>\n<li>Morfogeneza ro\u015blin<\/li>\n<li>Biomimetyka<\/li>\n<li>Modelowanie komputerowe<\/li>\n<\/ul>\n<div class=\"mt-3\"><\/div>\r\n                            <\/div>\r\n                            \r\n                            \r\n                        <\/div>\r\n                    <\/div>\r\n                <\/div>\r\n                <div class=\"text-modules \">\r\n                    <div class=\"container\">\r\n                        <h3 class=\"section-title section-title_border-bottom\">Sk\u0142ad zespo\u0142u:<\/h3> \r\n                        <div class=\"row m-0\">\r\n                            <div class=\"text-modules__content\">\r\n                                <\/p>\n<ol>\n<li><span style=\"font-size: 12pt;\"><strong>\u00a0Prof. dr hab. Dorota Kwiatkowska<\/strong>\u00a0\u2013 lider zespo\u0142u<\/span><\/li>\n<li><span style=\"font-size: 12pt;\">\u00a0Dr Dorota Borowska-Wykr\u0119t\u00a0<\/span><\/li>\n<li><span style=\"font-size: 12pt;\">\u00a0Dr hab. Agata Burian, prof. U\u015a\u00a0<\/span><\/li>\n<li><span style=\"font-size: 12pt;\">\u00a0Dr Joanna Elsner\u00a0<\/span><\/li>\n<li><span style=\"font-size: 12pt;\">\u00a0Dr Anna Piekarska-Stachowiak\u00a0<\/span><\/li>\n<li><span style=\"font-size: 12pt;\">\u00a0Dr hab. Joanna Szymanowska-Pu\u0142ka, prof. U\u015a\u00a0<\/span><\/li>\n<li><span style=\"font-size: 12pt;\">\u00a0Dr Marcin Lipowczan<\/span><\/li>\n<li><span style=\"font-size: 12pt;\">\u00a0Mgr Jerzy Karczewski<\/span><\/li>\n<li><span style=\"font-size: 12pt;\">\u00a0Mgr Anna Staro\u0144<\/span><\/li>\n<li><span style=\"font-size: 12pt;\">\u00a0Mgr Nikolina Skowro\u0144ska<\/span><\/li>\n<li><span style=\"font-size: 12pt;\">\u00a0Mgr Joanna Skrzyde\u0142<\/span><\/li>\n<li><span style=\"font-size: 12pt;\">\u00a0Lic. Wiktoria Wodniok<\/span><\/li>\n<\/ol>\n<div class=\"mt-3\"><\/div>\r\n                            <\/div>\r\n                            \r\n                            \r\n                        <\/div>\r\n                    <\/div>\r\n                <\/div>[\/vc_column][\/vc_row]<\/p>","protected":false},"excerpt":{"rendered":"<p>[vc_row][vc_column][\/vc_column][\/vc_row] [&#8230;]<\/p>\n<p><a class=\"btn btn-secondary understrap-read-more-link\" href=\"https:\/\/us.edu.pl\/instytut\/ibbios\/zespol-biofizyki-i-morfogenezy-roslin\/\">Read More&#8230;<\/a><\/p>\n","protected":false},"author":4825,"featured_media":0,"parent":0,"menu_order":0,"comment_status":"closed","ping_status":"closed","template":"","meta":{"_expiration-date-status":"","_expiration-date":0,"_expiration-date-type":"","_expiration-date-categories":[],"_expiration-date-options":[]},"acf":[],"_links":{"self":[{"href":"https:\/\/us.edu.pl\/instytut\/ibbios\/wp-json\/wp\/v2\/pages\/5963"}],"collection":[{"href":"https:\/\/us.edu.pl\/instytut\/ibbios\/wp-json\/wp\/v2\/pages"}],"about":[{"href":"https:\/\/us.edu.pl\/instytut\/ibbios\/wp-json\/wp\/v2\/types\/page"}],"author":[{"embeddable":true,"href":"https:\/\/us.edu.pl\/instytut\/ibbios\/wp-json\/wp\/v2\/users\/4825"}],"replies":[{"embeddable":true,"href":"https:\/\/us.edu.pl\/instytut\/ibbios\/wp-json\/wp\/v2\/comments?post=5963"}],"version-history":[{"count":3,"href":"https:\/\/us.edu.pl\/instytut\/ibbios\/wp-json\/wp\/v2\/pages\/5963\/revisions"}],"predecessor-version":[{"id":6036,"href":"https:\/\/us.edu.pl\/instytut\/ibbios\/wp-json\/wp\/v2\/pages\/5963\/revisions\/6036"}],"wp:attachment":[{"href":"https:\/\/us.edu.pl\/instytut\/ibbios\/wp-json\/wp\/v2\/media?parent=5963"}],"curies":[{"name":"wp","href":"https:\/\/api.w.org\/{rel}","templated":true}]}}