{"id":5971,"date":"2023-03-28T11:39:14","date_gmt":"2023-03-28T09:39:14","guid":{"rendered":"https:\/\/us.edu.pl\/instytut\/ibbios\/?page_id=5971"},"modified":"2023-03-28T13:32:10","modified_gmt":"2023-03-28T11:32:10","slug":"zespol-biochemii-i-biotechnologii-srodowiska","status":"publish","type":"page","link":"https:\/\/us.edu.pl\/instytut\/ibbios\/zespol-biochemii-i-biotechnologii-srodowiska\/","title":{"rendered":"Zesp\u00f3\u0142 Biochemii i Biotechnologii \u015arodowiska"},"content":{"rendered":"<p>[vc_row][vc_column]\r\n                <div class=\"text-modules \">\r\n                    <div class=\"container\">\r\n                        <h3 class=\"section-title section-title_border-bottom\">Zesp\u00f3\u0142 Biochemii i Biotechnologii \u015arodowiska<\/h3> <h3 class=\"subtitle text-modules__subtitle\">Temat badawczy: Identyfikacja mechanizm\u00f3w indukcji stresu oksydacyjnego wywo\u0142anych obecno\u015bci\u0105 nanocz\u0105stek metalicznych u wybranych mikroorganizm\u00f3w<\/h3>\r\n                        <div class=\"row m-0\">\r\n                            <div class=\"text-modules__content\">\r\n                                <span style=\"font-size: 12pt;\">Wiele bada\u0144 wskazuje, \u017ce nanocz\u0105stki metaliczne wp\u0142ywaj\u0105 na sk\u0142ad, w\u0142a\u015bciwo\u015bci i funkcjonowanie b\u0142ony kom\u00f3rkowej mikroorganizm\u00f3w. Gromadzenie si\u0119 nanocz\u0105stek na powierzchni kom\u00f3rek mo\u017ce skutkowa\u0107 fluidyzacj\u0105 b\u0142ony, zmian\u0105 jej hydrofobowo\u015bci, utrat\u0105 w\u0142a\u015bciwo\u015bci amfifilowych fosfolipid\u00f3w, upo\u015bledzeniem wymiany jonowej oraz uszkodzeniem bia\u0142ek strukturalnych i enzymatycznych<\/span><\/p>\n<p><span style=\"font-size: 12pt;\">Zaplanowane prace dostarcz\u0105 nowej wiedzy na temat molekularnych mechanizm\u00f3w dzia\u0142ania nanocz\u0105stek nAg, nCu, nZnO i nTiO<sub>2<\/sub> na referencyjne szczepy bakterii <em>Escherichia coli<\/em>, <em>Bacillus cereus<\/em> i <em>Staphylococcus epidermidis<\/em> oraz modelowy szczep grzyba <em>Candida albicans.<\/em> Wykorzystanie do bada\u0144 bakterii Gram-ujemnych i Gram-dodatnich oraz grzyba, charakteryzuj\u0105cych si\u0119 odmienn\u0105 budow\u0105 os\u0142on zewn\u0119trznych, umo\u017cliwi por\u00f3wnanie ich odpowiedzi w warunkach ekspozycji na nanocz\u0105stki. Szczeg\u00f3\u0142owe zadania koncentrowa\u0107 si\u0119 b\u0119d\u0105 na ocenie przepuszczalno\u015bci b\u0142ony kom\u00f3rkowej, wycieku cytoplazmy oraz analizie profili fosfolipidowych kwas\u00f3w t\u0142uszczowych. <\/span><\/p>\n<p><span style=\"font-size: 12pt;\">Dodatkowo wykonane zostan\u0105 pomiary wewn\u0105trzkom\u00f3rkowego i zewn\u0105trzkom\u00f3rkowego poziomu ATP oraz aktywno\u015bci ATP-azy, pozwalaj\u0105ce na ocen\u0119 aktywno\u015bci oddechowej kom\u00f3rek. W celu wyja\u015bnienia interakcji nanocz\u0105stek z powierzchni\u0105 kom\u00f3rek, wykonane zostanie mapowanie badanych pr\u00f3b z wykorzystaniem spektrofotometrii podczerwieni z transformacj\u0105 Fouriera (FTIR) w celu ustalenia rozk\u0142adu powierzchniowego wybranych pierwiastk\u00f3w wchodz\u0105cych w sk\u0142ad nanocz\u0105stek. <\/span><\/p>\n<p><span style=\"font-size: 12pt;\">Zaprezentowane zadania badawcze s\u0105 nowatorskie, gdy\u017c w tak szerokim aspekcie nie by\u0142y dot\u0105d prowadzone.<\/span><\/p>\n<p>&nbsp;<\/p>\n<p>S\u0142owa kluczowe:<\/p>\n<ul>\n<li>mikroorganizmy,<\/li>\n<li>nanocz\u0105stki,<\/li>\n<li>toksyczno\u015b\u0107,<\/li>\n<li>stres oksydacyjny<\/li>\n<\/ul>\n<div class=\"mt-3\"><\/div>\r\n                            <\/div>\r\n                            \r\n                            \r\n                        <\/div>\r\n                    <\/div>\r\n                <\/div>\r\n                <div class=\"text-modules \">\r\n                    <div class=\"container\">\r\n                        <h3 class=\"section-title section-title_border-bottom\">Sk\u0142ad zespo\u0142u:<\/h3> \r\n                        <div class=\"row m-0\">\r\n                            <div class=\"text-modules__content\">\r\n                                <\/p>\n<ol>\n<li><span style=\"font-size: 12pt;\"><strong>\u00a0Prof. dr hab. Agnieszka Mrozik<\/strong>\u00a0\u2013 lider zespo\u0142u<\/span><\/li>\n<li><span style=\"font-size: 12pt;\">\u00a0Dr Daniel Wasilkowski\u00a0<\/span><\/li>\n<li><span style=\"font-size: 12pt;\">\u00a0Mgr Oliwia Metryka\u00a0<\/span><\/li>\n<\/ol>\n<div class=\"mt-3\"><\/div>\r\n                            <\/div>\r\n                            \r\n                            \r\n                        <\/div>\r\n                    <\/div>\r\n                <\/div>[\/vc_column][\/vc_row]<\/p>","protected":false},"excerpt":{"rendered":"<p>[vc_row][vc_column][\/vc_column][\/vc_row] [&#8230;]<\/p>\n<p><a class=\"btn btn-secondary understrap-read-more-link\" href=\"https:\/\/us.edu.pl\/instytut\/ibbios\/zespol-biochemii-i-biotechnologii-srodowiska\/\">Read More&#8230;<\/a><\/p>\n","protected":false},"author":4825,"featured_media":0,"parent":0,"menu_order":0,"comment_status":"closed","ping_status":"closed","template":"","meta":{"_expiration-date-status":"","_expiration-date":0,"_expiration-date-type":"","_expiration-date-categories":[],"_expiration-date-options":[]},"acf":[],"_links":{"self":[{"href":"https:\/\/us.edu.pl\/instytut\/ibbios\/wp-json\/wp\/v2\/pages\/5971"}],"collection":[{"href":"https:\/\/us.edu.pl\/instytut\/ibbios\/wp-json\/wp\/v2\/pages"}],"about":[{"href":"https:\/\/us.edu.pl\/instytut\/ibbios\/wp-json\/wp\/v2\/types\/page"}],"author":[{"embeddable":true,"href":"https:\/\/us.edu.pl\/instytut\/ibbios\/wp-json\/wp\/v2\/users\/4825"}],"replies":[{"embeddable":true,"href":"https:\/\/us.edu.pl\/instytut\/ibbios\/wp-json\/wp\/v2\/comments?post=5971"}],"version-history":[{"count":2,"href":"https:\/\/us.edu.pl\/instytut\/ibbios\/wp-json\/wp\/v2\/pages\/5971\/revisions"}],"predecessor-version":[{"id":6039,"href":"https:\/\/us.edu.pl\/instytut\/ibbios\/wp-json\/wp\/v2\/pages\/5971\/revisions\/6039"}],"wp:attachment":[{"href":"https:\/\/us.edu.pl\/instytut\/ibbios\/wp-json\/wp\/v2\/media?parent=5971"}],"curies":[{"name":"wp","href":"https:\/\/api.w.org\/{rel}","templated":true}]}}