{"id":6156,"date":"2023-03-29T10:03:16","date_gmt":"2023-03-29T08:03:16","guid":{"rendered":"https:\/\/us.edu.pl\/instytut\/ibbios\/?page_id=6156"},"modified":"2026-02-16T13:37:58","modified_gmt":"2026-02-16T12:37:58","slug":"erasmus","status":"publish","type":"page","link":"https:\/\/us.edu.pl\/instytut\/ibbios\/nauka\/wymiana-akademicka\/erasmus\/","title":{"rendered":"ERASMUS+"},"content":{"rendered":"<p>[vc_row][vc_column]\r\n                <div class=\"text-modules reverse\">\r\n                    <div class=\"container\">\r\n                        <h3 class=\"section-title section-title_border-bottom\">ERASMUS+<\/h3> \r\n                        <div class=\"row m-0\">\r\n                            <div class=\"text-modules__content\">\r\n                                <span style=\"font-size: 12pt;\"><strong>Dla kogo:<\/strong> studenci, absolwenci (w ci\u0105gu 12 miesi\u0119cy od momentu uko\u0144czenia studi\u00f3w), doktoranci, pracownicy<\/span><\/p>\n<p><span style=\"font-size: 12pt;\"><strong>Jak aplikowa\u0107<\/strong>: Wszelkie szczeg\u00f3\u0142y na temat rekrutacji, w tym opis procedury, aktualne dokumenty oraz przydatne linki s\u0105 dost\u0119pne na stronie internetowej Biura Wymiany Mi\u0119dzynarodowej pod adresem <a href=\"https:\/\/erasmus.us.edu.pl\/\">https:\/\/erasmus.us.edu.pl\/<\/a><\/span> \r\n                                <div class=\"mt-3\"><\/div>\r\n                            <\/div>\r\n                            \r\n                            <div class=\"text-modules__img\"><img src=\"https:\/\/us.edu.pl\/instytut\/ibbios\/wp-content\/uploads\/sites\/36\/Nieprzypisane\/Erasmus.png\" alt=\"img\"><\/div>\r\n                        <\/div>\r\n                    <\/div>\r\n                <\/div>\r\n                <div class=\"text-modules\">\r\n                    <div class=\"container\">\r\n                        \r\n                        <div class=\"text-modules__content\"><p><span style=\"font-size: 12pt;\">Pierwszy etap rekrutacji na wyjazdy na studia w ramach programu Erasmus+ na rok akademicki 2026\/2027 odbywa si\u0119 na Wydziale Nauk Przyrodniczych w dniach <strong>23.02.2026-23.03.2026 r. w systemie usos.<\/strong><\/span><\/p>\n<p><span style=\"font-size: 12pt;\"><br \/>\nPracownicy Biura zapraszaj\u0105 r\u00f3wnie\u017c na <strong>spotkanie informacyjne<\/strong>, dotycz\u0105ce rekrutacji, kt\u00f3re odb\u0119dzie si\u0119 <strong>w formie zdalnej<\/strong> poprzez platform\u0119 MS Teams w dniu: <strong>5.03.2026 (czwartek), g.13.00<\/strong>.<br \/>\nLink do spotkania: <a href=\"https:\/\/teams.microsoft.com\/l\/meetup-join\/19%3ameeting_ZjY5Y2IwODgtNDg5NS00YTBhLThjNjktNWZkNzY0ZmVhOWZh%40thread.v2\/0?context=%7b%22Tid%22%3a%2250c76291-0c80-4444-a2fb-4f8ab168c311%22%2c%22Oid%22%3a%22077ce266-ee4a-4812-86c7-9cd22f7e1e36%22%7d\">Spotkanie dot. rekrutacji na studia Erasmus+ (pozosta\u0142e wydzia\u0142y) | Do\u0142\u0105czanie do spotkania | Microsoft Teams<\/a>.<\/span><\/p>\n<\/div>\r\n                    <\/div>\r\n                <\/div>[vc_single_image image=&#8221;10240&#8243; img_size=&#8221;full&#8221; alignment=&#8221;center&#8221; onclick=&#8221;img_link_large&#8221;][\/vc_column][\/vc_row][vc_row][vc_column]\r\n                <div class=\"text-modules\">\r\n                    <div class=\"container\">\r\n                        \r\n                        <div class=\"text-modules__content\"><p><span style=\"font-size: 12pt;\"><strong>Rekrutacja krok po kroku<\/strong> (infografika):<\/span><\/p>\n<p><span style=\"font-size: 12pt;\"><a class=\"mtli_attachment mtli_pdf mtli_attachment mtli_pdf mtli_attachment mtli_pdf\" href=\"https:\/\/us.edu.pl\/wp-content\/uploads\/pliki\/infografika-Erasmus-Plus-US.pdf\" data-mtli=\"mtli_filesize581,46kB\">Wyjazd na Erasmusa \u2013 krok po kroku<\/a> (dokument PDF)<\/span><\/p>\n<p><span style=\"font-size: 12pt;\"><a href=\"https:\/\/us.edu.pl\/wp-content\/uploads\/pliki\/infografika-Erasmus-Plus-US.png\">Wyjazd na Erasmusa \u2013 krok po kroku<\/a> (plik graficzny PNG)<\/span><\/p>\n<p><span style=\"font-size: 12pt;\"><a class=\"mtli_attachment mtli_docx mtli_attachment mtli_docx mtli_attachment mtli_docx\" href=\"https:\/\/us.edu.pl\/wp-content\/uploads\/pliki\/infografika-ERASMUS.docx\" data-mtli=\"mtli_filesize14,97kB\">Opis alternatywy infografiki<\/a> (dokument DOCX)<\/span><\/p>\n<p>&nbsp;<\/p>\n<p><span style=\"font-size: 12pt;\"><strong>Wydzia\u0142owy Koordynator Programu:<\/strong> dr hab. Anna Urbisz, prof. U\u015a (IBBiO\u015a, <a href=\"mailto:anna.urbisz@us.edu.pl\">anna.urbisz@us.edu.pl<\/a>)<\/span><\/p>\n<p><span style=\"font-size: 12pt;\"><strong>Kontakt z Biurem Erasmus: <\/strong><a href=\"mailto:erasmus@us.edu.pl\">erasmus@us.edu.pl<\/a><\/span><\/p>\n<\/div>\r\n                    <\/div>\r\n                <\/div>[\/vc_column][\/vc_row]<\/p>","protected":false},"excerpt":{"rendered":"<p>[vc_row][vc_column][vc_single_image image=&#8221;10240&#8243; img_size=&#8221;full&#8221; alignment=&#8221;center&#8221; onclick=&#8221;img_link_large&#8221;][\/vc_column][\/vc_row][vc_row][vc_column][\/vc_column][\/vc_row] [&#8230;]<\/p>\n<p><a class=\"btn btn-secondary understrap-read-more-link\" href=\"https:\/\/us.edu.pl\/instytut\/ibbios\/nauka\/wymiana-akademicka\/erasmus\/\">Read More&#8230;<\/a><\/p>\n","protected":false},"author":4825,"featured_media":0,"parent":4177,"menu_order":0,"comment_status":"closed","ping_status":"closed","template":"page-templates\/inner-page.php","meta":{"_expiration-date-status":"","_expiration-date":0,"_expiration-date-type":"","_expiration-date-categories":[],"_expiration-date-options":[]},"acf":[],"_links":{"self":[{"href":"https:\/\/us.edu.pl\/instytut\/ibbios\/wp-json\/wp\/v2\/pages\/6156"}],"collection":[{"href":"https:\/\/us.edu.pl\/instytut\/ibbios\/wp-json\/wp\/v2\/pages"}],"about":[{"href":"https:\/\/us.edu.pl\/instytut\/ibbios\/wp-json\/wp\/v2\/types\/page"}],"author":[{"embeddable":true,"href":"https:\/\/us.edu.pl\/instytut\/ibbios\/wp-json\/wp\/v2\/users\/4825"}],"replies":[{"embeddable":true,"href":"https:\/\/us.edu.pl\/instytut\/ibbios\/wp-json\/wp\/v2\/comments?post=6156"}],"version-history":[{"count":8,"href":"https:\/\/us.edu.pl\/instytut\/ibbios\/wp-json\/wp\/v2\/pages\/6156\/revisions"}],"predecessor-version":[{"id":10246,"href":"https:\/\/us.edu.pl\/instytut\/ibbios\/wp-json\/wp\/v2\/pages\/6156\/revisions\/10246"}],"up":[{"embeddable":true,"href":"https:\/\/us.edu.pl\/instytut\/ibbios\/wp-json\/wp\/v2\/pages\/4177"}],"wp:attachment":[{"href":"https:\/\/us.edu.pl\/instytut\/ibbios\/wp-json\/wp\/v2\/media?parent=6156"}],"curies":[{"name":"wp","href":"https:\/\/api.w.org\/{rel}","templated":true}]}}