{"id":1203,"date":"2021-01-25T16:14:09","date_gmt":"2021-01-25T15:14:09","guid":{"rendered":"https:\/\/us.edu.pl\/instytut\/ich\/?page_id=1203"},"modified":"2026-03-23T16:12:53","modified_gmt":"2026-03-23T15:12:53","slug":"bioorganika","status":"publish","type":"page","link":"https:\/\/us.edu.pl\/instytut\/ich\/dzialalnosc-naukowa\/zespoly-badawcze\/bioorganika\/","title":{"rendered":"Bioorganika"},"content":{"rendered":"<p>[vc_row][vc_column][vc_column_text][\/vc_column_text][\/vc_column][\/vc_row][vc_row][vc_column][vc_column_text][\/vc_column_text][\/vc_column][\/vc_row][vc_row][vc_column]\r\n                <div class=\"text-modules\">\r\n                    <div class=\"container\">\r\n                        <h3 class=\"page-title text__title\">Bioorganika<\/h3>\r\n                        <div class=\"text-modules__content\"><p>Lider zespo\u0142u: <a href=\"https:\/\/ab.us.edu.pl\/emp?id=12962\">dr hab. Violetta Kozik, prof. U\u015a<\/a><\/p>\n<p>Sk\u0142ad zespo\u0142u:<\/p>\n<p><a href=\"https:\/\/ab.us.edu.pl\/emp?id=2612\">prof. dr hab. Andrzej B\u0105k<\/a><br \/>\n<a href=\"https:\/\/ab.us.edu.pl\/emp?id=45721\">dr Marcin Rojkiewicz<\/a><br \/>\n<a href=\"https:\/\/ab.us.edu.pl\/emp?id=PE167695\">dr Aleksandra Szymczyk<\/a><\/p>\n<hr \/>\n<p>Tematyka bada\u0144 zespo\u0142u:<\/p>\n<p>Synteza i badanie w\u0142a\u015bciwo\u015bci fizykochemicznych pochodnych organicznych i bioorganicznych o potencjalnej aktywno\u015bci biologicznej. Badania w zakresie okre\u015blania zale\u017cno\u015bci struktura \u2013 aktywno\u015b\u0107. Projektowanie molekularne z elementami chemoinformatyki.<\/p>\n<hr \/>\n<p>Wsp\u00f3\u0142praca:<\/p>\n<ul>\n<li>Uniwersytet Kome\u0144skiego w Bratys\u0142awie<\/li>\n<li>Uniwersytet Palackiego w O\u0142omu\u0144cu<\/li>\n<li>Uniwersytet w Brnie<\/li>\n<li>Uniwersytet w Salamance<\/li>\n<\/ul>\n<hr \/>\n<p>Wybrane publikacje:<\/p>\n<ol>\n<li>J. Kubisztal*, B. Losiewicz, P. Dybal, V. Kozik, A. Bak*, 2020, Temperature-related Corrosion Resistance of AISI 1010 Carbon Steel in Sulfolane, Materials, 13, 2563.<\/li>\n<li>J. Kubisztal, B. \u0141osiewicz, P. Dyba\u0142, V. Kozik, A. B\u0105k*, 2020, Water-induced corrosion damage of carbon steel in sulfolane, Energies, 13, 4580.<\/li>\n<li>A. Bak* , J. Kos, H. Michnova, T. Gonec, S. Pospisilova, V. Kozik, A. Cizek, A. Smolinski, J. Jampilek, 2020, Consensus-based pharmacophore mapping for new set of N-(disubstituted-phenyl)-3-hydroxyl naphthalene-2-carboxamides, Int. J. Mol. Sci., 21, 6583.<\/li>\n<li>J. Kos, A. Bak*, V. Kozik, T. Jankech, T. Strharsky, A. Swietlicka, H. Michnova, J. Hosek, A. Smolinski, M. Oravec, F. Devinsky, M. Hutta, J. Jampilek, 2020, Biological activities and ADMET-related properties of novel set of cinnamanilides, Molecules, 25, 4121.<\/li>\n<li>M. Thomas, V. Kozik, K. Barbusi\u0144ski, A. Sochanik, J. Jampilek, A. B\u0105k, 2020, Potassium ferrate(VI) as the multifunctional agent in the treatment of landfill leachate, Materials, 13(21), 5017.<\/li>\n<li>J. Ciu\u0142a, V. Kozik, A. Generowicz, K. Gaska, A. Bak, M. Pa\u017adzior, K. Barbusi\u0144ski, 2020, Emission and neutralization of methane from a municipal landfill &#8211; parametric analysis, Energies, 13, 6254.<\/li>\n<li>M.Rojkiewicz, P.Ku\u015b, J.Kusz, M.Ksi\u0105\u017cek, A.Sochanik. \u201eSpectroscopic and crystallographic characterization of a new cathinone derivative: 1-phenyl-2-(butylamino)hexan-1-one hydrochloride. Forensic Toxicology, <strong>38<\/strong>, 481-489\u00a0 (2020); doi: 10.1007\/s11419-020-00525-y<\/li>\n<li>P.Ku\u015b, J.Kusz, M.Ksi\u0105\u017cek. \u201cAromatic C-H\u00b7\u00b7\u00b7\u03c0, C-H\u00b7\u00b7\u00b7O and parallel aromatic-aromatic interactions in the crystal structure of <em>meso<\/em>-tetrakis[4-(benzyloxy)phenyl]porphyrin\u201d. J.Chem.Cryst<em>.<\/em> <strong>50<\/strong>, 21-27 (2020); doi: 10.1007\/s10870-018-0752-0.<\/li>\n<li>A.Nowok, P.Ku\u015b, M.Dulski, J.Kusz, M.Ksi\u0105\u017cek, M.Zubko, A.Z.Szeremeta, S.Pawlus. \u201cRole of intermolecular and conformational changes in the polymorphism and vitrification process of 2,2\u201d-bis-substituted <em>para<\/em>-terphenyls. CrystEngComm., <strong>22<\/strong>, 3164-3178 (2020); doi: 10.1039\/d0ce00351d.<\/li>\n<li>H.Hellwig, A.Nowok, J.G.Ma\u0142ecki, P.Ku\u015b, A.J\u0119drzejowska, K.Grzybowska, S.Pawlus. \u201cConformational analysis and molecular dynamics of glass-forming aromatic thiacrown ethers\u201d. Phys.Chem.Chem.Phys., <strong>22<\/strong>, 17948-17959 (2020); doi: 10.1039\/d0cp02585b.<\/li>\n<\/ol>\n<p>\n<\/div>\r\n                    <\/div>\r\n                <\/div>[\/vc_column][\/vc_row][vc_row][vc_column][vc_column_text][\/vc_column_text][\/vc_column][\/vc_row][vc_row][vc_column][vc_column_text][\/vc_column_text][\/vc_column][\/vc_row]<\/p>","protected":false},"excerpt":{"rendered":"<p>[vc_row][vc_column][vc_column_text][\/vc_column_text][\/vc_column][\/vc_row][vc_row][vc_column][vc_column_text][\/vc_column_text][\/vc_column][\/vc_row][vc_row][vc_column][\/vc_column][\/vc_row][vc_row][vc_column][vc_column_text][\/vc_column_text][\/vc_column][\/vc_row][vc_row][vc_column][vc_column_text][\/vc_column_text][\/vc_column][\/vc_row] [&#8230;]<\/p>\n<p><a class=\"btn btn-secondary understrap-read-more-link\" href=\"https:\/\/us.edu.pl\/instytut\/ich\/dzialalnosc-naukowa\/zespoly-badawcze\/bioorganika\/\">Read More&#8230;<\/a><\/p>\n","protected":false},"author":99,"featured_media":0,"parent":126,"menu_order":0,"comment_status":"closed","ping_status":"closed","template":"","meta":{"_expiration-date-status":"","_expiration-date":0,"_expiration-date-type":"","_expiration-date-categories":[],"_expiration-date-options":[]},"acf":[],"_links":{"self":[{"href":"https:\/\/us.edu.pl\/instytut\/ich\/wp-json\/wp\/v2\/pages\/1203"}],"collection":[{"href":"https:\/\/us.edu.pl\/instytut\/ich\/wp-json\/wp\/v2\/pages"}],"about":[{"href":"https:\/\/us.edu.pl\/instytut\/ich\/wp-json\/wp\/v2\/types\/page"}],"author":[{"embeddable":true,"href":"https:\/\/us.edu.pl\/instytut\/ich\/wp-json\/wp\/v2\/users\/99"}],"replies":[{"embeddable":true,"href":"https:\/\/us.edu.pl\/instytut\/ich\/wp-json\/wp\/v2\/comments?post=1203"}],"version-history":[{"count":5,"href":"https:\/\/us.edu.pl\/instytut\/ich\/wp-json\/wp\/v2\/pages\/1203\/revisions"}],"predecessor-version":[{"id":3729,"href":"https:\/\/us.edu.pl\/instytut\/ich\/wp-json\/wp\/v2\/pages\/1203\/revisions\/3729"}],"up":[{"embeddable":true,"href":"https:\/\/us.edu.pl\/instytut\/ich\/wp-json\/wp\/v2\/pages\/126"}],"wp:attachment":[{"href":"https:\/\/us.edu.pl\/instytut\/ich\/wp-json\/wp\/v2\/media?parent=1203"}],"curies":[{"name":"wp","href":"https:\/\/api.w.org\/{rel}","templated":true}]}}