{"id":126,"date":"2020-03-17T08:48:17","date_gmt":"2020-03-17T07:48:17","guid":{"rendered":"http:\/\/us.edu.pl\/instytut\/ich\/?page_id=126"},"modified":"2026-03-23T16:25:16","modified_gmt":"2026-03-23T15:25:16","slug":"zespoly-badawcze","status":"publish","type":"page","link":"https:\/\/us.edu.pl\/instytut\/ich\/dzialalnosc-naukowa\/zespoly-badawcze\/","title":{"rendered":"Zespo\u0142y badawcze"},"content":{"rendered":"<p>[vc_row][vc_column][vc_column_text][\/vc_column_text][\/vc_column][\/vc_row][vc_row][vc_column][vc_column_text][\/vc_column_text][\/vc_column][\/vc_row][vc_row][vc_column]\r\n                <div class=\"tiles-section\" style=\"background: \">\r\n                    <div class=\"container\">\r\n                        <h3 class=\"page-title\">Zespo\u0142y badawcze<\/h3>\r\n                        <div class=\"tiles tiles-4\">\r\n                            <a href=\".\/badania-nad-korelacja-elektronowa\/\" class=\"tile tile_ justify-content-center\" style=\"background-color: #002E5A; font-weight: ; color: #ffffff;  \">\r\n                                \r\n                                   \r\n                               \r\n                                <div class=\"tile__name\">Badania nad Korelacj\u0105 Elektronow\u0105<\/div>\r\n                            <\/a>\r\n                            <a href=\".\/bioorganika\/\" class=\"tile tile_ justify-content-center\" style=\"background-color: #002E5A; font-weight: ; color: #ffffff;  \">\r\n                                \r\n                                   \r\n                               \r\n                                <div class=\"tile__name\">Bioorganika<\/div>\r\n                            <\/a>\r\n                            <a href=\".\/chemia-analityczna\/\" class=\"tile tile_ justify-content-center\" style=\"background-color: #002E5A; font-weight: ; color: #ffffff;  \">\r\n                                \r\n                                   \r\n                               \r\n                                <div class=\"tile__name\">Chemia Analityczna<\/div>\r\n                            <\/a>\r\n                            <a href=\".\/chemia-fizyczna\/\" class=\"tile tile_ justify-content-center\" style=\"background-color: #002E5A; font-weight: ; color: #ffffff;  \">\r\n                                \r\n                                   \r\n                               \r\n                                <div class=\"tile__name\">Chemia Fizyczna<\/div>\r\n                            <\/a>\r\n                            <a href=\".\/chemia-sadowa\/\" class=\"tile tile_ justify-content-center\" style=\"background-color: #002E5A; font-weight: ; color: #ffffff;  \">\r\n                                \r\n                                   \r\n                               \r\n                                <div class=\"tile__name\">Chemia S\u0105dowa<\/div>\r\n                            <\/a>\r\n                            <a href=\".\/elektrosynteza\" class=\"tile tile_ justify-content-center\" style=\"background-color: #002E5A; font-weight: ; color: #ffffff;  \">\r\n                                \r\n                                   \r\n                               \r\n                                <div class=\"tile__name\">Elektrosynteza<\/div>\r\n                            <\/a>\r\n                            <a href=\".\/fizykochemia-zwiazkow-metali-przejsciowych\/\" class=\"tile tile_ justify-content-center\" style=\"background-color: #002E5A; font-weight: ; color: #ffffff;  \">\r\n                                \r\n                                   \r\n                               \r\n                                <div class=\"tile__name\">Fizykochemia Zwi\u0105zk\u00f3w Metali Przej\u015bciowych<\/div>\r\n                            <\/a>\r\n                            <a href=\".\/modelowanie-zlozonych-sygnalow-instrumentalnych\/\" class=\"tile tile_ justify-content-center\" style=\"background-color: #002E5A; font-weight: ; color: #ffffff;  \">\r\n                                \r\n                                   \r\n                               \r\n                                <div class=\"tile__name\">Modelowanie Z\u0142o\u017conych Sygna\u0142\u00f3w Instrumentalnych<\/div>\r\n                            <\/a>\r\n                            <a href=\".\/monitorowanie-i-analiza-zanieczyszczen-powietrza\/\" class=\"tile tile_ justify-content-center\" style=\"background-color: #002E5A; font-weight: ; color: #ffffff;  \">\r\n                                \r\n                                   \r\n                               \r\n                                <div class=\"tile__name\">Monitorowanie i Analiza Zanieczyszcze\u0144 Powietrza<\/div>\r\n                            <\/a>\r\n                            <a href=\".\/polimery-i-materialy-funkcjonalne\/\" class=\"tile tile_ justify-content-center\" style=\"background-color: #002E5A; font-weight: ; color: #ffffff;  \">\r\n                                \r\n                                   \r\n                               \r\n                                <div class=\"tile__name\">Polimery i Materia\u0142y Funkcjonalne<\/div>\r\n                            <\/a>\r\n                            <a href=\".\/projektowanie-i-synteza-lekow-i-materialow\/\" class=\"tile tile_ justify-content-center\" style=\"background-color: #002E5A; font-weight: ; color: #ffffff;  \">\r\n                                \r\n                                   \r\n                               \r\n                                <div class=\"tile__name\">Projektowanie i Synteza Lek\u00f3w i Materia\u0142\u00f3w<\/div>\r\n                            <\/a>\r\n                            <a href=\".\/projektowanie-lekow-i-nano-farmakologia\/\" class=\"tile tile_ justify-content-center\" style=\"background-color: #002E5A; font-weight: ; color: #ffffff;  \">\r\n                                \r\n                                   \r\n                               \r\n                                <div class=\"tile__name\">Projektowanie Lek\u00f3w i Nano-farmakologia<\/div>\r\n                            <\/a>\r\n                            <a href=\".\/projektowanie-synteza-i-fotofizyka-ukladow-donor-akceptor\/\" class=\"tile tile_ justify-content-center\" style=\"background-color: #002E5A; font-weight: ; color: #ffffff;  \">\r\n                                \r\n                                   \r\n                               \r\n                                <div class=\"tile__name\">Projektowanie, Synteza i Fotofizyka Uk\u0142ad\u00f3w Donor-Akceptor<\/div>\r\n                            <\/a>\r\n                            <a href=\".\/spektroskopia-i-materialy-luminescencyjne\/\" class=\"tile tile_ justify-content-center\" style=\"background-color: #002E5A; font-weight: ; color: #ffffff;  \">\r\n                                \r\n                                   \r\n                               \r\n                                <div class=\"tile__name\">Spektroskopia i Materia\u0142y Luminescencyjne<\/div>\r\n                            <\/a>\r\n                            <a href=\".\/zastosowania-metod-chemii-obliczeniowej\/\" class=\"tile tile_ justify-content-center\" style=\"background-color: #002E5A; font-weight: ; color: #ffffff;  \">\r\n                                \r\n                                   \r\n                               \r\n                                <div class=\"tile__name\">Zastosowania Metod Chemii Obliczeniowej<\/div>\r\n                            <\/a>\r\n                            <a href=\".\/zastosowania-termodynamiki\/\" class=\"tile tile_ justify-content-center\" style=\"background-color: #002E5A; font-weight: ; color: #ffffff;  \">\r\n                                \r\n                                   \r\n                               \r\n                                <div class=\"tile__name\">Zastosowania Termodynamiki<\/div>\r\n                            <\/a><\/div>\r\n                    <\/div>\r\n                <\/div>[\/vc_column][\/vc_row][vc_row][vc_column][vc_column_text]<\/p>","protected":false},"excerpt":{"rendered":"<p>[vc_row][vc_column][vc_column_text][\/vc_column_text][\/vc_column][\/vc_row][vc_row][vc_column][vc_column_text][\/vc_column_text][\/vc_column][\/vc_row][vc_row][vc_column][\/vc_column][\/vc_row][vc_row][vc_column][vc_column_text] [&#8230;]<\/p>\n<p><a class=\"btn btn-secondary understrap-read-more-link\" href=\"https:\/\/us.edu.pl\/instytut\/ich\/dzialalnosc-naukowa\/zespoly-badawcze\/\">Read More&#8230;<\/a><\/p>\n","protected":false},"author":99,"featured_media":0,"parent":123,"menu_order":0,"comment_status":"closed","ping_status":"closed","template":"","meta":{"_expiration-date-status":"","_expiration-date":0,"_expiration-date-type":"","_expiration-date-categories":[],"_expiration-date-options":[]},"acf":[],"_links":{"self":[{"href":"https:\/\/us.edu.pl\/instytut\/ich\/wp-json\/wp\/v2\/pages\/126"}],"collection":[{"href":"https:\/\/us.edu.pl\/instytut\/ich\/wp-json\/wp\/v2\/pages"}],"about":[{"href":"https:\/\/us.edu.pl\/instytut\/ich\/wp-json\/wp\/v2\/types\/page"}],"author":[{"embeddable":true,"href":"https:\/\/us.edu.pl\/instytut\/ich\/wp-json\/wp\/v2\/users\/99"}],"replies":[{"embeddable":true,"href":"https:\/\/us.edu.pl\/instytut\/ich\/wp-json\/wp\/v2\/comments?post=126"}],"version-history":[{"count":10,"href":"https:\/\/us.edu.pl\/instytut\/ich\/wp-json\/wp\/v2\/pages\/126\/revisions"}],"predecessor-version":[{"id":3735,"href":"https:\/\/us.edu.pl\/instytut\/ich\/wp-json\/wp\/v2\/pages\/126\/revisions\/3735"}],"up":[{"embeddable":true,"href":"https:\/\/us.edu.pl\/instytut\/ich\/wp-json\/wp\/v2\/pages\/123"}],"wp:attachment":[{"href":"https:\/\/us.edu.pl\/instytut\/ich\/wp-json\/wp\/v2\/media?parent=126"}],"curies":[{"name":"wp","href":"https:\/\/api.w.org\/{rel}","templated":true}]}}