{"id":128,"date":"2020-03-17T08:48:48","date_gmt":"2020-03-17T07:48:48","guid":{"rendered":"http:\/\/us.edu.pl\/instytut\/ich\/?page_id=128"},"modified":"2026-03-23T16:50:18","modified_gmt":"2026-03-23T15:50:18","slug":"badacze-indywidualni","status":"publish","type":"page","link":"https:\/\/us.edu.pl\/instytut\/ich\/dzialalnosc-naukowa\/badacze-indywidualni\/","title":{"rendered":"Badacze indywidualni"},"content":{"rendered":"<p>[vc_row][vc_column][vc_column_text][\/vc_column_text][\/vc_column][\/vc_row][vc_row][vc_column][vc_column_text][\/vc_column_text][\/vc_column][\/vc_row][vc_row][vc_column][vc_column_text][\/vc_column_text][\/vc_column][\/vc_row][vc_row][vc_column][vc_column_text][\/vc_column_text][\/vc_column][\/vc_row][vc_row][vc_column][vc_column_text][\/vc_column_text][\/vc_column][\/vc_row][vc_row][vc_column][vc_column_text][\/vc_column_text][\/vc_column][\/vc_row][vc_row][vc_column][vc_column_text][\/vc_column_text][\/vc_column][\/vc_row][vc_row][vc_column]\r\n                <div class=\"text-modules\">\r\n                    <div class=\"container\">\r\n                        <h3 class=\"page-title text__title\">Badacze indywidualni<\/h3>\r\n                        <div class=\"text-modules__content\"><\/div>\r\n                    <\/div>\r\n                <\/div>[\/vc_column][\/vc_row][vc_row][vc_column]\r\n                <div class=\"tiles-section\" style=\"background: #EBEBEB\">\r\n                    <div class=\"container\">\r\n                        <div class=\"tiles tiles-3\">\r\n\r\n                            <a href=\".\/monika-geppert-rybczynska\" class=\"tile tile_info\" style=\"background-color: #ffffff;  \">\r\n                                 <div class=\"tile_info__title\">dr hab. Monika Geppert-Rybczy\u0144ska, prof. U\u015a<\/div>\r\n                                <div class=\"tile_info__subtitle\">- - -<\/div>\r\n                            <\/a>\r\n\r\n                            <a href=\".\/barbara-hachula\" class=\"tile tile_info\" style=\"background-color: #ffffff;  \">\r\n                                 <div class=\"tile_info__title\">dr hab. Barbara Hachu\u0142a, prof. U\u015a<\/div>\r\n                                <div class=\"tile_info__subtitle\">Badanie dynamiki wi\u0105za\u0144 wodorowych w uk\u0142adach supramolekularnych z wykorzystaniem spektroskopii oscylacyjnej<\/div>\r\n                            <\/a>\r\n\r\n                            <a href=\".\/izabela-jendrzejewska\" class=\"tile tile_info\" style=\"background-color: #ffffff;  \">\r\n                                 <div class=\"tile_info__title\">dr hab. Izabela Jendrzejewska, prof. U\u015a<\/div>\r\n                                <div class=\"tile_info__subtitle\">Projektowanie, synteza i w\u0142a\u015bciwo\u015bci fizykochemiczne selenospineli <br \/><br \/>Analiza rentgenowska i termiczna lek\u00f3w i suplement\u00f3w diety<\/div>\r\n                            <\/a>\r\n\r\n                            <a href=\".\/marek-matussek\" class=\"tile tile_info\" style=\"background-color: #ffffff;  \">\r\n                                 <div class=\"tile_info__title\">dr Marek Matussek<\/div>\r\n                                <div class=\"tile_info__subtitle\">---<\/div>\r\n                            <\/a>\r\n\r\n                            <a href=\".\/jacek-nycz\" class=\"tile tile_info\" style=\"background-color: #ffffff;  \">\r\n                                 <div class=\"tile_info__title\">dr hab. Jacek Nycz, prof. U\u015a<\/div>\r\n                                <div class=\"tile_info__subtitle\">Synteza organiczna<\/div>\r\n                            <\/a>\r\n\r\n                            <a href=\".\/piotr-kus\" class=\"tile tile_info\" style=\"background-color: #ffffff;  \">\r\n                                 <div class=\"tile_info__title\">dr hab. Piotr Ku\u015b, prof. U\u015a<\/div>\r\n                                <div class=\"tile_info__subtitle\">-<\/div>\r\n                            <\/a>\r\n\r\n                            <a href=\".\/joanna-orzel\" class=\"tile tile_info\" style=\"background-color: #ffffff;  \">\r\n                                 <div class=\"tile_info__title\">dr Joanna Orze\u0142<\/div>\r\n                                <div class=\"tile_info__subtitle\">Badania zwi\u0105zane z ocen\u0105 jako\u015bci produkt\u00f3w, rozumian\u0105 mi\u0119dzy innymi jako ich zgodno\u015b\u0107 z deklaracj\u0105 sk\u0142adu, miejsca pochodzenia, sposobu produkcji, bezpiecze\u0144stwa dla u\u017cytkownika oraz \u015brodowiska naturalnego<br \/><br \/>Badania realizowane dla produkt\u00f3w spo\u017cywczych, przetw\u00f3rstwa naftowego, przetw\u00f3rstwa tekstylnego, produkt\u00f3w oznaczanych certyfikatami jako\u015bci czy znacznikami akcyzowymi<\/div>\r\n                            <\/a>\r\n\r\n                            <a href=\".\/rafal-podeszwa\" class=\"tile tile_info\" style=\"background-color: #ffffff;  \">\r\n                                 <div class=\"tile_info__title\">dr hab. Rafa\u0142 Podeszwa, prof. U\u015a<\/div>\r\n                                <div class=\"tile_info__subtitle\">Teoretyczne modelowanie oddzia\u0142ywa\u0144 miedzycz\u0105steczkowych<\/div>\r\n                            <\/a>\r\n\r\n                            <a href=\".\/pawel-swit\" class=\"tile tile_info\" style=\"background-color: #ffffff;  \">\r\n                                 <div class=\"tile_info__title\">dr in\u017c. Pawe\u0142 \u015awit<\/div>\r\n                                <div class=\"tile_info__subtitle\">Chemia analityczna, Chromatografia, Opracowanie metod analitycznych, Walidacja metod analitycznych, Analityczna chemia \u015brodowiska, Chemia bioanalityczna, Analiza przep\u0142ywowa, Chemia przep\u0142ywowa, Zastosowanie chemii w konserwacji, Spektroskopia, Biosensory<\/div>\r\n                            <\/a>\r\n\r\n                            <a href=\".\/bozena-losiewicz\" class=\"tile tile_info\" style=\"background-color: #ffffff;  \">\r\n                                 <div class=\"tile_info__title\">dr hab. Bo\u017cena \u0141osiewicz, prof. U\u015a<\/div>\r\n                                <div class=\"tile_info__subtitle\">-<\/div>\r\n                            <\/a>\r\n\r\n                            <a href=\".\/mateusz-penkala\" class=\"tile tile_info\" style=\"background-color: #ffffff;  \">\r\n                                 <div class=\"tile_info__title\">dr Mateusz Penkala<\/div>\r\n                                <div class=\"tile_info__subtitle\">-<\/div>\r\n                            <\/a>\r\n\r\n                            <a href=\".\/mariola-bartoszek\" class=\"tile tile_info\" style=\"background-color: #ffffff;  \">\r\n                                 <div class=\"tile_info__title\">dr Mariola Bartoszek<\/div>\r\n                                <div class=\"tile_info__subtitle\">-<\/div>\r\n                            <\/a><\/div>\r\n                    <\/div>\r\n                <\/div>[\/vc_column][\/vc_row][vc_row][vc_column][\/vc_column][\/vc_row][vc_row][vc_column][vc_column_text][\/vc_column_text][\/vc_column][\/vc_row][vc_row][vc_column][vc_column_text][\/vc_column_text][\/vc_column][\/vc_row][vc_row][vc_column][vc_column_text]<\/p>","protected":false},"excerpt":{"rendered":"<p>[vc_row][vc_column][vc_column_text][\/vc_column_text][\/vc_column][\/vc_row][vc_row][vc_column][vc_column_text][\/vc_column_text][\/vc_column][\/vc_row][vc_row][vc_column][vc_column_text][\/vc_column_text][\/vc_column][\/vc_row][vc_row][vc_column][vc_column_text][\/vc_column_text][\/vc_column][\/vc_row][vc_row][vc_column][vc_column_text][\/vc_column_text][\/vc_column][\/vc_row][vc_row][vc_column][vc_column_text][\/vc_column_text][\/vc_column][\/vc_row][vc_row][vc_column][vc_column_text][\/vc_column_text][\/vc_column][\/vc_row][vc_row][vc_column][\/vc_column][\/vc_row][vc_row][vc_column][\/vc_column][\/vc_row][vc_row][vc_column][\/vc_column][\/vc_row][vc_row][vc_column][vc_column_text][\/vc_column_text][\/vc_column][\/vc_row][vc_row][vc_column][vc_column_text][\/vc_column_text][\/vc_column][\/vc_row][vc_row][vc_column][vc_column_text] [&#8230;]<\/p>\n<p><a class=\"btn btn-secondary understrap-read-more-link\" href=\"https:\/\/us.edu.pl\/instytut\/ich\/dzialalnosc-naukowa\/badacze-indywidualni\/\">Read More&#8230;<\/a><\/p>\n","protected":false},"author":99,"featured_media":0,"parent":123,"menu_order":0,"comment_status":"closed","ping_status":"closed","template":"","meta":{"_expiration-date-status":"","_expiration-date":0,"_expiration-date-type":"","_expiration-date-categories":[],"_expiration-date-options":[]},"acf":[],"_links":{"self":[{"href":"https:\/\/us.edu.pl\/instytut\/ich\/wp-json\/wp\/v2\/pages\/128"}],"collection":[{"href":"https:\/\/us.edu.pl\/instytut\/ich\/wp-json\/wp\/v2\/pages"}],"about":[{"href":"https:\/\/us.edu.pl\/instytut\/ich\/wp-json\/wp\/v2\/types\/page"}],"author":[{"embeddable":true,"href":"https:\/\/us.edu.pl\/instytut\/ich\/wp-json\/wp\/v2\/users\/99"}],"replies":[{"embeddable":true,"href":"https:\/\/us.edu.pl\/instytut\/ich\/wp-json\/wp\/v2\/comments?post=128"}],"version-history":[{"count":11,"href":"https:\/\/us.edu.pl\/instytut\/ich\/wp-json\/wp\/v2\/pages\/128\/revisions"}],"predecessor-version":[{"id":3743,"href":"https:\/\/us.edu.pl\/instytut\/ich\/wp-json\/wp\/v2\/pages\/128\/revisions\/3743"}],"up":[{"embeddable":true,"href":"https:\/\/us.edu.pl\/instytut\/ich\/wp-json\/wp\/v2\/pages\/123"}],"wp:attachment":[{"href":"https:\/\/us.edu.pl\/instytut\/ich\/wp-json\/wp\/v2\/media?parent=128"}],"curies":[{"name":"wp","href":"https:\/\/api.w.org\/{rel}","templated":true}]}}