{"id":197,"date":"2020-03-20T12:26:17","date_gmt":"2020-03-20T11:26:17","guid":{"rendered":"http:\/\/us.edu.pl\/instytut\/ich\/?page_id=197"},"modified":"2023-12-06T15:17:39","modified_gmt":"2023-12-06T14:17:39","slug":"chemia-sadowa","status":"publish","type":"page","link":"https:\/\/us.edu.pl\/instytut\/ich\/dzialalnosc-naukowa\/zespoly-badawcze\/chemia-sadowa\/","title":{"rendered":"Chemia S\u0105dowa"},"content":{"rendered":"<p>[vc_row][vc_column][vc_column_text][\/vc_column_text][\/vc_column][\/vc_row][vc_row][vc_column]\r\n                <div class=\"text-modules\">\r\n                    <div class=\"container\">\r\n                        <h3 class=\"page-title text__title\">Chemia S\u0105dowa<\/h3>\r\n                        <div class=\"text-modules__content\"><p>Lider zespo\u0142u: <a href=\"http:\/\/us.edu.pl\/instytut\/ich\/badania-naukowe\/zespoly-badawcze\/zespol-chemii-sadowej\/grzegorz-zadora\/\">prof. dr hab. Grzegorz Zadora<\/a><\/p>\n<p>Sk\u0142ad zespo\u0142u:<\/p>\n<p><a href=\"https:\/\/ab.us.edu.pl\/emp?id=56023\" target=\"_blank\" rel=\"noopener noreferrer\">dr in\u017c. Agnieszka Martyna<\/a> (<a href=\"https:\/\/www.scopus.com\/authid\/detail.uri?authorId=55542589100\" target=\"_blank\" rel=\"noopener noreferrer\">Scopus<\/a>, <a href=\"https:\/\/orcid.org\/0000-0003-3681-8640\" target=\"_blank\" rel=\"noopener noreferrer\">ORCID<\/a>)<br \/>\n<a href=\"https:\/\/ab.us.edu.pl\/emp?id=PE135427\" target=\"_blank\" rel=\"noopener noreferrer\">dr Alicja Men\u017cyk<\/a> (<a href=\"https:\/\/www.scopus.com\/authid\/detail.uri?authorId=57196021955\" target=\"_blank\" rel=\"noopener noreferrer\">Scopus<\/a>, <a href=\"https:\/\/orcid.org\/0000-0002-4484-6310\" target=\"_blank\" rel=\"noopener noreferrer\">ORCID<\/a>)<br \/>\nmgr Anastasiia Zahrebelna (<a href=\"https:\/\/orcid.org\/0000-0002-7711-6816\" target=\"_blank\" rel=\"noopener noreferrer\">ORCID<\/a>)<\/p>\n<hr \/>\n<p>Tematyka bada\u0144 zespo\u0142u:<\/p>\n<ul>\n<li>Zastosowanie metod analizy instrumentalnej w badaniach pr\u00f3bek mikro\u015blad\u00f3w dla potrzeb wymiaru sprawiedliwo\u015bci i organ\u00f3w \u015bcigania<\/li>\n<li>Problematyka oceny warto\u015bci dowodowej danych uzyskiwanych w laboratoriach kryminalistycznych lub badaniach autentyczno\u015bci r\u00f3\u017cnego rodzaju wyrob\u00f3w<\/li>\n<li>Opracowywanie modeli hybrydowych ilorazu wiarygodno\u015bci \u0142\u0105cz\u0105cych najbardziej u\u017cyteczne cechy metod chemometrycznych i test\u00f3w ilorazu wiarygodno\u015bci z punktu widzenia wymiaru sprawiedliwo\u015bci i organ\u00f3w \u015bcigania<\/li>\n<li>Analiza mechanizmu powstania \u015blad\u00f3w krwawych, w tym problem okre\u015blenia czasu ich powstania na podstawie wynik\u00f3w ich bada\u0144 z zastosowaniem r\u00f3\u017cnych metod analizy instrumentalnej wspartej interpretacj\u0105 z wykorzystaniem hybrydowych modeli ilorazu wiarygodno\u015bci<\/li>\n<\/ul>\n<hr \/>\n<p>Projekty:<\/p>\n<ul>\n<li>Projekt SONATA NCN: 2019\/35\/D\/ST4\/00933, \u201eDoskonalenie strategii obliczeniowych opartych na hybrydowych modelach ilorazu wiarygodno\u015bci w analizie podobie\u0144stwa dwuwymiarowych sygna\u0142\u00f3w rejestrowanych w analitycznych technikach sprz\u0119\u017conych\u201d (kierownik projektu: dr in\u017c. Agnieszka Martyna), 2020-2023.<\/li>\n<\/ul>\n<hr \/>\n<p>Wsp\u00f3\u0142praca:<\/p>\n<ul>\n<li>Institute of Forensic Research in Krakow, Poland<\/li>\n<li>Dipartimento di Chimica, Universit\u00e0 degli Studi di Torino, Turin, Italy<\/li>\n<li>Dipartimento di Farmacia Universit\u00e0 di Genova, Genoa, Italy<\/li>\n<li>Escuela Politecnica Superior, Universidad Autonoma de Madrid, Madrid, Spain<\/li>\n<li>School of Mathematics and Statistics, University of Glasgow, Glasgow, United Kingdom<\/li>\n<\/ul>\n<hr \/>\n<p>Wybrane publikacje:<\/p>\n<ul>\n<li>Aitken CGG, Zadora G, Lucy D. A Two-Level Model for Evidence Evaluation. J. Forensic Sci. 2007;52:412-9.<\/li>\n<li>Zadora G, Neocleous T. Likelihood ratio model for classification of forensic evidences. Anal. Chim. Acta. 2009;64:266-78.<\/li>\n<li>Zadora G. Classification of Glass Fragments Based on Elemental Composition and Refractive Index. J. Forensic Sci. 2009;54:49-59.<\/li>\n<li>Zadora G., Ramos D. Evaluation of glass samples for forensic purposes &#8211; an application of likelihood ratio model and information-theoretical approach. Chemom. Intell. Lab. Syst. 2010;102:63-83.<\/li>\n<li>Zadora G, Neocleous T. Evidential Value of Physicochemical Data-Comparison of Methods of Glass Database Creation. J. Chemom. 2010;24:367-78.<\/li>\n<li>Lucy D, Zadora G. Mixed effects modelling for glass category estimation from glass refractive indices. Forensic Sci. Int. 2011;212:189-97.<\/li>\n<li>Martyna A, Sjastad KE, Zadora G, Ramos D. Analysis of lead isotopic ratios of glass objects with the aim of comparing them for forensic purposes. Talanta. 2013;105:158-66.<\/li>\n<li>Zadora G. Evaluation of evidential value of physicochemical data by a Bayesian network approach. J. Chemom. 2010;24:346-66.<\/li>\n<li>Zi\u0119ba-Palus J, Zadora G, Milczarek JM. Differentiation and evaluation of evidence value of styrene acrylic urethane topcoat car paints analysed by pyrolysis-gas chromatography. J. Chromatogr. A. 2008;1179:47-58.<\/li>\n<li>Martyna A, Michalska A, Zadora G. Interpretation of FTIR spectra of polymers and Raman spectra of car paints by means of likelihood ratio approach supported by wavelet transform for reducing data dimensionality. Anal. Bioanal. Chem. 2015;407:3357-76.<\/li>\n<li>Martyna A, Zadora G, Neocleous T, Michalska A, Dean N. Hybrid approach combining chemometrics and likelihood ratio framework for reporting the evidential value of spectra. Anal. Chim. Acta. 2016;931:34-46.<\/li>\n<li>Michalska A, Martyna A, Zi\u0119ba-Palus J, Zadora G. Application of a likelihood ratio approach in solving a comparison problem of Raman spectra recorded for blue automotive paints. J. Raman Spectr. 2015;46:772-83.<\/li>\n<li>Zadora G, Borusiewicz R, Zi\u0119ba-Palus J. Differentiation between weathered kerosene and diesel fuel using automatic thermal desorption-GC-MS analysis and the likelihood ratio approach. J. Separation Sci. 2005;28:1467-75.<\/li>\n<li>Martyna A, Lucy D, Zadora G, Trzcinska BM, Ramos D, Parczewski A. The evidential value of microspectrophotometry measurements made for pen inks. Anal. Meth. 2013;5:6788-95.<\/li>\n<li>W\u0142asiuk P, Martyna A, Zadora G. A likelihood ratio model for the determination of the geographical origin of olive oil. Anal. Chim. Acta, 2015;853:187-99.<\/li>\n<li>Martyna A, Zadora G, Stanimirova I, Ramos D. Wine authenticity verification as a forensic problem. An application of likelihood ratio approach to label verification. Food Chem. 2014;150:287-95.<\/li>\n<li>Alladio E, Martyna A, Salomone A, Pirro V, Vincenti M, Zadora G. Evaluation of direct and indirect ethanol biomarkers using a likelihood ratio approach to identify chronic alcohol abusers for forensic purposes. Forensic Sci. Int. 2017;271:13-22.<\/li>\n<li>Men\u017cyk A., Martyna A., Zadora G., Evidential value of polymeric materials \u2013 chemometric tactics for spectral data compression combined with likelihood ratio approach. Analyst. 2017; 142:3867-3888.<\/li>\n<li>Michalska A., Martyna A., Zadora G., Investigation of various factors influencing Raman spectra interpretation with the use of likelihood ratio approach. Forensic Sci. Int. 2018; 282:60-73.<\/li>\n<li>Martyna A., G\u00e4bler H.-E., Bahr A., Zadora G., Geochemical wolframite fingerprinting \u2013 the likelihood ratio approach for laser ablation ICP-MS data. Anal. Bioanal. Chem. 2018, 410:3073-3091.<\/li>\n<li>Martyna A., Zadora G., Ramos D., Forensic comparison of pyrograms using score-based likelihood ratios. J. Anal. Appl. Pyrolysis. 2018, 133: 198-215.<\/li>\n<li>Zadora G., Men\u017cyk A., In the pursuit of the Holy Grail of forensic science \u2013 spectroscopic studies on the estimation of time since deposition of bloodstains. Trends Anal. Chem. 2018, 105:137-165.<\/li>\n<li>W\u0142asiuk P., Alladio E., Salomone A., Vincenti M., Zadora G., Evidence of seasonal variation of ethyl glucuronide in hair: modelling a seven-years data-series. Drug Test. Anal. 2019, 11:77-85.<\/li>\n<li>G\u0142adysza M., Kr\u00f3l M., W\u0142asiuk P., Piwowara M., Zadora G., Ko\u015bcielniak P., Development and evaluation of semi-destructive, ultrasound assisted extraction method followed by gas chromatography coupled to mass spectrometry enabling discrimination of red lipstick samples. J. Chromatogr. A. 2018, 1577:92-100.<\/li>\n<li>Aitken C., Chang Y.-T., Buzzini P., Zadora G., Massonet G., The evaluation of evidence for microspectrophotometry data using functional data analysis. Forensic Sci. Int. 2019, 305:110007.<\/li>\n<li>Men\u017cyk A., Damin A., Martra G., Martyna A., Alladio E., Vincenti M., Zadora G., Toward a novel framework for bloodstains dating by Raman spectroscopy: how to avoid sample photodamage and subsampling errors. Talanta. 2020, 209:120565.<\/li>\n<li>Martyna A., Men\u017cyk A., Damin A., Michalska A., Martra G., Alladio E., Zadora G., Improving discrimination of Raman spectra by optimising preprocessing strategies on the basis of the ability to refine the relationship between variance components. Chemom. Intell. Lab. Syst. 2020, 202:104029.<\/li>\n<\/ul>\n<p>Ksi\u0105\u017cki i rozdzia\u0142y w ksi\u0105\u017ckach:<\/p>\n<ul>\n<li>Zadora G, Martyna A, Ramos D, Aitken CGG. Statistical Analysis in Forensic Science Evidential Values of Multivariate Physicochemical Data. Chichester: John Wiley &amp; Sons; 2014.<\/li>\n<li>ENFSI guideline for evaluative reporting in Forensic Science: Strengthening the Evaluation of Forensic Results across Europe (STEOFRAE). Project (EU ISEC 2010) supported by the Prevention of and Fight against Crime Programme of the European Union European Commission \u2013 Directorate \u2013 General Justice, Freedom and Security (Agreement Number: HOME\/2010\/ISEC\/MO\/4000001759); 2015.<\/li>\n<li>Men\u017cyk A., Zadora G., Wybrane metody instrumentalne w datowaniu plam krwawych dla cel\u00f3w s\u0105dowych. [w:] Bioanalityka w nauce i \u017cyciu. T. 1, Nowe wyzwania w bioanalizie klinicznej i ocenie naturalnych surowc\u00f3w leczniczych. &#8211; Warszawa : Wydawnictwo Naukowe PWN, 2020. &#8211; ISBN 978-83-01-21281-0.<\/li>\n<li>Zadora G., Michalska A. Scanning Electron Microscopy. [in:] Analytical Techniques in Forensic Science. John Wiley &amp; Sons; 2021. Print ISBN:9781119978282, Online ISBN:9781119373421. DOI:10.1002\/9781119373421<\/li>\n<\/ul>\n<p>\n<\/div>\r\n                    <\/div>\r\n                <\/div>[\/vc_column][\/vc_row][vc_row][vc_column][vc_column_text][\/vc_column_text][\/vc_column][\/vc_row]<\/p>","protected":false},"excerpt":{"rendered":"<p>[vc_row][vc_column][vc_column_text][\/vc_column_text][\/vc_column][\/vc_row][vc_row][vc_column][\/vc_column][\/vc_row][vc_row][vc_column][vc_column_text][\/vc_column_text][\/vc_column][\/vc_row] [&#8230;]<\/p>\n<p><a class=\"btn btn-secondary understrap-read-more-link\" href=\"https:\/\/us.edu.pl\/instytut\/ich\/dzialalnosc-naukowa\/zespoly-badawcze\/chemia-sadowa\/\">Read More&#8230;<\/a><\/p>\n","protected":false},"author":99,"featured_media":0,"parent":126,"menu_order":0,"comment_status":"closed","ping_status":"closed","template":"","meta":{"_expiration-date-status":"","_expiration-date":0,"_expiration-date-type":"","_expiration-date-categories":[],"_expiration-date-options":[]},"acf":[],"_links":{"self":[{"href":"https:\/\/us.edu.pl\/instytut\/ich\/wp-json\/wp\/v2\/pages\/197"}],"collection":[{"href":"https:\/\/us.edu.pl\/instytut\/ich\/wp-json\/wp\/v2\/pages"}],"about":[{"href":"https:\/\/us.edu.pl\/instytut\/ich\/wp-json\/wp\/v2\/types\/page"}],"author":[{"embeddable":true,"href":"https:\/\/us.edu.pl\/instytut\/ich\/wp-json\/wp\/v2\/users\/99"}],"replies":[{"embeddable":true,"href":"https:\/\/us.edu.pl\/instytut\/ich\/wp-json\/wp\/v2\/comments?post=197"}],"version-history":[{"count":8,"href":"https:\/\/us.edu.pl\/instytut\/ich\/wp-json\/wp\/v2\/pages\/197\/revisions"}],"predecessor-version":[{"id":2607,"href":"https:\/\/us.edu.pl\/instytut\/ich\/wp-json\/wp\/v2\/pages\/197\/revisions\/2607"}],"up":[{"embeddable":true,"href":"https:\/\/us.edu.pl\/instytut\/ich\/wp-json\/wp\/v2\/pages\/126"}],"wp:attachment":[{"href":"https:\/\/us.edu.pl\/instytut\/ich\/wp-json\/wp\/v2\/media?parent=197"}],"curies":[{"name":"wp","href":"https:\/\/api.w.org\/{rel}","templated":true}]}}