{"id":243,"date":"2020-03-23T09:21:29","date_gmt":"2020-03-23T08:21:29","guid":{"rendered":"http:\/\/us.edu.pl\/instytut\/ich\/?page_id=243"},"modified":"2024-08-12T11:18:49","modified_gmt":"2024-08-12T09:18:49","slug":"izabela-jendrzejewska","status":"publish","type":"page","link":"https:\/\/us.edu.pl\/instytut\/ich\/dzialalnosc-naukowa\/badacze-indywidualni\/izabela-jendrzejewska\/","title":{"rendered":"dr hab. Izabela Jendrzejewska, prof. U\u015a"},"content":{"rendered":"<p>[vc_row][vc_column][vc_column_text][\/vc_column_text][\/vc_column][\/vc_row][vc_row][vc_column width=&#8221;1\/12&#8243;][\/vc_column][vc_column width=&#8221;3\/6&#8243;]\r\n                <div class=\"text-modules\">\r\n                    <div class=\"container\">\r\n                        <h3 class=\"page-title text__title\">dr hab. Izabela Jendrzejewska, prof. U\u015a<\/h3>\r\n                        <div class=\"text-modules__content\"><p><a href=\"https:\/\/ab.us.edu.pl\/emp?id=9892\">Uniwersytet \u015al\u0105ski<\/a><\/p>\n<p><a href=\"https:\/\/www.scopus.com\/authid\/detail.uri?authorId=25644177000\" target=\"_blank\" rel=\"noopener noreferrer\">Scopus<\/a><\/p>\n<p><a href=\"https:\/\/orcid.org\/0000-0002-6025-5772\" target=\"_blank\" rel=\"noopener noreferrer\">ORCID<\/a><\/p>\n<hr \/>\n<p>Informacje:<\/p>\n<p>Doktorat: <em>21.01.1997 &#8211; Uniwersytet \u015al\u0105ski<\/em><br \/>\nHabilitacja: <em>11.04.2013 &#8211; Uniwersytet Wroc\u0142awski<\/em><\/p>\n<hr \/>\n<p>Dane kontaktowe:<\/p>\n<p>e-mail: <em>izabela.jendrzejewska@us.edu.pl<br \/>\n<\/em>telefon: <em>(32) 359-15-03<\/em><br \/>\nadres: <em>pok. 133, ul. Bankowa 14, 40-007 Katowice<\/em><\/p>\n<hr \/>\n<p>Tematyka bada\u0144:<\/p>\n<ul>\n<li>Projektowanie, synteza i okre\u015blenie w\u0142a\u015bciwo\u015bci fizykochemicznych nowych domieszkowanych materia\u0142\u00f3w na bazie chromit\u00f3w selenowych, mog\u0105cych mie\u0107 zastosowanie w nowych dziedzinach nauki i technologii, np. w spintronice, termoelektronice czy termoelektrotechnice. Jako zwi\u0105zki bazowe stosuje si\u0119 chromity selenowe o strukturze spinelowej: ZnCr<sub>2<\/sub>Se<sub>4<\/sub>, CdCr<sub>2<\/sub>Se<sub>4<\/sub> i CuCr<sub>2<\/sub>Se<sub>4<\/sub>. Jako domieszki stosowane s\u0105 wybrane pierwiastki p-, d- i f-elektronowe. Wprowadzenie domieszki do sieci krystalicznej zwi\u0105zku bazowego wywo\u0142uje zmiany ich w\u0142a\u015bciwo\u015bci magnetycznych i elektrycznych, np. pojawienie si\u0119 stanu szk\u0142a spinowego lub przewodnictwa polaronowego. Stwarza to mo\u017cliwo\u015bci projektowania nowych zwi\u0105zk\u00f3w o \u017c\u0105danych w\u0142a\u015bciwo\u015bciach np. termomagnetycznych lub termoelektrycznych<\/li>\n<li>Analiza rentgenowska i termiczna wybranych grup lek\u00f3w i suplement\u00f3w diety w celu potwierdzenia ich autentyczno\u015bci<\/li>\n<\/ul>\n<hr \/>\n<p>Nagrody, wyr\u00f3\u017cnienia, pe\u0142nione funkcje:<\/p>\n<ul>\n<li>Nagrody za osi\u0105gni\u0119cia naukowe:\n<ul>\n<li>Nagroda indywidualna JM Rektora Uniwersytetu \u015al\u0105skiego II stopnia \u2013 1997<\/li>\n<li>Nagroda zespo\u0142owa JM Rektora Uniwersytetu \u015al\u0105skiego III stopnia \u2013 2008<\/li>\n<\/ul>\n<\/li>\n<li>Nagrody za osi\u0105gni\u0119cia organizacyjne:\n<ul>\n<li>Nagroda indywidualna JM Rektora Uniwersytetu \u015al\u0105skiego III stopnia \u2013 2014<\/li>\n<li>Nagroda zespo\u0142owa JM Rektora Uniwersytetu \u015al\u0105skiego III stopnia \u2013 2016<\/li>\n<\/ul>\n<\/li>\n<li>Funkcje:\n<ul>\n<li>2013 do 2016 \u2013 z-ca dyrektora Instytutu Chemii ds. dydaktycznych<\/li>\n<\/ul>\n<\/li>\n<\/ul>\n<p>Informacje o wsp\u00f3\u0142pracy z innymi o\u015brodkami\/zespo\u0142ami:<\/p>\n<ul>\n<li>Wsp\u00f3\u0142praca z o\u015brodkami krajowymi:\n<ul>\n<li>Laboratorium Silnych P\u00f3l Magnetycznych i Niskich Temperatur we Wroc\u0142awiu<\/li>\n<li>Instytut Niskich Temperatur i Bada\u0144 Strukturalnych PAN we Wroc\u0142awiu<\/li>\n<li>Wydzia\u0142 Chemii Uniwersytetu Wroc\u0142awskiego<\/li>\n<li>Instytut Fizyki Uniwersytetu \u015al\u0105skiego w Katowicach<\/li>\n<li>Instytut Nauki o Materia\u0142ach Uniwersytetu \u015al\u0105skiego w Katowicach<\/li>\n<li>Katedra Nauki o Materia\u0142ach Politechniki \u015al\u0105skiej w Katowicach<\/li>\n<li>Instytut Fizyki J\u0105drowej PAN w Krakowie<\/li>\n<\/ul>\n<\/li>\n<li>Wsp\u00f3\u0142praca z o\u015brodkami zagranicznymi:\n<ul>\n<li>NIST Center for Neutron Research, Gaithersburg, USA<\/li>\n<li>Instytut Fizyki Czeskiej Akademii Nauk, Praga<\/li>\n<li>Katedra Chemii Cia\u0142a Sta\u0142ego, Uniwersytet Chemii i Technologii w Pradze<\/li>\n<\/ul>\n<\/li>\n<\/ul>\n<p>Projekty badawcze:<\/p>\n<ul>\n<li>Udzia\u0142 w projektach badawczych \u2013 krajowych:\n<ul>\n<li>Projekt badawczy nr 3T09A 05117 (1999 \u2013 2000) pt. &#8222;Otrzymywanie i w\u0142a\u015bciwo\u015bci fizykochemiczne czterosk\u0142adnikowych monokryszta\u0142\u00f3w o strukturze spinelowej zawieraj\u0105cych nikiel&#8221; (projekt ten zosta\u0142 oceniony jako bardzo dobry i wyr\u00f3\u017cniony opublikowaniem w biuletynie naukowym KBN <em>Eureka<\/em> w roku 2001) &#8211; kierownik projektu<\/li>\n<li>Projekt badawczy nr 4T09A 10722 (2001 \u2013 2003) pt. &#8222;Badania magnetyczne, elektryczne i strukturalne monokryszta\u0142\u00f3w Me<sub>1-x<\/sub>Me<sup>\u2019<\/sup><sub>x<\/sub>Cr<sub>2<\/sub>Se<sub>4<\/sub> (gdzie Me, Me<sup>\u2019<\/sup> = Zn, Cd, Ni, Co, Cu, In, Ga) otrzymywanych metod\u0105 gazowego transportu chemicznego&#8221; &#8211; g\u0142\u00f3wny wykonawca<\/li>\n<li>Projekt badawczy nr NN204 289134 (2008 \u2013 2010) pt. &#8222;Synteza i w\u0142a\u015bciwo\u015bci fizykochemiczne nowych chromit\u00f3w i ferryt\u00f3w selenkowych&#8221; &#8211; kierownik projektu<\/li>\n<li>Projekt badawczy nr NN204 151940 (2011 \u2013 2014) pt. &#8222;Nowe chromity selenkowe domieszkowane pierwiastkami ziem rzadkich&#8221; &#8211; kierownik projektu<\/li>\n<\/ul>\n<\/li>\n<li>Udzia\u0142 w projektach badawczych \u2013 zagranicznych:\n<ul>\n<li>Projekt nr 44295 na SRS Daresbury CCLRC Direct Access FP6 (Wielka Brytania) \u2013 g\u0142\u00f3wny wykonawca<\/li>\n<li>European Community&#8217;s 7th Framework Programme (FP7\/2007-2013) , grant nr 312284 (CALYPSO), Hasylab Hamburg (Niemcy) \u2013 g\u0142\u00f3wny wykonawca<\/li>\n<li>Projekty na reaktor badawczy BT-1 (NIST Center for Neutron Research, Gaithersburg, USA):\n<ul>\n<li><em>Magnetic structure of ZnCr<sub>2<\/sub>Se<sub>4<\/sub> doped with nickel<\/em><\/li>\n<li><em>Magnetic structure of chalcogenide spinels with tin<\/em><\/li>\n<li><em>Magnetic structure of chalcogenide spinels with manganese<\/em><\/li>\n<li><em>Magnetic structure of ZnCr<sub>2<\/sub>Se<sub>4<\/sub> doped with selected rare earths<\/em><\/li>\n<\/ul>\n<\/li>\n<\/ul>\n<\/li>\n<\/ul>\n<hr \/>\n<p>Wybrane publikacje:<\/p>\n<ul>\n<li>P. Zajdel, I. Jendrzejewska J. Goraus, H. Duda, T. Goryczka, A.Kita, \u201cInfluence of nickel doping on physical properties of ZnCr<sub>2<\/sub>Se<sub>4<\/sub>\u201d, <em>Radiation Physics and Chemistry<\/em>, (2011) 80(10) 1008 \u2013 1013, <a href=\"https:\/\/doi.org\/10.1016\/j.radphyschem.2011.02.017\">https:\/\/doi.org\/10.1016\/j.radphyschem.2011.02.017<\/a><\/li>\n<li>I. Jendrzejewska, P. Zajdel , T. Goryczka, J. Goraus, A. Kita, T. Mydlarz, \u201cInfluence of covalency and anion polarization on magnetic and electronic properties of ZnCr<sub>2-x<\/sub>Ni<sub>x<\/sub>Se<sub>4<\/sub>\u201d,\u00a0 <em>Journal of Alloys and Compounds<\/em>, 520 (2012) 153-157, <a href=\"https:\/\/doi.org\/10.1016\/j.jallcom.2011.12.167\">https:\/\/doi.org\/10.1016\/j.jallcom.2011.12.167<\/a><\/li>\n<li>I. Jendrzejewska, P. Zajdel, J. Heimann , J. Krok-Kowalski, T. Mydlarz, J. Mrzigod, \u201cInfluence of manganese on magnetic and electronic properties of ZnCr<sub>2<\/sub>Se<sub>4<\/sub> single crystals\u201c, <em>Materials Research Bulletin<\/em> 47 (2012) 1881-1886, <a href=\"https:\/\/doi.org\/10.1016\/j.materresbull.2012.04.029\">https:\/\/doi.org\/10.1016\/j.materresbull.2012.04.029<\/a><\/li>\n<li>I. Jendrzejewska, P. Zajdel, E. Maci\u0105\u017cek, M. Soza\u0144ska, T. Goryczka, \u201cX-ray powder diffraction and magnetic study of nominal Zn<sub>1-x<\/sub>Nd<sub>x<\/sub>Cr<sub>2<\/sub>Se4 &#8211; compounds (x=0.05, 0.1)\u201d, <em>Powder Diffraction<\/em>, 2013, 28, 75-85.<br \/>\nDOI: <a href=\"https:\/\/doi.org\/10.1017\/S0885715613001139\">https:\/\/doi.org\/10.1017\/S0885715613001139<\/a><\/li>\n<li>Izabela Jendrzejewska, Pawe\u0142 Zajdel, Tadeusz Gro\u0144, Henryk Duda, Tadeusz Mydlarz, \u201cEffect of Ni doping on magnetic and electrical properties of CuCr<sub>2<\/sub>Se<sub>4<\/sub> single crystals\u201d, <em>Journal of Alloys and Compounds<\/em>, 2014, 593, 158-162, <a href=\"https:\/\/doi.org\/10.1016\/j.jallcom.2014.01.010\">https:\/\/doi.org\/10.1016\/j.jallcom.2014.01.010<\/a><\/li>\n<li>Izabela Jendrzejewska, Pawe\u0142 Zajdel, Ewa Maci\u0105\u017cek, Maria Soza\u0144ska, \u201cGrowth, structure and magnetic properties of ZnCr<sub>2<\/sub>Se<sub>4<\/sub> &#8211; single crystals doped by dysprosium\u201d, <em>Journal of Crystal Growth<\/em>, 2014, 401, 697-701. <a href=\"https:\/\/doi.org\/10.1016\/j.jcrysgro.2014.01.046\">https:\/\/doi.org\/10.1016\/j.jcrysgro.2014.01.046<\/a><\/li>\n<li>I. Jendrzejewska, T. Gro\u0144, J. Kusz, M. \u017belechower, E. Maci\u0105\u017cek, A. \u015alebarski, M. Fija\u0142kowski, &#8222;Spin-glass-like behaviour in tin doped ZnCr<sub>2<\/sub>Se<sub>4<\/sub> single crystals&#8221;, <em>Journal of Alloys and Compounds<\/em>, 635 (2015) 238-244 <a href=\"https:\/\/doi.org\/10.1016\/j.jallcom.2015.02.097\">https:\/\/doi.org\/10.1016\/j.jallcom.2015.02.097<\/a><\/li>\n<li>E. Maci\u0105\u017cek , M. Karolus, M. Kubisztal, I. Jendrzejewska, R. Sitko, T. Gro\u0144, A. \u015alebarski, M. Fija\u0142kowski, \u201cMagnetic and specific heat properties of a new Gd-doped ZnCr<sub>2<\/sub>Se<sub>4<\/sub>\u201c, <em>Materials Chemistry and Physics<\/em>, 168 (2015) 187 \u2013 192, <a href=\"https:\/\/doi.org\/10.1016\/j.matchemphys.2015.11.020\">https:\/\/doi.org\/10.1016\/j.matchemphys.2015.11.020<\/a><a href=\"https:\/\/s100.copyright.com\/AppDispatchServlet?publisherName=ELS&amp;contentID=S0254058415304478&amp;orderBeanReset=true\">Get rights and content<\/a><\/li>\n<li>Izabela Jendrzejewska, Tadeusz Gro\u0144, Ewa Maci\u0105\u017cek, Henryk Duda, Marian Kubisztal, Andrzej \u015alebarski, Ewa Pietrasik, Marcin Fija\u0142kowski, \u201cSpecific heat and magnetic properties of single-crystalline Zn<sub>x<\/sub>Dy<sub>y<\/sub>Cr<sub>z<\/sub>Se<sub>4<\/sub> spinels\u201d, <em>Journal of Magnetism and Magnetic Materials<\/em> (2016). 407, 122-128<br \/>\n<a href=\"https:\/\/doi.org\/10.1016\/j.jmmm.2016.01.016\">https:\/\/doi.org\/10.1016\/j.jmmm.2016.01.016<\/a><\/li>\n<li>Izabela Jendrzejewska , Tadeusz Gro\u0144, Joachim Kusz, Jerzy Goraus, Andrzej Kita, Zoia Barsova, Andrzej \u015alebarski, Marcin Fija\u0142kowski, Ewa Pietrasik, Pawe\u0142 Zajdel, Henryk Duda, \u201cGrowth, Structure and Characterization of Physico\u2011chemical and Magnetic\u00a0 Properties of CdCr<sub>2<\/sub>Se<sub>4<\/sub>:Mn Single Crystals\u201d, <em>Journal of Alloys and<\/em><em> Compounds<\/em>, 735 (2018) 480 \u2013 488, DOI information: 10.1016\/j.jallcom.2017.11.160,<\/li>\n<li>I. Jendrzejewska, P. Zajdel,\u00a0 E. Pietrasik,\u00a0 Zoja Barsova, T. Goryczka, \u201cApplication of X-ray powder diffraction and differential scanning calorimetry for identification of counterfeit drugs\u201d, <em>Monatshefte f\u00fcr Chemie &#8211; Chemical Monthly<\/em>, May 2018, Volume 149,\u00a0 <a href=\"https:\/\/link.springer.com\/journal\/706\/149\/5\/page\/1\">Issue\u00a05<\/a>, pp 977\u2013985, \u00a0<a href=\"https:\/\/doi.org\/10.1007\/s00706-018-2193-z\">https:\/\/doi.org\/10.1007\/s00706-018-2193-z<\/a>,<\/li>\n<li>Grzegorz Dercz, Izabela Matu\u0142a, Maciej Zubko, Alicja Kazek-K\u0119sik, Joanna Maszybrocka, Wojciech Simka, Jolanta Dercz, Pawe\u0142 \u015awiec, Izabela Jendrzejewska, \u201eSynthesis of porous Ti\u201350Ta alloy by powder metallurgy\u201d, <em>Materials Characterization<\/em> 142 (2018) 124\u2013136, <a href=\"https:\/\/doi.org\/10.1016\/j.matchar.2018.05.033\">https:\/\/doi.org\/10.1016\/j.matchar.2018.05.033<\/a>,<\/li>\n<li>Izabela Jendrzejewska , Tadeusz Gro\u0144, Jerzy Goraus, Micha\u0142 Pilch, Ewa Pietrasik, Zoia Barsova, Jacek Czerniewski, Tomasz Goryczka, Beata Witkowska-Kita, Alina Bienko, Marek Weselski, \u201e Synthesis and structural, magnetic, thermal and electronic properties of Mn-doped ZnCr<sub>2<\/sub>Se<sub>4<\/sub>\u201d, <em>Materials Chemistry and Physics<\/em>, 238 (2019) 121901, <a href=\"https:\/\/doi.org\/10.1016\/j.matchemphys.2019.121901\">https:\/\/doi.org\/10.1016\/j.matchemphys.2019.121901<\/a><\/li>\n<li>Piotr J. Kotula, Viacheslav Andreychouk, Jacek Pawlyta, Leszek Marynowski, Izabela Jendrzejewska &#8222;Genesis of iron and manganese\u00a0 sediments in Zoloushka Cave (Ukraine\/Moldova) as revealed by \u03b413C organic carbon&#8221;, <em>International Journal of <\/em><em>Speleology<\/em>, vol.48, issue 3 (2019), 221 \u2013 235, https:\/\/doi.org\/10.5038\/1827-806X.48.3.2255<\/li>\n<li>Izabela Jendrzejewska, Tadeusz Gro\u0144, Joachim Kusz, Jerzy Goraus, Zoia Barsova, Ewa Pietrasik, Jacek Czerniewski, Tomasz Goryczka, Marian Kubisztal, \u201eGrowth, structure and physico-chemical properties of monocrystalline ZnCr<sub>2<\/sub>Se<sub>4<\/sub>:Ho prepared by chemical vapour transport\u201d, <em>Journal of Solid State Chemistry<\/em> 281 (2020) 121024, <a href=\"https:\/\/doi.org\/10.1016\/j.jssc.2019.121024\">https:\/\/doi.org\/10.1016\/j.jssc.2019.121024<\/a><\/li>\n<li><span style=\"font-size: 11pt;\">Ludmila E.Campos, Francisco Garibotto, Emilio Angelina, Jiri Kos, Tomas Gonec,<\/span><span style=\"font-size: 11pt;\"> Pavlina Marvanova, Marcela Vettorazzi, Michal Oravec, Izabela Jendrzejewska,<\/span><span style=\"font-size: 11pt;\"> Josef Jampilek, Sergio E.Alvarez, Ricardo D.Enriz, \u201eHydroxynaphthalenecarboxamides<\/span><span style=\"font-size: 11pt;\"> and substituted piperazinylpropandiols, two new series of BRAF inhibitors. <\/span><span style=\"font-size: 11pt;\">A theoretical and experimental study\u201d, Biorganic Chemistry 103 (2020) 104145,<\/span><span style=\"font-size: 11pt;\"> <a href=\"https:\/\/doi.org\/10.1016\/j.bioorg.2020.104145\">https:\/\/doi.org\/10.1016\/j.bioorg.2020.104145<\/a><\/span><\/li>\n<li>Izabela Jendrzejewska, Tomasz Goryczka, Ewa Pietrasik, Joanna Klimontko, Josef Jampilek, \u201cX-Ray and Thermal Analysis of Selected Drugs Containing Acetaminophen\u201d, Molecules 2020, 25, 5909, doi:\u00a010.3390\/molecules25245909, IF = 3.27, (100 pkt).<\/li>\n<li>Izabela Jendrzejewska, Karel Knizek, Jerzy Kubacki, Jerzy Goraus, Tomasz Goryczka, Ewa Pietrasik,\u00a0 Zoia Barsova, Josef Jampilek, Beata Witkowska-Kita, \u201eStructure and properties of nano- and polycrystalline Mn-doped CuCr2Se4 obtained by ceramic method and high-energy ball milling\u201d, Materials Research Bulletin, (2021)\u00a0 IF = 4.02, (100 pkt). <a href=\"https:\/\/doi.org\/10.1016\/j.materresbull.2020.111174\">https:\/\/doi.org\/10.1016\/j.materresbull.2020.111174<\/a><\/li>\n<\/ul>\n<p>\n<\/div>\r\n                    <\/div>\r\n                <\/div>[\/vc_column][vc_column width=&#8221;2\/6&#8243;][vc_single_image image=&#8221;244&#8243; img_size=&#8221;large&#8221; alignment=&#8221;center&#8221; css_animation=&#8221;top-to-bottom&#8221;][\/vc_column][vc_column width=&#8221;1\/12&#8243;][\/vc_column][\/vc_row][vc_row][vc_column][vc_column_text][\/vc_column_text][\/vc_column][\/vc_row]<\/p>","protected":false},"excerpt":{"rendered":"<p>[vc_row][vc_column][vc_column_text][\/vc_column_text][\/vc_column][\/vc_row][vc_row][vc_column width=&#8221;1\/12&#8243;][\/vc_column][vc_column width=&#8221;3\/6&#8243;][\/vc_column][vc_column width=&#8221;2\/6&#8243;][vc_single_image image=&#8221;244&#8243; img_size=&#8221;large&#8221; alignment=&#8221;center&#8221; css_animation=&#8221;top-to-bottom&#8221;][\/vc_column][vc_column width=&#8221;1\/12&#8243;][\/vc_column][\/vc_row][vc_row][vc_column][vc_column_text][\/vc_column_text][\/vc_column][\/vc_row] [&#8230;]<\/p>\n<p><a class=\"btn btn-secondary understrap-read-more-link\" href=\"https:\/\/us.edu.pl\/instytut\/ich\/dzialalnosc-naukowa\/badacze-indywidualni\/izabela-jendrzejewska\/\">Read More&#8230;<\/a><\/p>\n","protected":false},"author":99,"featured_media":0,"parent":128,"menu_order":0,"comment_status":"closed","ping_status":"closed","template":"","meta":{"_expiration-date-status":"","_expiration-date":0,"_expiration-date-type":"","_expiration-date-categories":[],"_expiration-date-options":[]},"acf":[],"_links":{"self":[{"href":"https:\/\/us.edu.pl\/instytut\/ich\/wp-json\/wp\/v2\/pages\/243"}],"collection":[{"href":"https:\/\/us.edu.pl\/instytut\/ich\/wp-json\/wp\/v2\/pages"}],"about":[{"href":"https:\/\/us.edu.pl\/instytut\/ich\/wp-json\/wp\/v2\/types\/page"}],"author":[{"embeddable":true,"href":"https:\/\/us.edu.pl\/instytut\/ich\/wp-json\/wp\/v2\/users\/99"}],"replies":[{"embeddable":true,"href":"https:\/\/us.edu.pl\/instytut\/ich\/wp-json\/wp\/v2\/comments?post=243"}],"version-history":[{"count":10,"href":"https:\/\/us.edu.pl\/instytut\/ich\/wp-json\/wp\/v2\/pages\/243\/revisions"}],"predecessor-version":[{"id":2886,"href":"https:\/\/us.edu.pl\/instytut\/ich\/wp-json\/wp\/v2\/pages\/243\/revisions\/2886"}],"up":[{"embeddable":true,"href":"https:\/\/us.edu.pl\/instytut\/ich\/wp-json\/wp\/v2\/pages\/128"}],"wp:attachment":[{"href":"https:\/\/us.edu.pl\/instytut\/ich\/wp-json\/wp\/v2\/media?parent=243"}],"curies":[{"name":"wp","href":"https:\/\/api.w.org\/{rel}","templated":true}]}}