{"id":2540,"date":"2023-09-20T11:10:57","date_gmt":"2023-09-20T09:10:57","guid":{"rendered":"https:\/\/us.edu.pl\/instytut\/ich\/?page_id=2540"},"modified":"2024-08-12T11:19:31","modified_gmt":"2024-08-12T09:19:31","slug":"pawel-swit","status":"publish","type":"page","link":"https:\/\/us.edu.pl\/instytut\/ich\/dzialalnosc-naukowa\/badacze-indywidualni\/pawel-swit\/","title":{"rendered":"dr in\u017c. Pawe\u0142 \u015awit"},"content":{"rendered":"<p>[vc_row][vc_column][vc_column_text][\/vc_column_text][\/vc_column][\/vc_row][vc_row][vc_column][vc_column_text][\/vc_column_text][\/vc_column][\/vc_row][vc_row][vc_column][vc_column_text][\/vc_column_text][\/vc_column][\/vc_row][vc_row][vc_column][vc_column_text][\/vc_column_text][\/vc_column][\/vc_row][vc_row][vc_column][vc_column_text][\/vc_column_text][\/vc_column][\/vc_row][vc_row][vc_column width=&#8221;1\/12&#8243;][\/vc_column][vc_column width=&#8221;3\/6&#8243;]\r\n                <div class=\"text-modules\">\r\n                    <div class=\"container\">\r\n                        <h3 class=\"page-title text__title\">dr in\u017c. Pawe\u0142 \u015awit<\/h3>\r\n                        <div class=\"text-modules__content\"><p><a href=\"https:\/\/orcid.org\/0000-0002-5160-9815\">ORCID<\/a><\/p>\n<p><a href=\"https:\/\/www.researchgate.net\/profile\/Pawel_Swit\">Research Gate<\/a><\/p>\n<p><a href=\"https:\/\/scholar.google.com\/citations?user=vVyqX30AAAAJ&amp;hl=pl\">Google Scholar<\/a><\/p>\n<hr \/>\n<p>Informacje:<\/p>\n<p>Doktorat: <em>2017 &#8211; Uniwersytet Jagiello\u0144ski w Krakowie<\/em><\/p>\n<hr \/>\n<p>Dane kontaktowe:<\/p>\n<p>e-mail:\u00a0<em>pawel.swit@us.edu.pl<br \/>\n<\/em>telefon:\u00a0<em>(32) 359-18-71<\/em><br \/>\nadres:\u00a0<em>pok. <strong>29<\/strong>, ul. Szkolna 9, 40-006 Katowice<\/em><\/p>\n<hr \/>\n<p>Nagrody, wyr\u00f3\u017cnienia, pe\u0142nione funkcje:<\/p>\n<p>Nagrody i wyr\u00f3\u017cnienia:<\/p>\n<ul>\n<li>2022: Nagroda Zespo\u0142owa Rektora II Stopnia za dzia\u0142alno\u015b\u0107 organizacyjn\u0105 na rzecz Wydzia\u0142u Nauk \u015acis\u0142ych i Technicznych w roku 2021<\/li>\n<li>2018: Nagroda Komitetu Chemii Analitycznej Polskiej Akademii Nauk na najlepsz\u0105 prac\u0119 doktorsk\u0105 za wprowadzenie zasad metrologii w pomiarach chemicznych sponsorowana przez firm\u0119 LGC Standards<\/li>\n<li>2016: Drugie miejsce w etapie krajowym konkursu Pomocy Dydaktycznych stosowanych w kszta\u0142ceniu chemicznym organizowanym przez European Chemistry and Chemical Engineering Education Network (EC2E2N)<\/li>\n<li>2015 \u2013 2016: Stypendium dla najlepszych doktorant\u00f3w (doktoranci UJ)<\/li>\n<li>2015: Stypendium w ramach projektu Erasmus+ na wyjazd zagraniczny na University of Valencia (Hiszpania)<\/li>\n<li>2014 \u2013 2015: Specjalne stypendium im. Mariana Smoluchowskiego dla doktorant\u00f3w<br \/>\nw ramach dotacji KNOW (Krajowy Narodowy O\u015brodek Wiod\u0105cy) przyznane przez Krakowskie Konsorcjum \u201eMateria-Energia-Przysz\u0142o\u015b\u0107\u201d im. Mariana Smoluchowskiego<\/li>\n<li>2014 \u2013 2015: Stypendium dla najlepszych doktorant\u00f3w (doktoranci UJ)<\/li>\n<li>2014 \u2013 2015: Stypendium doktoranckie z dotacji podmiotowej na dofinansowanie zada\u0144 projako\u015bciowych<\/li>\n<li>2014 \u2013 2015: Stypendium w ramach projektu Erasmus+ na wyjazd zagraniczny<br \/>\nna Charles University in Prague, Faculty of Pharmacy in Hradec Kr\u00e1lov\u00e9<\/li>\n<li>2013 \u2013 2014: Stypendium naukowe Rektora Akademii G\u00f3rniczo-Hutniczej dla najlepszych student\u00f3w<\/li>\n<\/ul>\n<p><strong>\u00a0<\/strong><\/p>\n<p>Pe\u0142nione funkcje:<\/p>\n<ul>\n<li>03.2022 \u2013 nadal: Fundacja na rzecz Nauki Polskiej (FNP) \u2013 ekspert zewn\u0119trzny<\/li>\n<li>05.2018 \u2013 nadal: Narodowa Agencja Wymiany Akademickiej \u2013 ekspert zewn\u0119trzny<\/li>\n<li>03.2016 \u2013 03.2017: Krajowa Reprezentacja Doktorant\u00f3w, Komisja ds. Public Relations<\/li>\n<li>04.2015 \u2013 12.2015: Krajowa Reprezentacja Doktorant\u00f3w, Komisja ds. Mobilno\u015bci Doktorant\u00f3w<\/li>\n<li>Od 02.2022: Reviewer Board of the Molecules (MDPI), IF2022=4.6<\/li>\n<li>Od 04.2022: Topical Advisory Panel Member of the International Journal of Molecular Sciences (MDPI), IF2022=5.6<\/li>\n<li>Od 01.2023: Young Editor of the Journal of Pharmaceutical Analysis (Elsevier), IF2022=8.8<\/li>\n<li>Od 05.2023: Review Editor (Analytical Chemistry) of the Frontiers in Chemistry (Frontiers), IF2022=5.5<\/li>\n<\/ul>\n<p><strong>\u00a0<\/strong><\/p>\n<p>Wsp\u00f3\u0142praca:<\/p>\n<ul>\n<li>Laboratorium Analiz i Nieniszcz\u0105cych Bada\u0144 Obiekt\u00f3w Zabytkowych, Muzeum Narodowe w Krakowie, Polska.<\/li>\n<li>Instytut Mechaniki G\u00f3rotworu PAN, Polska.<\/li>\n<li>Ma\u0142opolskie Centrum Biotechnologii, Uniwersytet Jagiello\u0144ski w Krakowie, Polska.<\/li>\n<li>Warszawski Uniwersytet Medyczny, Polska.<\/li>\n<li>Wydzia\u0142 Chemii, Uniwersytet Warszawski, Polska.<\/li>\n<li>Wydzia\u0142 Lekarski, Uniwersytet Jagiello\u0144ski w Krakowie, Polska.<\/li>\n<li>Instytut Farmakologii PAN, Polska.<\/li>\n<li>Department of Physics, University of Milan, W\u0142ochy.<\/li>\n<li>Faculty of Engineering, University of Porto, Portugalia.<\/li>\n<li>Faculty of Pharmacy, Charles University in Prague, Czechy.<\/li>\n<li>Faculty of Chemistry, University of Valencia, Hiszpania.<\/li>\n<li>Faculty of Chemistry and Technology, University of Split, Chorwacja.<\/li>\n<li>Institute of Food Science Research (CIAL-CSIC) of the Spanish National Research Council, Hiszpania.<\/li>\n<\/ul>\n<hr \/>\n<p>Tematyka bada\u0144:<\/p>\n<p>Chemia analityczna, Chromatografia, Opracowanie metod analitycznych, Walidacja metod analitycznych, Analityczna chemia \u015brodowiska, Chemia bioanalityczna, Analiza przep\u0142ywowa, Chemia przep\u0142ywowa, Zastosowanie chemii w konserwacji, Spektroskopia, Biosensory.<\/p>\n<hr \/>\n<p>Projekty:<\/p>\n<ol>\n<li>Swoboda badawcza \u2013 2023, projekt finansowany przez Inicjatyw\u0119 Doskona\u0142o\u015bci Badawczej (Uniwersytet \u015al\u0105ski w Katowicach), 10.000,00 PLN, funkcja: <strong>g\u0142\u00f3wny badacz<\/strong><\/li>\n<li>Mobilno\u015b\u0107 naukowa \u2013 2022, projekt finansowany przez Inicjatyw\u0119 Doskona\u0142o\u015bci Badawczej (Uniwersytet \u015al\u0105ski w Katowice), 50.000,00 PLN, funkcja: <strong>g\u0142\u00f3wny badacz<\/strong><\/li>\n<li>MINIATURA 5 \u2013 2021, tytu\u0142 projektu: Opracowanie innowacyjnej strategii kalibracji analitycznej umo\u017cliwiaj\u0105cej badanie efekt\u00f3w interferencyjnych i popraw\u0119 jako\u015bci wynik\u00f3w analitycznych, projekt finansowany przez Narodowe Centrum Nauki, 49.940,00 PLN, funkcja: <strong>g\u0142\u00f3wny badacz<\/strong><\/li>\n<li>Swoboda badawcza \u2013 2021, projekt finansowany przez Inicjatyw\u0119 Doskona\u0142o\u015bci Badawczej (Uniwersytet \u015al\u0105ski w Katowicach), 15.000,00 PLN, funkcja: <strong>g\u0142\u00f3wny badacz<\/strong><\/li>\n<li>Otwarty dost\u0119p \u2013 2021, dofinansowanie publikacji typu Open Access przyznane w ramach Inicjatywy Doskona\u0142o\u015bci Badawczej (Uniwersytet \u015al\u0105ski w Katowicach), 10.000,00 PLN<\/li>\n<li>OPUS \u2013 UMO-2016\/21\/B\/ST4\/02151, tytu\u0142 projektu: Projektowanie nanoczujnik\u00f3w SERS dla detekcji ex vivo stanu zapalnego w naczyniach krwiono\u015bnych, projekt finansowany przez Narodowe Centrum Nauki, funkcja: wykonawca<\/li>\n<li>OPUS \u2013 UMO-2016\/23\/B\/NZ4\/01379, tytu\u0142 projektu: Spektrohistopatologia FTIR and immunoSERS w identyfikacji stanu biochemicznego mikroprzerzut\u00f3w i niszy pre-metastatycznej w mysim modelu nowotworu sutka, projekt finansowany przez Narodowe Centrum Nauki, funkcja: postdoc \u2013 umowa o prac\u0119<\/li>\n<li>OPUS \u2013 DEC-2016\/21\/B\/NZ7\/01131, tytu\u0142 projektu: W\u0142asno\u015bci farmakologiczne<br \/>\ni neurotoksyczno\u015b\u0107 nowych pochodnych NBOMe, projekt finansowany przez Narodowe Centrum Nauki, funkcja: postdoc \u2013 umowa o prac\u0119<\/li>\n<li>Dotacja T \u2013 2016, tytu\u0142 projektu: Badanie i eliminacja efekt\u00f3w interferencyjnych<br \/>\nz zastosowaniem innowacyjnych metod kalibracyjnych, nr PSP K\/DSC\/003881, dotacja ze \u015brodk\u00f3w na prowadzenie bada\u0144 z dotacji statutowej MNiSZW przeznaczonej dla m\u0142odych naukowc\u00f3w w 2016 roku \u2013 <strong>dotacja indywidualna<\/strong><\/li>\n<li>Dotacja T \u2013 2015, tytu\u0142 projektu: Badania nad dalszym rozwojem metod kalibracyjnych<br \/>\nw analizie przep\u0142ywowej, dotacja ze \u015brodk\u00f3w na prowadzenie bada\u0144 z dotacji statutowej MNiSZW przeznaczonej dla m\u0142odych naukowc\u00f3w w 2015 roku \u2013 cz\u0142onek zespo\u0142u badawczego<\/li>\n<li>SONATA \u2013 2011\/01\/D\/HS2\/02604, tytu\u0142 projektu: Wp\u0142yw ogrzewania zabytkowych ko\u015bcio\u0142\u00f3w na przenoszenie i osadzanie py\u0142\u00f3w, projekt finansowany przez Narodowe Centrum Nauki, funkcja: wykonawca projektu \u2013 umowa zlecenia<\/li>\n<\/ol>\n<hr \/>\n<p>Wybrane publikacje:<\/p>\n<p>Publikacje z listy JCR:<\/p>\n<ol>\n<li>Oliveira Lago L<em><sup>x<\/sup><\/em>, <strong>Swit P<\/strong><em><sup>x<\/sup><\/em>, da Silva MM, Biasoto Marques AT, Welke JE, Montero L, Herrero M, Evolution of anthocyanin content during grape ripening and characterization of the phenolic profile of the resulting wine by comprehensive two-dimensional liquid chromatography, Journal of Chromatography A 1704 (2023) 464131, <strong>IF2022=4.1 <\/strong>(<em><sup>x<\/sup><\/em> <em>Both authors should be considered as first authors)<\/em><\/li>\n<li><strong>\u015awit P<\/strong>*, Pollap A, Orze\u0142 J, Spectroscopic Determination of Acetylcholine (ACh): A Representative Review, Topics in Current Chemistry 381 (2023) 16, <strong>IF2022=8.6<\/strong><\/li>\n<li>Herian M*, <strong>\u015awit P<\/strong>, 25X-NBOMe compounds \u2013 chemistry, pharmacology and toxicology. A comprehensive review, Critical Reviews in Toxicology 53 (2023) 15\u201333, <strong>IF2022=5.9<\/strong><\/li>\n<li><strong>\u015awit P<\/strong>*, Orze\u0142 J, Ma\u015blanka S, Investigation of the origin and concentration of polycyclic aromatic hydrocarbon with improved accuracy by the use of a multi-component integrated calibration method in the Katowice region, Poland, Journal of Hazardous Materials 448 (2023) 130871, <strong>IF2022=13.6<\/strong><\/li>\n<li><strong>\u015awit P<\/strong>*, Orze\u0142 J, Ma\u015blanka S, Monitoring of PAHs in simulated natural and artificial fires by HPLC-DAD-FLD with the application of Multi-Component Integrated calibration method to improve quality of analytical results, Measurement 196 (2022) 111242, <strong>IF2022=5.6<\/strong><\/li>\n<li>Pollap A, <strong>\u015awit P*<\/strong>, Recent Advances in Sandwich SERS Immunosensors for Cancer Detection, International Journal of Molecular Sciences 23 (2022) 4740, <strong>IF2022=5.6<\/strong><\/li>\n<li>Wiercigroch E<sup>x<\/sup>, <strong>\u015awit P<sup>x<\/sup><\/strong>, Brz\u00f3zka A, Pi\u0119ta \u0141, Ma\u0142ek K*, Dual\u2011enhancement and dual\u2011tag design for SERS\u2011based sandwich immunoassays: evaluation of a metal\u2013metal effect in 3D architecture, Microchimica Acta 189 (2022) 32, <strong>IF2022=5.7 <\/strong>(<em><sup>x<\/sup><\/em> <em>Both authors should be considered as first authors)<\/em><\/li>\n<li>Orze\u0142 J*, <strong>\u015awit P<\/strong>, Comparison of Quantitative Detection Methods Based on Molecular Fluorescence Spectroscopy and Chromatographic Techniques Used for the Determination of Bisphenol Compounds, International Journal of Molecular Sciences 22 (2021) 10569, <strong>IF2021=6.208<\/strong><\/li>\n<li><strong>\u015awit P*<\/strong>, Gargano M, del Hoyo-Mel\u00e9ndez JM, Beam characterization of a microfading tester: evaluation of several methods, Heritage Science 9 (2021) 78, <strong>IF2021=2.843<\/strong><\/li>\n<li><strong>\u015awit P*<\/strong>, Herian M, Go\u0142embiowska K, Improvement of analytical results quality in neuroscience \u2013 Good Methodology Practice in the acetylcholine determination, Microchemical Journal 168 (2021) 106404, <strong>IF2021=5.304<\/strong><\/li>\n<li>Wiercigroch E, <strong>\u015awit P<\/strong>, Kisielewska A, Piwo\u0144ski I, Ma\u0142ek K*, Photocatalytic deposition of plasmonic Au nanostructures on a semiconductor substrate to enhance Raman sensitivity, Applied Surface Science 529 (2020) 147021, <strong>IF2020=6.707<\/strong><\/li>\n<li>Kami\u0144ska K*, <strong>\u015awit P<\/strong>, Ma\u0142ek K, 25C-NBOMe short characterisation, Forensic Toxicology 38 (2020) 490\u2013495, <strong>IF2020=4.096<\/strong><\/li>\n<li>Kami\u0144ska K*, <strong>\u015awit P<\/strong>, Ma\u0142ek K, 25I-NBOME (2-(4-iodo-2,5-dimethoxyphenyl)-N-[(2-methoxyphenyl)methyl]ethanamine) \u2013 A HARMFUL HALLUCINOGEN REVIEW, Journal of Analytical Toxicology 44 (2020) 947\u2013956, <strong>IF2020=3.367<\/strong><\/li>\n<li><strong>\u015awit P<\/strong>*, Kami\u0144ska K, Herian M, Bioanalytical methodology for determination of glutamate and aspartate for use in pharmacological sciences with application of Integrated Calibration Method, Talanta 206 (2020) 120237, <strong>IF2020=6.057<\/strong><\/li>\n<li>Herian M, Wojtas A, Kami\u0144ska K, <strong>\u015awit P<\/strong>, Wach A, Go\u0142embiowska K*, Hallucinogen-like action of the novel designer drug 25I-NBOMe and its effect on cortical neurotransmitters in rats, Neurotoxicity Research 36 (2019) 91\u2013100, <strong>IF2019=2.992<\/strong><\/li>\n<li>del Hoyo-Melendez JM*, <strong>\u015awit P<\/strong>, Sobczyk J, Measuring photostability through glass: the application of microfading testing to the study of framed pastel artworks, Coloration Technology 134 (2018) 411\u2013422, <strong>IF2018=1.241<\/strong><\/li>\n<li>Wieczorek M, D\u0119bosz M*, <strong>\u015awit P<\/strong>, Piech A, Kasperek J, Ko\u015bcielniak P, Reliable calibration by nonlinear standard addition method in the presence of additive interference effects, Monatshefte f\u00fcr Chemie \u2013 Chemical Monthly 149 (2018) 1567\u20131572, <strong>IF2018=1.501<\/strong><\/li>\n<li>Wieczorek M*, D\u0119bosz M, <strong>\u015awit P<\/strong>, Wo\u017aniakiewicz A, Ko\u015bcielniak P, Application of gradient ratio flow-injection technique to implementation of the Chemical H-point Standard Addition Method, Talanta 186 (2018) 215\u2013220, <strong>IF2018=4.916<\/strong><\/li>\n<li><strong>\u015awit P<\/strong>, Verd\u00fa-Andr\u00e9s J, Wieczorek M*, Kozak J, Ko\u015bcielniak P, Camp\u00edns-Falc\u00f3 P, A New Calibration Model: Combining Integrated Calibration Method and H-Point Standard Addition Method to Detect and Avoid Interference Effects, Analytical Letters 51 (2018) 1194\u20131207, <strong>IF2018=1.248<\/strong><\/li>\n<li>Wieczorek M*, Rengevicova S, <strong>\u015awit P<\/strong>, Wo\u017aniakiewicz A, Kozak J, Ko\u015bcielniak P, New approach to H-point Standard Addition Method for detection and elimination of unspecific interferences in samples with unknown matrix, Talanta 170 (2017) 165\u2013172, <strong>IF2017=4.244<\/strong><\/li>\n<li>Chocholou\u0161 P, Wieczorek M*, <strong>\u015awit P<\/strong>, Kozak J, Solich P, Ko\u015bcielniak P, Novel Approach to Two-Component Analysis Based on the Generalized Calibration Strategy, Analytical Letters 50, 4 (2017) 617\u2013628, <strong>IF2017=1.206<\/strong><\/li>\n<li>Greiner-Wronowa E*, <strong>\u015awit P<\/strong>, The Influence of Selected Organic Compounds on the Corrosion of Historical Glass Based on Their State of Preservation, Acta Physica Polonica A 130 (2016) 1406\u20131414, <strong>IF2016=0.469<\/strong><\/li>\n<li>del Hoyo-Melendez JM*, <strong>\u015awit P<\/strong>, Matosz M, Wo\u017aniak M, Klisi\u0144ska-Kopacz A, Bratasz \u0141, Micro-XRF analysis of silver coins from midieval Poland, Nuclear Instruments and Methods in Physics Research B. 349 (2015) 6\u201316, <strong>IF2015=1.389<\/strong><\/li>\n<li>Wieczorek M*, Ko\u015bcielniak P, <strong>\u015awit P<\/strong>, Paluch J, Kozak J, Solenoid micropums-based flow system for generalized calibration strategy, Talanta 133 (2015) 21\u201326, <strong>IF2015=4.035<\/strong><\/li>\n<li>Wieczorek M*, Ko\u015bcielniak P, <strong>\u015awit P<\/strong>, Marsza\u0142ek K, Novel multicommuted flow manifold to the integrated calibration method, Analytical Methods 6 (2014) 9276\u20139282, <strong>IF2014=1.821<\/strong><\/li>\n<\/ol>\n<p>Rozdzia\u0142y w ksi\u0105\u017ckach:<\/p>\n<ol start=\"26\">\n<li>Sobczyk J, del Hoyo-Melendez JM, <strong>\u015awit P<\/strong>, \u015awiat\u0142o a projekt witra\u017cy. Jak chroni\u0107 dzie\u0142a Stanis\u0142awa Wyspia\u0144skiego w kontek\u015bcie wynik\u00f3w bada\u0144 fizycznych \u2013 Light and stained glass designs. How to protect Stanis\u0142aw Wyspia\u0144ski\u2019s works in the context of physico-chemical research results, Catalogue of the exhibition of works from the collection of the National Museum in Krakow Wyspia\u0144ski, Krak\u00f3w (2017) 425\u2013437. ISBN 978-83-7581-260-2<\/li>\n<li>Krzeczkowska M*, Grygo-Szymanko E, <strong>\u015awit P<\/strong>, W\u0142asiuk P, What and why \u2013 non-formal education of children in Poland \u2013 possibilities and experiences, Entertainment \u2013 education in science education (2017) 36\u201347. ISBN 978-83-8084-056-0<\/li>\n<li><strong>\u015awit P<\/strong>*, Wieczorek M, Ko\u015bcielniak P, Teoretyczne aspekty uog\u00f3lnionej strategii kalibracyjnej, Na pograniczu chemii i biologii, Tom XXXIII, Wydawnictwo Naukowe UAM. Pozna\u0144 (2014) 83\u201392. ISBN 978-83-232-2803-5<\/li>\n<li><strong>\u015awit P<\/strong>*, Wieczorek M, Kozak J, Ko\u015bcielniak P, Nowa strategia kalibracyjna w chemii analitycznej, Materia\u0142y Konferencyjne Wp\u0142yw M\u0142odych Naukowc\u00f3w na Osi\u0105gni\u0119cia Polskiej Nauki &#8211; V Edycja (2014) 124\u2013133. ISBN 978-83-63058-38-8<\/li>\n<li><strong>\u015awit P<\/strong>*, Wieczorek M, Paluch J, Ko\u015bcielniak P, Zastosowanie nowej strategii kalibracyjnej w analityce chemicznej, Dokonania M\u0142odych Naukowc\u00f3w 2\/2014 Nr 3 (2014) 105\u2013110. ISSN: 2300-4436<\/li>\n<\/ol>\n<p>Inne artyku\u0142y:<\/p>\n<ol start=\"31\">\n<li><strong>\u015awit P*<\/strong>, Gargano M, del Hoyo-Mel\u00e9ndez JM, A multi-method approach for beam characterization of microfading testers used in cultural heritage conservation science, Research Square (2021)<\/li>\n<li>Herian M*, Kami\u0144ska K, <strong>\u015awit P<\/strong>, Skawski M, Wojtas A, Soboci\u0144ska M, Go\u0142embiowska K, P.207 Effect of 4-iodo-2,5-dimethoxy-N-(2-methoxybenzyl) phenethylamine on brain neurotransmitters and rats&#8217; locomotor activity, European Neuropsychopharmacology 31, S1 (2020) S23\u2013S24 \u2013 Conference paper, <strong>IF2020=4.600<\/strong><\/li>\n<li>Herian M*, Kami\u0144ska K, Wojtas A, <strong>\u015awit P<\/strong>, Go\u0142embiowska G, Comparison between LSD and 25-I-NBOMe effects on brain neurotransmitters and WDS response in rats, Folia Neuropathologica 56 (2018) 264 \u2013 Conference paper, <strong>IF2018=1.160<\/strong><\/li>\n<li><strong>\u015awit P<\/strong>*, Kami\u0144ska K, Herian M, Wojtas A, Golembiowska K, Application of two-component integrated calibration method to simultaneous determination of glutamate and aspartate in biological samples, Folia Neuropathologica 56 (2018) 272 \u2013 Conference paper, <strong>IF2018=1.160<\/strong><\/li>\n<li><strong>\u015awit P<\/strong>*, Wieczorek M, Kasperek J, Ko\u015bcielniak P, Calibration problems in the acidity determination in wines, Proceedings of the 13th International Students Conference \u201cModern Analytical Chemistry\u201d (2017) 1\u20136. ISBN 978-80-7444-052-6<\/li>\n<li>D\u0119bosz M*, Wieczorek M, <strong>\u015awit P<\/strong>, Ko\u015bcielniak P, Nonlinear Standard Addition Method in Determination of Paracetamol, Proceedings of the 13th International Students Conference \u201cModern Analytical Chemistry\u201d (2017) 116\u2013121. ISBN 978-80-7444-052-6<\/li>\n<li>Grygo-Szymanko E, <strong>\u015awit P<\/strong>, Krzeczkowska M*, \u015awiat\u0142o &#8211; s\u0142\u00f3w kilka raz jeszcze&#8230;, Nauczanie przedmiot\u00f3w przyrodniczych 60, 4\/2016 (2016) 36\u201338, ISSN 1509-6351<\/li>\n<li>Krzeczkowska M*, Grygo-Szymanko E, <strong>\u015awit P<\/strong>, W\u0142asiuk P, What and Why \u2013 Non-Formal Education of Children in Poland \u2013 Possibilities And Experiences, Proceedings of the 7th International Conference on Research in Didactics of the Sciences DidSci 2016 (2016) 92\u201394. ISBN 978-83-8084-037-9<\/li>\n<li>Krzeczkowska M*, Grygo-Szymanko E, <strong>\u015awit P<\/strong>, Practical pyrotechnics, Science in School 38 (2016) 46\u201351<\/li>\n<li>Greiner-Wronowa E*, <strong>\u015awit P<\/strong>, Wp\u0142yw wybranych zwi\u0105zk\u00f3w organicznych na rodzaj powsta\u0142ych zmian korozyjnych szkie\u0142 historycznych w zale\u017cno\u015bci od stanu ich zachowania, Ceramic Materials 68, 2 (2016) 156\u2013161<\/li>\n<li><strong>\u015awit P<\/strong>*, Grygo-Szymanko E, Miliszkiewicz N, Z\u0142ota Polska Jesie\u0144 \u2013 czyli biochemia li\u015bci, Niedzia\u0142ki 4\/2015, 101 (2015) 91\u201396<\/li>\n<li>Krzeczkowska M*, Grygo-Szymanko E, <strong>\u015awit P<\/strong>, Kaczy\u0144ska A, Rado\u015b\u0107 z uczenia si\u0119 \u2013 pomys\u0142 na lekcje przyrody w liceum og\u00f3lnokszta\u0142c\u0105cym, Nauczanie Przedmiot\u00f3w Przyrodniczych 53, 1\/2015 (2015) 30\u201334. ISSN 1509-6351.<\/li>\n<li>Grygo E, Kaczy\u0144ska A, Krzeczkowska M*, <strong>\u015awit P<\/strong>, Ogie\u0144 \u2013 nie taki straszny, Nauczanie Przedmiot\u00f3w Przyrodniczych 47, 3\/2013 (2013) 24\u201326. ISSN 1509-6351.<\/li>\n<li><strong>\u015awit P*<\/strong>, Biopolimery, cz\u0119\u015b\u0107 II, Niedzia\u0142ki 2\/2012, 87 (2012) 25\u201328<\/li>\n<li><strong>\u015awit P<\/strong>*, Biopolimery, cz\u0119\u015b\u0107 I, Niedzia\u0142ki 1\/2012, 86 (2012) 1\u201310<\/li>\n<li><strong>\u015awit P<\/strong>*, Polimery, Niedzia\u0142ki 4\/2011, 85 (2011) 81\u201391<\/li>\n<\/ol>\n<p>\n<\/div>\r\n                    <\/div>\r\n                <\/div>[\/vc_column][vc_column width=&#8221;2\/6&#8243;][vc_single_image image=&#8221;2628&#8243; img_size=&#8221;large&#8221; css_animation=&#8221;top-to-bottom&#8221;][\/vc_column][vc_column width=&#8221;1\/12&#8243;][\/vc_column][\/vc_row][vc_row][vc_column][vc_column_text][\/vc_column_text][\/vc_column][\/vc_row][vc_row][vc_column][vc_column_text][\/vc_column_text][\/vc_column][\/vc_row][vc_row][vc_column][vc_column_text]<\/p>","protected":false},"excerpt":{"rendered":"<p>[vc_row][vc_column][vc_column_text][\/vc_column_text][\/vc_column][\/vc_row][vc_row][vc_column][vc_column_text][\/vc_column_text][\/vc_column][\/vc_row][vc_row][vc_column][vc_column_text][\/vc_column_text][\/vc_column][\/vc_row][vc_row][vc_column][vc_column_text][\/vc_column_text][\/vc_column][\/vc_row][vc_row][vc_column][vc_column_text][\/vc_column_text][\/vc_column][\/vc_row][vc_row][vc_column width=&#8221;1\/12&#8243;][\/vc_column][vc_column width=&#8221;3\/6&#8243;][\/vc_column][vc_column width=&#8221;2\/6&#8243;][vc_single_image image=&#8221;2628&#8243; img_size=&#8221;large&#8221; css_animation=&#8221;top-to-bottom&#8221;][\/vc_column][vc_column width=&#8221;1\/12&#8243;][\/vc_column][\/vc_row][vc_row][vc_column][vc_column_text][\/vc_column_text][\/vc_column][\/vc_row][vc_row][vc_column][vc_column_text][\/vc_column_text][\/vc_column][\/vc_row][vc_row][vc_column][vc_column_text] [&#8230;]<\/p>\n<p><a class=\"btn btn-secondary understrap-read-more-link\" href=\"https:\/\/us.edu.pl\/instytut\/ich\/dzialalnosc-naukowa\/badacze-indywidualni\/pawel-swit\/\">Read More&#8230;<\/a><\/p>\n","protected":false},"author":99,"featured_media":0,"parent":128,"menu_order":0,"comment_status":"closed","ping_status":"closed","template":"","meta":{"_expiration-date-status":"","_expiration-date":0,"_expiration-date-type":"","_expiration-date-categories":[],"_expiration-date-options":[]},"acf":[],"_links":{"self":[{"href":"https:\/\/us.edu.pl\/instytut\/ich\/wp-json\/wp\/v2\/pages\/2540"}],"collection":[{"href":"https:\/\/us.edu.pl\/instytut\/ich\/wp-json\/wp\/v2\/pages"}],"about":[{"href":"https:\/\/us.edu.pl\/instytut\/ich\/wp-json\/wp\/v2\/types\/page"}],"author":[{"embeddable":true,"href":"https:\/\/us.edu.pl\/instytut\/ich\/wp-json\/wp\/v2\/users\/99"}],"replies":[{"embeddable":true,"href":"https:\/\/us.edu.pl\/instytut\/ich\/wp-json\/wp\/v2\/comments?post=2540"}],"version-history":[{"count":5,"href":"https:\/\/us.edu.pl\/instytut\/ich\/wp-json\/wp\/v2\/pages\/2540\/revisions"}],"predecessor-version":[{"id":2894,"href":"https:\/\/us.edu.pl\/instytut\/ich\/wp-json\/wp\/v2\/pages\/2540\/revisions\/2894"}],"up":[{"embeddable":true,"href":"https:\/\/us.edu.pl\/instytut\/ich\/wp-json\/wp\/v2\/pages\/128"}],"wp:attachment":[{"href":"https:\/\/us.edu.pl\/instytut\/ich\/wp-json\/wp\/v2\/media?parent=2540"}],"curies":[{"name":"wp","href":"https:\/\/api.w.org\/{rel}","templated":true}]}}