{"id":262,"date":"2020-03-25T13:30:49","date_gmt":"2020-03-25T12:30:49","guid":{"rendered":"http:\/\/us.edu.pl\/instytut\/ich\/?page_id=262"},"modified":"2022-11-21T10:56:21","modified_gmt":"2022-11-21T09:56:21","slug":"instytut","status":"publish","type":"page","link":"https:\/\/us.edu.pl\/instytut\/ich\/instytut\/","title":{"rendered":"Instytut"},"content":{"rendered":"<p>[vc_row][vc_column][vc_column_text][\/vc_column_text][\/vc_column][\/vc_row][vc_row][vc_column]\r\n                <div class=\"text-modules\">\r\n                    <div class=\"container\">\r\n                        <h3 class=\"page-title text__title\">Instytut Chemii<\/h3>\r\n                        <div class=\"text-modules__content\"><p>Instytut Chemii Uniwersytetu \u015al\u0105skiego w Katowicach mie\u015bci si\u0119 w zabytkowym budynku przy ul. Szkolnej 9 oraz w budynku przy ul. Bankowej 14.<\/p>\n<p>Zatrudnia \u0142\u0105cznie 96 pracownik\u00f3w, w tym 30 pracownik\u00f3w samodzielnych, 43 doktor\u00f3w, 19 pracownik\u00f3w technicznych, a liczba student\u00f3w wszystkich lat przekracza 400. Instytut reprezentowany jest przez 11 Zak\u0142ad\u00f3w &#8211; grup badawczych, prowadz\u0105cych dzia\u0142alno\u015b\u0107 naukowo-dydaktyczn\u0105. W Zak\u0142adach tych studenci mog\u0105 wykona\u0107 prace licencjackie, magisterskie, a tak\u017ce doktorskie.<\/p>\n<p>Od 1992 roku Instytut wydaje <em>Acta Chromatographica<\/em>, mi\u0119dzynarodowe czasopismo figuruj\u0105ce na Li\u015bcie Filadelfijskiej ze wsp\u00f3\u0142czynnikiem IF = 0,570 (5-year Impact Factor). Jest to jeden z dw\u00f3ch najwy\u017cszych IF w\u015br\u00f3d czasopism chemicznych wydawanych w Polsce.<\/p>\n<p>Instytut organizuje corocznie konferencj\u0119 <em>Chromatograficzne metody badania zwi\u0105zk\u00f3w organicznych<\/em>. We wsp\u00f3\u0142pracy z licznymi krajowymi i zagranicznymi o\u015brodkami badawczymi prowadzi prace, kt\u00f3rych tematyka skupia si\u0119 wok\u00f3\u0142 kluczowych problem\u00f3w wsp\u00f3\u0142czesnej chemii. Ich wyniki publikowane s\u0105 w presti\u017cowych mi\u0119dzynarodowych czasopismach naukowych, a liczny udzia\u0142 pracownik\u00f3w Instytutu w radach naukowych czasopism ilustruje znaczenie realizowanych bada\u0144.<\/p>\n<p>Instytut dysponuje nowoczesnym sprz\u0119tem badawczym.<\/p>\n<p>Od wielu lat dzia\u0142a Ko\u0142o Naukowe Chemik\u00f3w, w ramach, kt\u00f3rego studenci maj\u0105 tak\u017ce mo\u017cliwo\u015b\u0107 prowadzenia swoich indywidualnych program\u00f3w badawczych. Instytut uczestniczy w realizacji Programu Europejskiego SOCRATES\/Erasmus. Studenci (studi\u00f3w licencjackich, magisterskich, jak r\u00f3wnie\u017c doktoranckich) wyje\u017cd\u017caj\u0105 do wy\u017cszych uczelni kraj\u00f3w Unii Europejskiej (Belgia, Dania, Francja, Hiszpania, Niemcy, W\u0142ochy). W ramach tego samego programu przyje\u017cd\u017caj\u0105 do nas studenci z zagranicy.<\/p>\n<\/div>\r\n                    <\/div>\r\n                <\/div>\r\n                <div class=\"tiles-section\" style=\"background: \">\r\n                    <div class=\"container\">\r\n                        <h3 class=\"page-title\"><\/h3>\r\n                        <div class=\"tiles tiles-3\">\r\n                            <a href=\".\/historia-instytutu\/\" class=\"tile tile_ justify-content-center\" style=\"background-color: #002E5A; font-weight: ; color: #ffffff;  \">\r\n                                \r\n                                   \r\n                               \r\n                                <div class=\"tile__name\">Historia Instytutu<\/div>\r\n                            <\/a>\r\n                            <a href=\".\/wladze-instytutu\/\" class=\"tile tile_ justify-content-center\" style=\"background-color: #002E5A; font-weight: ; color: #ffffff;  \">\r\n                                \r\n                                   \r\n                               \r\n                                <div class=\"tile__name\">W\u0142adze Instytutu<\/div>\r\n                            <\/a>\r\n                            <a href=\".\/rada-naukowa\/\" class=\"tile tile_ justify-content-center\" style=\"background-color: #002E5A; font-weight: ; color: #ffffff;  \">\r\n                                \r\n                                   \r\n                               \r\n                                <div class=\"tile__name\">Rada Naukowa<\/div>\r\n                            <\/a>\r\n                            <a href=\"https:\/\/ab.us.edu.pl\/unit\/rad?id=DS010604N\" class=\"tile tile_ justify-content-center\" style=\"background-color: #002E5A; font-weight: ; color: #ffffff;  \">\r\n                                \r\n                                   \r\n                               \r\n                                <div class=\"tile__name\">Pracownicy Instytutu<\/div>\r\n                            <\/a>\r\n                            <a href=\".\/logotypy-i-papier-firmowy\/\" class=\"tile tile_ justify-content-center\" style=\"background-color: #002E5A; font-weight: ; color: #ffffff;  \">\r\n                                \r\n                                   \r\n                               \r\n                                <div class=\"tile__name\">Logotypy i papier firmowy<\/div>\r\n                            <\/a>\r\n                            <a href=\".\/goscie\/\" class=\"tile tile_ justify-content-center\" style=\"background-color: #002E5A; font-weight: ; color: #ffffff;  \">\r\n                                \r\n                                   \r\n                               \r\n                                <div class=\"tile__name\">Go\u015bcie<\/div>\r\n                            <\/a><\/div>\r\n                    <\/div>\r\n                <\/div>[\/vc_column][\/vc_row][vc_row][vc_column][vc_column_text][\/vc_column_text][\/vc_column][\/vc_row]<\/p>","protected":false},"excerpt":{"rendered":"<p>[vc_row][vc_column][vc_column_text][\/vc_column_text][\/vc_column][\/vc_row][vc_row][vc_column][\/vc_column][\/vc_row][vc_row][vc_column][vc_column_text][\/vc_column_text][\/vc_column][\/vc_row] [&#8230;]<\/p>\n<p><a class=\"btn btn-secondary understrap-read-more-link\" href=\"https:\/\/us.edu.pl\/instytut\/ich\/instytut\/\">Read More&#8230;<\/a><\/p>\n","protected":false},"author":99,"featured_media":0,"parent":0,"menu_order":0,"comment_status":"closed","ping_status":"closed","template":"","meta":{"_expiration-date-status":"","_expiration-date":0,"_expiration-date-type":"","_expiration-date-categories":[],"_expiration-date-options":[]},"acf":[],"_links":{"self":[{"href":"https:\/\/us.edu.pl\/instytut\/ich\/wp-json\/wp\/v2\/pages\/262"}],"collection":[{"href":"https:\/\/us.edu.pl\/instytut\/ich\/wp-json\/wp\/v2\/pages"}],"about":[{"href":"https:\/\/us.edu.pl\/instytut\/ich\/wp-json\/wp\/v2\/types\/page"}],"author":[{"embeddable":true,"href":"https:\/\/us.edu.pl\/instytut\/ich\/wp-json\/wp\/v2\/users\/99"}],"replies":[{"embeddable":true,"href":"https:\/\/us.edu.pl\/instytut\/ich\/wp-json\/wp\/v2\/comments?post=262"}],"version-history":[{"count":10,"href":"https:\/\/us.edu.pl\/instytut\/ich\/wp-json\/wp\/v2\/pages\/262\/revisions"}],"predecessor-version":[{"id":2326,"href":"https:\/\/us.edu.pl\/instytut\/ich\/wp-json\/wp\/v2\/pages\/262\/revisions\/2326"}],"wp:attachment":[{"href":"https:\/\/us.edu.pl\/instytut\/ich\/wp-json\/wp\/v2\/media?parent=262"}],"curies":[{"name":"wp","href":"https:\/\/api.w.org\/{rel}","templated":true}]}}