{"id":2706,"date":"2024-04-26T15:29:00","date_gmt":"2024-04-26T13:29:00","guid":{"rendered":"https:\/\/us.edu.pl\/instytut\/ich\/?page_id=2706"},"modified":"2024-04-30T10:34:44","modified_gmt":"2024-04-30T08:34:44","slug":"kolo-naukowe","status":"publish","type":"page","link":"https:\/\/us.edu.pl\/instytut\/ich\/dzialalnosc-naukowa\/kolo-naukowe\/","title":{"rendered":"Ko\u0142o naukowe"},"content":{"rendered":"<p>[vc_row][vc_column]\r\n                <div class=\"text-modules\">\r\n                    <div class=\"container\">\r\n                        <h3 class=\"page-title text__title\">Aqua Regia<\/h3>\r\n                        <div class=\"text-modules__content\"><p>Ko\u0142o Naukowe Chemik\u00f3w Uniwersytetu \u015al\u0105skiego &#8222;Aqua Regia&#8221; zaprasza wszystkich ch\u0119tnych student\u00f3w do swojego kr\u0119gu.<\/p>\n<\/div>\r\n                    <\/div>\r\n                <\/div>[\/vc_column][\/vc_row][vc_row][vc_column width=&#8221;1\/6&#8243;][\/vc_column][vc_column width=&#8221;2\/3&#8243;][vc_single_image image=&#8221;2717&#8243; img_size=&#8221;1147&#215;962&#8243; alignment=&#8221;center&#8221;][\/vc_column][vc_column width=&#8221;1\/6&#8243;][\/vc_column][\/vc_row][vc_row][vc_column]\r\n                <div class=\"text-modules\">\r\n                    <div class=\"container\">\r\n                        \r\n                        <div class=\"text-modules__content\"><\/p>\n<div class=\"no-vc-margin\">\n<div class=\"inner-page\">\n<p>Wszystkich zainteresowanych zapraszamy do swoich medi\u00f3w spo\u0142eczno\u015bciowych (Facebook) \u2013\u00a0<a href=\"https:\/\/www.facebook.com\/knchusaquaregia\">https:\/\/www.facebook.com\/knchusaquaregia<\/a><\/p>\n<div class=\"container\">\n<div class=\"functional-icons\">\n<div class=\"d-flex flex-wrap\">\n<div class=\"functional-icon\"><\/div>\n<div class=\"functional-icon\"><\/div>\n<div class=\"functional-icon\"><\/div>\n<\/div>\n<\/div>\n<\/div>\n<\/div>\n<\/div>\n<p>\n<\/div>\r\n                    <\/div>\r\n                <\/div>[\/vc_column][\/vc_row][vc_row][vc_column]\r\n            <div class=\"container\">  \r\n                <div class=\"lists-with-links\">\r\n                    <div class=\"section-title\">Artyku\u0142y zwi\u0105zane z Aqua Regia<\/div>\r\n                   <div class=\"lists-with-links__items lists-1\"><ul class=\"angle-list\"> <div class=\"angle-list__title\">Fotorelacje<\/div><li> <a href=\"https:\/\/us.edu.pl\/instytut\/ich\/2024\/04\/30\/noc-naukowcow-i-lo-im-j-slowackiego-w-chorzowie-kolo-naukowe-aqua-regia\/\"> Noc Naukowc\u00f3w - I LO im. J. S\u0142owackiego w Chorzowie <\/a> <\/li><\/ul><\/div>\r\n                <\/div>\r\n            <\/div>[\/vc_column][\/vc_row]<\/p>","protected":false},"excerpt":{"rendered":"<p>[vc_row][vc_column][\/vc_column][\/vc_row][vc_row][vc_column width=&#8221;1\/6&#8243;][\/vc_column][vc_column width=&#8221;2\/3&#8243;][vc_single_image image=&#8221;2717&#8243; img_size=&#8221;1147&#215;962&#8243; alignment=&#8221;center&#8221;][\/vc_column][vc_column width=&#8221;1\/6&#8243;][\/vc_column][\/vc_row][vc_row][vc_column][\/vc_column][\/vc_row][vc_row][vc_column][\/vc_column][\/vc_row] [&#8230;]<\/p>\n<p><a class=\"btn btn-secondary understrap-read-more-link\" href=\"https:\/\/us.edu.pl\/instytut\/ich\/dzialalnosc-naukowa\/kolo-naukowe\/\">Read More&#8230;<\/a><\/p>\n","protected":false},"author":99,"featured_media":0,"parent":123,"menu_order":0,"comment_status":"closed","ping_status":"closed","template":"","meta":{"_expiration-date-status":"","_expiration-date":0,"_expiration-date-type":"","_expiration-date-categories":[],"_expiration-date-options":[]},"acf":[],"_links":{"self":[{"href":"https:\/\/us.edu.pl\/instytut\/ich\/wp-json\/wp\/v2\/pages\/2706"}],"collection":[{"href":"https:\/\/us.edu.pl\/instytut\/ich\/wp-json\/wp\/v2\/pages"}],"about":[{"href":"https:\/\/us.edu.pl\/instytut\/ich\/wp-json\/wp\/v2\/types\/page"}],"author":[{"embeddable":true,"href":"https:\/\/us.edu.pl\/instytut\/ich\/wp-json\/wp\/v2\/users\/99"}],"replies":[{"embeddable":true,"href":"https:\/\/us.edu.pl\/instytut\/ich\/wp-json\/wp\/v2\/comments?post=2706"}],"version-history":[{"count":10,"href":"https:\/\/us.edu.pl\/instytut\/ich\/wp-json\/wp\/v2\/pages\/2706\/revisions"}],"predecessor-version":[{"id":2763,"href":"https:\/\/us.edu.pl\/instytut\/ich\/wp-json\/wp\/v2\/pages\/2706\/revisions\/2763"}],"up":[{"embeddable":true,"href":"https:\/\/us.edu.pl\/instytut\/ich\/wp-json\/wp\/v2\/pages\/123"}],"wp:attachment":[{"href":"https:\/\/us.edu.pl\/instytut\/ich\/wp-json\/wp\/v2\/media?parent=2706"}],"curies":[{"name":"wp","href":"https:\/\/api.w.org\/{rel}","templated":true}]}}