{"id":309,"date":"2020-03-25T14:34:47","date_gmt":"2020-03-25T13:34:47","guid":{"rendered":"http:\/\/us.edu.pl\/instytut\/ich\/?page_id=309"},"modified":"2021-01-26T11:46:18","modified_gmt":"2021-01-26T10:46:18","slug":"ewa-schab-balcerzak","status":"publish","type":"page","link":"https:\/\/us.edu.pl\/instytut\/ich\/dzialalnosc-naukowa\/zespoly-badawcze\/polimery-i-materialy-funkcjonalne\/ewa-schab-balcerzak\/","title":{"rendered":"prof. dr hab. in\u017c. Ewa Schab-Balcerzak"},"content":{"rendered":"<p>[vc_row][vc_column width=&#8221;1\/12&#8243;][\/vc_column][vc_column width=&#8221;3\/6&#8243;]\r\n                <div class=\"text-modules\">\r\n                    <div class=\"container\">\r\n                        <h3 class=\"page-title text__title\">prof. dr hab. in\u017c. Ewa Schab-Balcerzak<\/h3>\r\n                        <div class=\"text-modules__content\"><p><a href=\"https:\/\/ab.us.edu.pl\/emp?id=34391\">Uniwersytet \u015al\u0105ski<\/a><\/p>\n<p><a href=\"https:\/\/www.scopus.com\/authid\/detail.uri?authorId=6603102742\" target=\"_blank\" rel=\"noopener noreferrer\">Scopus<\/a><\/p>\n<p><a href=\"https:\/\/orcid.org\/0000-0002-7219-8664\" target=\"_blank\" rel=\"noopener noreferrer\">ORCID<\/a><\/p>\n<hr \/>\n<p>Informacje:<\/p>\n<p>Doktorat: <em>1999 &#8211; Politechnika \u015al\u0105ska<\/em><br \/>\nHabilitacja: <em>2010 &#8211; Politechnika Warszawska<\/em><br \/>\nProfesor tytularny: <em>2017<\/em><\/p>\n<hr \/>\n<p>Dane kontaktowe:<\/p>\n<p>e-mail: <em>ewa.schab-balcerzak@us.edu.pl<br \/>\n<\/em>telefon: <em>(32) 359-16-42<\/em><br \/>\nadres: <em>pok. <strong>50<\/strong>, ul. Szkolna 9, 40-006 Katowice<\/em><\/p>\n<hr \/>\n<p>Nagrody, wyr\u00f3\u017cnienia, pe\u0142nione funkcje:<\/p>\n<ul>\n<li>Dwie narody indywidualne III stopnia JM Rektora Uniwersytetu \u015al\u0105skiego za dzia\u0142alno\u015b\u0107 naukowo-badawcz\u0105 &#8211; 2014 i 2015<\/li>\n<li>Br\u0105zowy Krzy\u017c Zas\u0142ugi &#8211; 2014<\/li>\n<li>Przewodnicz\u0105ca Oddzia\u0142u Katowickiego PTChem &#8211; od 2012<\/li>\n<\/ul>\n<p>Informacje o wsp\u00f3\u0142pracy z innymi o\u015brodkami\/zespo\u0142ami:<\/p>\n<ul>\n<li>Centrum Materia\u0142\u00f3w Polimerowych i W\u0119glowych PAN w Zabrzu<\/li>\n<li>Instytut Metalurgii i In\u017cynierii Materia\u0142owej im. Aleksandra Krupkowskiego PAN<\/li>\n<li>Politechnika w Kownie<\/li>\n<li>Zesp\u00f3\u0142 Biofizyki Farmaceutycznej Instytutu Fizyki U\u015a<\/li>\n<\/ul>\n<hr \/>\n<p>\n<\/div>\r\n                    <\/div>\r\n                <\/div>[\/vc_column][vc_column width=&#8221;2\/6&#8243;][\/vc_column][vc_column width=&#8221;1\/12&#8243;][\/vc_column][\/vc_row]<\/p>","protected":false},"excerpt":{"rendered":"<p>[vc_row][vc_column width=&#8221;1\/12&#8243;][\/vc_column][vc_column width=&#8221;3\/6&#8243;][\/vc_column][vc_column width=&#8221;2\/6&#8243;][\/vc_column][vc_column width=&#8221;1\/12&#8243;][\/vc_column][\/vc_row] [&#8230;]<\/p>\n<p><a class=\"btn btn-secondary understrap-read-more-link\" href=\"https:\/\/us.edu.pl\/instytut\/ich\/dzialalnosc-naukowa\/zespoly-badawcze\/polimery-i-materialy-funkcjonalne\/ewa-schab-balcerzak\/\">Read More&#8230;<\/a><\/p>\n","protected":false},"author":99,"featured_media":0,"parent":308,"menu_order":0,"comment_status":"closed","ping_status":"closed","template":"","meta":{"_expiration-date-status":"saved","_expiration-date":0,"_expiration-date-type":"","_expiration-date-categories":[],"_expiration-date-options":[]},"acf":[],"_links":{"self":[{"href":"https:\/\/us.edu.pl\/instytut\/ich\/wp-json\/wp\/v2\/pages\/309"}],"collection":[{"href":"https:\/\/us.edu.pl\/instytut\/ich\/wp-json\/wp\/v2\/pages"}],"about":[{"href":"https:\/\/us.edu.pl\/instytut\/ich\/wp-json\/wp\/v2\/types\/page"}],"author":[{"embeddable":true,"href":"https:\/\/us.edu.pl\/instytut\/ich\/wp-json\/wp\/v2\/users\/99"}],"replies":[{"embeddable":true,"href":"https:\/\/us.edu.pl\/instytut\/ich\/wp-json\/wp\/v2\/comments?post=309"}],"version-history":[{"count":5,"href":"https:\/\/us.edu.pl\/instytut\/ich\/wp-json\/wp\/v2\/pages\/309\/revisions"}],"predecessor-version":[{"id":1269,"href":"https:\/\/us.edu.pl\/instytut\/ich\/wp-json\/wp\/v2\/pages\/309\/revisions\/1269"}],"up":[{"embeddable":true,"href":"https:\/\/us.edu.pl\/instytut\/ich\/wp-json\/wp\/v2\/pages\/308"}],"wp:attachment":[{"href":"https:\/\/us.edu.pl\/instytut\/ich\/wp-json\/wp\/v2\/media?parent=309"}],"curies":[{"name":"wp","href":"https:\/\/api.w.org\/{rel}","templated":true}]}}